{"id":47599,"date":"2025-08-22T10:16:39","date_gmt":"2025-08-22T08:16:39","guid":{"rendered":"https:\/\/moovago.com\/loeschen-eines-kontos\/"},"modified":"2025-11-20T14:29:06","modified_gmt":"2025-11-20T13:29:06","slug":"loeschen-eines-kontos","status":"publish","type":"page","link":"https:\/\/moovago.com\/de\/loeschen-eines-kontos\/","title":{"rendered":"L\u00f6schen eines Kontos"},"content":{"rendered":"\t\t<div data-elementor-type=\"wp-page\" data-elementor-id=\"47599\" class=\"elementor elementor-47599 elementor-37560\" data-elementor-post-type=\"page\">\n\t\t\t\t<div class=\"elementor-element elementor-element-45f8176 e-flex e-con-boxed e-con e-parent\" data-id=\"45f8176\" data-element_type=\"container\" data-e-type=\"container\" data-settings=\"{&quot;background_background&quot;:&quot;gradient&quot;,&quot;shape_divider_bottom&quot;:&quot;waves&quot;}\">\n\t\t\t\t\t<div class=\"e-con-inner\">\n\t\t\t\t<div class=\"elementor-shape elementor-shape-bottom\" aria-hidden=\"true\" data-negative=\"false\">\n\t\t\t<svg xmlns=\"http:\/\/www.w3.org\/2000\/svg\" viewBox=\"0 0 1000 100\" preserveAspectRatio=\"none\">\n\t<path class=\"elementor-shape-fill\" d=\"M421.9,6.5c22.6-2.5,51.5,0.4,75.5,5.3c23.6,4.9,70.9,23.5,100.5,35.7c75.8,32.2,133.7,44.5,192.6,49.7\n\tc23.6,2.1,48.7,3.5,103.4-2.5c54.7-6,106.2-25.6,106.2-25.6V0H0v30.3c0,0,72,32.6,158.4,30.5c39.2-0.7,92.8-6.7,134-22.4\n\tc21.2-8.1,52.2-18.2,79.7-24.2C399.3,7.9,411.6,7.5,421.9,6.5z\"\/>\n<\/svg>\t\t<\/div>\n\t\t\t\t<div class=\"elementor-element elementor-element-4085e2b elementor-widget__width-initial elementor-widget elementor-widget-heading\" data-id=\"4085e2b\" data-element_type=\"widget\" data-e-type=\"widget\" data-widget_type=\"heading.default\">\n\t\t\t\t<div class=\"elementor-widget-container\">\n\t\t\t\t\t<h1 class=\"elementor-heading-title elementor-size-default\">L\u00f6schen Sie das Konto Ihres Teams und \nalle seine Mitglieder.  <\/h1>\t\t\t\t<\/div>\n\t\t\t\t<\/div>\n\t\t\t\t\t<\/div>\n\t\t\t\t<\/div>\n\t\t<div class=\"elementor-element elementor-element-8c44a6c e-flex e-con-boxed e-con e-parent\" data-id=\"8c44a6c\" data-element_type=\"container\" data-e-type=\"container\">\n\t\t\t\t\t<div class=\"e-con-inner\">\n\t\t\t\t<div class=\"elementor-element elementor-element-bc78f35 elementor-widget elementor-widget-text-editor\" data-id=\"bc78f35\" data-element_type=\"widget\" data-e-type=\"widget\" data-widget_type=\"text-editor.default\">\n\t\t\t\t<div class=\"elementor-widget-container\">\n\t\t\t\t\t\t\t\t\t<p>Als Teammanager k\u00f6nnen Sie das Moovago-Konto Ihres gesamten Teams l\u00f6schen.<br>Die Konten und Daten aller Nutzer Ihres Teams sowie alle ihre pers\u00f6nlichen Daten werden innerhalb von 30 Tagen endg\u00fcltig gel\u00f6scht.<\/p><p>Sie haben eine 30-t\u00e4gige Gnadenfrist nach dem L\u00f6schantrag, in der die Konten als vor\u00fcbergehend deaktiviert angezeigt werden. Sie k\u00f6nnen die L\u00f6schung innerhalb dieses Zeitraums r\u00fcckg\u00e4ngig machen, indem Sie sich wieder in die app (mobil oder web) einloggen. Nach Ablauf dieser Frist werden die Konten endg\u00fcltig gel\u00f6scht (innerhalb von 24 Stunden).  <\/p><p>Auf dieser Seite wird beschrieben, wie Sie das Moovago-Konto Ihres gesamten Teams l\u00f6schen und wiederherstellen k\u00f6nnen. Diese Schritte k\u00f6nnen nur vom Teammanager durchgef\u00fchrt werden. <\/p><p><b style=\"color: var( --e-global-color-text ); text-align: var(--text-align); font-size: 1rem;\" data-sider-select-id=\"63263406-46d9-4a48-ae66-d4eafcaca320\"> <\/b><\/p><p><strong>Was wird gestrichen?<\/strong><\/p><p>Wenn Sie das Konto Ihres gesamten Teams l\u00f6schen, k\u00f6nnen Sie und alle anderen Benutzer, die Mitglieder Ihres Teams sind, nicht mehr auf die Apps oder Dienste von Moovago zugreifen.<\/p><p>Nach der L\u00f6schung des Teamkontos werden die pers\u00f6nlichen Daten aller Teammitglieder innerhalb von 30 Tagen auch aus allen Moovago-Diensten gel\u00f6scht, auf die Ihre Mitglieder zugreifen k\u00f6nnen, es sei denn, wir m\u00fcssen diese Daten f\u00fcr legitime kommerzielle oder rechtliche Zwecke aufbewahren. Wir m\u00fcssen m\u00f6glicherweise Informationen \u00fcber Eink\u00e4ufe, Aufzeichnungen, die zeigen, dass wir Ihr Konto gel\u00f6scht haben, oder Daten, die Teil eines aktiven Rechtsstreits sind, aufbewahren. <\/p><p><b style=\"color: var( --e-global-color-text ); text-align: var(--text-align); font-size: 1rem;\"> <\/b><\/p><p><span style=\"font-size: 16px;\"><b>Daten Ihrer Mitglieder, die in der app gel\u00f6scht werden. <\/b><\/span><span style=\"font-size: 16px;\"><b>Moovago<\/b><\/span><b style=\"color: var( --e-global-color-text ); text-align: var(--text-align); font-size: 1rem;\">  <\/b><\/p><ul><li>Name, Vorname, Anrede, Telefon und E-Mail-Adresse<\/li><li>Sponsoren-ID<\/li><li>Alle Inhalte (Kundendaten, Berichte, Notizen, hochgeladene Dateien und Fotos, &#8230;), die Ihre Mitglieder in der Moovago app erstellt haben und deren Eigent\u00fcmer ein Benutzer ist, der zu Ihrem Team geh\u00f6rt.<\/li><\/ul><p><b style=\"color: var( --e-global-color-text ); text-align: var(--text-align); font-size: 1rem;\"> <\/b><\/p><p><span style=\"font-size: 16px;\"><b>Daten Ihrer Mitglieder, die in der app nicht gel\u00f6scht werden. <\/b><\/span><b style=\"font-size: 16px;\">Moovago<\/b><\/p><p>Alle Inhalte (Kundenkarten, Berichte, Notizen, hochgeladene Dateien und Fotos, &#8230;), die Sie in der Moovago app erstellt haben und deren Eigent\u00fcmer kein Benutzer ist, der zu Ihrem Team geh\u00f6rt. Alle pers\u00f6nlichen Daten, die in diesen Inhalten erw\u00e4hnt werden, wie z.B. Namen oder E-Mail-Adressen, die in einer Notiz oder einem Bericht eingegeben wurden. <\/p><p><b> <\/b><\/p><p><b>L\u00f6schen Sie das Konto Ihres Teams<\/b><\/p><p>Um das Konto Ihres Teams und die Konten Ihrer Mitglieder zu l\u00f6schen :<\/p><p>1. Loggen Sie sich in Ihr Konto unter <a href=\"http:\/\/moovago.app\/\" rel=\"nofollow noopener\" target=\"_blank\">https:\/\/moovago.app<\/a> oder in die Moovago mobile app ein.<\/p><p>2. Rufen Sie das Men\u00fc <b>Einstellungen<\/b> auf (Im Web: unten links \/ Mobil: auf dem Startbildschirm, klicken Sie auf das Symbol der Figur(en) oben rechts).<\/p><p>3. W\u00e4hlen Sie <b>Einstellungen &lt;Ihr Unternehmen&gt;<\/b><\/p><p>4. W\u00e4hlen Sie <b>Kontoverwaltung<\/b><\/p><p>5. W\u00e4hlen Sie <b>Teamkonto l\u00f6schen <\/b>&#8230;.  <\/p><p>6. 6. Lesen Sie im Best\u00e4tigungsdialog, der erscheint, aufmerksam die Warnung, was mit den gel\u00f6schten Konten und Daten geschieht.<\/p><p>7. W\u00e4hlen Sie die Schaltfl\u00e4che <b>L\u00f6schen<\/b>, um zu best\u00e4tigen, dass Sie den Eintrag l\u00f6schen m\u00f6chten, oder w\u00e4hlen Sie die Schaltfl\u00e4che <b>Abbrechen<\/b>, wenn Sie den Eintrag nicht l\u00f6schen m\u00f6chten.<\/p><p><b> <\/b><\/p><p><b>Was passiert, nachdem Sie das Konto Ihres Teams gel\u00f6scht haben?  <\/b><\/p><p>Ihr Zugriff auf die app und der Ihrer Teammitglieder wird sofort gesperrt.<\/p><p>W\u00e4hrend der 30-t\u00e4gigen Nachfrist nach einem Antrag auf L\u00f6schung eines Kontos werden andere Nutzer Ihren Namen noch in der app sehen. Wenn Ihr Konto endg\u00fcltig gel\u00f6scht wird, erscheint &#8220; <b>Ehemaliges Mitglied<\/b> &#8220; anstelle Ihres Namens. <\/p><p>Die Konten aller Nutzer Ihres Teams und alle ihre pers\u00f6nlichen Daten werden nach der L\u00f6schung eines Kontos dauerhaft aus den Moovago-Apps entfernt.<\/p><p><b>Wiederherstellen des gel\u00f6schten Teamkontos<\/b><span style=\"font-weight: bold;\">  <\/span><\/p><p>Wenn Sie Ihre Meinung \u00e4ndern, k\u00f6nnen Sie Ihr Mannschaftskonto (und alle seine Daten) vor Ablauf der 30-t\u00e4gigen Gnadenfrist wiederherstellen. Nach Ablauf der Gnadenfrist wird Ihr Konto endg\u00fcltig gel\u00f6scht und Sie k\u00f6nnen es nicht mehr wiederherstellen. <\/p><p>Um ein Teamkonto wiederherzustellen :<\/p><p>1. Loggen Sie sich in Ihr Konto unter <a href=\"http:\/\/moovago.app\/\" rel=\"nofollow noopener\" target=\"_blank\">https:\/\/moovago.app<\/a> oder in die Moovago mobile app ein.<\/p><p>2. W\u00e4hlen Sie auf dem Bildschirm <b>L\u00f6schen abbrechen<\/b>.<\/p><p>Die Konten und Daten aller Benutzer Ihres Teams sowie alle ihre pers\u00f6nlichen Daten werden nun wiederhergestellt und Sie k\u00f6nnen sich in der Moovago app anmelden.<\/p>\t\t\t\t\t\t\t\t<\/div>\n\t\t\t\t<\/div>\n\t\t\t\t\t<\/div>\n\t\t\t\t<\/div>\n\t\t\t\t<\/div>\n\t\t","protected":false},"excerpt":{"rendered":"<p>L\u00f6schen Sie das Konto Ihres Teams und alle seine Mitglieder. Als Teammanager k\u00f6nnen Sie das Moovago-Konto Ihres gesamten Teams l\u00f6schen.Die Konten und Daten aller Nutzer Ihres Teams sowie alle ihre pers\u00f6nlichen Daten werden innerhalb von 30 Tagen endg\u00fcltig gel\u00f6scht. Sie haben eine 30-t\u00e4gige Gnadenfrist nach dem L\u00f6schantrag, in der die Konten als vor\u00fcbergehend deaktiviert angezeigt [&hellip;]<\/p>\n","protected":false},"author":1,"featured_media":0,"parent":0,"menu_order":0,"comment_status":"closed","ping_status":"closed","template":"elementor_header_footer","meta":{"footnotes":""},"class_list":["post-47599","page","type-page","status-publish","hentry"],"_links":{"self":[{"href":"https:\/\/moovago.com\/de\/wp-json\/wp\/v2\/pages\/47599","targetHints":{"allow":["GET"]}}],"collection":[{"href":"https:\/\/moovago.com\/de\/wp-json\/wp\/v2\/pages"}],"about":[{"href":"https:\/\/moovago.com\/de\/wp-json\/wp\/v2\/types\/page"}],"author":[{"embeddable":true,"href":"https:\/\/moovago.com\/de\/wp-json\/wp\/v2\/users\/1"}],"replies":[{"embeddable":true,"href":"https:\/\/moovago.com\/de\/wp-json\/wp\/v2\/comments?post=47599"}],"version-history":[{"count":1,"href":"https:\/\/moovago.com\/de\/wp-json\/wp\/v2\/pages\/47599\/revisions"}],"predecessor-version":[{"id":47600,"href":"https:\/\/moovago.com\/de\/wp-json\/wp\/v2\/pages\/47599\/revisions\/47600"}],"wp:attachment":[{"href":"https:\/\/moovago.com\/de\/wp-json\/wp\/v2\/media?parent=47599"}],"curies":[{"name":"wp","href":"https:\/\/api.w.org\/{rel}","templated":true}]}}