{"id":47665,"date":"2024-11-21T10:00:00","date_gmt":"2024-11-21T09:00:00","guid":{"rendered":"https:\/\/moovago.com\/moovago-x-cegid\/"},"modified":"2025-11-27T11:34:41","modified_gmt":"2025-11-27T10:34:41","slug":"moovago-x-cegid","status":"publish","type":"page","link":"https:\/\/moovago.com\/de\/verbinden-sie-ihre-bevorzugten-tools-mit-moovago\/moovago-x-cegid\/","title":{"rendered":"Moovago x Cegid"},"content":{"rendered":"\t\t<div data-elementor-type=\"wp-page\" data-elementor-id=\"47665\" class=\"elementor elementor-47665 elementor-28657\" data-elementor-post-type=\"page\">\n\t\t\t\t<div class=\"elementor-element elementor-element-9e0a0f7 e-flex e-con-boxed e-con e-parent\" data-id=\"9e0a0f7\" data-element_type=\"container\" data-e-type=\"container\">\n\t\t\t\t\t<div class=\"e-con-inner\">\n\t\t\t\t<div class=\"elementor-element elementor-element-0254245 elementor-widget elementor-widget-text-editor\" data-id=\"0254245\" data-element_type=\"widget\" data-e-type=\"widget\" data-widget_type=\"text-editor.default\">\n\t\t\t\t<div class=\"elementor-widget-container\">\n\t\t\t\t\t\t\t\t\t<p data-pm-slice=\"1 1 []\">Cegid ist eine Suite von Unternehmensmanagement-Tools, auch bekannt als ERP, die eine effiziente Steuerung von Verkauf, Buchhaltung und vielem mehr erm\u00f6glicht.  <\/p><p data-pm-slice=\"1 1 []\"><span style=\"color: var( --e-global-color-text ); font-family: var( --e-global-typography-text-font-family ); font-size: var( --e-global-typography-text-font-size ); text-align: var(--text-align); background-color: var( --e-global-color-accent );\">Wenn Sie Cegid als ERP und Moovago als CRM verwenden, k\u00f6nnte eine Verbindung zwischen beiden f\u00fcr Sie von Interesse sein.<\/span><\/p><p data-pm-slice=\"1 1 []\"><span style=\"color: var( --e-global-color-text ); font-family: var( --e-global-typography-text-font-family ); font-size: var( --e-global-typography-text-font-size ); text-align: var(--text-align); background-color: var( --e-global-color-accent );\">Sie k\u00f6nnen die Daten mit Hilfe von <\/span><b style=\"color: var( --e-global-color-text ); font-family: var( --e-global-typography-text-font-family ); font-size: var( --e-global-typography-text-font-size ); text-align: var(--text-align); background-color: var( --e-global-color-accent );\">Ihre Gesch\u00e4ftsdaten synchronisieren, die Rechnungsstellung vereinfachen und alle Ihre Informationen zentralisieren.<\/b><span style=\"color: var( --e-global-color-text ); font-family: var( --e-global-typography-text-font-family ); font-size: var( --e-global-typography-text-font-size ); text-align: var(--text-align); background-color: var( --e-global-color-accent );\">Sie k\u00f6nnen Ihre Daten ohne zus\u00e4tzliche manuelle Eingaben zentralisieren.<\/span><\/p>\t\t\t\t\t\t\t\t<\/div>\n\t\t\t\t<\/div>\n\t\t\t\t<div class=\"elementor-element elementor-element-0dc59ec elementor-widget elementor-widget-spacer\" data-id=\"0dc59ec\" data-element_type=\"widget\" data-e-type=\"widget\" data-widget_type=\"spacer.default\">\n\t\t\t\t<div class=\"elementor-widget-container\">\n\t\t\t\t\t\t\t<div class=\"elementor-spacer\">\n\t\t\t<div class=\"elementor-spacer-inner\"><\/div>\n\t\t<\/div>\n\t\t\t\t\t\t<\/div>\n\t\t\t\t<\/div>\n\t\t\t\t<div class=\"elementor-element elementor-element-13ae8ef elementor-widget elementor-widget-heading\" data-id=\"13ae8ef\" data-element_type=\"widget\" data-e-type=\"widget\" data-widget_type=\"heading.default\">\n\t\t\t\t<div class=\"elementor-widget-container\">\n\t\t\t\t\t<h2 class=\"elementor-heading-title elementor-size-default\">Cegid, Management-Software f\u00fcr kleine und mittelst\u00e4ndische Unternehmen<\/h2>\t\t\t\t<\/div>\n\t\t\t\t<\/div>\n\t\t\t\t<div class=\"elementor-element elementor-element-8bbe033 elementor-widget elementor-widget-text-editor\" data-id=\"8bbe033\" data-element_type=\"widget\" data-e-type=\"widget\" data-widget_type=\"text-editor.default\">\n\t\t\t\t<div class=\"elementor-widget-container\">\n\t\t\t\t\t\t\t\t\t<p>Mit einer breiten Palette von Produkten kann Cegid den Bed\u00fcrfnissen fast aller kleinen und mittleren Unternehmen in Bezug auf Verkaufsverfolgung, Umsatzerl\u00f6se, Unternehmensbuchhaltung und Nebenbuchhaltung gerecht werden.<\/p><p>Andere von Cegid angebotene L\u00f6sungen richten sich ebenfalls an Personalabteilungen oder den Einzelhandel.<\/p>\t\t\t\t\t\t\t\t<\/div>\n\t\t\t\t<\/div>\n\t\t\t\t<div class=\"elementor-element elementor-element-6cf19a7 elementor-widget elementor-widget-button\" data-id=\"6cf19a7\" data-element_type=\"widget\" data-e-type=\"widget\" data-widget_type=\"button.default\">\n\t\t\t\t<div class=\"elementor-widget-container\">\n\t\t\t\t\t\t\t\t\t<div class=\"elementor-button-wrapper\">\n\t\t\t\t\t<a class=\"elementor-button elementor-button-link elementor-size-sm\" href=\"https:\/\/www.cegid.com\/fr\/\" target=\"_blank\" rel=\"nofollow noopener\">\n\t\t\t\t\t\t<span class=\"elementor-button-content-wrapper\">\n\t\t\t\t\t\t\t\t\t<span class=\"elementor-button-text\">Cegid entdecken<\/span>\n\t\t\t\t\t<\/span>\n\t\t\t\t\t<\/a>\n\t\t\t\t<\/div>\n\t\t\t\t\t\t\t\t<\/div>\n\t\t\t\t<\/div>\n\t\t\t\t<div class=\"elementor-element elementor-element-374a9b6 elementor-widget elementor-widget-spacer\" data-id=\"374a9b6\" data-element_type=\"widget\" data-e-type=\"widget\" data-widget_type=\"spacer.default\">\n\t\t\t\t<div class=\"elementor-widget-container\">\n\t\t\t\t\t\t\t<div class=\"elementor-spacer\">\n\t\t\t<div class=\"elementor-spacer-inner\"><\/div>\n\t\t<\/div>\n\t\t\t\t\t\t<\/div>\n\t\t\t\t<\/div>\n\t\t\t\t<div class=\"elementor-element elementor-element-018bba0 elementor-widget elementor-widget-heading\" data-id=\"018bba0\" data-element_type=\"widget\" data-e-type=\"widget\" data-widget_type=\"heading.default\">\n\t\t\t\t<div class=\"elementor-widget-container\">\n\t\t\t\t\t<h2 class=\"elementor-heading-title elementor-size-default\">Verbinden Sie Cegid und Moovago, um Zeit zu sparen<\/h2>\t\t\t\t<\/div>\n\t\t\t\t<\/div>\n\t\t\t\t<div class=\"elementor-element elementor-element-2bace00 elementor-widget elementor-widget-text-editor\" data-id=\"2bace00\" data-element_type=\"widget\" data-e-type=\"widget\" data-widget_type=\"text-editor.default\">\n\t\t\t\t<div class=\"elementor-widget-container\">\n\t\t\t\t\t\t\t\t\t<p data-pm-slice=\"1 1 []\">Die Integration zwischen Moovago und Cegid hilft Ihnen, <b>die Produktivit\u00e4t Ihres Teams zu maximieren<\/b>, indem Sie Daten zur Kundengewinnung, Kundenverwaltung und Verkaufsverfolgung miteinander verbinden.<\/p>\t\t\t\t\t\t\t\t<\/div>\n\t\t\t\t<\/div>\n\t\t\t\t<div class=\"elementor-element elementor-element-e46eae7 elementor-widget elementor-widget-heading\" data-id=\"e46eae7\" data-element_type=\"widget\" data-e-type=\"widget\" data-widget_type=\"heading.default\">\n\t\t\t\t<div class=\"elementor-widget-container\">\n\t\t\t\t\t<h3 class=\"elementor-heading-title elementor-size-default\">Synchronisation von Kundendaten und Umsatzerl\u00f6sen<\/h3>\t\t\t\t<\/div>\n\t\t\t\t<\/div>\n\t\t\t\t<div class=\"elementor-element elementor-element-aa71d94 elementor-widget elementor-widget-text-editor\" data-id=\"aa71d94\" data-element_type=\"widget\" data-e-type=\"widget\" data-widget_type=\"text-editor.default\">\n\t\t\t\t<div class=\"elementor-widget-container\">\n\t\t\t\t\t\t\t\t\t<p data-pm-slice=\"1 3 []\">Wenn Sie die Software \u00fcber die API verbinden, k\u00f6nnen Sie Ihre Kundendaten zwischen Moovago und Cegid in Echtzeit synchronisieren. Das bedeutet, dass jede neue Information, die in Moovago eingegeben wird, automatisch in Cegid aktualisiert wird und umgekehrt. <\/p><p data-pm-slice=\"1 3 []\"><span style=\"text-align: var(--text-align); background-color: var( --e-global-color-accent ); font-size: var( --e-global-typography-text-font-size ); font-family: var( --e-global-typography-text-font-family ); color: var( --e-global-color-text );\"><b>So vermeiden<\/b> Sie <b>Duplikate<\/b> und <b>verlieren keine Zeit mit der manuellen \u00dcbertragung von Daten<\/b> von einer Software zur anderen. Einige Beispiele f\u00fcr m\u00f6gliche Verbindungen :   <\/span><\/p><ul><li><span style=\"background-color: transparent; color: var( --e-global-color-text ); font-family: var( --e-global-typography-text-font-family ); text-align: var(--text-align);\">Aktualisieren Sie den Status Ihrer Firmen in Moovago, wenn ein Angebot in Cegid validiert wird oder nach einer K\u00fcndigung,<\/span><\/li><li><span style=\"background-color: transparent; color: var( --e-global-color-text ); font-family: var( --e-global-typography-text-font-family ); text-align: var(--text-align);\">Halten Sie die Informationen Ihrer Kontakte auf dem neuesten Stand, wenn diese in einem der Programme aktualisiert werden,<\/span><\/li><li>F\u00fcttern Sie die Umsatzerl\u00f6se von Cegid in Moovago, damit die Vertriebsmitarbeiter die richtigen Entscheidungen treffen k\u00f6nnen, um Ihr Gesch\u00e4ft weiter zu entwickeln.<\/li><\/ul>\t\t\t\t\t\t\t\t<\/div>\n\t\t\t\t<\/div>\n\t\t\t\t<div class=\"elementor-element elementor-element-343813c elementor-widget elementor-widget-heading\" data-id=\"343813c\" data-element_type=\"widget\" data-e-type=\"widget\" data-widget_type=\"heading.default\">\n\t\t\t\t<div class=\"elementor-widget-container\">\n\t\t\t\t\t<h3 class=\"elementor-heading-title elementor-size-default\">Bessere Zusammenarbeit zwischen den Abteilungen<\/h3>\t\t\t\t<\/div>\n\t\t\t\t<\/div>\n\t\t\t\t<div class=\"elementor-element elementor-element-214e045 elementor-widget elementor-widget-spacer\" data-id=\"214e045\" data-element_type=\"widget\" data-e-type=\"widget\" data-widget_type=\"spacer.default\">\n\t\t\t\t<div class=\"elementor-widget-container\">\n\t\t\t\t\t\t\t<div class=\"elementor-spacer\">\n\t\t\t<div class=\"elementor-spacer-inner\"><\/div>\n\t\t<\/div>\n\t\t\t\t\t\t<\/div>\n\t\t\t\t<\/div>\n\t\t\t\t<div class=\"elementor-element elementor-element-c4687ab elementor-widget elementor-widget-text-editor\" data-id=\"c4687ab\" data-element_type=\"widget\" data-e-type=\"widget\" data-widget_type=\"text-editor.default\">\n\t\t\t\t<div class=\"elementor-widget-container\">\n\t\t\t\t\t\t\t\t\t<p data-pm-slice=\"1 1 []\"><span style=\"color: var( --e-global-color-text ); font-family: var( --e-global-typography-text-font-family ); font-size: var( --e-global-typography-text-font-size ); text-align: var(--text-align); background-color: var( --e-global-color-accent );\">Moovago und Cegid erg\u00e4nzen sich, um jeder Abteilung die Werkzeuge zu bieten, die sie f\u00fcr ihre t\u00e4gliche Arbeit ben\u00f6tigt. <\/span><span style=\"color: var( --e-global-color-text ); font-family: var( --e-global-typography-text-font-family ); font-size: var( --e-global-typography-text-font-size ); text-align: var(--text-align); background-color: var( --e-global-color-accent );\">W\u00e4hrend Moovago den Alltag der Au\u00dfendienstmitarbeiter vereinfacht, bietet Cegid L\u00f6sungen f\u00fcr die komplexen Probleme der Vertriebs-, Buchhaltungs- und HR-Teams sowie der Gesch\u00e4ftsleitung.<\/span><\/p>\n<p data-pm-slice=\"1 1 []\"><span style=\"color: var( --e-global-color-text ); font-family: var( --e-global-typography-text-font-family ); font-size: var( --e-global-typography-text-font-size ); text-align: var(--text-align); background-color: var( --e-global-color-accent );\">Durch die Verbindung der beiden Programme k\u00f6nnen Sie <b>Ihre Verkaufs- und Buchhaltungsabteilungen zu neuen H\u00f6hen der Zusammenarbeit f\u00fchren<\/b>.<\/span><\/p>\n<div>Lassen Sie jede Abteilung sich auf ihre Aufgaben und ihre eigene Software konzentrieren und <b>nutzen Sie eine API-Verbindung, um den Datenfluss<\/b> zwischen den beiden Tools <b>zu automatisieren<\/b>.<\/div>\t\t\t\t\t\t\t\t<\/div>\n\t\t\t\t<\/div>\n\t\t\t\t<div class=\"elementor-element elementor-element-8fde24b elementor-widget elementor-widget-heading\" data-id=\"8fde24b\" data-element_type=\"widget\" data-e-type=\"widget\" data-widget_type=\"heading.default\">\n\t\t\t\t<div class=\"elementor-widget-container\">\n\t\t\t\t\t<h2 class=\"elementor-heading-title elementor-size-default\">Wie verbindet man Cegid und Moovago?<\/h2>\t\t\t\t<\/div>\n\t\t\t\t<\/div>\n\t\t\t\t<div class=\"elementor-element elementor-element-db55a5a elementor-widget elementor-widget-text-editor\" data-id=\"db55a5a\" data-element_type=\"widget\" data-e-type=\"widget\" data-widget_type=\"text-editor.default\">\n\t\t\t\t<div class=\"elementor-widget-container\">\n\t\t\t\t\t\t\t\t\t<p data-pm-slice=\"1 1 []\">Um Moovago und Cegid zu verbinden, <b>ist eine Integration \u00fcber API erforderlich<\/b>. Es wird empfohlen, dass ein Entwickler diese Verbindung konfiguriert und sicherstellt, dass die beiden Systeme optimal zusammenarbeiten. <\/p><p>Moovago verf\u00fcgt \u00fcber eine <a href=\"https:\/\/moovago.com\/de\/api-ein-guter-start\/\">GraphQL API<\/a>, um es mit Ihren bevorzugten Tools zu verbinden, und Cegid hat seine eigene <a href=\"https:\/\/developers.cegid.com\/apis\" target=\"_blank\" rel=\"noopener\">API-Dokumentation, die Sie hier finden<\/a>. Z\u00f6gern Sie nicht <a title=\"Kontakt\" href=\"https:\/\/moovago.com\/contactez-nous\/\">, unser Team zu kontaktieren<\/a>, um mehr \u00fcber m\u00f6gliche Verbindungen zwischen den Programmen zu erfahren. <\/p>\t\t\t\t\t\t\t\t<\/div>\n\t\t\t\t<\/div>\n\t\t\t\t<div class=\"elementor-element elementor-element-d40d1df elementor-widget elementor-widget-spacer\" data-id=\"d40d1df\" data-element_type=\"widget\" data-e-type=\"widget\" data-widget_type=\"spacer.default\">\n\t\t\t\t<div class=\"elementor-widget-container\">\n\t\t\t\t\t\t\t<div class=\"elementor-spacer\">\n\t\t\t<div class=\"elementor-spacer-inner\"><\/div>\n\t\t<\/div>\n\t\t\t\t\t\t<\/div>\n\t\t\t\t<\/div>\n\t\t<div class=\"elementor-element elementor-element-e2073c5 e-con-full e-flex e-con e-child\" data-id=\"e2073c5\" data-element_type=\"container\" data-e-type=\"container\" data-settings=\"{&quot;background_background&quot;:&quot;gradient&quot;}\">\n\t\t\t\t<div class=\"elementor-element elementor-element-3e0594b elementor-widget elementor-widget-heading\" data-id=\"3e0594b\" data-element_type=\"widget\" data-e-type=\"widget\" data-widget_type=\"heading.default\">\n\t\t\t\t<div class=\"elementor-widget-container\">\n\t\t\t\t\t<span class=\"elementor-heading-title elementor-size-default\">Zentralisieren Sie Ihre Verk\u00e4ufe, automatisieren Sie die Verwaltung Ihrer Kunden und sparen Sie wertvolle Zeit.<\/span>\t\t\t\t<\/div>\n\t\t\t\t<\/div>\n\t\t\t\t<div class=\"elementor-element elementor-element-0d824ad elementor-align-left elementor-tablet-align-left elementor-mobile-align-center elementor-widget-tablet__width-inherit elementor-widget-mobile__width-inherit elementor-widget elementor-widget-button\" data-id=\"0d824ad\" data-element_type=\"widget\" data-e-type=\"widget\" data-widget_type=\"button.default\">\n\t\t\t\t<div class=\"elementor-widget-container\">\n\t\t\t\t\t\t\t\t\t<div class=\"elementor-button-wrapper\">\n\t\t\t\t\t<a class=\"elementor-button elementor-button-link elementor-size-md\" href=\"https:\/\/moovago.com\/de\/kontakt-rdv\/\">\n\t\t\t\t\t\t<span class=\"elementor-button-content-wrapper\">\n\t\t\t\t\t\t\t\t\t<span class=\"elementor-button-text\">Fordern Sie eine Demo an<\/span>\n\t\t\t\t\t<\/span>\n\t\t\t\t\t<\/a>\n\t\t\t\t<\/div>\n\t\t\t\t\t\t\t\t<\/div>\n\t\t\t\t<\/div>\n\t\t\t\t<\/div>\n\t\t\t\t\t<\/div>\n\t\t\t\t<\/div>\n\t\t\t\t<\/div>\n\t\t","protected":false},"excerpt":{"rendered":"<p>Cegid ist eine Suite von Unternehmensmanagement-Tools, auch bekannt als ERP, die eine effiziente Steuerung von Verkauf, Buchhaltung und vielem mehr erm\u00f6glicht. Wenn Sie Cegid als ERP und Moovago als CRM verwenden, k\u00f6nnte eine Verbindung zwischen beiden f\u00fcr Sie von Interesse sein. Sie k\u00f6nnen die Daten mit Hilfe von Ihre Gesch\u00e4ftsdaten synchronisieren, die Rechnungsstellung vereinfachen und [&hellip;]<\/p>\n","protected":false},"author":1,"featured_media":44400,"parent":49797,"menu_order":0,"comment_status":"closed","ping_status":"closed","template":"","meta":{"footnotes":""},"class_list":["post-47665","page","type-page","status-publish","has-post-thumbnail","hentry"],"_links":{"self":[{"href":"https:\/\/moovago.com\/de\/wp-json\/wp\/v2\/pages\/47665","targetHints":{"allow":["GET"]}}],"collection":[{"href":"https:\/\/moovago.com\/de\/wp-json\/wp\/v2\/pages"}],"about":[{"href":"https:\/\/moovago.com\/de\/wp-json\/wp\/v2\/types\/page"}],"author":[{"embeddable":true,"href":"https:\/\/moovago.com\/de\/wp-json\/wp\/v2\/users\/1"}],"replies":[{"embeddable":true,"href":"https:\/\/moovago.com\/de\/wp-json\/wp\/v2\/comments?post=47665"}],"version-history":[{"count":1,"href":"https:\/\/moovago.com\/de\/wp-json\/wp\/v2\/pages\/47665\/revisions"}],"predecessor-version":[{"id":47666,"href":"https:\/\/moovago.com\/de\/wp-json\/wp\/v2\/pages\/47665\/revisions\/47666"}],"up":[{"embeddable":true,"href":"https:\/\/moovago.com\/de\/wp-json\/wp\/v2\/pages\/49797"}],"wp:featuredmedia":[{"embeddable":true,"href":"https:\/\/moovago.com\/de\/wp-json\/wp\/v2\/media\/44400"}],"wp:attachment":[{"href":"https:\/\/moovago.com\/de\/wp-json\/wp\/v2\/media?parent=47665"}],"curies":[{"name":"wp","href":"https:\/\/api.w.org\/{rel}","templated":true}]}}