{"id":49412,"date":"2024-09-06T11:00:00","date_gmt":"2024-09-06T09:00:00","guid":{"rendered":"https:\/\/moovago.com\/moovago-x-coyote\/"},"modified":"2025-11-27T11:34:36","modified_gmt":"2025-11-27T10:34:36","slug":"moovago-x-coyote","status":"publish","type":"page","link":"https:\/\/moovago.com\/de\/verbinden-sie-ihre-bevorzugten-tools-mit-moovago\/moovago-x-coyote\/","title":{"rendered":"Moovago x Coyote"},"content":{"rendered":"\t\t<div data-elementor-type=\"wp-page\" data-elementor-id=\"49412\" class=\"elementor elementor-49412 elementor-28637\" data-elementor-post-type=\"page\">\n\t\t\t\t<div class=\"elementor-element elementor-element-9e0a0f7 e-flex e-con-boxed e-con e-parent\" data-id=\"9e0a0f7\" data-element_type=\"container\" data-e-type=\"container\">\n\t\t\t\t\t<div class=\"e-con-inner\">\n\t\t\t\t<div class=\"elementor-element elementor-element-13ae8ef elementor-widget elementor-widget-heading\" data-id=\"13ae8ef\" data-element_type=\"widget\" data-e-type=\"widget\" data-widget_type=\"heading.default\">\n\t\t\t\t<div class=\"elementor-widget-container\">\n\t\t\t\t\t<h2 class=\"elementor-heading-title elementor-size-default\">Coyote, ein Pionierunternehmen f\u00fcr Fahrerassistenzsysteme in Europa<\/h2>\t\t\t\t<\/div>\n\t\t\t\t<\/div>\n\t\t\t\t<div class=\"elementor-element elementor-element-80e306d elementor-widget elementor-widget-heading\" data-id=\"80e306d\" data-element_type=\"widget\" data-e-type=\"widget\" data-widget_type=\"heading.default\">\n\t\t\t\t<div class=\"elementor-widget-container\">\n\t\t\t\t\t<h3 class=\"elementor-heading-title elementor-size-default\">Coyote App: Ein Navigations- und Fahrerassistenzdienst, der in Europa fest verankert ist<\/h3>\t\t\t\t<\/div>\n\t\t\t\t<\/div>\n\t\t\t\t<div class=\"elementor-element elementor-element-ac291b6 elementor-widget elementor-widget-text-editor\" data-id=\"ac291b6\" data-element_type=\"widget\" data-e-type=\"widget\" data-widget_type=\"text-editor.default\">\n\t\t\t\t<div class=\"elementor-widget-container\">\n\t\t\t\t\t\t\t\t\t<p>Coyote ist ein Unternehmen, das sich auf die Unterst\u00fctzung bei der Navigation, dem Fahren und der Wiederbeschaffung von Fahrzeugen nach einem Diebstahl spezialisiert hat. Coyote ist ein Pionier auf diesem Gebiet in Europa und bietet verschiedene Dienstleistungen f\u00fcr private und gewerbliche Nutzer an. <\/p><p>Wenn Sie Coyote noch nicht kennen, ist es vor allem bekannt f\u00fcr :  <\/p><ul><li>Eine GPS app mit Navigations- und Fahrhilfen,<\/li><li>Anzeige von n\u00fctzlichen Verkehrsinformationen,<\/li><li><span style=\"background-color: transparent; color: var( --e-global-color-text ); font-family: var( --e-global-typography-text-font-family ); text-align: var(--text-align);\">Die Visualisierung von Verkehrsst\u00f6rungen, die von den Mitgliedern der Community gemeldet werden, wie es auch von Waveform angeboten wird. <\/span><a style=\"font-family: var( --e-global-typography-text-font-family ); text-align: var(--text-align);\" href=\"https:\/\/moovago.com\/integrations\/waze\/\">Waze<\/a><span style=\"background-color: transparent; color: var( --e-global-color-text ); font-family: var( --e-global-typography-text-font-family ); text-align: var(--text-align);\"> (Unf\u00e4lle, Verkehr, Geschwindigkeitsbegrenzungen, Umleitungen usw.).<\/span><\/li><\/ul><div><span style=\"color: var( --e-global-color-text ); font-family: var( --e-global-typography-text-font-family ); font-size: var( --e-global-typography-text-font-size ); text-align: var(--text-align); background-color: var( --e-global-color-accent );\"> <\/span><\/div><div><span style=\"color: var( --e-global-color-text ); font-family: var( --e-global-typography-text-font-family ); font-size: var( --e-global-typography-text-font-size ); text-align: var(--text-align); background-color: var( --e-global-color-accent );\">Die Coyote App ist \u00fcber ein unverbindliches Abonnement <b>ab 9,99\u20ac pro Monat<\/b> erh\u00e4ltlich. Eine <b>Premium-Version ist f\u00fcr<\/b><\/span><span style=\"color: var( --e-global-color-text ); font-family: var( --e-global-typography-text-font-family ); font-size: var( --e-global-typography-text-font-size ); text-align: var(--text-align); background-color: var( --e-global-color-accent );\"><b> 14,99<\/b><\/span><span style=\"color: var( --e-global-color-text ); font-family: var( --e-global-typography-text-font-family ); font-size: var( --e-global-typography-text-font-size ); text-align: var(--text-align); background-color: var( --e-global-color-accent );\"><b>pro Monat<\/b> angeboten und erm\u00f6glicht den Zugriff auf <b>Coyote Auto<\/b>, um die App auf dem Bildschirm Ihres Fahrzeugs anzuzeigen. Damit werden die Carplay-Funktionen<\/span><span style=\"color: var( --e-global-color-text ); font-family: var( --e-global-typography-text-font-family ); font-size: var( --e-global-typography-text-font-size ); text-align: var(--text-align); background-color: var( --e-global-color-accent );\"> \u00fcber Carsharing verf\u00fcgbar gemacht.<\/span><span style=\"color: var( --e-global-color-text ); font-family: var( --e-global-typography-text-font-family ); font-size: var( --e-global-typography-text-font-size ); text-align: var(--text-align); background-color: var( --e-global-color-accent );\"> Android Auto oder Apple CarPlay, je nach Ihrem Telefon. Coyote bietet eine kostenlose 7-t\u00e4gige Testversion der app an.<\/span><\/div>\t\t\t\t\t\t\t\t<\/div>\n\t\t\t\t<\/div>\n\t\t\t\t<div class=\"elementor-element elementor-element-75b500b elementor-widget elementor-widget-heading\" data-id=\"75b500b\" data-element_type=\"widget\" data-e-type=\"widget\" data-widget_type=\"heading.default\">\n\t\t\t\t<div class=\"elementor-widget-container\">\n\t\t\t\t\t<h3 class=\"elementor-heading-title elementor-size-default\">Erg\u00e4nzende Produkte und Dienstleistungen: Coyote UP, Coyote mini, Coyote Secure, Ubiwan<\/h3>\t\t\t\t<\/div>\n\t\t\t\t<\/div>\n\t\t\t\t<div class=\"elementor-element elementor-element-f33d7b9 elementor-widget elementor-widget-text-editor\" data-id=\"f33d7b9\" data-element_type=\"widget\" data-e-type=\"widget\" data-widget_type=\"text-editor.default\">\n\t\t\t\t<div class=\"elementor-widget-container\">\n\t\t\t\t\t\t\t\t\t<p><span style=\"background-color: transparent; color: var( --e-global-color-text ); font-family: var( --e-global-typography-text-font-family ); font-size: var( --e-global-typography-text-font-size ); text-align: var(--text-align);\">Neben der App bietet Coyote weitere Produkte und Dienstleistungen an:  <\/span><\/p><ul><li><span style=\"background-color: transparent; color: var( --e-global-color-text ); font-family: var( --e-global-typography-text-font-family ); font-size: var( --e-global-typography-text-font-size ); text-align: var(--text-align);\">GPS-Ger\u00e4te: Coyote<\/span>UP und Coyote mini,<\/li><li>Ein Service, der die Wiederbeschaffung von Fahrzeugen nach einem Diebstahl mit Hilfe von Peilsendern erleichtert: Coyote Secure,<\/li><li><span style=\"background-color: var( --e-global-color-accent ); color: var( --e-global-color-text ); font-family: var( --e-global-typography-text-font-family ); font-size: var( --e-global-typography-text-font-size ); text-align: var(--text-align);\">Dienstleistungen f\u00fcr Unternehmen, insbesondere im Rahmen der Verwaltung von Fahrzeugflotten (Plotter, L\u00f6sungen nach Diebstahl, Geolokalisierung, Zuweisung von Aufgaben an Fahrer usw.).<\/span><\/li><\/ul>\t\t\t\t\t\t\t\t<\/div>\n\t\t\t\t<\/div>\n\t\t\t\t<div class=\"elementor-element elementor-element-d40d1df elementor-widget elementor-widget-spacer\" data-id=\"d40d1df\" data-element_type=\"widget\" data-e-type=\"widget\" data-widget_type=\"spacer.default\">\n\t\t\t\t<div class=\"elementor-widget-container\">\n\t\t\t\t\t\t\t<div class=\"elementor-spacer\">\n\t\t\t<div class=\"elementor-spacer-inner\"><\/div>\n\t\t<\/div>\n\t\t\t\t\t\t<\/div>\n\t\t\t\t<\/div>\n\t\t\t\t<div class=\"elementor-element elementor-element-1b17e80 elementor-widget elementor-widget-heading\" data-id=\"1b17e80\" data-element_type=\"widget\" data-e-type=\"widget\" data-widget_type=\"heading.default\">\n\t\t\t\t<div class=\"elementor-widget-container\">\n\t\t\t\t\t<h2 class=\"elementor-heading-title elementor-size-default\">Planen Sie mit Moovago, navigieren Sie mit Coyote<\/h2>\t\t\t\t<\/div>\n\t\t\t\t<\/div>\n\t\t\t\t<div class=\"elementor-element elementor-element-4073c3c elementor-widget elementor-widget-text-editor\" data-id=\"4073c3c\" data-element_type=\"widget\" data-e-type=\"widget\" data-widget_type=\"text-editor.default\">\n\t\t\t\t<div class=\"elementor-widget-container\">\n\t\t\t\t\t\t\t\t\t<p>Sie vertrauen darauf, dass Coyote Sie beim Fahren unterst\u00fctzt? \u00c4ndern Sie nichts an Ihren Gewohnheiten <b>und genie\u00dfen<\/b> Sie auch weiterhin <b>die Sicherheit und den Komfort Ihres bevorzugten Navigations<\/b> ger\u00e4tes auf Ihren Moovago-Touren.   <\/p><p>Wenn eine Route \u00fcber Moovago organisiert wird (Tour oder Kundenbesuch), wird Ihnen angeboten,<b>Ihre Route zu exportieren und mit Coyote zu erstellen<\/b>:<\/p>\t\t\t\t\t\t\t\t<\/div>\n\t\t\t\t<\/div>\n\t\t<div class=\"elementor-element elementor-element-1a21a81 e-con-full e-flex e-con e-child\" data-id=\"1a21a81\" data-element_type=\"container\" data-e-type=\"container\">\n\t\t<div class=\"elementor-element elementor-element-16277aa e-con-full e-flex e-con e-child\" data-id=\"16277aa\" data-element_type=\"container\" data-e-type=\"container\" data-settings=\"{&quot;background_background&quot;:&quot;classic&quot;}\">\n\t\t\t\t<div class=\"elementor-element elementor-element-dc702da elementor-widget__width-initial elementor-widget elementor-widget-image\" data-id=\"dc702da\" data-element_type=\"widget\" data-e-type=\"widget\" data-widget_type=\"image.default\">\n\t\t\t\t<div class=\"elementor-widget-container\">\n\t\t\t\t\t\t\t\t\t\t\t\t\t\t\t<img decoding=\"async\" width=\"100\" height=\"100\" src=\"https:\/\/moovago.com\/wp-content\/uploads\/2024\/08\/icone-moovago.jpg\" class=\"attachment-thumbnail size-thumbnail wp-image-44528\" alt=\"Icon moovago\" srcset=\"https:\/\/moovago.com\/wp-content\/uploads\/2024\/08\/icone-moovago.jpg 100w, https:\/\/moovago.com\/wp-content\/uploads\/2024\/08\/elementor\/thumbs\/icone-moovago-qt9nkdjvq3gu601ztbeogo65kmjxji4y2al0u6t304.jpg 50w\" sizes=\"(max-width: 100px) 100vw, 100px\" title=\"Moovago, application commerciaux, CRM, ERP, PGI, GRC\">\t\t\t\t\t\t\t\t\t\t\t\t\t\t\t<\/div>\n\t\t\t\t<\/div>\n\t\t\t\t<div class=\"elementor-element elementor-element-9ee61ea elementor-widget__width-initial elementor-widget elementor-widget-heading\" data-id=\"9ee61ea\" data-element_type=\"widget\" data-e-type=\"widget\" data-widget_type=\"heading.default\">\n\t\t\t\t<div class=\"elementor-widget-container\">\n\t\t\t\t\t<span class=\"elementor-heading-title elementor-size-default\">Planen Sie eine Verkaufstour<\/span>\t\t\t\t<\/div>\n\t\t\t\t<\/div>\n\t\t\t\t<\/div>\n\t\t\t\t<div class=\"elementor-element elementor-element-e9c45d5 elementor-view-default elementor-widget elementor-widget-icon\" data-id=\"e9c45d5\" data-element_type=\"widget\" data-e-type=\"widget\" data-widget_type=\"icon.default\">\n\t\t\t\t<div class=\"elementor-widget-container\">\n\t\t\t\t\t\t\t<div class=\"elementor-icon-wrapper\">\n\t\t\t<div class=\"elementor-icon\">\n\t\t\t<svg aria-hidden=\"true\" class=\"e-font-icon-svg e-fas-arrow-right\" viewBox=\"0 0 448 512\" xmlns=\"http:\/\/www.w3.org\/2000\/svg\"><path d=\"M190.5 66.9l22.2-22.2c9.4-9.4 24.6-9.4 33.9 0L441 239c9.4 9.4 9.4 24.6 0 33.9L246.6 467.3c-9.4 9.4-24.6 9.4-33.9 0l-22.2-22.2c-9.5-9.5-9.3-25 .4-34.3L311.4 296H24c-13.3 0-24-10.7-24-24v-32c0-13.3 10.7-24 24-24h287.4L190.9 101.2c-9.8-9.3-10-24.8-.4-34.3z\"><\/path><\/svg>\t\t\t<\/div>\n\t\t<\/div>\n\t\t\t\t\t\t<\/div>\n\t\t\t\t<\/div>\n\t\t<div class=\"elementor-element elementor-element-df25c55 e-con-full e-flex e-con e-child\" data-id=\"df25c55\" data-element_type=\"container\" data-e-type=\"container\" data-settings=\"{&quot;background_background&quot;:&quot;classic&quot;}\">\n\t\t\t\t<div class=\"elementor-element elementor-element-ecd9d9b elementor-widget__width-initial elementor-widget elementor-widget-image\" data-id=\"ecd9d9b\" data-element_type=\"widget\" data-e-type=\"widget\" data-widget_type=\"image.default\">\n\t\t\t\t<div class=\"elementor-widget-container\">\n\t\t\t\t\t\t\t\t\t\t\t\t\t\t\t<img decoding=\"async\" width=\"100\" height=\"100\" src=\"https:\/\/moovago.com\/wp-content\/uploads\/2024\/08\/3-min.jpg\" class=\"attachment-thumbnail size-thumbnail wp-image-44452\" alt=\"coyote-Integration\" title=\"Moovago, application commerciaux, CRM, ERP, PGI, GRC\">\t\t\t\t\t\t\t\t\t\t\t\t\t\t\t<\/div>\n\t\t\t\t<\/div>\n\t\t\t\t<div class=\"elementor-element elementor-element-e9d011b elementor-widget__width-initial elementor-widget elementor-widget-heading\" data-id=\"e9d011b\" data-element_type=\"widget\" data-e-type=\"widget\" data-widget_type=\"heading.default\">\n\t\t\t\t<div class=\"elementor-widget-container\">\n\t\t\t\t\t<span class=\"elementor-heading-title elementor-size-default\">Navigieren zwischen den Stationen der Tour<\/span>\t\t\t\t<\/div>\n\t\t\t\t<\/div>\n\t\t\t\t<\/div>\n\t\t\t\t<\/div>\n\t\t<div class=\"elementor-element elementor-element-e15e56c e-con-full e-flex e-con e-child\" data-id=\"e15e56c\" data-element_type=\"container\" data-e-type=\"container\">\n\t\t<div class=\"elementor-element elementor-element-1a8cb4b e-con-full e-flex e-con e-child\" data-id=\"1a8cb4b\" data-element_type=\"container\" data-e-type=\"container\" data-settings=\"{&quot;background_background&quot;:&quot;classic&quot;}\">\n\t\t\t\t<div class=\"elementor-element elementor-element-2219b5b elementor-widget__width-initial elementor-widget elementor-widget-image\" data-id=\"2219b5b\" data-element_type=\"widget\" data-e-type=\"widget\" data-widget_type=\"image.default\">\n\t\t\t\t<div class=\"elementor-widget-container\">\n\t\t\t\t\t\t\t\t\t\t\t\t\t\t\t<img decoding=\"async\" width=\"100\" height=\"100\" src=\"https:\/\/moovago.com\/wp-content\/uploads\/2024\/08\/icone-moovago.jpg\" class=\"attachment-thumbnail size-thumbnail wp-image-44528\" alt=\"Icon moovago\" srcset=\"https:\/\/moovago.com\/wp-content\/uploads\/2024\/08\/icone-moovago.jpg 100w, https:\/\/moovago.com\/wp-content\/uploads\/2024\/08\/elementor\/thumbs\/icone-moovago-qt9nkdjvq3gu601ztbeogo65kmjxji4y2al0u6t304.jpg 50w\" sizes=\"(max-width: 100px) 100vw, 100px\" title=\"Moovago, application commerciaux, CRM, ERP, PGI, GRC\">\t\t\t\t\t\t\t\t\t\t\t\t\t\t\t<\/div>\n\t\t\t\t<\/div>\n\t\t\t\t<div class=\"elementor-element elementor-element-71199e9 elementor-widget__width-initial elementor-widget elementor-widget-heading\" data-id=\"71199e9\" data-element_type=\"widget\" data-e-type=\"widget\" data-widget_type=\"heading.default\">\n\t\t\t\t<div class=\"elementor-widget-container\">\n\t\t\t\t\t<span class=\"elementor-heading-title elementor-size-default\">Klicken Sie auf \"Navigieren zu\" in einem Firmeneintrag.<\/span>\t\t\t\t<\/div>\n\t\t\t\t<\/div>\n\t\t\t\t<\/div>\n\t\t\t\t<div class=\"elementor-element elementor-element-3491963 elementor-view-default elementor-widget elementor-widget-icon\" data-id=\"3491963\" data-element_type=\"widget\" data-e-type=\"widget\" data-widget_type=\"icon.default\">\n\t\t\t\t<div class=\"elementor-widget-container\">\n\t\t\t\t\t\t\t<div class=\"elementor-icon-wrapper\">\n\t\t\t<div class=\"elementor-icon\">\n\t\t\t<svg aria-hidden=\"true\" class=\"e-font-icon-svg e-fas-arrow-right\" viewBox=\"0 0 448 512\" xmlns=\"http:\/\/www.w3.org\/2000\/svg\"><path d=\"M190.5 66.9l22.2-22.2c9.4-9.4 24.6-9.4 33.9 0L441 239c9.4 9.4 9.4 24.6 0 33.9L246.6 467.3c-9.4 9.4-24.6 9.4-33.9 0l-22.2-22.2c-9.5-9.5-9.3-25 .4-34.3L311.4 296H24c-13.3 0-24-10.7-24-24v-32c0-13.3 10.7-24 24-24h287.4L190.9 101.2c-9.8-9.3-10-24.8-.4-34.3z\"><\/path><\/svg>\t\t\t<\/div>\n\t\t<\/div>\n\t\t\t\t\t\t<\/div>\n\t\t\t\t<\/div>\n\t\t<div class=\"elementor-element elementor-element-8bcce3b e-con-full e-flex e-con e-child\" data-id=\"8bcce3b\" data-element_type=\"container\" data-e-type=\"container\" data-settings=\"{&quot;background_background&quot;:&quot;classic&quot;}\">\n\t\t\t\t<div class=\"elementor-element elementor-element-f1efe29 elementor-widget__width-initial elementor-widget elementor-widget-image\" data-id=\"f1efe29\" data-element_type=\"widget\" data-e-type=\"widget\" data-widget_type=\"image.default\">\n\t\t\t\t<div class=\"elementor-widget-container\">\n\t\t\t\t\t\t\t\t\t\t\t\t\t\t\t<img decoding=\"async\" width=\"100\" height=\"100\" src=\"https:\/\/moovago.com\/wp-content\/uploads\/2024\/08\/3-min.jpg\" class=\"attachment-thumbnail size-thumbnail wp-image-44452\" alt=\"coyote-Integration\" title=\"Moovago, application commerciaux, CRM, ERP, PGI, GRC\">\t\t\t\t\t\t\t\t\t\t\t\t\t\t\t<\/div>\n\t\t\t\t<\/div>\n\t\t\t\t<div class=\"elementor-element elementor-element-30c1da9 elementor-widget__width-initial elementor-widget elementor-widget-heading\" data-id=\"30c1da9\" data-element_type=\"widget\" data-e-type=\"widget\" data-widget_type=\"heading.default\">\n\t\t\t\t<div class=\"elementor-widget-container\">\n\t\t\t\t\t<span class=\"elementor-heading-title elementor-size-default\">Anzeigen der Route zwischen Ihrem aktuellen Standort und diesem Unternehmen  <\/span>\t\t\t\t<\/div>\n\t\t\t\t<\/div>\n\t\t\t\t<\/div>\n\t\t\t\t<\/div>\n\t\t\t\t<div class=\"elementor-element elementor-element-1edc0a2 elementor-widget elementor-widget-spacer\" data-id=\"1edc0a2\" data-element_type=\"widget\" data-e-type=\"widget\" data-widget_type=\"spacer.default\">\n\t\t\t\t<div class=\"elementor-widget-container\">\n\t\t\t\t\t\t\t<div class=\"elementor-spacer\">\n\t\t\t<div class=\"elementor-spacer-inner\"><\/div>\n\t\t<\/div>\n\t\t\t\t\t\t<\/div>\n\t\t\t\t<\/div>\n\t\t<div class=\"elementor-element elementor-element-e2073c5 e-con-full e-flex e-con e-child\" data-id=\"e2073c5\" data-element_type=\"container\" data-e-type=\"container\" data-settings=\"{&quot;background_background&quot;:&quot;gradient&quot;}\">\n\t\t\t\t<div class=\"elementor-element elementor-element-3e0594b elementor-widget elementor-widget-heading\" data-id=\"3e0594b\" data-element_type=\"widget\" data-e-type=\"widget\" data-widget_type=\"heading.default\">\n\t\t\t\t<div class=\"elementor-widget-container\">\n\t\t\t\t\t<span class=\"elementor-heading-title elementor-size-default\">Kombinieren Sie Moovago und Coyote f\u00fcr Ihre Touren.<\/span>\t\t\t\t<\/div>\n\t\t\t\t<\/div>\n\t\t\t\t<div class=\"elementor-element elementor-element-0d824ad elementor-align-left elementor-tablet-align-left elementor-mobile-align-center elementor-widget-tablet__width-inherit elementor-widget-mobile__width-inherit elementor-widget elementor-widget-button\" data-id=\"0d824ad\" data-element_type=\"widget\" data-e-type=\"widget\" data-widget_type=\"button.default\">\n\t\t\t\t<div class=\"elementor-widget-container\">\n\t\t\t\t\t\t\t\t\t<div class=\"elementor-button-wrapper\">\n\t\t\t\t\t<a class=\"elementor-button elementor-button-link elementor-size-md\" href=\"https:\/\/moovago.com\/de\/funktionalitaet-des-kurses\/\">\n\t\t\t\t\t\t<span class=\"elementor-button-content-wrapper\">\n\t\t\t\t\t\t\t\t\t<span class=\"elementor-button-text\">Erfahren Sie mehr \u00fcber den Moovago Tour Planer<\/span>\n\t\t\t\t\t<\/span>\n\t\t\t\t\t<\/a>\n\t\t\t\t<\/div>\n\t\t\t\t\t\t\t\t<\/div>\n\t\t\t\t<\/div>\n\t\t\t\t<\/div>\n\t\t\t\t\t<\/div>\n\t\t\t\t<\/div>\n\t\t\t\t<\/div>\n\t\t","protected":false},"excerpt":{"rendered":"<p>Coyote, ein Pionierunternehmen f\u00fcr Fahrerassistenzsysteme in Europa Coyote App: Ein Navigations- und Fahrerassistenzdienst, der in Europa fest verankert ist Coyote ist ein Unternehmen, das sich auf die Unterst\u00fctzung bei der Navigation, dem Fahren und der Wiederbeschaffung von Fahrzeugen nach einem Diebstahl spezialisiert hat. Coyote ist ein Pionier auf diesem Gebiet in Europa und bietet verschiedene [&hellip;]<\/p>\n","protected":false},"author":1,"featured_media":44532,"parent":49797,"menu_order":0,"comment_status":"closed","ping_status":"closed","template":"","meta":{"footnotes":""},"class_list":["post-49412","page","type-page","status-publish","has-post-thumbnail","hentry"],"_links":{"self":[{"href":"https:\/\/moovago.com\/de\/wp-json\/wp\/v2\/pages\/49412","targetHints":{"allow":["GET"]}}],"collection":[{"href":"https:\/\/moovago.com\/de\/wp-json\/wp\/v2\/pages"}],"about":[{"href":"https:\/\/moovago.com\/de\/wp-json\/wp\/v2\/types\/page"}],"author":[{"embeddable":true,"href":"https:\/\/moovago.com\/de\/wp-json\/wp\/v2\/users\/1"}],"replies":[{"embeddable":true,"href":"https:\/\/moovago.com\/de\/wp-json\/wp\/v2\/comments?post=49412"}],"version-history":[{"count":1,"href":"https:\/\/moovago.com\/de\/wp-json\/wp\/v2\/pages\/49412\/revisions"}],"predecessor-version":[{"id":49413,"href":"https:\/\/moovago.com\/de\/wp-json\/wp\/v2\/pages\/49412\/revisions\/49413"}],"up":[{"embeddable":true,"href":"https:\/\/moovago.com\/de\/wp-json\/wp\/v2\/pages\/49797"}],"wp:featuredmedia":[{"embeddable":true,"href":"https:\/\/moovago.com\/de\/wp-json\/wp\/v2\/media\/44532"}],"wp:attachment":[{"href":"https:\/\/moovago.com\/de\/wp-json\/wp\/v2\/media?parent=49412"}],"curies":[{"name":"wp","href":"https:\/\/api.w.org\/{rel}","templated":true}]}}