{"id":49572,"date":"2024-02-09T09:27:03","date_gmt":"2024-02-09T08:27:03","guid":{"rendered":"https:\/\/moovago.com\/datenschutzrichtlinie\/"},"modified":"2025-11-28T15:50:19","modified_gmt":"2025-11-28T14:50:19","slug":"datenschutzrichtlinie","status":"publish","type":"page","link":"https:\/\/moovago.com\/de\/datenschutzrichtlinie\/","title":{"rendered":"Datenschutzrichtlinie"},"content":{"rendered":"\t\t<div data-elementor-type=\"wp-page\" data-elementor-id=\"49572\" class=\"elementor elementor-49572 elementor-23134\" data-elementor-post-type=\"page\">\n\t\t\t\t<div class=\"elementor-element elementor-element-be1f205 e-flex e-con-boxed e-con e-parent\" data-id=\"be1f205\" data-element_type=\"container\" data-e-type=\"container\" data-settings=\"{&quot;background_background&quot;:&quot;gradient&quot;,&quot;shape_divider_bottom&quot;:&quot;waves&quot;}\">\n\t\t\t\t\t<div class=\"e-con-inner\">\n\t\t\t\t<div class=\"elementor-shape elementor-shape-bottom\" aria-hidden=\"true\" data-negative=\"false\">\n\t\t\t<svg xmlns=\"http:\/\/www.w3.org\/2000\/svg\" viewBox=\"0 0 1000 100\" preserveAspectRatio=\"none\">\n\t<path class=\"elementor-shape-fill\" d=\"M421.9,6.5c22.6-2.5,51.5,0.4,75.5,5.3c23.6,4.9,70.9,23.5,100.5,35.7c75.8,32.2,133.7,44.5,192.6,49.7\n\tc23.6,2.1,48.7,3.5,103.4-2.5c54.7-6,106.2-25.6,106.2-25.6V0H0v30.3c0,0,72,32.6,158.4,30.5c39.2-0.7,92.8-6.7,134-22.4\n\tc21.2-8.1,52.2-18.2,79.7-24.2C399.3,7.9,411.6,7.5,421.9,6.5z\"\/>\n<\/svg>\t\t<\/div>\n\t\t\t\t<div class=\"elementor-element elementor-element-ff97db3 elementor-widget elementor-widget-heading\" data-id=\"ff97db3\" data-element_type=\"widget\" data-e-type=\"widget\" data-widget_type=\"heading.default\">\n\t\t\t\t<div class=\"elementor-widget-container\">\n\t\t\t\t\t<h1 class=\"elementor-heading-title elementor-size-default\">Datenschutzrichtlinie des Dienstes<\/h1>\t\t\t\t<\/div>\n\t\t\t\t<\/div>\n\t\t\t\t\t<\/div>\n\t\t\t\t<\/div>\n\t\t<div class=\"elementor-element elementor-element-766d2be e-flex e-con-boxed e-con e-parent\" data-id=\"766d2be\" data-element_type=\"container\" data-e-type=\"container\">\n\t\t\t\t\t<div class=\"e-con-inner\">\n\t\t\t\t<div class=\"elementor-element elementor-element-ceab897 elementor-widget elementor-widget-text-editor\" data-id=\"ceab897\" data-element_type=\"widget\" data-e-type=\"widget\" data-widget_type=\"text-editor.default\">\n\t\t\t\t<div class=\"elementor-widget-container\">\n\t\t\t\t\t\t\t\t\t<p><a href=\"https:\/\/moovago.com\/politique-de-confidentialite\/\" target=\"_blank\" rel=\"noopener\">Die franz\u00f6sische Fassung<\/a>\u00a0hat im Falle von Abweichungen zwischen den Fassungen oder bei Auslegungsschwierigkeiten jeglicher Art Vorrang.<\/p><p>Dokument zu Informationszwecken \u00fcbersetzt :<\/p>\t\t\t\t\t\t\t\t<\/div>\n\t\t\t\t<\/div>\n\t\t\t\t<div class=\"elementor-element elementor-element-971edb9 elementor-widget elementor-widget-text-editor\" data-id=\"971edb9\" data-element_type=\"widget\" data-e-type=\"widget\" data-widget_type=\"text-editor.default\">\n\t\t\t\t<div class=\"elementor-widget-container\">\n\t\t\t\t\t\t\t\t\t<p>Wenn Sie unsere Moovago-Anwendung (Website &#8222;moovago.app&#8220; und mobile Anwendungen f\u00fcr Android und iOS) nutzen, vertrauen Sie uns, dass wir Ihre Daten verarbeiten. Diese Datenschutzbestimmungen sollen Sie dar\u00fcber informieren, welche Informationen wir sammeln, zu welchem Zweck und wie wir sie verwenden. Diese Regeln sind wichtig und wir hoffen, dass Sie sich die Zeit nehmen, sie sorgf\u00e4ltig zu lesen.<\/p><p>Die app nutzt bestimmte Google-Dienste (Google Inc.), die die Erfassung und Nutzung einiger Ihrer pers\u00f6nlichen Daten wie unten beschrieben erfordern:<\/p><p><b style=\"color: var( --e-global-color-text ); text-align: var(--text-align); font-size: 1rem;\" data-sider-select-id=\"63263406-46d9-4a48-ae66-d4eafcaca320\">\u00a0<\/b><\/p><p><b style=\"color: var( --e-global-color-text ); text-align: var(--text-align); font-size: 1rem;\" data-sider-select-id=\"63263406-46d9-4a48-ae66-d4eafcaca320\">&#8222;Google Analytics 4 (GA4)&#8220; (Google Inc.)<\/b><\/p><p>Dieser Dienst erm\u00f6glicht es uns, zu analysieren, wie Sie die app nutzen, um sie zu verbessern.<\/p><p>Um zu funktionieren, sammelt dieser Dienst die folgenden pers\u00f6nlichen Daten:<\/p><ul><li>Daten \u00fcber Ihre Nutzung der app<\/li><li>Ihre IP-Adresse, um den Ort der Verbindung zu bestimmen<\/li><li>die IDs Ihrer mobilen Ger\u00e4te<a href=\"https:\/\/developer.apple.com\/documentation\/uikit\/uidevice\/1620059-identifierforvendor\" target=\"_blank\" rel=\"noopener\">(IDFVs<\/a> \/ <a href=\"https:\/\/developer.android.com\/reference\/android\/provider\/Settings.Secure.html#ANDROID_ID\" target=\"_blank\" rel=\"noopener\">Android IDs<\/a>, <a href=\"https:\/\/support.google.com\/adxseller\/answer\/6274238?hl=fr\" target=\"_blank\" rel=\"noopener\">Android Advertising ID und Advertising Identifier (IDFA) f\u00fcr iOS<\/a>, <a href=\"https:\/\/firebase.google.com\/docs\/reference\/android\/com\/google\/firebase\/installations\/FirebaseInstallations\" target=\"_blank\" rel=\"noopener\">FirebaseInstallations<\/a>, <a href=\"https:\/\/support.google.com\/analytics\/answer\/9268042?hl=fr\" target=\"_blank\" rel=\"noopener\">Analytics App Instance<\/a> IDs), Cookies und \u00e4hnliche Technologien.<\/li><\/ul><p>Google Analytics verwendet die Daten, um Analyse- und Zuordnungsinformationen zu liefern. Die genauen Informationen, die gesammelt werden, k\u00f6nnen je nach Ger\u00e4t und Umgebung variieren.<\/p><p>Weitere Informationen finden Sie unter <a href=\"https:\/\/support.google.com\/analytics\/answer\/11593727?hl=fr\" target=\"_blank\" rel=\"noopener\">Datenerfassung<\/a>.<\/p><p>Datenaufbewahrung: Google Analytics bewahrt bestimmte Daten, die mit Werbe-IDs (z.B. Android Advertising ID und Advertising Identifier (IDFA) f\u00fcr iOS) verbunden sind, f\u00fcr 60 Tage auf und bewahrt globale Berichte und bestimmte Kampagnendaten auf Nutzerebene ohne automatischen Ablauf auf.<\/p><p><b style=\"color: var( --e-global-color-text ); text-align: var(--text-align); font-size: 1rem;\">\u00a0<\/b><\/p><p><b style=\"color: var( --e-global-color-text ); text-align: var(--text-align); font-size: 1rem;\">&#8222;Firebase Crashlytics&#8220; (Google Inc.)<\/b><\/p><p>Dieser Service erm\u00f6glicht es uns, Bugs, Fehler und Abst\u00fcrze, die bei der Nutzung von Moovago auftreten, zu analysieren und Moovago dadurch zuverl\u00e4ssiger zu machen.<\/p><p>Um zu funktionieren, sammelt dieser Dienst die folgenden Daten:<\/p><ul><li>Ihre &#8222;Installations-UUID&#8220; und Ihre &#8222;Firebase-Installations-ID&#8220;.<\/li><li>Absturzspuren<\/li><\/ul><div>\u00a0<\/div><p>Weitere Informationen finden Sie unter <a href=\"https:\/\/firebase.google.com\/support\/privacy?hl=fr#data_processing_information\" target=\"_blank\" rel=\"noopener\">Datenschutz und Sicherheit in Firebase<\/a> (Abschnitt Firebase Crashlytics).<\/p><p><b>&#8222;Firebase Authentication&#8220; (Google Inc.)<\/b><\/p><p>Dieser Dienst erm\u00f6glicht es uns, Sie zu identifizieren und Ihren Zugriff auf den Dienst zu authentifizieren, um Ihnen den Dienst, f\u00fcr den Sie sich angemeldet haben, zur Verf\u00fcgung zu stellen.<\/p><p>Um zu funktionieren, sammelt dieser Dienst die folgenden Daten:<\/p><ul><li>Ihre E-Mail-Adresse<\/li><li>Ihr Passwort<\/li><li>Ihren Benutzeragenten (User Agent)<\/li><li>Ihre IP-Adresse<\/li><\/ul><div>\u00a0<\/div><p>Diese Daten erm\u00f6glichen Ihre Authentifizierung und dienen der Erh\u00f6hung der Sicherheit und der Verhinderung von Missbrauch bei der Anmeldung und Authentifizierung.<\/p><p>Aufbewahrung von Daten : Die Firebase-Authentifizierung speichert die registrierten IP-Adressen f\u00fcr einige Wochen. Danach werden die Daten innerhalb von 180 Tagen aus den Live-Systemen und den Backup-Systemen gel\u00f6scht.<\/p><p>Weitere Informationen finden Sie unter <a href=\"https:\/\/firebase.google.com\/support\/privacy?hl=fr#data_processing_information\" target=\"_blank\" rel=\"noopener\">Datenschutz und Sicherheit in Firebase<\/a> (Abschnitt Firebase-Authentifizierung).<\/p><p><b style=\"color: var( --e-global-color-text ); text-align: var(--text-align); font-size: 1rem;\">\u00a0<\/b><\/p><p><b style=\"color: var( --e-global-color-text ); text-align: var(--text-align); font-size: 1rem;\">&#8222;Firebase Remote Configuration&#8220; (Google Inc.)\u00a0\u00a0<\/b><\/p><p>Dieser Dienst erm\u00f6glicht es Ihnen, technische Daten abzurufen, die f\u00fcr den Betrieb der app erforderlich sind.<\/p><p>Um zu funktionieren, sammelt dieser Dienst die folgenden Daten:<\/p><p>&#8211; Ihre &#8222;Firebase-Installations-ID&#8220;.<\/p><p>Weitere Informationen finden Sie unter <a href=\"https:\/\/firebase.google.com\/support\/privacy?hl=fr#data_processing_information\" target=\"_blank\" rel=\"noopener\">Datenschutz und Sicherheit in Firebase<\/a> (Abschnitt Fernkonfiguration von Firebase).<\/p><p><b style=\"color: var( --e-global-color-text ); text-align: var(--text-align); font-size: 1rem;\">\u00a0<\/b><\/p><p><b style=\"color: var( --e-global-color-text ); text-align: var(--text-align); font-size: 1rem;\">&#8222;Firebase Cloud Messaging&#8220; (Google Inc.)<\/b><\/p><p>Dieser Dienst erm\u00f6glicht es uns, Benachrichtigungen (Nachrichten) an Ihre mobilen Ger\u00e4te zu senden.<\/p><p>Um zu funktionieren, sammelt dieser Dienst <span style=\"color: var( --e-global-color-text ); text-align: var(--text-align); font-size: 1rem;\">Ihre &#8222;Firebase-Installations-ID&#8220;.<\/span><\/p><p>Weitere Informationen finden Sie unter <a href=\"https:\/\/firebase.google.com\/support\/privacy?hl=fr#data_processing_information\" target=\"_blank\" rel=\"noopener\">Datenschutz und Sicherheit in Firebase<\/a> (Abschnitt Firebase Cloud Messaging).<\/p><p><b style=\"color: var( --e-global-color-text ); text-align: var(--text-align); font-size: 1rem;\">&#8222;Cloud Storage for Firebase&#8220; (Google Inc.)<\/b><\/p><p>Dieser Dienst erm\u00f6glicht es uns, Ihre Dokumente (Dateien), die Sie in die app hochladen, zu speichern. Dieser Dienst basiert auf dem Dienst Google Cloud Storage.<br \/>Weitere Informationen finden Sie unter <a href=\"https:\/\/cloud.google.com\/terms\/cloud-privacy-notice?hl=fr\" target=\"_blank\" rel=\"noopener\">Datenschutzerkl\u00e4rung<\/a> von Google Cloud (in Bezug auf den Dienst Google Cloud Platform und insbesondere Cloud Storage for Firebase).<\/p><p>&#8222;<a href=\"https:\/\/cloud.google.com\/privacy\/gdpr?hl=fr\" target=\"_blank\" rel=\"noopener\">Firebase<\/a>und Google Cloud halten sich an die DSGVO.<\/p><p>Firebase-Servicedaten sind personenbezogene Daten, die Google im Zusammenhang mit der Bereitstellung und Verwaltung der Firebase-Dienste sammelt und generiert. Kundendaten und Google Cloud Service-Daten sind nicht Teil dieser Daten. Google verwendet die Firebase-Dienstdaten in \u00dcbereinstimmung mit seinen \u00a0Die <a href=\"https:\/\/policies.google.com\/privacy\" target=\"_blank\" rel=\"noopener\">Datenschutzbestimmungen<\/a> und die geltenden Nutzungsbedingungen.\u00a0<a href=\"https:\/\/firebase.google.com\/support\/privacy?hl=fr&amp;authuser=0&amp;_gl=1*qmojfb*_ga*NDY5MjY5Nzk5LjE3MDI2Mzg1OTc.*_ga_CW55HF8NVT*MTcwNzQwMzY4My4yMC4xLjE3MDc0MDg1NDIuMjguMC4w\" target=\"_blank\" rel=\"noopener\">Weitere Informationen<\/a><\/p><p>Die Daten, die Sie in die app eingeben oder importieren, werden in unseren Datenbanken gespeichert. Diese Datenbanken sind in Datenzentren in Frankreich untergebracht.<\/p><p><span style=\"font-weight: bold; color: var( --e-global-color-text ); text-align: var(--text-align); font-size: 1rem;\">\u00a0<\/span><\/p><p><span style=\"font-weight: bold; color: var( --e-global-color-text ); text-align: var(--text-align); font-size: 1rem;\">&#8222;Google Calendar&#8220; (Google Inc.)<\/span><\/p><p data-sider-select-id=\"38874266-4f0a-4216-84d7-5b4311ce48ac\">Sie k\u00f6nnen die Synchronisation Ihres Moovago-Kalenders mit Ihrem Google-Kalender (Google Kalender \/ Google Calendar) und umgekehrt aktivieren.<\/p><p data-sider-select-id=\"41b314e5-2d58-4dce-b2c4-c69dda9e99e7\"><i data-sider-select-id=\"e3ab0812-59c0-4a7b-ab55-ed79558db7f5\"><span data-sider-select-id=\"b468513c-460c-4764-ab59-e6794cda136f\">Wie sammelt, verwendet, speichert und teilt der Moovago-Service Ihre Google-Nutzerdaten?<\/span><\/i><\/p><p data-sider-select-id=\"22d941cd-9f0d-40c8-8f6b-5fd49ba47410\">Die Nutzung der Benutzerdaten Ihres Google-Kontos durch Moovago erfolgt \u00fcber den Google API-Service, wobei wir unsere Nutzung auf das absolut Notwendige beschr\u00e4nken. Dies geschieht folgenderma\u00dfen:<\/p><p data-sider-select-id=\"22d941cd-9f0d-40c8-8f6b-5fd49ba47410\"><span style=\"background-color: transparent; color: var( --e-global-color-text ); text-align: var(--text-align);\">Moovago verwendet den Zugriff auf Ihre Google-Nutzerdaten nur, um die folgenden Aktionen durchzuf\u00fchren: <\/span><span style=\"background-color: transparent; color: var( --e-global-color-text ); text-align: var(--text-align);\">eine Liste Ihrer Google-Kalender zu erhalten und Ihre Google-Kalender-Ereignisse (einschlie\u00dflich Notizen) und deren Metadaten zu erstellen, zu lesen und zu bearbeiten, um Ihnen eine Web- und Mobilkalender-Funktion direkt in der Moovago app zur Verf\u00fcgung zu stellen, mit der Sie Ereignisse erstellen, lesen und bearbeiten sowie synchronisieren k\u00f6nnen.<\/span><\/p><p data-sider-select-id=\"c7482210-c3a2-4812-b973-bf9586abb232\">Moovago \u00fcbertr\u00e4gt diese Google-Daten nicht an Dritte.<\/p><p>Moovago sammelt fl\u00fcchtig die Liste Ihrer Google-Kalender und verwendet sie, um Ihnen die Auswahl des Kalenders zu erm\u00f6glichen, mit dem Sie Ihre Moovago-Events synchronisieren m\u00f6chten. Wir speichern Ihre Kalenderliste nicht. Wir speichern lediglich den Namen des ausgew\u00e4hlten Kalenders in unseren Datenbanken. Moovago gibt diese Daten nicht an Dritte weiter.<\/p><p>Moovago sammelt Ihre zuk\u00fcnftigen Google-Ereignisse (= nach dem Aktivierungsdatum des Synchronisationsdienstes) aus dem Kalender, den Sie zuvor ausgew\u00e4hlt haben, und speichert diese Ereignisse in unseren Datenbanken. Diese Ereignisse werden dann von Moovago zu Google und von Google zu Moovago synchronisiert (jede \u00c4nderung eines Ereignisses wird automatisch von einem zum anderen \u00fcbertragen).<\/p><p data-sider-select-id=\"043ad45a-0596-4f96-b38d-acc1247204be\">Die Nutzung des Moovago-Dienstes und die \u00dcbertragung der von Google API erhaltenen Informationen an andere Apps erfolgt in \u00dcbereinstimmung mit den <a href=\"https:\/\/developers.google.com\/terms\/api-services-user-data-policy#additional_requirements_for_specific_api_scopes\" data-sider-select-id=\"3f35af59-9e09-439c-bfcc-162c0e2c471c\" target=\"_blank\" rel=\"noopener\">Richtlinien f\u00fcr Nutzerdaten der Google API-Dienste<\/a>, einschlie\u00dflich der eingeschr\u00e4nkten Nutzungsbedingungen (Limited Use requirements).<\/p><p>Google Calendar ist ein Warenzeichen von Google LLC.<\/p><p>\u00a0<\/p><p><b>L\u00f6schen des Kontos<\/b><\/p><p>Als Teil Ihrer Nutzung von Moovago k\u00f6nnen Sie Ihr Konto selbstst\u00e4ndig l\u00f6schen. Unsere Anweisungen, Empfehlungen und Informationen finden Sie <a href=\"https:\/\/moovago.com\/de\/loeschen-eines-kontos\/\">hier<\/a>.<\/p><p data-renderer-start-pos=\"375\">\u00a0<\/p><p data-renderer-start-pos=\"375\"><b style=\"color: var( --e-global-color-text ); text-align: var(--text-align); font-size: 1rem;\">\u00c4nderungen<\/b><\/p><p>Die vorliegenden Datenschutzbestimmungen k\u00f6nnen sich \u00e4ndern. Durch die Installation und Nutzung der app akzeptieren Sie diese Regeln ohne Einschr\u00e4nkung. Wenn Sie diese nicht akzeptieren, installieren, aktualisieren oder f\u00fchren Sie die app bitte nicht aus.<\/p><p>Wir werden alle \u00c4nderungen der Datenschutzbestimmungen auf dieser Seite ver\u00f6ffentlichen.<\/p>\t\t\t\t\t\t\t\t<\/div>\n\t\t\t\t<\/div>\n\t\t\t\t<div class=\"elementor-element elementor-element-748264e elementor-widget elementor-widget-text-editor\" data-id=\"748264e\" data-element_type=\"widget\" data-e-type=\"widget\" data-widget_type=\"text-editor.default\">\n\t\t\t\t<div class=\"elementor-widget-container\">\n\t\t\t\t\t\t\t\t\t<p><a href=\"https:\/\/moovago.com\/politique-de-confidentialite\/\" target=\"_blank\" rel=\"noopener\">Die franz\u00f6sische Fassung<\/a>\u00a0hat im Falle von Abweichungen zwischen den Fassungen oder bei Auslegungsschwierigkeiten jeglicher Art Vorrang.<\/p><p>Dokument zu Informationszwecken \u00fcbersetzt.<\/p>\t\t\t\t\t\t\t\t<\/div>\n\t\t\t\t<\/div>\n\t\t\t\t\t<\/div>\n\t\t\t\t<\/div>\n\t\t\t\t<\/div>\n\t\t","protected":false},"excerpt":{"rendered":"<p>Datenschutzrichtlinie des Dienstes Die franz\u00f6sische Fassung\u00a0hat im Falle von Abweichungen zwischen den Fassungen oder bei Auslegungsschwierigkeiten jeglicher Art Vorrang. Dokument zu Informationszwecken \u00fcbersetzt : Wenn Sie unsere Moovago-Anwendung (Website &#8222;moovago.app&#8220; und mobile Anwendungen f\u00fcr Android und iOS) nutzen, vertrauen Sie uns, dass wir Ihre Daten verarbeiten. Diese Datenschutzbestimmungen sollen Sie dar\u00fcber informieren, welche Informationen wir [&hellip;]<\/p>\n","protected":false},"author":1,"featured_media":39448,"parent":0,"menu_order":0,"comment_status":"closed","ping_status":"closed","template":"elementor_header_footer","meta":{"footnotes":""},"class_list":["post-49572","page","type-page","status-publish","has-post-thumbnail","hentry"],"_links":{"self":[{"href":"https:\/\/moovago.com\/de\/wp-json\/wp\/v2\/pages\/49572","targetHints":{"allow":["GET"]}}],"collection":[{"href":"https:\/\/moovago.com\/de\/wp-json\/wp\/v2\/pages"}],"about":[{"href":"https:\/\/moovago.com\/de\/wp-json\/wp\/v2\/types\/page"}],"author":[{"embeddable":true,"href":"https:\/\/moovago.com\/de\/wp-json\/wp\/v2\/users\/1"}],"replies":[{"embeddable":true,"href":"https:\/\/moovago.com\/de\/wp-json\/wp\/v2\/comments?post=49572"}],"version-history":[{"count":4,"href":"https:\/\/moovago.com\/de\/wp-json\/wp\/v2\/pages\/49572\/revisions"}],"predecessor-version":[{"id":50665,"href":"https:\/\/moovago.com\/de\/wp-json\/wp\/v2\/pages\/49572\/revisions\/50665"}],"wp:featuredmedia":[{"embeddable":true,"href":"https:\/\/moovago.com\/de\/wp-json\/wp\/v2\/media\/39448"}],"wp:attachment":[{"href":"https:\/\/moovago.com\/de\/wp-json\/wp\/v2\/media?parent=49572"}],"curies":[{"name":"wp","href":"https:\/\/api.w.org\/{rel}","templated":true}]}}