{"id":49769,"date":"2024-08-27T10:05:03","date_gmt":"2024-08-27T08:05:03","guid":{"rendered":"https:\/\/moovago.com\/verbinden-sie-moovago-mit-einem-marketing-automations-tool\/"},"modified":"2025-11-27T11:34:34","modified_gmt":"2025-11-27T10:34:34","slug":"verbinden-sie-moovago-mit-einem-marketing-automations-tool","status":"publish","type":"page","link":"https:\/\/moovago.com\/de\/verbinden-sie-ihre-bevorzugten-tools-mit-moovago\/verbinden-sie-moovago-mit-einem-marketing-automations-tool\/","title":{"rendered":"Verbinden Sie Moovago mit einem Marketing-Automations-Tool"},"content":{"rendered":"\t\t<div data-elementor-type=\"wp-page\" data-elementor-id=\"49769\" class=\"elementor elementor-49769 elementor-28572\" data-elementor-post-type=\"page\">\n\t\t\t\t<div class=\"elementor-element elementor-element-00203f7 e-flex e-con-boxed e-con e-parent\" data-id=\"00203f7\" data-element_type=\"container\" data-e-type=\"container\">\n\t\t\t\t\t<div class=\"e-con-inner\">\n\t\t\t\t<div class=\"elementor-element elementor-element-c443005 elementor-widget elementor-widget-heading\" data-id=\"c443005\" data-element_type=\"widget\" data-e-type=\"widget\" data-widget_type=\"heading.default\">\n\t\t\t\t<div class=\"elementor-widget-container\">\n\t\t\t\t\t<h2 class=\"elementor-heading-title elementor-size-default\">Software f\u00fcr Marketing Automation<\/h2>\t\t\t\t<\/div>\n\t\t\t\t<\/div>\n\t\t\t\t<div class=\"elementor-element elementor-element-fa54888 elementor-posts--align-center elementor-grid-3 elementor-grid-tablet-2 elementor-grid-mobile-1 elementor-posts--thumbnail-top elementor-widget elementor-widget-posts\" data-id=\"fa54888\" data-element_type=\"widget\" data-e-type=\"widget\" data-settings=\"{&quot;classic_row_gap&quot;:{&quot;unit&quot;:&quot;px&quot;,&quot;size&quot;:30,&quot;sizes&quot;:[]},&quot;classic_columns&quot;:&quot;3&quot;,&quot;classic_columns_tablet&quot;:&quot;2&quot;,&quot;classic_columns_mobile&quot;:&quot;1&quot;,&quot;classic_row_gap_widescreen&quot;:{&quot;unit&quot;:&quot;px&quot;,&quot;size&quot;:&quot;&quot;,&quot;sizes&quot;:[]},&quot;classic_row_gap_laptop&quot;:{&quot;unit&quot;:&quot;px&quot;,&quot;size&quot;:&quot;&quot;,&quot;sizes&quot;:[]},&quot;classic_row_gap_tablet&quot;:{&quot;unit&quot;:&quot;px&quot;,&quot;size&quot;:&quot;&quot;,&quot;sizes&quot;:[]},&quot;classic_row_gap_mobile&quot;:{&quot;unit&quot;:&quot;px&quot;,&quot;size&quot;:&quot;&quot;,&quot;sizes&quot;:[]}}\" data-widget_type=\"posts.classic\">\n\t\t\t\t<div class=\"elementor-widget-container\">\n\t\t\t\t\t\t\t<div class=\"elementor-posts-container elementor-posts elementor-posts--skin-classic elementor-grid\" role=\"list\">\n\t\t\t\t<article class=\"elementor-post elementor-grid-item post-49487 page type-page status-publish has-post-thumbnail hentry\" role=\"listitem\">\n\t\t\t\t<a class=\"elementor-post__thumbnail__link\" href=\"https:\/\/moovago.com\/de\/verbinden-sie-ihre-bevorzugten-tools-mit-moovago\/moovago-x-brevo\/\" tabindex=\"-1\" >\n\t\t\t<div class=\"elementor-post__thumbnail\"><img decoding=\"async\" width=\"420\" height=\"200\" src=\"https:\/\/moovago.com\/wp-content\/uploads\/2024\/08\/moovago-brevo.jpg\" class=\"attachment-full size-full wp-image-44376\" alt=\"Brevo-Integration\" title=\"Moovago, application commerciaux, CRM, ERP, PGI, GRC\" srcset=\"https:\/\/moovago.com\/wp-content\/uploads\/2024\/08\/moovago-brevo.jpg 420w, https:\/\/moovago.com\/wp-content\/uploads\/2024\/08\/moovago-brevo-300x143.jpg 300w\" sizes=\"(max-width: 420px) 100vw, 420px\" \/><\/div>\n\t\t<\/a>\n\t\t\t\t<div class=\"elementor-post__text\">\n\t\t\t\t<h3 class=\"elementor-post__title\">\n\t\t\t<a href=\"https:\/\/moovago.com\/de\/verbinden-sie-ihre-bevorzugten-tools-mit-moovago\/moovago-x-brevo\/\" >\n\t\t\t\tMoovago x Brevo\t\t\t<\/a>\n\t\t<\/h3>\n\t\t\t\t<\/div>\n\t\t\t\t<\/article>\n\t\t\t\t<article class=\"elementor-post elementor-grid-item post-49467 page type-page status-publish has-post-thumbnail hentry\" role=\"listitem\">\n\t\t\t\t<a class=\"elementor-post__thumbnail__link\" href=\"https:\/\/moovago.com\/de\/verbinden-sie-ihre-bevorzugten-tools-mit-moovago\/moovago-x-mailerlite\/\" tabindex=\"-1\" >\n\t\t\t<div class=\"elementor-post__thumbnail\"><img decoding=\"async\" width=\"420\" height=\"200\" src=\"https:\/\/moovago.com\/wp-content\/uploads\/2024\/08\/moovago-mailerlite.jpg\" class=\"attachment-full size-full wp-image-44388\" alt=\"moovago mailerlite\" title=\"Moovago, application commerciaux, CRM, ERP, PGI, GRC\" srcset=\"https:\/\/moovago.com\/wp-content\/uploads\/2024\/08\/moovago-mailerlite.jpg 420w, https:\/\/moovago.com\/wp-content\/uploads\/2024\/08\/moovago-mailerlite-300x143.jpg 300w\" sizes=\"(max-width: 420px) 100vw, 420px\" \/><\/div>\n\t\t<\/a>\n\t\t\t\t<div class=\"elementor-post__text\">\n\t\t\t\t<h3 class=\"elementor-post__title\">\n\t\t\t<a href=\"https:\/\/moovago.com\/de\/verbinden-sie-ihre-bevorzugten-tools-mit-moovago\/moovago-x-mailerlite\/\" >\n\t\t\t\tMoovago x Mailerlite\t\t\t<\/a>\n\t\t<\/h3>\n\t\t\t\t<\/div>\n\t\t\t\t<\/article>\n\t\t\t\t<article class=\"elementor-post elementor-grid-item post-49460 page type-page status-publish has-post-thumbnail hentry\" role=\"listitem\">\n\t\t\t\t<a class=\"elementor-post__thumbnail__link\" href=\"https:\/\/moovago.com\/de\/verbinden-sie-ihre-bevorzugten-tools-mit-moovago\/moovago-x-mailjet\/\" tabindex=\"-1\" >\n\t\t\t<div class=\"elementor-post__thumbnail\"><img decoding=\"async\" width=\"420\" height=\"200\" src=\"https:\/\/moovago.com\/wp-content\/uploads\/2024\/08\/moovago-mailjet.jpg\" class=\"attachment-full size-full wp-image-44404\" alt=\"mailjet-Integration\" title=\"Moovago, application commerciaux, CRM, ERP, PGI, GRC\" srcset=\"https:\/\/moovago.com\/wp-content\/uploads\/2024\/08\/moovago-mailjet.jpg 420w, https:\/\/moovago.com\/wp-content\/uploads\/2024\/08\/moovago-mailjet-300x143.jpg 300w\" sizes=\"(max-width: 420px) 100vw, 420px\" \/><\/div>\n\t\t<\/a>\n\t\t\t\t<div class=\"elementor-post__text\">\n\t\t\t\t<h3 class=\"elementor-post__title\">\n\t\t\t<a href=\"https:\/\/moovago.com\/de\/verbinden-sie-ihre-bevorzugten-tools-mit-moovago\/moovago-x-mailjet\/\" >\n\t\t\t\tMoovago x Mailjet\t\t\t<\/a>\n\t\t<\/h3>\n\t\t\t\t<\/div>\n\t\t\t\t<\/article>\n\t\t\t\t<article class=\"elementor-post elementor-grid-item post-49480 page type-page status-publish has-post-thumbnail hentry\" role=\"listitem\">\n\t\t\t\t<a class=\"elementor-post__thumbnail__link\" href=\"https:\/\/moovago.com\/de\/verbinden-sie-ihre-bevorzugten-tools-mit-moovago\/moovago-x-mailchimp\/\" tabindex=\"-1\" >\n\t\t\t<div class=\"elementor-post__thumbnail\"><img decoding=\"async\" width=\"420\" height=\"200\" src=\"https:\/\/moovago.com\/wp-content\/uploads\/2024\/08\/moovago-mailchimp.jpg\" class=\"attachment-full size-full wp-image-44424\" alt=\"Mailchimp-Integration\" title=\"Moovago, application commerciaux, CRM, ERP, PGI, GRC\" srcset=\"https:\/\/moovago.com\/wp-content\/uploads\/2024\/08\/moovago-mailchimp.jpg 420w, https:\/\/moovago.com\/wp-content\/uploads\/2024\/08\/moovago-mailchimp-300x143.jpg 300w\" sizes=\"(max-width: 420px) 100vw, 420px\" \/><\/div>\n\t\t<\/a>\n\t\t\t\t<div class=\"elementor-post__text\">\n\t\t\t\t<h3 class=\"elementor-post__title\">\n\t\t\t<a href=\"https:\/\/moovago.com\/de\/verbinden-sie-ihre-bevorzugten-tools-mit-moovago\/moovago-x-mailchimp\/\" >\n\t\t\t\tMoovago x Mailchimp\t\t\t<\/a>\n\t\t<\/h3>\n\t\t\t\t<\/div>\n\t\t\t\t<\/article>\n\t\t\t\t<\/div>\n\t\t\n\t\t\t\t\t\t<\/div>\n\t\t\t\t<\/div>\n\t\t<div class=\"elementor-element elementor-element-c74f11f e-con-full e-flex e-con e-child\" data-id=\"c74f11f\" data-element_type=\"container\" data-e-type=\"container\" data-settings=\"{&quot;background_background&quot;:&quot;gradient&quot;}\">\n\t\t\t\t<div class=\"elementor-element elementor-element-08651a3 elementor-widget elementor-widget-text-editor\" data-id=\"08651a3\" data-element_type=\"widget\" data-e-type=\"widget\" data-widget_type=\"text-editor.default\">\n\t\t\t\t<div class=\"elementor-widget-container\">\n\t\t\t\t\t\t\t\t\t<p><b>Sie k\u00f6nnen die Software, die Sie suchen, nicht finden? Keine Panik! &nbsp;<\/b><\/p>\n<p>Ihr Bedarf an Integration ist vielleicht m\u00f6glich. <span style=\"color: var( --e-global-color-text ); background-color: transparent; font-family: var( --e-global-typography-text-font-family ); font-size: var( --e-global-typography-text-font-size );\">Unser Team steht Ihnen gerne zur Verf\u00fcgung, um Ihren Bedarf an einer Verbindung mit Ihren bestehenden Tools zu pr\u00fcfen.<\/span><\/p>\t\t\t\t\t\t\t\t<\/div>\n\t\t\t\t<\/div>\n\t\t\t\t<div class=\"elementor-element elementor-element-0b81e38 elementor-align-left elementor-tablet-align-left elementor-mobile-align-center elementor-widget-tablet__width-inherit elementor-widget-mobile__width-inherit elementor-widget elementor-widget-button\" data-id=\"0b81e38\" data-element_type=\"widget\" data-e-type=\"widget\" data-widget_type=\"button.default\">\n\t\t\t\t<div class=\"elementor-widget-container\">\n\t\t\t\t\t\t\t\t\t<div class=\"elementor-button-wrapper\">\n\t\t\t\t\t<a class=\"elementor-button elementor-button-link elementor-size-md\" href=\"https:\/\/moovago.com\/de\/kontakt-rdv\/\">\n\t\t\t\t\t\t<span class=\"elementor-button-content-wrapper\">\n\t\t\t\t\t\t\t\t\t<span class=\"elementor-button-text\">Fordern Sie eine Demo an<\/span>\n\t\t\t\t\t<\/span>\n\t\t\t\t\t<\/a>\n\t\t\t\t<\/div>\n\t\t\t\t\t\t\t\t<\/div>\n\t\t\t\t<\/div>\n\t\t\t\t<\/div>\n\t\t\t\t\t<\/div>\n\t\t\t\t<\/div>\n\t\t\t\t<\/div>\n\t\t","protected":false},"excerpt":{"rendered":"<p>Software f\u00fcr Marketing Automation Sie k\u00f6nnen die Software, die Sie suchen, nicht finden? Keine Panik! &nbsp; Ihr Bedarf an Integration ist vielleicht m\u00f6glich. Unser Team<\/p>\n","protected":false},"author":1,"featured_media":44364,"parent":49797,"menu_order":4,"comment_status":"closed","ping_status":"closed","template":"","meta":{"footnotes":""},"class_list":["post-49769","page","type-page","status-publish","has-post-thumbnail","hentry"],"_links":{"self":[{"href":"https:\/\/moovago.com\/de\/wp-json\/wp\/v2\/pages\/49769","targetHints":{"allow":["GET"]}}],"collection":[{"href":"https:\/\/moovago.com\/de\/wp-json\/wp\/v2\/pages"}],"about":[{"href":"https:\/\/moovago.com\/de\/wp-json\/wp\/v2\/types\/page"}],"author":[{"embeddable":true,"href":"https:\/\/moovago.com\/de\/wp-json\/wp\/v2\/users\/1"}],"replies":[{"embeddable":true,"href":"https:\/\/moovago.com\/de\/wp-json\/wp\/v2\/comments?post=49769"}],"version-history":[{"count":1,"href":"https:\/\/moovago.com\/de\/wp-json\/wp\/v2\/pages\/49769\/revisions"}],"predecessor-version":[{"id":49770,"href":"https:\/\/moovago.com\/de\/wp-json\/wp\/v2\/pages\/49769\/revisions\/49770"}],"up":[{"embeddable":true,"href":"https:\/\/moovago.com\/de\/wp-json\/wp\/v2\/pages\/49797"}],"wp:featuredmedia":[{"embeddable":true,"href":"https:\/\/moovago.com\/de\/wp-json\/wp\/v2\/media\/44364"}],"wp:attachment":[{"href":"https:\/\/moovago.com\/de\/wp-json\/wp\/v2\/media?parent=49769"}],"curies":[{"name":"wp","href":"https:\/\/api.w.org\/{rel}","templated":true}]}}