{"id":49831,"date":"2024-08-26T11:21:16","date_gmt":"2024-08-26T09:21:16","guid":{"rendered":"https:\/\/moovago.com\/verbinden-sie-ihre-bevorzugten-tools-mit-moovago\/moovago-x-google-maps\/"},"modified":"2025-11-27T11:36:03","modified_gmt":"2025-11-27T10:36:03","slug":"moovago-x-google-maps","status":"publish","type":"page","link":"https:\/\/moovago.com\/de\/verbinden-sie-ihre-bevorzugten-tools-mit-moovago\/moovago-x-google-maps\/","title":{"rendered":"Moovago x Google Maps"},"content":{"rendered":"\t\t<div data-elementor-type=\"wp-page\" data-elementor-id=\"49831\" class=\"elementor elementor-49831 elementor-28464\" data-elementor-post-type=\"page\">\n\t\t\t\t<div class=\"elementor-element elementor-element-9e0a0f7 e-flex e-con-boxed e-con e-parent\" data-id=\"9e0a0f7\" data-element_type=\"container\" data-e-type=\"container\">\n\t\t\t\t\t<div class=\"e-con-inner\">\n\t\t\t\t<div class=\"elementor-element elementor-element-13ae8ef elementor-widget elementor-widget-heading\" data-id=\"13ae8ef\" data-element_type=\"widget\" data-e-type=\"widget\" data-widget_type=\"heading.default\">\n\t\t\t\t<div class=\"elementor-widget-container\">\n\t\t\t\t\t<h2 class=\"elementor-heading-title elementor-size-default\">Google Maps, Software zur Datenlokalisierung und GPS<\/h2>\t\t\t\t<\/div>\n\t\t\t\t<\/div>\n\t\t\t\t<div class=\"elementor-element elementor-element-2bace00 elementor-widget elementor-widget-text-editor\" data-id=\"2bace00\" data-element_type=\"widget\" data-e-type=\"widget\" data-widget_type=\"text-editor.default\">\n\t\t\t\t<div class=\"elementor-widget-container\">\n\t\t\t\t\t\t\t\t\t<p>Google Maps ist eines der <b>wichtigsten Tools von Google<\/b>. Dutzende von Funktionen sind in einer L\u00f6sung zusammengefasst, die f\u00fcr die meisten Menschen zug\u00e4nglich ist. <\/p><p>Zu den interessantesten Aspekten f\u00fcr Gesch\u00e4ftsleute geh\u00f6ren :<\/p><ul><li>Zugang zu einer <b>interaktiven Karte der ganzen Welt<\/b>,  <\/li><li><span style=\"background-color: transparent; color: var( --e-global-color-text ); font-family: var( --e-global-typography-text-font-family ); text-align: var(--text-align);\">Finden Sie <b>Einrichtungen in der N\u00e4he<\/b>,<\/span><\/li><li><b>Informationen \u00fcber diese Einrichtungen<\/b> kostenlos abrufen (Adresse, Kontakt, Website, Bewertungen usw.),<\/li><li>Erhalten Sie eine genaue<b> Route<\/b> zwischen verschiedenen Etappen mit Hilfe der <b>GPS-Funktion<\/b>.<\/li><\/ul>\t\t\t\t\t\t\t\t<\/div>\n\t\t\t\t<\/div>\n\t\t\t\t<div class=\"elementor-element elementor-element-d40d1df elementor-widget elementor-widget-spacer\" data-id=\"d40d1df\" data-element_type=\"widget\" data-e-type=\"widget\" data-widget_type=\"spacer.default\">\n\t\t\t\t<div class=\"elementor-widget-container\">\n\t\t\t\t\t\t\t<div class=\"elementor-spacer\">\n\t\t\t<div class=\"elementor-spacer-inner\"><\/div>\n\t\t<\/div>\n\t\t\t\t\t\t<\/div>\n\t\t\t\t<\/div>\n\t\t\t\t<div class=\"elementor-element elementor-element-979cd6a elementor-widget elementor-widget-heading\" data-id=\"979cd6a\" data-element_type=\"widget\" data-e-type=\"widget\" data-widget_type=\"heading.default\">\n\t\t\t\t<div class=\"elementor-widget-container\">\n\t\t\t\t\t<h2 class=\"elementor-heading-title elementor-size-default\">Eine benutzerdefinierte Google Maps Karte in Moovago verf\u00fcgbar<\/h2>\t\t\t\t<\/div>\n\t\t\t\t<\/div>\n\t\t\t\t<div class=\"elementor-element elementor-element-e7542ab elementor-alert-info elementor-widget elementor-widget-alert\" data-id=\"e7542ab\" data-element_type=\"widget\" data-e-type=\"widget\" data-widget_type=\"alert.default\">\n\t\t\t\t<div class=\"elementor-widget-container\">\n\t\t\t\t\t\t\t<div class=\"elementor-alert\" role=\"alert\">\n\n\t\t\t\t\t\t<span class=\"elementor-alert-title\">Die unten aufgef\u00fchrten Google Maps-Tools sind in allen Lizenzen von Moovago enthalten.<\/span>\n\t\t\t\n\t\t\t\n\t\t\t\n\t\t<\/div>\n\t\t\t\t\t\t<\/div>\n\t\t\t\t<\/div>\n\t\t\t\t<div class=\"elementor-element elementor-element-5d3ee49 elementor-widget elementor-widget-heading\" data-id=\"5d3ee49\" data-element_type=\"widget\" data-e-type=\"widget\" data-widget_type=\"heading.default\">\n\t\t\t\t<div class=\"elementor-widget-container\">\n\t\t\t\t\t<h3 class=\"elementor-heading-title elementor-size-default\">Importieren Sie Ihre Kontakte und zeigen Sie Ihre Kunden und Interessenten auf einer Karte an.<\/h3>\t\t\t\t<\/div>\n\t\t\t\t<\/div>\n\t\t\t\t<div class=\"elementor-element elementor-element-872b317 elementor-widget elementor-widget-text-editor\" data-id=\"872b317\" data-element_type=\"widget\" data-e-type=\"widget\" data-widget_type=\"text-editor.default\">\n\t\t\t\t<div class=\"elementor-widget-container\">\n\t\t\t\t\t\t\t\t\t<p>Holen Sie sich die leistungsf\u00e4higsten Tools, die Google entwickelt hat, in Ihre Moovago app.<\/p><p>Um Ihnen die M\u00f6glichkeit zu geben, Ihre Kontakte auf einer Karte anzuzeigen und sie auf einen Blick zu lokalisieren, hat Moovago die Google Maps Karte gew\u00e4hlt.<\/p><p>Die<strong>Karte<\/strong> ist auf der<strong>Registerkarte &#8222;Karte&#8220; von Moovago<\/strong> verf\u00fcgbar und ist standardm\u00e4\u00dfig in allen unseren Sessions enthalten.<\/p><p>Importieren Sie Ihre <strong>Kunden- und Interessentendatenbanken<\/strong>, um sie als Markierungen auf einer interaktiven Karte anzuzeigen.<\/p><ul><li>Sehen Sie Ihr gesamtes Kundenportfolio auf einen Blick,  <\/li><li>Klicken Sie auf eine Markierung auf der Karte, um die entsprechende Karte zu \u00f6ffnen,<\/li><li>Ziehen Sie einen Kreis um mehrere Markierungen, um sie zu einer Tour hinzuzuf\u00fcgen,<\/li><li>Filtern Sie Ihre Markierungen mit wenigen Klicks \u00fcber die Legende oder verwenden Sie die Filter.<\/li><\/ul>\t\t\t\t\t\t\t\t<\/div>\n\t\t\t\t<\/div>\n\t\t\t\t<div class=\"elementor-element elementor-element-5a05b11 elementor-widget elementor-widget-heading\" data-id=\"5a05b11\" data-element_type=\"widget\" data-e-type=\"widget\" data-widget_type=\"heading.default\">\n\t\t\t\t<div class=\"elementor-widget-container\">\n\t\t\t\t\t<h3 class=\"elementor-heading-title elementor-size-default\">Navigationswerkzeuge, die Sie gut kennen<\/h3>\t\t\t\t<\/div>\n\t\t\t\t<\/div>\n\t\t\t\t<div class=\"elementor-element elementor-element-9c3089b elementor-widget elementor-widget-text-editor\" data-id=\"9c3089b\" data-element_type=\"widget\" data-e-type=\"widget\" data-widget_type=\"text-editor.default\">\n\t\t\t\t<div class=\"elementor-widget-container\">\n\t\t\t\t\t\t\t\t\t<p>Um die Karte zu nutzen und anzupassen, vertraut Moovago auf die <b>einfache und leicht zug\u00e4ngliche Navigation von<\/b><span style=\"color: var( --e-global-color-text ); font-family: var( --e-global-typography-text-font-family ); font-size: var( --e-global-typography-text-font-size ); text-align: var(--text-align); background-color: var( --e-global-color-accent );\"><b> Google Maps<\/b>: <\/span> <\/p><ul><li>Zoom\/Zoom-Werkzeuge,<\/li><li>Streetview,<\/li><li>W\u00e4hlen Sie zwischen Plan- und Satellitenansicht,<\/li><li>usw.<\/li><\/ul>\t\t\t\t\t\t\t\t<\/div>\n\t\t\t\t<\/div>\n\t\t\t\t<div class=\"elementor-element elementor-element-1edc0a2 elementor-widget elementor-widget-spacer\" data-id=\"1edc0a2\" data-element_type=\"widget\" data-e-type=\"widget\" data-widget_type=\"spacer.default\">\n\t\t\t\t<div class=\"elementor-widget-container\">\n\t\t\t\t\t\t\t<div class=\"elementor-spacer\">\n\t\t\t<div class=\"elementor-spacer-inner\"><\/div>\n\t\t<\/div>\n\t\t\t\t\t\t<\/div>\n\t\t\t\t<\/div>\n\t\t\t\t<div class=\"elementor-element elementor-element-10738f5 elementor-widget elementor-widget-heading\" data-id=\"10738f5\" data-element_type=\"widget\" data-e-type=\"widget\" data-widget_type=\"heading.default\">\n\t\t\t\t<div class=\"elementor-widget-container\">\n\t\t\t\t\t<h2 class=\"elementor-heading-title elementor-size-default\">Finden Sie neue Interessenten mit einer integrierten Google Maps-Suche<\/h2>\t\t\t\t<\/div>\n\t\t\t\t<\/div>\n\t\t\t\t<div class=\"elementor-element elementor-element-7d97210 elementor-widget elementor-widget-text-editor\" data-id=\"7d97210\" data-element_type=\"widget\" data-e-type=\"widget\" data-widget_type=\"text-editor.default\">\n\t\t\t\t<div class=\"elementor-widget-container\">\n\t\t\t\t\t\t\t\t\t<p>Nutzen Sie die gr\u00f6\u00dfte Datenbank der Welt, um Ihr Kontaktportfolio zu erweitern.<\/p><p>Finden Sie die <strong>Suchleiste von Google Maps in Moovago<\/strong> und greifen Sie auf die Datenbank der von Google gelisteten Einrichtungen zu.<\/p><p>Finden Sie Interessenten in Ihrer N\u00e4he und nehmen Sie sie mit wenigen Klicks in Ihre Moovago-Datenbank auf. Alle <span style=\"color: var( --e-global-color-text ); font-family: var( --e-global-typography-text-font-family ); font-size: var( --e-global-typography-text-font-size ); text-align: var(--text-align); background-color: var( --e-global-color-accent );\">Informationen \u00fcber diese Google-Niederlassung werden in Ihrem neuen Moovago-Firmeneintrag gespeichert (Name, Adresse, Telefon, \u00d6ffnungszeiten, Website usw.).<\/span> <\/p><p>Einige Ideen f\u00fcr m\u00f6gliche Recherchen :  <\/p><ul><li><strong>Recherche nach Schl\u00fcsselwort Beruf<\/strong>, z.B. Baumarkt oder Klempner,<\/li><li><strong>Suchen Sie nach Produktbegriffen<\/strong> wie Fahrrad oder Kinderkleidung,<\/li><li>Suche nach <strong>Firmen-<\/strong> oder <strong>Markennamen<\/strong>, wie Moovago oder Carrefour, etc.<\/li><\/ul>\t\t\t\t\t\t\t\t<\/div>\n\t\t\t\t<\/div>\n\t\t\t\t<div class=\"elementor-element elementor-element-4ddf599 elementor-widget elementor-widget-spacer\" data-id=\"4ddf599\" data-element_type=\"widget\" data-e-type=\"widget\" data-widget_type=\"spacer.default\">\n\t\t\t\t<div class=\"elementor-widget-container\">\n\t\t\t\t\t\t\t<div class=\"elementor-spacer\">\n\t\t\t<div class=\"elementor-spacer-inner\"><\/div>\n\t\t<\/div>\n\t\t\t\t\t\t<\/div>\n\t\t\t\t<\/div>\n\t\t\t\t<div class=\"elementor-element elementor-element-fd73dfa elementor-widget elementor-widget-heading\" data-id=\"fd73dfa\" data-element_type=\"widget\" data-e-type=\"widget\" data-widget_type=\"heading.default\">\n\t\t\t\t<div class=\"elementor-widget-container\">\n\t\t\t\t\t<h2 class=\"elementor-heading-title elementor-size-default\">Exportieren Sie Ihre Routen in Google Maps<\/h2>\t\t\t\t<\/div>\n\t\t\t\t<\/div>\n\t\t\t\t<div class=\"elementor-element elementor-element-c65304c elementor-widget elementor-widget-text-editor\" data-id=\"c65304c\" data-element_type=\"widget\" data-e-type=\"widget\" data-widget_type=\"text-editor.default\">\n\t\t\t\t<div class=\"elementor-widget-container\">\n\t\t\t\t\t\t\t\t\t<p>Sind Sie es gewohnt, Google Maps als GPS zu verwenden? Gute Nachrichten! <\/p><p>Alle Ihre<b> \u00fcber Moovago erstellten Routen k\u00f6nnen in Google Maps exportiert werden.<\/b><\/p>\t\t\t\t\t\t\t\t<\/div>\n\t\t\t\t<\/div>\n\t\t<div class=\"elementor-element elementor-element-e7be390 e-con-full e-flex e-con e-child\" data-id=\"e7be390\" data-element_type=\"container\" data-e-type=\"container\">\n\t\t<div class=\"elementor-element elementor-element-433cd7d e-con-full e-flex e-con e-child\" data-id=\"433cd7d\" data-element_type=\"container\" data-e-type=\"container\" data-settings=\"{&quot;background_background&quot;:&quot;classic&quot;}\">\n\t\t\t\t<div class=\"elementor-element elementor-element-f1e2daa elementor-widget__width-initial elementor-widget elementor-widget-image\" data-id=\"f1e2daa\" data-element_type=\"widget\" data-e-type=\"widget\" data-widget_type=\"image.default\">\n\t\t\t\t<div class=\"elementor-widget-container\">\n\t\t\t\t\t\t\t\t\t\t\t\t\t\t\t<img decoding=\"async\" width=\"100\" height=\"100\" src=\"https:\/\/moovago.com\/wp-content\/uploads\/2024\/08\/icone-moovago.jpg\" class=\"attachment-thumbnail size-thumbnail wp-image-44528\" alt=\"Icon moovago\" srcset=\"https:\/\/moovago.com\/wp-content\/uploads\/2024\/08\/icone-moovago.jpg 100w, https:\/\/moovago.com\/wp-content\/uploads\/2024\/08\/elementor\/thumbs\/icone-moovago-qt9nkdjvq3gu601ztbeogo65kmjxji4y2al0u6t304.jpg 50w\" sizes=\"(max-width: 100px) 100vw, 100px\" title=\"Moovago, application commerciaux, CRM, ERP, PGI, GRC\">\t\t\t\t\t\t\t\t\t\t\t\t\t\t\t<\/div>\n\t\t\t\t<\/div>\n\t\t\t\t<div class=\"elementor-element elementor-element-c5450ce elementor-widget__width-initial elementor-widget elementor-widget-heading\" data-id=\"c5450ce\" data-element_type=\"widget\" data-e-type=\"widget\" data-widget_type=\"heading.default\">\n\t\t\t\t<div class=\"elementor-widget-container\">\n\t\t\t\t\t<span class=\"elementor-heading-title elementor-size-default\">Planen Sie eine Verkaufstour<\/span>\t\t\t\t<\/div>\n\t\t\t\t<\/div>\n\t\t\t\t<\/div>\n\t\t\t\t<div class=\"elementor-element elementor-element-72db5a8 elementor-view-default elementor-widget elementor-widget-icon\" data-id=\"72db5a8\" data-element_type=\"widget\" data-e-type=\"widget\" data-widget_type=\"icon.default\">\n\t\t\t\t<div class=\"elementor-widget-container\">\n\t\t\t\t\t\t\t<div class=\"elementor-icon-wrapper\">\n\t\t\t<div class=\"elementor-icon\">\n\t\t\t<svg aria-hidden=\"true\" class=\"e-font-icon-svg e-fas-arrow-right\" viewBox=\"0 0 448 512\" xmlns=\"http:\/\/www.w3.org\/2000\/svg\"><path d=\"M190.5 66.9l22.2-22.2c9.4-9.4 24.6-9.4 33.9 0L441 239c9.4 9.4 9.4 24.6 0 33.9L246.6 467.3c-9.4 9.4-24.6 9.4-33.9 0l-22.2-22.2c-9.5-9.5-9.3-25 .4-34.3L311.4 296H24c-13.3 0-24-10.7-24-24v-32c0-13.3 10.7-24 24-24h287.4L190.9 101.2c-9.8-9.3-10-24.8-.4-34.3z\"><\/path><\/svg>\t\t\t<\/div>\n\t\t<\/div>\n\t\t\t\t\t\t<\/div>\n\t\t\t\t<\/div>\n\t\t<div class=\"elementor-element elementor-element-ff68849 e-con-full e-flex e-con e-child\" data-id=\"ff68849\" data-element_type=\"container\" data-e-type=\"container\" data-settings=\"{&quot;background_background&quot;:&quot;classic&quot;}\">\n\t\t\t\t<div class=\"elementor-element elementor-element-bb0d7a2 elementor-widget__width-initial elementor-widget elementor-widget-image\" data-id=\"bb0d7a2\" data-element_type=\"widget\" data-e-type=\"widget\" data-widget_type=\"image.default\">\n\t\t\t\t<div class=\"elementor-widget-container\">\n\t\t\t\t\t\t\t\t\t\t\t\t\t\t\t<img decoding=\"async\" width=\"100\" height=\"100\" src=\"https:\/\/moovago.com\/wp-content\/uploads\/2024\/08\/9-min.jpg\" class=\"attachment-full size-full wp-image-44476\" alt=\"google maps\" srcset=\"https:\/\/moovago.com\/wp-content\/uploads\/2024\/08\/9-min.jpg 100w, https:\/\/moovago.com\/wp-content\/uploads\/2024\/08\/elementor\/thumbs\/9-min-qt9nhw97ou2lj1npaqt4dspd50s289ag20lw8whhf8.jpg 50w\" sizes=\"(max-width: 100px) 100vw, 100px\" title=\"Moovago, application commerciaux, CRM, ERP, PGI, GRC\">\t\t\t\t\t\t\t\t\t\t\t\t\t\t\t<\/div>\n\t\t\t\t<\/div>\n\t\t\t\t<div class=\"elementor-element elementor-element-6604c70 elementor-widget__width-initial elementor-widget elementor-widget-heading\" data-id=\"6604c70\" data-element_type=\"widget\" data-e-type=\"widget\" data-widget_type=\"heading.default\">\n\t\t\t\t<div class=\"elementor-widget-container\">\n\t\t\t\t\t<span class=\"elementor-heading-title elementor-size-default\">Die Route zwischen den einzelnen Etappen in Google Maps \u00f6ffnen<\/span>\t\t\t\t<\/div>\n\t\t\t\t<\/div>\n\t\t\t\t<\/div>\n\t\t\t\t<\/div>\n\t\t<div class=\"elementor-element elementor-element-9b67077 e-con-full e-flex e-con e-child\" data-id=\"9b67077\" data-element_type=\"container\" data-e-type=\"container\">\n\t\t<div class=\"elementor-element elementor-element-e432232 e-con-full e-flex e-con e-child\" data-id=\"e432232\" data-element_type=\"container\" data-e-type=\"container\" data-settings=\"{&quot;background_background&quot;:&quot;classic&quot;}\">\n\t\t\t\t<div class=\"elementor-element elementor-element-697a3c2 elementor-widget__width-initial elementor-widget elementor-widget-image\" data-id=\"697a3c2\" data-element_type=\"widget\" data-e-type=\"widget\" data-widget_type=\"image.default\">\n\t\t\t\t<div class=\"elementor-widget-container\">\n\t\t\t\t\t\t\t\t\t\t\t\t\t\t\t<img decoding=\"async\" width=\"100\" height=\"100\" src=\"https:\/\/moovago.com\/wp-content\/uploads\/2024\/08\/icone-moovago.jpg\" class=\"attachment-thumbnail size-thumbnail wp-image-44528\" alt=\"Icon moovago\" srcset=\"https:\/\/moovago.com\/wp-content\/uploads\/2024\/08\/icone-moovago.jpg 100w, https:\/\/moovago.com\/wp-content\/uploads\/2024\/08\/elementor\/thumbs\/icone-moovago-qt9nkdjvq3gu601ztbeogo65kmjxji4y2al0u6t304.jpg 50w\" sizes=\"(max-width: 100px) 100vw, 100px\" title=\"Moovago, application commerciaux, CRM, ERP, PGI, GRC\">\t\t\t\t\t\t\t\t\t\t\t\t\t\t\t<\/div>\n\t\t\t\t<\/div>\n\t\t\t\t<div class=\"elementor-element elementor-element-093dc90 elementor-widget__width-initial elementor-widget elementor-widget-heading\" data-id=\"093dc90\" data-element_type=\"widget\" data-e-type=\"widget\" data-widget_type=\"heading.default\">\n\t\t\t\t<div class=\"elementor-widget-container\">\n\t\t\t\t\t<span class=\"elementor-heading-title elementor-size-default\">Einen Kontakt wiederherstellen<\/span>\t\t\t\t<\/div>\n\t\t\t\t<\/div>\n\t\t\t\t<\/div>\n\t\t\t\t<div class=\"elementor-element elementor-element-7a088a3 elementor-view-default elementor-widget elementor-widget-icon\" data-id=\"7a088a3\" data-element_type=\"widget\" data-e-type=\"widget\" data-widget_type=\"icon.default\">\n\t\t\t\t<div class=\"elementor-widget-container\">\n\t\t\t\t\t\t\t<div class=\"elementor-icon-wrapper\">\n\t\t\t<div class=\"elementor-icon\">\n\t\t\t<svg aria-hidden=\"true\" class=\"e-font-icon-svg e-fas-arrow-right\" viewBox=\"0 0 448 512\" xmlns=\"http:\/\/www.w3.org\/2000\/svg\"><path d=\"M190.5 66.9l22.2-22.2c9.4-9.4 24.6-9.4 33.9 0L441 239c9.4 9.4 9.4 24.6 0 33.9L246.6 467.3c-9.4 9.4-24.6 9.4-33.9 0l-22.2-22.2c-9.5-9.5-9.3-25 .4-34.3L311.4 296H24c-13.3 0-24-10.7-24-24v-32c0-13.3 10.7-24 24-24h287.4L190.9 101.2c-9.8-9.3-10-24.8-.4-34.3z\"><\/path><\/svg>\t\t\t<\/div>\n\t\t<\/div>\n\t\t\t\t\t\t<\/div>\n\t\t\t\t<\/div>\n\t\t<div class=\"elementor-element elementor-element-434dda6 e-con-full e-flex e-con e-child\" data-id=\"434dda6\" data-element_type=\"container\" data-e-type=\"container\" data-settings=\"{&quot;background_background&quot;:&quot;classic&quot;}\">\n\t\t\t\t<div class=\"elementor-element elementor-element-db82a1c elementor-widget__width-initial elementor-widget elementor-widget-image\" data-id=\"db82a1c\" data-element_type=\"widget\" data-e-type=\"widget\" data-widget_type=\"image.default\">\n\t\t\t\t<div class=\"elementor-widget-container\">\n\t\t\t\t\t\t\t\t\t\t\t\t\t\t\t<img decoding=\"async\" width=\"100\" height=\"100\" src=\"https:\/\/moovago.com\/wp-content\/uploads\/2024\/08\/9-min.jpg\" class=\"attachment-full size-full wp-image-44476\" alt=\"google maps\" srcset=\"https:\/\/moovago.com\/wp-content\/uploads\/2024\/08\/9-min.jpg 100w, https:\/\/moovago.com\/wp-content\/uploads\/2024\/08\/elementor\/thumbs\/9-min-qt9nhw97ou2lj1npaqt4dspd50s289ag20lw8whhf8.jpg 50w\" sizes=\"(max-width: 100px) 100vw, 100px\" title=\"Moovago, application commerciaux, CRM, ERP, PGI, GRC\">\t\t\t\t\t\t\t\t\t\t\t\t\t\t\t<\/div>\n\t\t\t\t<\/div>\n\t\t\t\t<div class=\"elementor-element elementor-element-73b12eb elementor-widget__width-initial elementor-widget elementor-widget-heading\" data-id=\"73b12eb\" data-element_type=\"widget\" data-e-type=\"widget\" data-widget_type=\"heading.default\">\n\t\t\t\t<div class=\"elementor-widget-container\">\n\t\t\t\t\t<span class=\"elementor-heading-title elementor-size-default\">Die Route zwischen Ihrem Standort und diesem Kontakt anzeigen lassen<\/span>\t\t\t\t<\/div>\n\t\t\t\t<\/div>\n\t\t\t\t<\/div>\n\t\t\t\t<\/div>\n\t\t\t\t<div class=\"elementor-element elementor-element-580320a elementor-alert-info elementor-widget elementor-widget-alert\" data-id=\"580320a\" data-element_type=\"widget\" data-e-type=\"widget\" data-widget_type=\"alert.default\">\n\t\t\t\t<div class=\"elementor-widget-container\">\n\t\t\t\t\t\t\t<div class=\"elementor-alert\" role=\"alert\">\n\n\t\t\t\t\t\t<span class=\"elementor-alert-title\">Diese Funktionen sind standardm\u00e4\u00dfig in allen Paketen von Moovago enthalten.  <\/span>\n\t\t\t\n\t\t\t\n\t\t\t\n\t\t<\/div>\n\t\t\t\t\t\t<\/div>\n\t\t\t\t<\/div>\n\t\t\t\t<div class=\"elementor-element elementor-element-cb59a16 elementor-widget elementor-widget-spacer\" data-id=\"cb59a16\" data-element_type=\"widget\" data-e-type=\"widget\" data-widget_type=\"spacer.default\">\n\t\t\t\t<div class=\"elementor-widget-container\">\n\t\t\t\t\t\t\t<div class=\"elementor-spacer\">\n\t\t\t<div class=\"elementor-spacer-inner\"><\/div>\n\t\t<\/div>\n\t\t\t\t\t\t<\/div>\n\t\t\t\t<\/div>\n\t\t<div class=\"elementor-element elementor-element-e2073c5 e-con-full e-flex e-con e-child\" data-id=\"e2073c5\" data-element_type=\"container\" data-e-type=\"container\" data-settings=\"{&quot;background_background&quot;:&quot;gradient&quot;}\">\n\t\t\t\t<div class=\"elementor-element elementor-element-3e0594b elementor-widget elementor-widget-heading\" data-id=\"3e0594b\" data-element_type=\"widget\" data-e-type=\"widget\" data-widget_type=\"heading.default\">\n\t\t\t\t<div class=\"elementor-widget-container\">\n\t\t\t\t\t<span class=\"elementor-heading-title elementor-size-default\">Wie Moovago die Kraft von Google Maps f\u00fcr Ihre Gesch\u00e4ftskarten nutzt.<\/span>\t\t\t\t<\/div>\n\t\t\t\t<\/div>\n\t\t\t\t<div class=\"elementor-element elementor-element-0d824ad elementor-align-left elementor-tablet-align-left elementor-mobile-align-center elementor-widget-tablet__width-inherit elementor-widget-mobile__width-inherit elementor-widget elementor-widget-button\" data-id=\"0d824ad\" data-element_type=\"widget\" data-e-type=\"widget\" data-widget_type=\"button.default\">\n\t\t\t\t<div class=\"elementor-widget-container\">\n\t\t\t\t\t\t\t\t\t<div class=\"elementor-button-wrapper\">\n\t\t\t\t\t<a class=\"elementor-button elementor-button-link elementor-size-md\" href=\"https:\/\/moovago.com\/de\/kartenfunktionalitaet\/\">\n\t\t\t\t\t\t<span class=\"elementor-button-content-wrapper\">\n\t\t\t\t\t\t\t\t\t<span class=\"elementor-button-text\">Entdecken Sie die Moovago-Karte<\/span>\n\t\t\t\t\t<\/span>\n\t\t\t\t\t<\/a>\n\t\t\t\t<\/div>\n\t\t\t\t\t\t\t\t<\/div>\n\t\t\t\t<\/div>\n\t\t\t\t<\/div>\n\t\t\t\t\t<\/div>\n\t\t\t\t<\/div>\n\t\t\t\t<\/div>\n\t\t","protected":false},"excerpt":{"rendered":"<p>Google Maps, Software zur Datenlokalisierung und GPS Google Maps ist eines der wichtigsten Tools von Google. Dutzende von Funktionen sind in einer L\u00f6sung zusammengefasst, die f\u00fcr die meisten Menschen zug\u00e4nglich ist. Zu den interessantesten Aspekten f\u00fcr Gesch\u00e4ftsleute geh\u00f6ren : Zugang zu einer interaktiven Karte der ganzen Welt, Finden Sie Einrichtungen in der N\u00e4he, Informationen \u00fcber [&hellip;]<\/p>\n","protected":false},"author":1,"featured_media":44368,"parent":49797,"menu_order":0,"comment_status":"closed","ping_status":"closed","template":"","meta":{"footnotes":""},"class_list":["post-49831","page","type-page","status-publish","has-post-thumbnail","hentry"],"_links":{"self":[{"href":"https:\/\/moovago.com\/de\/wp-json\/wp\/v2\/pages\/49831","targetHints":{"allow":["GET"]}}],"collection":[{"href":"https:\/\/moovago.com\/de\/wp-json\/wp\/v2\/pages"}],"about":[{"href":"https:\/\/moovago.com\/de\/wp-json\/wp\/v2\/types\/page"}],"author":[{"embeddable":true,"href":"https:\/\/moovago.com\/de\/wp-json\/wp\/v2\/users\/1"}],"replies":[{"embeddable":true,"href":"https:\/\/moovago.com\/de\/wp-json\/wp\/v2\/comments?post=49831"}],"version-history":[{"count":1,"href":"https:\/\/moovago.com\/de\/wp-json\/wp\/v2\/pages\/49831\/revisions"}],"predecessor-version":[{"id":49832,"href":"https:\/\/moovago.com\/de\/wp-json\/wp\/v2\/pages\/49831\/revisions\/49832"}],"up":[{"embeddable":true,"href":"https:\/\/moovago.com\/de\/wp-json\/wp\/v2\/pages\/49797"}],"wp:featuredmedia":[{"embeddable":true,"href":"https:\/\/moovago.com\/de\/wp-json\/wp\/v2\/media\/44368"}],"wp:attachment":[{"href":"https:\/\/moovago.com\/de\/wp-json\/wp\/v2\/media?parent=49831"}],"curies":[{"name":"wp","href":"https:\/\/api.w.org\/{rel}","templated":true}]}}