{"id":50165,"date":"2020-12-22T11:39:31","date_gmt":"2020-12-22T10:39:31","guid":{"rendered":"https:\/\/moovago.com\/anwendungsfaelle\/"},"modified":"2025-11-27T15:50:14","modified_gmt":"2025-11-27T14:50:14","slug":"anwendungsfaelle","status":"publish","type":"page","link":"https:\/\/moovago.com\/de\/anwendungsfaelle\/","title":{"rendered":"Anwendungsf\u00e4lle"},"content":{"rendered":"\t\t<div data-elementor-type=\"wp-page\" data-elementor-id=\"50165\" class=\"elementor elementor-50165 elementor-31\" data-elementor-post-type=\"page\">\n\t\t\t\t<div class=\"elementor-element elementor-element-f306ff5 e-flex e-con-boxed e-con e-parent\" data-id=\"f306ff5\" data-element_type=\"container\" data-e-type=\"container\" data-settings=\"{&quot;background_background&quot;:&quot;classic&quot;}\">\n\t\t\t\t\t<div class=\"e-con-inner\">\n\t\t\t\t<div class=\"elementor-element elementor-element-5937d6b elementor-widget elementor-widget-heading\" data-id=\"5937d6b\" data-element_type=\"widget\" data-e-type=\"widget\" data-widget_type=\"heading.default\">\n\t\t\t\t<div class=\"elementor-widget-container\">\n\t\t\t\t\t<h1 class=\"elementor-heading-title elementor-size-default\">Anwendungsf\u00e4lle<\/h1>\t\t\t\t<\/div>\n\t\t\t\t<\/div>\n\t\t\t\t\t<\/div>\n\t\t\t\t<\/div>\n\t\t<div class=\"elementor-element elementor-element-130a325 e-flex e-con-boxed e-con e-parent\" data-id=\"130a325\" data-element_type=\"container\" data-e-type=\"container\">\n\t\t\t\t\t<div class=\"e-con-inner\">\n\t\t\t\t<div class=\"elementor-element elementor-element-2ab3cb8 elementor-widget elementor-widget-heading\" data-id=\"2ab3cb8\" data-element_type=\"widget\" data-e-type=\"widget\" data-widget_type=\"heading.default\">\n\t\t\t\t<div class=\"elementor-widget-container\">\n\t\t\t\t\t<h2 class=\"elementor-heading-title elementor-size-default\">Moovago-Funktionen je nach Art des Gesch\u00e4ftspartners :<\/h2>\t\t\t\t<\/div>\n\t\t\t\t<\/div>\n\t\t\t\t\t<\/div>\n\t\t\t\t<\/div>\n\t\t<div class=\"elementor-element elementor-element-ccf81dd e-flex e-con-boxed e-con e-parent\" data-id=\"ccf81dd\" data-element_type=\"container\" data-e-type=\"container\">\n\t\t\t\t\t<div class=\"e-con-inner\">\n\t\t<a class=\"elementor-element elementor-element-824ccdf click-child pointer e-con-full e-flex e-con e-child\" data-id=\"824ccdf\" data-element_type=\"container\" data-e-type=\"container\" href=\"https:\/\/moovago.com\/de\/kommerziell\/\">\n\t\t\t\t<div class=\"elementor-element elementor-element-7df9366 elementor-widget elementor-widget-heading\" data-id=\"7df9366\" data-element_type=\"widget\" data-e-type=\"widget\" data-widget_type=\"heading.default\">\n\t\t\t\t<div class=\"elementor-widget-container\">\n\t\t\t\t\t<h2 class=\"elementor-heading-title elementor-size-default\">Kommerziell<\/h2>\t\t\t\t<\/div>\n\t\t\t\t<\/div>\n\t\t\t\t<div class=\"elementor-element elementor-element-d93af24 elementor-widget elementor-widget-text-editor\" data-id=\"d93af24\" data-element_type=\"widget\" data-e-type=\"widget\" data-widget_type=\"text-editor.default\">\n\t\t\t\t<div class=\"elementor-widget-container\">\n\t\t\t\t\t\t\t\t\t<p>Verwalten Sie Ihre Verkaufschancen, erstellen Sie Erinnerungen und Mahnungen, um Ihr Portfolio zu verwalten.<\/p>\t\t\t\t\t\t\t\t<\/div>\n\t\t\t\t<\/div>\n\t\t\t\t<div class=\"elementor-element elementor-element-a938e01 elementor-view-default elementor-widget elementor-widget-icon\" data-id=\"a938e01\" data-element_type=\"widget\" data-e-type=\"widget\" data-widget_type=\"icon.default\">\n\t\t\t\t<div class=\"elementor-widget-container\">\n\t\t\t\t\t\t\t<div class=\"elementor-icon-wrapper\">\n\t\t\t<div class=\"elementor-icon\">\n\t\t\t<i aria-hidden=\"true\" class=\"faq faqright-open\"><\/i>\t\t\t<\/div>\n\t\t<\/div>\n\t\t\t\t\t\t<\/div>\n\t\t\t\t<\/div>\n\t\t\t\t<\/a>\n\t\t<a class=\"elementor-element elementor-element-1dee24e click-child pointer e-con-full e-flex e-con e-child\" data-id=\"1dee24e\" data-element_type=\"container\" data-e-type=\"container\" href=\"https:\/\/moovago.com\/cas-dutilisations\/agent-commercial\/\">\n\t\t\t\t<div class=\"elementor-element elementor-element-661bb77 elementor-widget elementor-widget-heading\" data-id=\"661bb77\" data-element_type=\"widget\" data-e-type=\"widget\" data-widget_type=\"heading.default\">\n\t\t\t\t<div class=\"elementor-widget-container\">\n\t\t\t\t\t<h2 class=\"elementor-heading-title elementor-size-default\">Au\u00dfendienstmitarbeiter<\/h2>\t\t\t\t<\/div>\n\t\t\t\t<\/div>\n\t\t\t\t<div class=\"elementor-element elementor-element-0c4b4ae elementor-widget elementor-widget-text-editor\" data-id=\"0c4b4ae\" data-element_type=\"widget\" data-e-type=\"widget\" data-widget_type=\"text-editor.default\">\n\t\t\t\t<div class=\"elementor-widget-container\">\n\t\t\t\t\t\t\t\t\t<p>Arbeiten Sie mit mehreren Prinzipalen und Auftraggebern direkt in der app.  <\/p>\t\t\t\t\t\t\t\t<\/div>\n\t\t\t\t<\/div>\n\t\t\t\t<div class=\"elementor-element elementor-element-af7bbd8 elementor-view-default elementor-widget elementor-widget-icon\" data-id=\"af7bbd8\" data-element_type=\"widget\" data-e-type=\"widget\" data-widget_type=\"icon.default\">\n\t\t\t\t<div class=\"elementor-widget-container\">\n\t\t\t\t\t\t\t<div class=\"elementor-icon-wrapper\">\n\t\t\t<div class=\"elementor-icon\">\n\t\t\t<i aria-hidden=\"true\" class=\"faq faqright-open\"><\/i>\t\t\t<\/div>\n\t\t<\/div>\n\t\t\t\t\t\t<\/div>\n\t\t\t\t<\/div>\n\t\t\t\t<\/a>\n\t\t<a class=\"elementor-element elementor-element-37c0c91 click-child pointer e-con-full e-flex e-con e-child\" data-id=\"37c0c91\" data-element_type=\"container\" data-e-type=\"container\" href=\"https:\/\/moovago.com\/de\/agenturen\/\">\n\t\t\t\t<div class=\"elementor-element elementor-element-739ff6a elementor-widget elementor-widget-heading\" data-id=\"739ff6a\" data-element_type=\"widget\" data-e-type=\"widget\" data-widget_type=\"heading.default\">\n\t\t\t\t<div class=\"elementor-widget-container\">\n\t\t\t\t\t<h2 class=\"elementor-heading-title elementor-size-default\">Agenturen<\/h2>\t\t\t\t<\/div>\n\t\t\t\t<\/div>\n\t\t\t\t<div class=\"elementor-element elementor-element-01bac68 elementor-widget elementor-widget-text-editor\" data-id=\"01bac68\" data-element_type=\"widget\" data-e-type=\"widget\" data-widget_type=\"text-editor.default\">\n\t\t\t\t<div class=\"elementor-widget-container\">\n\t\t\t\t\t\t\t\t\t<p>Arbeiten Sie als Team zusammen und teilen Sie auf einfache Weise Ihre Sektoren, Interessenten und Kunden.<\/p>\t\t\t\t\t\t\t\t<\/div>\n\t\t\t\t<\/div>\n\t\t\t\t<div class=\"elementor-element elementor-element-a8015fb elementor-view-default elementor-widget elementor-widget-icon\" data-id=\"a8015fb\" data-element_type=\"widget\" data-e-type=\"widget\" data-widget_type=\"icon.default\">\n\t\t\t\t<div class=\"elementor-widget-container\">\n\t\t\t\t\t\t\t<div class=\"elementor-icon-wrapper\">\n\t\t\t<div class=\"elementor-icon\">\n\t\t\t<i aria-hidden=\"true\" class=\"faq faqright-open\"><\/i>\t\t\t<\/div>\n\t\t<\/div>\n\t\t\t\t\t\t<\/div>\n\t\t\t\t<\/div>\n\t\t\t\t<\/a>\n\t\t\t\t\t<\/div>\n\t\t\t\t<\/div>\n\t\t<div class=\"elementor-element elementor-element-4ffd4ca e-flex e-con-boxed e-con e-parent\" data-id=\"4ffd4ca\" data-element_type=\"container\" data-e-type=\"container\">\n\t\t\t\t\t<div class=\"e-con-inner\">\n\t\t<a class=\"elementor-element elementor-element-942ad2d click-child pointer e-con-full e-flex e-con e-child\" data-id=\"942ad2d\" data-element_type=\"container\" data-e-type=\"container\" href=\"https:\/\/moovago.com\/de\/technischer-kaufmann\/\">\n\t\t\t\t<div class=\"elementor-element elementor-element-e2bc0e7 elementor-widget elementor-widget-heading\" data-id=\"e2bc0e7\" data-element_type=\"widget\" data-e-type=\"widget\" data-widget_type=\"heading.default\">\n\t\t\t\t<div class=\"elementor-widget-container\">\n\t\t\t\t\t<h2 class=\"elementor-heading-title elementor-size-default\">Technischer Kaufmann<\/h2>\t\t\t\t<\/div>\n\t\t\t\t<\/div>\n\t\t\t\t<div class=\"elementor-element elementor-element-2f3c28b elementor-widget elementor-widget-text-editor\" data-id=\"2f3c28b\" data-element_type=\"widget\" data-e-type=\"widget\" data-widget_type=\"text-editor.default\">\n\t\t\t\t<div class=\"elementor-widget-container\">\n\t\t\t\t\t\t\t\t\t<p>Verwalten Sie mehrere Marken und Lieferanten gleichzeitig. Arbeiten Sie mit mehreren Teams und Unternehmen.   <\/p>\t\t\t\t\t\t\t\t<\/div>\n\t\t\t\t<\/div>\n\t\t\t\t<div class=\"elementor-element elementor-element-598e352 elementor-view-default elementor-widget elementor-widget-icon\" data-id=\"598e352\" data-element_type=\"widget\" data-e-type=\"widget\" data-widget_type=\"icon.default\">\n\t\t\t\t<div class=\"elementor-widget-container\">\n\t\t\t\t\t\t\t<div class=\"elementor-icon-wrapper\">\n\t\t\t<div class=\"elementor-icon\">\n\t\t\t<i aria-hidden=\"true\" class=\"faq faqright-open\"><\/i>\t\t\t<\/div>\n\t\t<\/div>\n\t\t\t\t\t\t<\/div>\n\t\t\t\t<\/div>\n\t\t\t\t<\/a>\n\t\t<a class=\"elementor-element elementor-element-df50e8d click-child pointer e-con-full e-flex e-con e-child\" data-id=\"df50e8d\" data-element_type=\"container\" data-e-type=\"container\" href=\"https:\/\/moovago.com\/de\/handelsvertreter-und-handelsvertreter-mit-mehreren-karten\/\">\n\t\t\t\t<div class=\"elementor-element elementor-element-0f00047 elementor-widget elementor-widget-heading\" data-id=\"0f00047\" data-element_type=\"widget\" data-e-type=\"widget\" data-widget_type=\"heading.default\">\n\t\t\t\t<div class=\"elementor-widget-container\">\n\t\t\t\t\t<h2 class=\"elementor-heading-title elementor-size-default\">HANDELSVERTRETER<\/h2>\t\t\t\t<\/div>\n\t\t\t\t<\/div>\n\t\t\t\t<div class=\"elementor-element elementor-element-1b1a979 elementor-widget elementor-widget-text-editor\" data-id=\"1b1a979\" data-element_type=\"widget\" data-e-type=\"widget\" data-widget_type=\"text-editor.default\">\n\t\t\t\t<div class=\"elementor-widget-container\">\n\t\t\t\t\t\t\t\t\t<p>Verwalten Sie mehrere Marken und Lieferanten gleichzeitig. Arbeiten Sie mit mehreren Teams und Unternehmen.   <\/p>\t\t\t\t\t\t\t\t<\/div>\n\t\t\t\t<\/div>\n\t\t\t\t<div class=\"elementor-element elementor-element-a3b0bb6 elementor-view-default elementor-widget elementor-widget-icon\" data-id=\"a3b0bb6\" data-element_type=\"widget\" data-e-type=\"widget\" data-widget_type=\"icon.default\">\n\t\t\t\t<div class=\"elementor-widget-container\">\n\t\t\t\t\t\t\t<div class=\"elementor-icon-wrapper\">\n\t\t\t<div class=\"elementor-icon\">\n\t\t\t<i aria-hidden=\"true\" class=\"faq faqright-open\"><\/i>\t\t\t<\/div>\n\t\t<\/div>\n\t\t\t\t\t\t<\/div>\n\t\t\t\t<\/div>\n\t\t\t\t<\/a>\n\t\t<a class=\"elementor-element elementor-element-b9729a3 click-child pointer e-con-full e-flex e-con e-child\" data-id=\"b9729a3\" data-element_type=\"container\" data-e-type=\"container\" href=\"https:\/\/moovago.com\/cas-dutilisations\/non-alimentaire\/\">\n\t\t\t\t<div class=\"elementor-element elementor-element-423fdbf elementor-widget elementor-widget-heading\" data-id=\"423fdbf\" data-element_type=\"widget\" data-e-type=\"widget\" data-widget_type=\"heading.default\">\n\t\t\t\t<div class=\"elementor-widget-container\">\n\t\t\t\t\t<h2 class=\"elementor-heading-title elementor-size-default\">Au\u00dfendienstmitarbeiter<\/h2>\t\t\t\t<\/div>\n\t\t\t\t<\/div>\n\t\t\t\t<div class=\"elementor-element elementor-element-326f779 elementor-widget elementor-widget-text-editor\" data-id=\"326f779\" data-element_type=\"widget\" data-e-type=\"widget\" data-widget_type=\"text-editor.default\">\n\t\t\t\t<div class=\"elementor-widget-container\">\n\t\t\t\t\t\t\t\t\t<p>Sehen Sie die Kunden und Interessenten Ihres Teams und verwalten Sie leichter die verschiedenen Bereiche.  <\/p>\t\t\t\t\t\t\t\t<\/div>\n\t\t\t\t<\/div>\n\t\t\t\t<div class=\"elementor-element elementor-element-c9868b7 elementor-view-default elementor-widget elementor-widget-icon\" data-id=\"c9868b7\" data-element_type=\"widget\" data-e-type=\"widget\" data-widget_type=\"icon.default\">\n\t\t\t\t<div class=\"elementor-widget-container\">\n\t\t\t\t\t\t\t<div class=\"elementor-icon-wrapper\">\n\t\t\t<div class=\"elementor-icon\">\n\t\t\t<i aria-hidden=\"true\" class=\"faq faqright-open\"><\/i>\t\t\t<\/div>\n\t\t<\/div>\n\t\t\t\t\t\t<\/div>\n\t\t\t\t<\/div>\n\t\t\t\t<\/a>\n\t\t\t\t\t<\/div>\n\t\t\t\t<\/div>\n\t\t<div class=\"elementor-element elementor-element-6923aff e-flex e-con-boxed e-con e-parent\" data-id=\"6923aff\" data-element_type=\"container\" data-e-type=\"container\">\n\t\t\t\t\t<div class=\"e-con-inner\">\n\t\t\t\t<div class=\"elementor-element elementor-element-fe83cfc elementor-widget elementor-widget-heading\" data-id=\"fe83cfc\" data-element_type=\"widget\" data-e-type=\"widget\" data-widget_type=\"heading.default\">\n\t\t\t\t<div class=\"elementor-widget-container\">\n\t\t\t\t\t<h2 class=\"elementor-heading-title elementor-size-default\">Die Funktionen von Moovago in den verschiedenen Sektoren :<\/h2>\t\t\t\t<\/div>\n\t\t\t\t<\/div>\n\t\t\t\t\t<\/div>\n\t\t\t\t<\/div>\n\t\t<div class=\"elementor-element elementor-element-e1eb341 e-flex e-con-boxed e-con e-parent\" data-id=\"e1eb341\" data-element_type=\"container\" data-e-type=\"container\">\n\t\t\t\t\t<div class=\"e-con-inner\">\n\t\t<a class=\"elementor-element elementor-element-0441ac3 click-child pointer e-con-full e-flex e-con e-child\" data-id=\"0441ac3\" data-element_type=\"container\" data-e-type=\"container\" href=\"https:\/\/moovago.com\/de\/crm-software-fuer-vertriebs-crm-in-der-lebensmittelindustrie\/\">\n\t\t\t\t<div class=\"elementor-element elementor-element-d61d506 elementor-widget elementor-widget-heading\" data-id=\"d61d506\" data-element_type=\"widget\" data-e-type=\"widget\" data-widget_type=\"heading.default\">\n\t\t\t\t<div class=\"elementor-widget-container\">\n\t\t\t\t\t<h2 class=\"elementor-heading-title elementor-size-default\">Agrar- und Ern\u00e4hrungswirtschaft<\/h2>\t\t\t\t<\/div>\n\t\t\t\t<\/div>\n\t\t\t\t<div class=\"elementor-element elementor-element-51da8f0 elementor-widget elementor-widget-text-editor\" data-id=\"51da8f0\" data-element_type=\"widget\" data-e-type=\"widget\" data-widget_type=\"text-editor.default\">\n\t\t\t\t<div class=\"elementor-widget-container\">\n\t\t\t\t\t\t\t\t\t<p>Organisieren Sie Ihre Besuche zwischen Ihren Partnern und erstellen Sie Routen f\u00fcr Ihre Kunden und Interessenten.<\/p>\t\t\t\t\t\t\t\t<\/div>\n\t\t\t\t<\/div>\n\t\t\t\t<div class=\"elementor-element elementor-element-aadfc85 elementor-view-default elementor-widget elementor-widget-icon\" data-id=\"aadfc85\" data-element_type=\"widget\" data-e-type=\"widget\" data-widget_type=\"icon.default\">\n\t\t\t\t<div class=\"elementor-widget-container\">\n\t\t\t\t\t\t\t<div class=\"elementor-icon-wrapper\">\n\t\t\t<div class=\"elementor-icon\">\n\t\t\t<i aria-hidden=\"true\" class=\"faq faqright-open\"><\/i>\t\t\t<\/div>\n\t\t<\/div>\n\t\t\t\t\t\t<\/div>\n\t\t\t\t<\/div>\n\t\t\t\t<\/a>\n\t\t<a class=\"elementor-element elementor-element-d858572 click-child pointer e-con-full e-flex e-con e-child\" data-id=\"d858572\" data-element_type=\"container\" data-e-type=\"container\" href=\"https:\/\/moovago.com\/de\/crm-software-fuer-wein-und-spirituosenhaendler\/\">\n\t\t\t\t<div class=\"elementor-element elementor-element-c599aff elementor-widget elementor-widget-heading\" data-id=\"c599aff\" data-element_type=\"widget\" data-e-type=\"widget\" data-widget_type=\"heading.default\">\n\t\t\t\t<div class=\"elementor-widget-container\">\n\t\t\t\t\t<h2 class=\"elementor-heading-title elementor-size-default\">Wein und Spirituosen<\/h2>\t\t\t\t<\/div>\n\t\t\t\t<\/div>\n\t\t\t\t<div class=\"elementor-element elementor-element-77141ed elementor-widget elementor-widget-text-editor\" data-id=\"77141ed\" data-element_type=\"widget\" data-e-type=\"widget\" data-widget_type=\"text-editor.default\">\n\t\t\t\t<div class=\"elementor-widget-container\">\n\t\t\t\t\t\t\t\t\t<p>Verwalten Sie die Platzierung Ihrer Produkte in den Gesch\u00e4ften und managen Sie die Gesch\u00e4ftsm\u00f6glichkeiten.<\/p>\t\t\t\t\t\t\t\t<\/div>\n\t\t\t\t<\/div>\n\t\t\t\t<div class=\"elementor-element elementor-element-d2780ac elementor-view-default elementor-widget elementor-widget-icon\" data-id=\"d2780ac\" data-element_type=\"widget\" data-e-type=\"widget\" data-widget_type=\"icon.default\">\n\t\t\t\t<div class=\"elementor-widget-container\">\n\t\t\t\t\t\t\t<div class=\"elementor-icon-wrapper\">\n\t\t\t<div class=\"elementor-icon\">\n\t\t\t<i aria-hidden=\"true\" class=\"faq faqright-open\"><\/i>\t\t\t<\/div>\n\t\t<\/div>\n\t\t\t\t\t\t<\/div>\n\t\t\t\t<\/div>\n\t\t\t\t<\/a>\n\t\t<a class=\"elementor-element elementor-element-ff22590 click-child pointer e-con-full e-flex e-con e-child\" data-id=\"ff22590\" data-element_type=\"container\" data-e-type=\"container\" href=\"https:\/\/moovago.com\/cas-dutilisations\/non-alimentaire\/\">\n\t\t\t\t<div class=\"elementor-element elementor-element-140b9a8 elementor-widget elementor-widget-heading\" data-id=\"140b9a8\" data-element_type=\"widget\" data-e-type=\"widget\" data-widget_type=\"heading.default\">\n\t\t\t\t<div class=\"elementor-widget-container\">\n\t\t\t\t\t<h2 class=\"elementor-heading-title elementor-size-default\">Nicht-Nahrungsmittel<\/h2>\t\t\t\t<\/div>\n\t\t\t\t<\/div>\n\t\t\t\t<div class=\"elementor-element elementor-element-91c1c4f elementor-widget elementor-widget-text-editor\" data-id=\"91c1c4f\" data-element_type=\"widget\" data-e-type=\"widget\" data-widget_type=\"text-editor.default\">\n\t\t\t\t<div class=\"elementor-widget-container\">\n\t\t\t\t\t\t\t\t\t<p>Bleiben Sie auf dem Laufenden \u00fcber Kundeninformationen und neue M\u00f6glichkeiten, die sich durch die Karte ergeben.<\/p>\t\t\t\t\t\t\t\t<\/div>\n\t\t\t\t<\/div>\n\t\t\t\t<div class=\"elementor-element elementor-element-a45aba4 elementor-view-default elementor-widget elementor-widget-icon\" data-id=\"a45aba4\" data-element_type=\"widget\" data-e-type=\"widget\" data-widget_type=\"icon.default\">\n\t\t\t\t<div class=\"elementor-widget-container\">\n\t\t\t\t\t\t\t<div class=\"elementor-icon-wrapper\">\n\t\t\t<div class=\"elementor-icon\">\n\t\t\t<i aria-hidden=\"true\" class=\"faq faqright-open\"><\/i>\t\t\t<\/div>\n\t\t<\/div>\n\t\t\t\t\t\t<\/div>\n\t\t\t\t<\/div>\n\t\t\t\t<\/a>\n\t\t\t\t\t<\/div>\n\t\t\t\t<\/div>\n\t\t<div class=\"elementor-element elementor-element-ecf8a96 e-flex e-con-boxed e-con e-parent\" data-id=\"ecf8a96\" data-element_type=\"container\" data-e-type=\"container\">\n\t\t\t\t\t<div class=\"e-con-inner\">\n\t\t<a class=\"elementor-element elementor-element-455128a click-child pointer e-con-full e-flex e-con e-child\" data-id=\"455128a\" data-element_type=\"container\" data-e-type=\"container\" href=\"https:\/\/moovago.com\/de\/crm-software-fuer-vertriebs-crm-in-der-medizintechnik\/\">\n\t\t\t\t<div class=\"elementor-element elementor-element-0d8fc74 elementor-widget elementor-widget-heading\" data-id=\"0d8fc74\" data-element_type=\"widget\" data-e-type=\"widget\" data-widget_type=\"heading.default\">\n\t\t\t\t<div class=\"elementor-widget-container\">\n\t\t\t\t\t<h2 class=\"elementor-heading-title elementor-size-default\">Medizinisch<\/h2>\t\t\t\t<\/div>\n\t\t\t\t<\/div>\n\t\t\t\t<div class=\"elementor-element elementor-element-342338f elementor-widget elementor-widget-text-editor\" data-id=\"342338f\" data-element_type=\"widget\" data-e-type=\"widget\" data-widget_type=\"text-editor.default\">\n\t\t\t\t<div class=\"elementor-widget-container\">\n\t\t\t\t\t\t\t\t\t<p>Organisieren Sie Ihre Besuche zwischen Ihren Partnern und erstellen Sie Routen f\u00fcr Ihre Kunden und Interessenten.<\/p>\t\t\t\t\t\t\t\t<\/div>\n\t\t\t\t<\/div>\n\t\t\t\t<div class=\"elementor-element elementor-element-c0d83ff elementor-view-default elementor-widget elementor-widget-icon\" data-id=\"c0d83ff\" data-element_type=\"widget\" data-e-type=\"widget\" data-widget_type=\"icon.default\">\n\t\t\t\t<div class=\"elementor-widget-container\">\n\t\t\t\t\t\t\t<div class=\"elementor-icon-wrapper\">\n\t\t\t<div class=\"elementor-icon\">\n\t\t\t<i aria-hidden=\"true\" class=\"faq faqright-open\"><\/i>\t\t\t<\/div>\n\t\t<\/div>\n\t\t\t\t\t\t<\/div>\n\t\t\t\t<\/div>\n\t\t\t\t<\/a>\n\t\t<a class=\"elementor-element elementor-element-4dfcf40 click-child pointer e-con-full e-flex e-con e-child\" data-id=\"4dfcf40\" data-element_type=\"container\" data-e-type=\"container\" href=\"https:\/\/moovago.com\/de\/crm-software-fuer-vertriebs-crm-in-der-industrie\/\">\n\t\t\t\t<div class=\"elementor-element elementor-element-eb37565 elementor-widget elementor-widget-heading\" data-id=\"eb37565\" data-element_type=\"widget\" data-e-type=\"widget\" data-widget_type=\"heading.default\">\n\t\t\t\t<div class=\"elementor-widget-container\">\n\t\t\t\t\t<h2 class=\"elementor-heading-title elementor-size-default\">Industrie<\/h2>\t\t\t\t<\/div>\n\t\t\t\t<\/div>\n\t\t\t\t<div class=\"elementor-element elementor-element-de59b6f elementor-widget elementor-widget-text-editor\" data-id=\"de59b6f\" data-element_type=\"widget\" data-e-type=\"widget\" data-widget_type=\"text-editor.default\">\n\t\t\t\t<div class=\"elementor-widget-container\">\n\t\t\t\t\t\t\t\t\t<p>Akquirieren und entwickeln Sie Ihr Gesch\u00e4ft bei professionellen Kunden und empfehlen Sie ihnen Ihre Produkte.<\/p>\t\t\t\t\t\t\t\t<\/div>\n\t\t\t\t<\/div>\n\t\t\t\t<div class=\"elementor-element elementor-element-1a37c45 elementor-view-default elementor-widget elementor-widget-icon\" data-id=\"1a37c45\" data-element_type=\"widget\" data-e-type=\"widget\" data-widget_type=\"icon.default\">\n\t\t\t\t<div class=\"elementor-widget-container\">\n\t\t\t\t\t\t\t<div class=\"elementor-icon-wrapper\">\n\t\t\t<div class=\"elementor-icon\">\n\t\t\t<i aria-hidden=\"true\" class=\"faq faqright-open\"><\/i>\t\t\t<\/div>\n\t\t<\/div>\n\t\t\t\t\t\t<\/div>\n\t\t\t\t<\/div>\n\t\t\t\t<\/a>\n\t\t<a class=\"elementor-element elementor-element-273dd7e click-child pointer e-con-full e-flex e-con e-child\" data-id=\"273dd7e\" data-element_type=\"container\" data-e-type=\"container\" href=\"https:\/\/moovago.com\/de\/crm-software-fuer-baukaufleute\/\">\n\t\t\t\t<div class=\"elementor-element elementor-element-af4cfe8 elementor-widget elementor-widget-heading\" data-id=\"af4cfe8\" data-element_type=\"widget\" data-e-type=\"widget\" data-widget_type=\"heading.default\">\n\t\t\t\t<div class=\"elementor-widget-container\">\n\t\t\t\t\t<h2 class=\"elementor-heading-title elementor-size-default\">Baugewerbe<\/h2>\t\t\t\t<\/div>\n\t\t\t\t<\/div>\n\t\t\t\t<div class=\"elementor-element elementor-element-dd8808a elementor-widget elementor-widget-text-editor\" data-id=\"dd8808a\" data-element_type=\"widget\" data-e-type=\"widget\" data-widget_type=\"text-editor.default\">\n\t\t\t\t<div class=\"elementor-widget-container\">\n\t\t\t\t\t\t\t\t\t<p>Erschlie\u00dfung von Gebieten mit hohem Potenzial und umfassende Gesch\u00e4ftsverfolgung.<\/p>\t\t\t\t\t\t\t\t<\/div>\n\t\t\t\t<\/div>\n\t\t\t\t<div class=\"elementor-element elementor-element-1e621cd elementor-view-default elementor-widget elementor-widget-icon\" data-id=\"1e621cd\" data-element_type=\"widget\" data-e-type=\"widget\" data-widget_type=\"icon.default\">\n\t\t\t\t<div class=\"elementor-widget-container\">\n\t\t\t\t\t\t\t<div class=\"elementor-icon-wrapper\">\n\t\t\t<div class=\"elementor-icon\">\n\t\t\t<i aria-hidden=\"true\" class=\"faq faqright-open\"><\/i>\t\t\t<\/div>\n\t\t<\/div>\n\t\t\t\t\t\t<\/div>\n\t\t\t\t<\/div>\n\t\t\t\t<\/a>\n\t\t\t\t\t<\/div>\n\t\t\t\t<\/div>\n\t\t\t\t<\/div>\n\t\t","protected":false},"excerpt":{"rendered":"<p>Anwendungsf\u00e4lle Moovago-Funktionen je nach Art des Gesch\u00e4ftspartners : Kommerziell Verwalten Sie Ihre Verkaufschancen, erstellen Sie Erinnerungen und Mahnungen, um Ihr Portfolio zu verwalten. Au\u00dfendienstmitarbeiter Arbeiten Sie mit mehreren Prinzipalen und Auftraggebern direkt in der app. Agenturen Arbeiten Sie als Team zusammen und teilen Sie auf einfache Weise Ihre Sektoren, Interessenten und Kunden. Technischer Kaufmann Verwalten [&hellip;]<\/p>\n","protected":false},"author":1,"featured_media":39448,"parent":0,"menu_order":0,"comment_status":"closed","ping_status":"closed","template":"","meta":{"footnotes":""},"class_list":["post-50165","page","type-page","status-publish","has-post-thumbnail","hentry"],"_links":{"self":[{"href":"https:\/\/moovago.com\/de\/wp-json\/wp\/v2\/pages\/50165","targetHints":{"allow":["GET"]}}],"collection":[{"href":"https:\/\/moovago.com\/de\/wp-json\/wp\/v2\/pages"}],"about":[{"href":"https:\/\/moovago.com\/de\/wp-json\/wp\/v2\/types\/page"}],"author":[{"embeddable":true,"href":"https:\/\/moovago.com\/de\/wp-json\/wp\/v2\/users\/1"}],"replies":[{"embeddable":true,"href":"https:\/\/moovago.com\/de\/wp-json\/wp\/v2\/comments?post=50165"}],"version-history":[{"count":1,"href":"https:\/\/moovago.com\/de\/wp-json\/wp\/v2\/pages\/50165\/revisions"}],"predecessor-version":[{"id":50171,"href":"https:\/\/moovago.com\/de\/wp-json\/wp\/v2\/pages\/50165\/revisions\/50171"}],"wp:featuredmedia":[{"embeddable":true,"href":"https:\/\/moovago.com\/de\/wp-json\/wp\/v2\/media\/39448"}],"wp:attachment":[{"href":"https:\/\/moovago.com\/de\/wp-json\/wp\/v2\/media?parent=50165"}],"curies":[{"name":"wp","href":"https:\/\/api.w.org\/{rel}","templated":true}]}}