{"id":50268,"date":"2021-03-26T10:04:23","date_gmt":"2021-03-26T09:04:23","guid":{"rendered":"https:\/\/moovago.com\/kontakt-rdv\/"},"modified":"2025-11-27T16:16:06","modified_gmt":"2025-11-27T15:16:06","slug":"kontakt-rdv","status":"publish","type":"page","link":"https:\/\/moovago.com\/de\/kontakt-rdv\/","title":{"rendered":"Kontakt \/ RDV"},"content":{"rendered":"\t\t<div data-elementor-type=\"wp-page\" data-elementor-id=\"50268\" class=\"elementor elementor-50268 elementor-5416\" data-elementor-post-type=\"page\">\n\t\t\t\t<div class=\"elementor-element elementor-element-131c795 e-flex e-con-boxed e-con e-parent\" data-id=\"131c795\" data-element_type=\"container\" data-e-type=\"container\" data-settings=\"{&quot;background_background&quot;:&quot;gradient&quot;,&quot;shape_divider_bottom&quot;:&quot;waves&quot;}\">\n\t\t\t\t\t<div class=\"e-con-inner\">\n\t\t\t\t<div class=\"elementor-shape elementor-shape-bottom\" aria-hidden=\"true\" data-negative=\"false\">\n\t\t\t<svg xmlns=\"http:\/\/www.w3.org\/2000\/svg\" viewBox=\"0 0 1000 100\" preserveAspectRatio=\"none\">\n\t<path class=\"elementor-shape-fill\" d=\"M421.9,6.5c22.6-2.5,51.5,0.4,75.5,5.3c23.6,4.9,70.9,23.5,100.5,35.7c75.8,32.2,133.7,44.5,192.6,49.7\n\tc23.6,2.1,48.7,3.5,103.4-2.5c54.7-6,106.2-25.6,106.2-25.6V0H0v30.3c0,0,72,32.6,158.4,30.5c39.2-0.7,92.8-6.7,134-22.4\n\tc21.2-8.1,52.2-18.2,79.7-24.2C399.3,7.9,411.6,7.5,421.9,6.5z\"\/>\n<\/svg>\t\t<\/div>\n\t\t\t\t<div class=\"elementor-element elementor-element-d06863f elementor-widget elementor-widget-heading\" data-id=\"d06863f\" data-element_type=\"widget\" data-e-type=\"widget\" data-widget_type=\"heading.default\">\n\t\t\t\t<div class=\"elementor-widget-container\">\n\t\t\t\t\t<h1 class=\"elementor-heading-title elementor-size-default\">Kontaktieren Sie uns \/ Vereinbaren Sie einen Termin<\/h1>\t\t\t\t<\/div>\n\t\t\t\t<\/div>\n\t\t\t\t\t<\/div>\n\t\t\t\t<\/div>\n\t\t<div class=\"elementor-element elementor-element-0a01122 e-flex e-con-boxed e-con e-parent\" data-id=\"0a01122\" data-element_type=\"container\" data-e-type=\"container\">\n\t\t\t\t\t<div class=\"e-con-inner\">\n\t\t\t\t<div class=\"elementor-element elementor-element-bc72c5a elementor-widget elementor-widget-heading\" data-id=\"bc72c5a\" data-element_type=\"widget\" data-e-type=\"widget\" data-widget_type=\"heading.default\">\n\t\t\t\t<div class=\"elementor-widget-container\">\n\t\t\t\t\t<p class=\"elementor-heading-title elementor-size-default\">Unser Team steht Ihnen von Montag bis Freitag von 9.00 bis 18.00 Uhr zur Verf\u00fcgung.<br><br><a href=\"tel:+33554540460\">Rufen Sie uns an unter <u>05 54 54 04 60<\/a><\/u>.<\/p>\t\t\t\t<\/div>\n\t\t\t\t<\/div>\n\t\t\t\t<div class=\"elementor-element elementor-element-1763b53 elementor-widget elementor-widget-spacer\" data-id=\"1763b53\" data-element_type=\"widget\" data-e-type=\"widget\" data-widget_type=\"spacer.default\">\n\t\t\t\t<div class=\"elementor-widget-container\">\n\t\t\t\t\t\t\t<div class=\"elementor-spacer\">\n\t\t\t<div class=\"elementor-spacer-inner\"><\/div>\n\t\t<\/div>\n\t\t\t\t\t\t<\/div>\n\t\t\t\t<\/div>\n\t\t\t\t<div class=\"elementor-element elementor-element-da77220 elementor-widget elementor-widget-heading\" data-id=\"da77220\" data-element_type=\"widget\" data-e-type=\"widget\" data-widget_type=\"heading.default\">\n\t\t\t\t<div class=\"elementor-widget-container\">\n\t\t\t\t\t<h2 class=\"elementor-heading-title elementor-size-default\">Vereinbaren Sie einen Termin f\u00fcr eine Pr\u00e4sentation von Moovago<\/h2>\t\t\t\t<\/div>\n\t\t\t\t<\/div>\n\t\t\t\t<div class=\"elementor-element elementor-element-79936ad elementor-widget elementor-widget-html\" data-id=\"79936ad\" data-element_type=\"widget\" data-e-type=\"widget\" data-widget_type=\"html.default\">\n\t\t\t\t<div class=\"elementor-widget-container\">\n\t\t\t\t\t<!-- D\u00e9but de widget en ligne Calendly -->\n<div class=\"calendly-inline-widget\" data-url=\"https:\/\/calendly.com\/moovago\/30min?background_color=fafafa&amp;text_color=212121&amp;primary_color=84bd00\" style=\"min-width:320px;height:950px;\"><\/div>\n<script type=\"text\/javascript\" src=\"https:\/\/assets.calendly.com\/assets\/external\/widget.js\" async=\"\"><\/script>\n<!-- Fin de widget en ligne Calendly -->\t\t\t\t<\/div>\n\t\t\t\t<\/div>\n\t\t\t\t\t<\/div>\n\t\t\t\t<\/div>\n\t\t\t\t<\/div>\n\t\t","protected":false},"excerpt":{"rendered":"<p>Kontaktieren Sie uns \/ Vereinbaren Sie einen Termin Unser Team steht Ihnen von Montag bis Freitag von 9.00 bis 18.00 Uhr zur Verf\u00fcgung. Rufen Sie uns an unter 05 54 54 04 60. Vereinbaren Sie einen Termin f\u00fcr eine Pr\u00e4sentation von Moovago<\/p>\n","protected":false},"author":1,"featured_media":39448,"parent":0,"menu_order":0,"comment_status":"closed","ping_status":"closed","template":"","meta":{"footnotes":""},"class_list":["post-50268","page","type-page","status-publish","has-post-thumbnail","hentry"],"_links":{"self":[{"href":"https:\/\/moovago.com\/de\/wp-json\/wp\/v2\/pages\/50268","targetHints":{"allow":["GET"]}}],"collection":[{"href":"https:\/\/moovago.com\/de\/wp-json\/wp\/v2\/pages"}],"about":[{"href":"https:\/\/moovago.com\/de\/wp-json\/wp\/v2\/types\/page"}],"author":[{"embeddable":true,"href":"https:\/\/moovago.com\/de\/wp-json\/wp\/v2\/users\/1"}],"replies":[{"embeddable":true,"href":"https:\/\/moovago.com\/de\/wp-json\/wp\/v2\/comments?post=50268"}],"version-history":[{"count":1,"href":"https:\/\/moovago.com\/de\/wp-json\/wp\/v2\/pages\/50268\/revisions"}],"predecessor-version":[{"id":50271,"href":"https:\/\/moovago.com\/de\/wp-json\/wp\/v2\/pages\/50268\/revisions\/50271"}],"wp:featuredmedia":[{"embeddable":true,"href":"https:\/\/moovago.com\/de\/wp-json\/wp\/v2\/media\/39448"}],"wp:attachment":[{"href":"https:\/\/moovago.com\/de\/wp-json\/wp\/v2\/media?parent=50268"}],"curies":[{"name":"wp","href":"https:\/\/api.w.org\/{rel}","templated":true}]}}