{"id":47628,"date":"2024-11-21T10:00:00","date_gmt":"2024-11-21T09:00:00","guid":{"rendered":"https:\/\/moovago.com\/moovago-x-cegid\/"},"modified":"2025-11-27T11:34:36","modified_gmt":"2025-11-27T10:34:36","slug":"moovago-x-cegid","status":"publish","type":"page","link":"https:\/\/moovago.com\/es\/conecte-sus-herramientas-favoritas-a-moovago\/moovago-x-cegid\/","title":{"rendered":"Moovago x Cegid"},"content":{"rendered":"\t\t<div data-elementor-type=\"wp-page\" data-elementor-id=\"47628\" class=\"elementor elementor-47628 elementor-28657\" data-elementor-post-type=\"page\">\n\t\t\t\t<div class=\"elementor-element elementor-element-9e0a0f7 e-flex e-con-boxed e-con e-parent\" data-id=\"9e0a0f7\" data-element_type=\"container\" data-e-type=\"container\">\n\t\t\t\t\t<div class=\"e-con-inner\">\n\t\t\t\t<div class=\"elementor-element elementor-element-0254245 elementor-widget elementor-widget-text-editor\" data-id=\"0254245\" data-element_type=\"widget\" data-e-type=\"widget\" data-widget_type=\"text-editor.default\">\n\t\t\t\t<div class=\"elementor-widget-container\">\n\t\t\t\t\t\t\t\t\t<p data-pm-slice=\"1 1 []\">Cegid es un conjunto de herramientas de gesti\u00f3n empresarial, tambi\u00e9n conocido como ERP, que le permite gestionar eficazmente las ventas, la contabilidad y mucho m\u00e1s.  <\/p><p data-pm-slice=\"1 1 []\"><span style=\"color: var( --e-global-color-text ); font-family: var( --e-global-typography-text-font-family ); font-size: var( --e-global-typography-text-font-size ); text-align: var(--text-align); background-color: var( --e-global-color-accent );\">Si utiliza Cegid como ERP y Moovago como CRM, la conexi\u00f3n entre ambos podr\u00eda interesarle.<\/span><\/p><p data-pm-slice=\"1 1 []\"><span style=\"color: var( --e-global-color-text ); font-family: var( --e-global-typography-text-font-family ); font-size: var( --e-global-typography-text-font-size ); text-align: var(--text-align); background-color: var( --e-global-color-accent );\">Podr\u00e1 <\/span><b style=\"color: var( --e-global-color-text ); font-family: var( --e-global-typography-text-font-family ); font-size: var( --e-global-typography-text-font-size ); text-align: var(--text-align); background-color: var( --e-global-color-accent );\">sincronizar sus datos de ventas, simplificar la facturaci\u00f3n y centralizar toda su informaci\u00f3n<\/b><span style=\"color: var( --e-global-color-text ); font-family: var( --e-global-typography-text-font-family ); font-size: var( --e-global-typography-text-font-size ); text-align: var(--text-align); background-color: var( --e-global-color-accent );\">sin ninguna introducci\u00f3n manual adicional.<\/span><\/p>\t\t\t\t\t\t\t\t<\/div>\n\t\t\t\t<\/div>\n\t\t\t\t<div class=\"elementor-element elementor-element-0dc59ec elementor-widget elementor-widget-spacer\" data-id=\"0dc59ec\" data-element_type=\"widget\" data-e-type=\"widget\" data-widget_type=\"spacer.default\">\n\t\t\t\t<div class=\"elementor-widget-container\">\n\t\t\t\t\t\t\t<div class=\"elementor-spacer\">\n\t\t\t<div class=\"elementor-spacer-inner\"><\/div>\n\t\t<\/div>\n\t\t\t\t\t\t<\/div>\n\t\t\t\t<\/div>\n\t\t\t\t<div class=\"elementor-element elementor-element-13ae8ef elementor-widget elementor-widget-heading\" data-id=\"13ae8ef\" data-element_type=\"widget\" data-e-type=\"widget\" data-widget_type=\"heading.default\">\n\t\t\t\t<div class=\"elementor-widget-container\">\n\t\t\t\t\t<h2 class=\"elementor-heading-title elementor-size-default\">Cegid, software de gesti\u00f3n para VSE y PYME<\/h2>\t\t\t\t<\/div>\n\t\t\t\t<\/div>\n\t\t\t\t<div class=\"elementor-element elementor-element-8bbe033 elementor-widget elementor-widget-text-editor\" data-id=\"8bbe033\" data-element_type=\"widget\" data-e-type=\"widget\" data-widget_type=\"text-editor.default\">\n\t\t\t\t<div class=\"elementor-widget-container\">\n\t\t\t\t\t\t\t\t\t<p>Gracias a una amplia gama de productos, Cegid puede satisfacer las necesidades de pr\u00e1cticamente todas las VSE y PYME en t\u00e9rminos de Seguimiento de ventas, gesti\u00f3n de ingresos por ventas, contabilidad de la empresa y contabilidad auxiliar.<\/p><p>Otras soluciones ofrecidas por Cegid se dirigen tambi\u00e9n a los departamentos de RRHH o a las actividades minoristas.<\/p>\t\t\t\t\t\t\t\t<\/div>\n\t\t\t\t<\/div>\n\t\t\t\t<div class=\"elementor-element elementor-element-6cf19a7 elementor-widget elementor-widget-button\" data-id=\"6cf19a7\" data-element_type=\"widget\" data-e-type=\"widget\" data-widget_type=\"button.default\">\n\t\t\t\t<div class=\"elementor-widget-container\">\n\t\t\t\t\t\t\t\t\t<div class=\"elementor-button-wrapper\">\n\t\t\t\t\t<a class=\"elementor-button elementor-button-link elementor-size-sm\" href=\"https:\/\/www.cegid.com\/fr\/\" target=\"_blank\" rel=\"nofollow noopener\">\n\t\t\t\t\t\t<span class=\"elementor-button-content-wrapper\">\n\t\t\t\t\t\t\t\t\t<span class=\"elementor-button-text\">Descubra Cegid<\/span>\n\t\t\t\t\t<\/span>\n\t\t\t\t\t<\/a>\n\t\t\t\t<\/div>\n\t\t\t\t\t\t\t\t<\/div>\n\t\t\t\t<\/div>\n\t\t\t\t<div class=\"elementor-element elementor-element-374a9b6 elementor-widget elementor-widget-spacer\" data-id=\"374a9b6\" data-element_type=\"widget\" data-e-type=\"widget\" data-widget_type=\"spacer.default\">\n\t\t\t\t<div class=\"elementor-widget-container\">\n\t\t\t\t\t\t\t<div class=\"elementor-spacer\">\n\t\t\t<div class=\"elementor-spacer-inner\"><\/div>\n\t\t<\/div>\n\t\t\t\t\t\t<\/div>\n\t\t\t\t<\/div>\n\t\t\t\t<div class=\"elementor-element elementor-element-018bba0 elementor-widget elementor-widget-heading\" data-id=\"018bba0\" data-element_type=\"widget\" data-e-type=\"widget\" data-widget_type=\"heading.default\">\n\t\t\t\t<div class=\"elementor-widget-container\">\n\t\t\t\t\t<h2 class=\"elementor-heading-title elementor-size-default\">Conecte Cegid y Moovago para ahorrar tiempo<\/h2>\t\t\t\t<\/div>\n\t\t\t\t<\/div>\n\t\t\t\t<div class=\"elementor-element elementor-element-2bace00 elementor-widget elementor-widget-text-editor\" data-id=\"2bace00\" data-element_type=\"widget\" data-e-type=\"widget\" data-widget_type=\"text-editor.default\">\n\t\t\t\t<div class=\"elementor-widget-container\">\n\t\t\t\t\t\t\t\t\t<p data-pm-slice=\"1 1 []\">La integraci\u00f3n entre Moovago y Cegid le ayuda a <b>maximizar la productividad de su equipo<\/b> vinculando los datos de prospecci\u00f3n, gesti\u00f3n de clientes y seguimiento de ventas.<\/p>\t\t\t\t\t\t\t\t<\/div>\n\t\t\t\t<\/div>\n\t\t\t\t<div class=\"elementor-element elementor-element-e46eae7 elementor-widget elementor-widget-heading\" data-id=\"e46eae7\" data-element_type=\"widget\" data-e-type=\"widget\" data-widget_type=\"heading.default\">\n\t\t\t\t<div class=\"elementor-widget-container\">\n\t\t\t\t\t<h3 class=\"elementor-heading-title elementor-size-default\">Sincronizaci\u00f3n de los datos de clientes e ingresos por ventas<\/h3>\t\t\t\t<\/div>\n\t\t\t\t<\/div>\n\t\t\t\t<div class=\"elementor-element elementor-element-aa71d94 elementor-widget elementor-widget-text-editor\" data-id=\"aa71d94\" data-element_type=\"widget\" data-e-type=\"widget\" data-widget_type=\"text-editor.default\">\n\t\t\t\t<div class=\"elementor-widget-container\">\n\t\t\t\t\t\t\t\t\t<p data-pm-slice=\"1 3 []\">Conectando el software a trav\u00e9s de la API, podr\u00e1 sincronizar los datos de sus clientes entre Moovago y Cegid en tiempo real. Esto significa que cualquier nueva informaci\u00f3n introducida en Moovago se actualizar\u00e1 autom\u00e1ticamente en Cegid, y viceversa. <\/p><p data-pm-slice=\"1 3 []\"><span style=\"text-align: var(--text-align); background-color: var( --e-global-color-accent ); font-size: var( --e-global-typography-text-font-size ); font-family: var( --e-global-typography-text-font-family ); color: var( --e-global-color-text );\"><b>Esto evita la duplicaci\u00f3n<\/b> y <b>le ahorra el tiempo de transferir manualmente los datos<\/b> de un paquete de software a otro. He aqu\u00ed algunos ejemplos de posibles conexiones:   <\/span><\/p><ul><li><span style=\"background-color: transparent; color: var( --e-global-color-text ); font-family: var( --e-global-typography-text-font-family ); text-align: var(--text-align);\">Actualice el estado de sus empresas en Moovago cuando se valide una cotizaci\u00f3n en Cegid, o tras una rescisi\u00f3n,<\/span><\/li><li><span style=\"background-color: transparent; color: var( --e-global-color-text ); font-family: var( --e-global-typography-text-font-family ); text-align: var(--text-align);\">Mantenga al d\u00eda los datos de sus contactos cuando se actualicen en uno de los paquetes de software,<\/span><\/li><li>Introduzca los datos de ingresos por ventas de Cegid en Moovago para que el personal de ventas pueda tomar las decisiones adecuadas para seguir desarrollando su negocio.<\/li><\/ul>\t\t\t\t\t\t\t\t<\/div>\n\t\t\t\t<\/div>\n\t\t\t\t<div class=\"elementor-element elementor-element-343813c elementor-widget elementor-widget-heading\" data-id=\"343813c\" data-element_type=\"widget\" data-e-type=\"widget\" data-widget_type=\"heading.default\">\n\t\t\t\t<div class=\"elementor-widget-container\">\n\t\t\t\t\t<h3 class=\"elementor-heading-title elementor-size-default\">Mejor cooperaci\u00f3n entre departamentos<\/h3>\t\t\t\t<\/div>\n\t\t\t\t<\/div>\n\t\t\t\t<div class=\"elementor-element elementor-element-214e045 elementor-widget elementor-widget-spacer\" data-id=\"214e045\" data-element_type=\"widget\" data-e-type=\"widget\" data-widget_type=\"spacer.default\">\n\t\t\t\t<div class=\"elementor-widget-container\">\n\t\t\t\t\t\t\t<div class=\"elementor-spacer\">\n\t\t\t<div class=\"elementor-spacer-inner\"><\/div>\n\t\t<\/div>\n\t\t\t\t\t\t<\/div>\n\t\t\t\t<\/div>\n\t\t\t\t<div class=\"elementor-element elementor-element-c4687ab elementor-widget elementor-widget-text-editor\" data-id=\"c4687ab\" data-element_type=\"widget\" data-e-type=\"widget\" data-widget_type=\"text-editor.default\">\n\t\t\t\t<div class=\"elementor-widget-container\">\n\t\t\t\t\t\t\t\t\t<p data-pm-slice=\"1 1 []\"><span style=\"color: var( --e-global-color-text ); font-family: var( --e-global-typography-text-font-family ); font-size: var( --e-global-typography-text-font-size ); text-align: var(--text-align); background-color: var( --e-global-color-accent );\">Moovago y Cegid se complementan para ofrecer a cada departamento las herramientas que necesitan para su trabajo diario. <\/span><span style=\"color: var( --e-global-color-text ); font-family: var( --e-global-typography-text-font-family ); font-size: var( --e-global-typography-text-font-size ); text-align: var(--text-align); background-color: var( --e-global-color-accent );\">Mientras que Moovago simplifica el trabajo diario del personal de ventas sobre el terreno, Cegid ofrece soluciones a los complejos problemas a los que se enfrentan los equipos de administraci\u00f3n de ventas, contabilidad, recursos humanos y gesti\u00f3n.<\/span><\/p>\n<p data-pm-slice=\"1 1 []\"><span style=\"color: var( --e-global-color-text ); font-family: var( --e-global-typography-text-font-family ); font-size: var( --e-global-typography-text-font-size ); text-align: var(--text-align); background-color: var( --e-global-color-accent );\">Conectando los dos paquetes de software, puede <b>llevar a sus departamentos de ventas y contabilidad a nuevas cotas de colaboraci\u00f3n<\/b>.<\/span><\/p>\n<div>Deje que cada departamento se concentre en sus propias tareas, en su propio software empresarial, y <b>utilice una conexi\u00f3n API para automatizar el flujo de datos<\/b> entre las dos herramientas.<\/div>\t\t\t\t\t\t\t\t<\/div>\n\t\t\t\t<\/div>\n\t\t\t\t<div class=\"elementor-element elementor-element-8fde24b elementor-widget elementor-widget-heading\" data-id=\"8fde24b\" data-element_type=\"widget\" data-e-type=\"widget\" data-widget_type=\"heading.default\">\n\t\t\t\t<div class=\"elementor-widget-container\">\n\t\t\t\t\t<h2 class=\"elementor-heading-title elementor-size-default\">\u00bfC\u00f3mo conecto Cegid y Moovago?<\/h2>\t\t\t\t<\/div>\n\t\t\t\t<\/div>\n\t\t\t\t<div class=\"elementor-element elementor-element-db55a5a elementor-widget elementor-widget-text-editor\" data-id=\"db55a5a\" data-element_type=\"widget\" data-e-type=\"widget\" data-widget_type=\"text-editor.default\">\n\t\t\t\t<div class=\"elementor-widget-container\">\n\t\t\t\t\t\t\t\t\t<p data-pm-slice=\"1 1 []\">Para conectar Moovago y Cegid, <b>se requiere una integraci\u00f3n API<\/b>. Se recomienda recurrir a un desarrollador para configurar esta conexi\u00f3n y asegurarse de que los dos sistemas funcionan juntos de forma \u00f3ptima. <\/p><p>Moovago dispone de una <a href=\"https:\/\/moovago.com\/api-bien-commencer\/\">API GraphQL<\/a> para conectarlo con sus herramientas favoritas, y Cegid tiene su propia <a href=\"https:\/\/developers.cegid.com\/apis\" target=\"_blank\" rel=\"noopener\">documentaci\u00f3n API disponible aqu\u00ed<\/a>. No dude en <a title=\"p\u00f3ngase en contacto con\" href=\"https:\/\/moovago.com\/contactez-nous\/\">ponerse en contacto con nuestro equipo<\/a> para obtener m\u00e1s informaci\u00f3n sobre las posibles conexiones entre el software. <\/p>\t\t\t\t\t\t\t\t<\/div>\n\t\t\t\t<\/div>\n\t\t\t\t<div class=\"elementor-element elementor-element-d40d1df elementor-widget elementor-widget-spacer\" data-id=\"d40d1df\" data-element_type=\"widget\" data-e-type=\"widget\" data-widget_type=\"spacer.default\">\n\t\t\t\t<div class=\"elementor-widget-container\">\n\t\t\t\t\t\t\t<div class=\"elementor-spacer\">\n\t\t\t<div class=\"elementor-spacer-inner\"><\/div>\n\t\t<\/div>\n\t\t\t\t\t\t<\/div>\n\t\t\t\t<\/div>\n\t\t<div class=\"elementor-element elementor-element-e2073c5 e-con-full e-flex e-con e-child\" data-id=\"e2073c5\" data-element_type=\"container\" data-e-type=\"container\" data-settings=\"{&quot;background_background&quot;:&quot;gradient&quot;}\">\n\t\t\t\t<div class=\"elementor-element elementor-element-3e0594b elementor-widget elementor-widget-heading\" data-id=\"3e0594b\" data-element_type=\"widget\" data-e-type=\"widget\" data-widget_type=\"heading.default\">\n\t\t\t\t<div class=\"elementor-widget-container\">\n\t\t\t\t\t<span class=\"elementor-heading-title elementor-size-default\">Centralice sus ventas, automatice la gesti\u00f3n de sus clientes y ahorre un tiempo precioso.<\/span>\t\t\t\t<\/div>\n\t\t\t\t<\/div>\n\t\t\t\t<div class=\"elementor-element elementor-element-0d824ad elementor-align-left elementor-tablet-align-left elementor-mobile-align-center elementor-widget-tablet__width-inherit elementor-widget-mobile__width-inherit elementor-widget elementor-widget-button\" data-id=\"0d824ad\" data-element_type=\"widget\" data-e-type=\"widget\" data-widget_type=\"button.default\">\n\t\t\t\t<div class=\"elementor-widget-container\">\n\t\t\t\t\t\t\t\t\t<div class=\"elementor-button-wrapper\">\n\t\t\t\t\t<a class=\"elementor-button elementor-button-link elementor-size-md\" href=\"https:\/\/moovago.com\/es\/contacto-cita\/\">\n\t\t\t\t\t\t<span class=\"elementor-button-content-wrapper\">\n\t\t\t\t\t\t\t\t\t<span class=\"elementor-button-text\">Solicitar una demostraci\u00f3n<\/span>\n\t\t\t\t\t<\/span>\n\t\t\t\t\t<\/a>\n\t\t\t\t<\/div>\n\t\t\t\t\t\t\t\t<\/div>\n\t\t\t\t<\/div>\n\t\t\t\t<\/div>\n\t\t\t\t\t<\/div>\n\t\t\t\t<\/div>\n\t\t\t\t<\/div>\n\t\t","protected":false},"excerpt":{"rendered":"<p>Cegid es un conjunto de herramientas de gesti\u00f3n empresarial, tambi\u00e9n conocido como ERP, que le permite gestionar eficazmente las ventas, la contabilidad y mucho m\u00e1s. Si utiliza Cegid como ERP y Moovago como CRM, la conexi\u00f3n entre ambos podr\u00eda interesarle. Podr\u00e1 sincronizar sus datos de ventas, simplificar la facturaci\u00f3n y centralizar toda su informaci\u00f3nsin ninguna [&hellip;]<\/p>\n","protected":false},"author":1,"featured_media":44402,"parent":49795,"menu_order":0,"comment_status":"closed","ping_status":"closed","template":"","meta":{"footnotes":""},"class_list":["post-47628","page","type-page","status-publish","has-post-thumbnail","hentry"],"_links":{"self":[{"href":"https:\/\/moovago.com\/es\/wp-json\/wp\/v2\/pages\/47628","targetHints":{"allow":["GET"]}}],"collection":[{"href":"https:\/\/moovago.com\/es\/wp-json\/wp\/v2\/pages"}],"about":[{"href":"https:\/\/moovago.com\/es\/wp-json\/wp\/v2\/types\/page"}],"author":[{"embeddable":true,"href":"https:\/\/moovago.com\/es\/wp-json\/wp\/v2\/users\/1"}],"replies":[{"embeddable":true,"href":"https:\/\/moovago.com\/es\/wp-json\/wp\/v2\/comments?post=47628"}],"version-history":[{"count":1,"href":"https:\/\/moovago.com\/es\/wp-json\/wp\/v2\/pages\/47628\/revisions"}],"predecessor-version":[{"id":47629,"href":"https:\/\/moovago.com\/es\/wp-json\/wp\/v2\/pages\/47628\/revisions\/47629"}],"up":[{"embeddable":true,"href":"https:\/\/moovago.com\/es\/wp-json\/wp\/v2\/pages\/49795"}],"wp:featuredmedia":[{"embeddable":true,"href":"https:\/\/moovago.com\/es\/wp-json\/wp\/v2\/media\/44402"}],"wp:attachment":[{"href":"https:\/\/moovago.com\/es\/wp-json\/wp\/v2\/media?parent=47628"}],"curies":[{"name":"wp","href":"https:\/\/api.w.org\/{rel}","templated":true}]}}