{"id":49459,"date":"2024-09-02T09:00:00","date_gmt":"2024-09-02T07:00:00","guid":{"rendered":"https:\/\/moovago.com\/moovago-x-waze\/"},"modified":"2025-11-27T11:34:31","modified_gmt":"2025-11-27T10:34:31","slug":"moovago-x-waze","status":"publish","type":"page","link":"https:\/\/moovago.com\/es\/conecte-sus-herramientas-favoritas-a-moovago\/moovago-x-waze\/","title":{"rendered":"Moovago x Waze"},"content":{"rendered":"\t\t<div data-elementor-type=\"wp-page\" data-elementor-id=\"49459\" class=\"elementor elementor-49459 elementor-28638\" data-elementor-post-type=\"page\">\n\t\t\t\t<div class=\"elementor-element elementor-element-9e0a0f7 e-flex e-con-boxed e-con e-parent\" data-id=\"9e0a0f7\" data-element_type=\"container\" data-e-type=\"container\">\n\t\t\t\t\t<div class=\"e-con-inner\">\n\t\t\t\t<div class=\"elementor-element elementor-element-2bace00 elementor-widget elementor-widget-text-editor\" data-id=\"2bace00\" data-element_type=\"widget\" data-e-type=\"widget\" data-widget_type=\"text-editor.default\">\n\t\t\t\t<div class=\"elementor-widget-container\">\n\t\t\t\t\t\t\t\t\t<p>Waze es sin duda <b>uno de los <a href=\"https:\/\/moovago.com\/integrations\/navigation\/\">mejores paquetes de software GPS<\/a> de nuestro tiempo<\/b>.<\/p><p>Al combinar herramientas de navegaci\u00f3n, ayudas a la conducci\u00f3n y cartograf\u00eda comunitaria, <b>esta aplicaci\u00f3n gratuita se ha convertido en imprescindible en el mercado de los GPS<\/b>, incluso para los<span style=\"color: var( --e-global-color-text ); font-family: var( --e-global-typography-text-font-family ); font-size: var( --e-global-typography-text-font-size ); text-align: var(--text-align); background-color: var( --e-global-color-accent );\"> vendedores m\u00f3viles que se desplazan a diario<\/span>.<\/p><p>\u00bfLe gusta Waze y lo utiliza con regularidad? \u00a1No cambie sus h\u00e1bitos y siga navegando con su aplicaci\u00f3n favorita como parte de sus recorridos organizados con Moovago! <\/p>\t\t\t\t\t\t\t\t<\/div>\n\t\t\t\t<\/div>\n\t\t\t\t<div class=\"elementor-element elementor-element-13ae8ef elementor-widget elementor-widget-heading\" data-id=\"13ae8ef\" data-element_type=\"widget\" data-e-type=\"widget\" data-widget_type=\"heading.default\">\n\t\t\t\t<div class=\"elementor-widget-container\">\n\t\t\t\t\t<h2 class=\"elementor-heading-title elementor-size-default\">GPS y aplicaci\u00f3n cartogr\u00e1fica comunitaria<\/h2>\t\t\t\t<\/div>\n\t\t\t\t<\/div>\n\t\t\t\t<div class=\"elementor-element elementor-element-f1b694b elementor-widget elementor-widget-text-editor\" data-id=\"f1b694b\" data-element_type=\"widget\" data-e-type=\"widget\" data-widget_type=\"text-editor.default\">\n\t\t\t\t<div class=\"elementor-widget-container\">\n\t\t\t\t\t\t\t\t\t<p>Creada en 2006, Waze es una <b>aplicaci\u00f3n m\u00f3vil de navegaci\u00f3n y asistencia a la conducci\u00f3n<\/b> basada en un<b> mapa participativo<\/b>.<\/p><p>Uno de los puntos fuertes de esta herramienta es que aprovecha el poder de su comunidad. Cualquier usuario puede <b>publicar un informe en el mapa<\/b>. Pueden indicar lo que han visto en la carretera: radares, controles policiales, accidentes, carriles cerrados, desv\u00edos, ralentizaciones, etc.  <\/p><p>\u00bfEl resultado? Un sistema GPS con <b>las condiciones del tr\u00e1fico casi en tiempo real<\/b>, que le permite encontrar la mejor ruta posible en todo momento. <\/p>\t\t\t\t\t\t\t\t<\/div>\n\t\t\t\t<\/div>\n\t\t<div class=\"elementor-element elementor-element-2185357 e-con-full e-flex e-con e-child\" data-id=\"2185357\" data-element_type=\"container\" data-e-type=\"container\">\n\t\t\t\t<div class=\"elementor-element elementor-element-6cf19a7 elementor-widget elementor-widget-button\" data-id=\"6cf19a7\" data-element_type=\"widget\" data-e-type=\"widget\" data-widget_type=\"button.default\">\n\t\t\t\t<div class=\"elementor-widget-container\">\n\t\t\t\t\t\t\t\t\t<div class=\"elementor-button-wrapper\">\n\t\t\t\t\t<a class=\"elementor-button elementor-button-link elementor-size-sm\" href=\"https:\/\/www.waze.com\/fr\/\" target=\"_blank\" rel=\"noopener\">\n\t\t\t\t\t\t<span class=\"elementor-button-content-wrapper\">\n\t\t\t\t\t\t\t\t\t<span class=\"elementor-button-text\">Descubra Waze<\/span>\n\t\t\t\t\t<\/span>\n\t\t\t\t\t<\/a>\n\t\t\t\t<\/div>\n\t\t\t\t\t\t\t\t<\/div>\n\t\t\t\t<\/div>\n\t\t\t\t<div class=\"elementor-element elementor-element-9b3bfe1 elementor-widget elementor-widget-button\" data-id=\"9b3bfe1\" data-element_type=\"widget\" data-e-type=\"widget\" data-widget_type=\"button.default\">\n\t\t\t\t<div class=\"elementor-widget-container\">\n\t\t\t\t\t\t\t\t\t<div class=\"elementor-button-wrapper\">\n\t\t\t\t\t<a class=\"elementor-button elementor-button-link elementor-size-sm\" href=\"https:\/\/www.waze.com\/fr\/livemap\" target=\"_blank\" rel=\"noopener\">\n\t\t\t\t\t\t<span class=\"elementor-button-content-wrapper\">\n\t\t\t\t\t\t\t\t\t<span class=\"elementor-button-text\">Probar Waze<\/span>\n\t\t\t\t\t<\/span>\n\t\t\t\t\t<\/a>\n\t\t\t\t<\/div>\n\t\t\t\t\t\t\t\t<\/div>\n\t\t\t\t<\/div>\n\t\t\t\t<\/div>\n\t\t\t\t<div class=\"elementor-element elementor-element-d40d1df elementor-widget elementor-widget-spacer\" data-id=\"d40d1df\" data-element_type=\"widget\" data-e-type=\"widget\" data-widget_type=\"spacer.default\">\n\t\t\t\t<div class=\"elementor-widget-container\">\n\t\t\t\t\t\t\t<div class=\"elementor-spacer\">\n\t\t\t<div class=\"elementor-spacer-inner\"><\/div>\n\t\t<\/div>\n\t\t\t\t\t\t<\/div>\n\t\t\t\t<\/div>\n\t\t\t\t<div class=\"elementor-element elementor-element-1b17e80 elementor-widget elementor-widget-heading\" data-id=\"1b17e80\" data-element_type=\"widget\" data-e-type=\"widget\" data-widget_type=\"heading.default\">\n\t\t\t\t<div class=\"elementor-widget-container\">\n\t\t\t\t\t<h2 class=\"elementor-heading-title elementor-size-default\">Algunas ideas para la integraci\u00f3n<\/h2>\t\t\t\t<\/div>\n\t\t\t\t<\/div>\n\t\t\t\t<div class=\"elementor-element elementor-element-4073c3c elementor-widget elementor-widget-text-editor\" data-id=\"4073c3c\" data-element_type=\"widget\" data-e-type=\"widget\" data-widget_type=\"text-editor.default\">\n\t\t\t\t<div class=\"elementor-widget-container\">\n\t\t\t\t\t\t\t\t\t<p>Para ofrecerle una experiencia de conducci\u00f3n excepcional, Moovago ha depositado su confianza en Waze. Moovago le permite exportar sus itinerarios a Waze, para que pueda <b>navegar entre las etapas de su recorrido<\/b> o <b>visitar a un cliente o posible cliente<\/b>: <\/p>\t\t\t\t\t\t\t\t<\/div>\n\t\t\t\t<\/div>\n\t\t<div class=\"elementor-element elementor-element-33b3408 e-con-full e-flex e-con e-child\" data-id=\"33b3408\" data-element_type=\"container\" data-e-type=\"container\">\n\t\t<div class=\"elementor-element elementor-element-f4ce0f1 e-con-full e-flex e-con e-child\" data-id=\"f4ce0f1\" data-element_type=\"container\" data-e-type=\"container\" data-settings=\"{&quot;background_background&quot;:&quot;classic&quot;}\">\n\t\t\t\t<div class=\"elementor-element elementor-element-5491bb7 elementor-widget__width-initial elementor-widget elementor-widget-image\" data-id=\"5491bb7\" data-element_type=\"widget\" data-e-type=\"widget\" data-widget_type=\"image.default\">\n\t\t\t\t<div class=\"elementor-widget-container\">\n\t\t\t\t\t\t\t\t\t\t\t\t\t\t\t<img decoding=\"async\" width=\"100\" height=\"100\" src=\"https:\/\/moovago.com\/wp-content\/uploads\/2024\/08\/icone-moovago.jpg\" class=\"attachment-thumbnail size-thumbnail wp-image-44530\" alt=\"icono moovago\" srcset=\"https:\/\/moovago.com\/wp-content\/uploads\/2024\/08\/icone-moovago.jpg 100w, https:\/\/moovago.com\/wp-content\/uploads\/2024\/08\/elementor\/thumbs\/icone-moovago-qt9nkdjvq3gu601ztbeogo65kmjxji4y2al0u6t304.jpg 50w\" sizes=\"(max-width: 100px) 100vw, 100px\" title=\"Moovago, application commerciaux, CRM, ERP, PGI, GRC\">\t\t\t\t\t\t\t\t\t\t\t\t\t\t\t<\/div>\n\t\t\t\t<\/div>\n\t\t\t\t<div class=\"elementor-element elementor-element-3032dbf elementor-widget__width-initial elementor-widget elementor-widget-heading\" data-id=\"3032dbf\" data-element_type=\"widget\" data-e-type=\"widget\" data-widget_type=\"heading.default\">\n\t\t\t\t<div class=\"elementor-widget-container\">\n\t\t\t\t\t<span class=\"elementor-heading-title elementor-size-default\">Planificar un recorrido de ventas<\/span>\t\t\t\t<\/div>\n\t\t\t\t<\/div>\n\t\t\t\t<\/div>\n\t\t\t\t<div class=\"elementor-element elementor-element-f207abb elementor-view-default elementor-widget elementor-widget-icon\" data-id=\"f207abb\" data-element_type=\"widget\" data-e-type=\"widget\" data-widget_type=\"icon.default\">\n\t\t\t\t<div class=\"elementor-widget-container\">\n\t\t\t\t\t\t\t<div class=\"elementor-icon-wrapper\">\n\t\t\t<div class=\"elementor-icon\">\n\t\t\t<svg aria-hidden=\"true\" class=\"e-font-icon-svg e-fas-arrow-right\" viewBox=\"0 0 448 512\" xmlns=\"http:\/\/www.w3.org\/2000\/svg\"><path d=\"M190.5 66.9l22.2-22.2c9.4-9.4 24.6-9.4 33.9 0L441 239c9.4 9.4 9.4 24.6 0 33.9L246.6 467.3c-9.4 9.4-24.6 9.4-33.9 0l-22.2-22.2c-9.5-9.5-9.3-25 .4-34.3L311.4 296H24c-13.3 0-24-10.7-24-24v-32c0-13.3 10.7-24 24-24h287.4L190.9 101.2c-9.8-9.3-10-24.8-.4-34.3z\"><\/path><\/svg>\t\t\t<\/div>\n\t\t<\/div>\n\t\t\t\t\t\t<\/div>\n\t\t\t\t<\/div>\n\t\t<div class=\"elementor-element elementor-element-f9ef641 e-con-full e-flex e-con e-child\" data-id=\"f9ef641\" data-element_type=\"container\" data-e-type=\"container\" data-settings=\"{&quot;background_background&quot;:&quot;classic&quot;}\">\n\t\t\t\t<div class=\"elementor-element elementor-element-480ec9e elementor-widget__width-initial elementor-widget elementor-widget-image\" data-id=\"480ec9e\" data-element_type=\"widget\" data-e-type=\"widget\" data-widget_type=\"image.default\">\n\t\t\t\t<div class=\"elementor-widget-container\">\n\t\t\t\t\t\t\t\t\t\t\t\t\t\t\t<img decoding=\"async\" width=\"100\" height=\"100\" src=\"https:\/\/moovago.com\/wp-content\/uploads\/2024\/08\/4-min.jpg\" class=\"attachment-thumbnail size-thumbnail wp-image-44458\" alt=\"logotipo de waze\" srcset=\"https:\/\/moovago.com\/wp-content\/uploads\/2024\/08\/4-min.jpg 100w, https:\/\/moovago.com\/wp-content\/uploads\/2024\/08\/elementor\/thumbs\/4-min-qt9nhtfp4byqk7rsr7l8obezcv5yl5z91mnft2lnxw.jpg 50w, https:\/\/moovago.com\/wp-content\/uploads\/2024\/08\/elementor\/thumbs\/4-min-qt9nhtfpd3q0vtejmzrh3j6nkc0abime7zkh1cp3y4.jpg 70w\" sizes=\"(max-width: 100px) 100vw, 100px\" title=\"Moovago, application commerciaux, CRM, ERP, PGI, GRC\">\t\t\t\t\t\t\t\t\t\t\t\t\t\t\t<\/div>\n\t\t\t\t<\/div>\n\t\t\t\t<div class=\"elementor-element elementor-element-d3ec5ac elementor-widget__width-initial elementor-widget elementor-widget-heading\" data-id=\"d3ec5ac\" data-element_type=\"widget\" data-e-type=\"widget\" data-widget_type=\"heading.default\">\n\t\t\t\t<div class=\"elementor-widget-container\">\n\t\t\t\t\t<span class=\"elementor-heading-title elementor-size-default\">Navegar entre las paradas del recorrido<\/span>\t\t\t\t<\/div>\n\t\t\t\t<\/div>\n\t\t\t\t<\/div>\n\t\t\t\t<\/div>\n\t\t<div class=\"elementor-element elementor-element-b60416f e-con-full e-flex e-con e-child\" data-id=\"b60416f\" data-element_type=\"container\" data-e-type=\"container\">\n\t\t<div class=\"elementor-element elementor-element-a7ad66c e-con-full e-flex e-con e-child\" data-id=\"a7ad66c\" data-element_type=\"container\" data-e-type=\"container\" data-settings=\"{&quot;background_background&quot;:&quot;classic&quot;}\">\n\t\t\t\t<div class=\"elementor-element elementor-element-15b9500 elementor-widget__width-initial elementor-widget elementor-widget-image\" data-id=\"15b9500\" data-element_type=\"widget\" data-e-type=\"widget\" data-widget_type=\"image.default\">\n\t\t\t\t<div class=\"elementor-widget-container\">\n\t\t\t\t\t\t\t\t\t\t\t\t\t\t\t<img decoding=\"async\" width=\"100\" height=\"100\" src=\"https:\/\/moovago.com\/wp-content\/uploads\/2024\/08\/icone-moovago.jpg\" class=\"attachment-thumbnail size-thumbnail wp-image-44530\" alt=\"icono moovago\" srcset=\"https:\/\/moovago.com\/wp-content\/uploads\/2024\/08\/icone-moovago.jpg 100w, https:\/\/moovago.com\/wp-content\/uploads\/2024\/08\/elementor\/thumbs\/icone-moovago-qt9nkdjvq3gu601ztbeogo65kmjxji4y2al0u6t304.jpg 50w\" sizes=\"(max-width: 100px) 100vw, 100px\" title=\"Moovago, application commerciaux, CRM, ERP, PGI, GRC\">\t\t\t\t\t\t\t\t\t\t\t\t\t\t\t<\/div>\n\t\t\t\t<\/div>\n\t\t\t\t<div class=\"elementor-element elementor-element-c8a21cf elementor-widget__width-initial elementor-widget elementor-widget-heading\" data-id=\"c8a21cf\" data-element_type=\"widget\" data-e-type=\"widget\" data-widget_type=\"heading.default\">\n\t\t\t\t<div class=\"elementor-widget-container\">\n\t\t\t\t\t<span class=\"elementor-heading-title elementor-size-default\">Recuperar la direcci\u00f3n de un cliente<\/span>\t\t\t\t<\/div>\n\t\t\t\t<\/div>\n\t\t\t\t<\/div>\n\t\t\t\t<div class=\"elementor-element elementor-element-91646a9 elementor-view-default elementor-widget elementor-widget-icon\" data-id=\"91646a9\" data-element_type=\"widget\" data-e-type=\"widget\" data-widget_type=\"icon.default\">\n\t\t\t\t<div class=\"elementor-widget-container\">\n\t\t\t\t\t\t\t<div class=\"elementor-icon-wrapper\">\n\t\t\t<div class=\"elementor-icon\">\n\t\t\t<svg aria-hidden=\"true\" class=\"e-font-icon-svg e-fas-arrow-right\" viewBox=\"0 0 448 512\" xmlns=\"http:\/\/www.w3.org\/2000\/svg\"><path d=\"M190.5 66.9l22.2-22.2c9.4-9.4 24.6-9.4 33.9 0L441 239c9.4 9.4 9.4 24.6 0 33.9L246.6 467.3c-9.4 9.4-24.6 9.4-33.9 0l-22.2-22.2c-9.5-9.5-9.3-25 .4-34.3L311.4 296H24c-13.3 0-24-10.7-24-24v-32c0-13.3 10.7-24 24-24h287.4L190.9 101.2c-9.8-9.3-10-24.8-.4-34.3z\"><\/path><\/svg>\t\t\t<\/div>\n\t\t<\/div>\n\t\t\t\t\t\t<\/div>\n\t\t\t\t<\/div>\n\t\t<div class=\"elementor-element elementor-element-0d30c6a e-con-full e-flex e-con e-child\" data-id=\"0d30c6a\" data-element_type=\"container\" data-e-type=\"container\" data-settings=\"{&quot;background_background&quot;:&quot;classic&quot;}\">\n\t\t\t\t<div class=\"elementor-element elementor-element-938fa81 elementor-widget__width-initial elementor-widget elementor-widget-image\" data-id=\"938fa81\" data-element_type=\"widget\" data-e-type=\"widget\" data-widget_type=\"image.default\">\n\t\t\t\t<div class=\"elementor-widget-container\">\n\t\t\t\t\t\t\t\t\t\t\t\t\t\t\t<img decoding=\"async\" width=\"100\" height=\"100\" src=\"https:\/\/moovago.com\/wp-content\/uploads\/2024\/08\/4-min.jpg\" class=\"attachment-thumbnail size-thumbnail wp-image-44458\" alt=\"logotipo de waze\" srcset=\"https:\/\/moovago.com\/wp-content\/uploads\/2024\/08\/4-min.jpg 100w, https:\/\/moovago.com\/wp-content\/uploads\/2024\/08\/elementor\/thumbs\/4-min-qt9nhtfp4byqk7rsr7l8obezcv5yl5z91mnft2lnxw.jpg 50w, https:\/\/moovago.com\/wp-content\/uploads\/2024\/08\/elementor\/thumbs\/4-min-qt9nhtfpd3q0vtejmzrh3j6nkc0abime7zkh1cp3y4.jpg 70w\" sizes=\"(max-width: 100px) 100vw, 100px\" title=\"Moovago, application commerciaux, CRM, ERP, PGI, GRC\">\t\t\t\t\t\t\t\t\t\t\t\t\t\t\t<\/div>\n\t\t\t\t<\/div>\n\t\t\t\t<div class=\"elementor-element elementor-element-5e8db18 elementor-widget__width-initial elementor-widget elementor-widget-heading\" data-id=\"5e8db18\" data-element_type=\"widget\" data-e-type=\"widget\" data-widget_type=\"heading.default\">\n\t\t\t\t<div class=\"elementor-widget-container\">\n\t\t\t\t\t<span class=\"elementor-heading-title elementor-size-default\">Mostrar la ruta entre su ubicaci\u00f3n y este contacto<\/span>\t\t\t\t<\/div>\n\t\t\t\t<\/div>\n\t\t\t\t<\/div>\n\t\t\t\t<\/div>\n\t\t\t\t<div class=\"elementor-element elementor-element-ccfd7be elementor-widget elementor-widget-spacer\" data-id=\"ccfd7be\" data-element_type=\"widget\" data-e-type=\"widget\" data-widget_type=\"spacer.default\">\n\t\t\t\t<div class=\"elementor-widget-container\">\n\t\t\t\t\t\t\t<div class=\"elementor-spacer\">\n\t\t\t<div class=\"elementor-spacer-inner\"><\/div>\n\t\t<\/div>\n\t\t\t\t\t\t<\/div>\n\t\t\t\t<\/div>\n\t\t<div class=\"elementor-element elementor-element-e2073c5 e-con-full e-flex e-con e-child\" data-id=\"e2073c5\" data-element_type=\"container\" data-e-type=\"container\" data-settings=\"{&quot;background_background&quot;:&quot;gradient&quot;}\">\n\t\t\t\t<div class=\"elementor-element elementor-element-3e0594b elementor-widget elementor-widget-heading\" data-id=\"3e0594b\" data-element_type=\"widget\" data-e-type=\"widget\" data-widget_type=\"heading.default\">\n\t\t\t\t<div class=\"elementor-widget-container\">\n\t\t\t\t\t<span class=\"elementor-heading-title elementor-size-default\">Planifique con Moovago.<br>Navegue con Waze.<\/span>\t\t\t\t<\/div>\n\t\t\t\t<\/div>\n\t\t\t\t<div class=\"elementor-element elementor-element-0d824ad elementor-align-left elementor-tablet-align-left elementor-mobile-align-center elementor-widget-tablet__width-inherit elementor-widget-mobile__width-inherit elementor-widget elementor-widget-button\" data-id=\"0d824ad\" data-element_type=\"widget\" data-e-type=\"widget\" data-widget_type=\"button.default\">\n\t\t\t\t<div class=\"elementor-widget-container\">\n\t\t\t\t\t\t\t\t\t<div class=\"elementor-button-wrapper\">\n\t\t\t\t\t<a class=\"elementor-button elementor-button-link elementor-size-md\" href=\"https:\/\/moovago.com\/es\/funcionalidad-de-la-ruta\/\">\n\t\t\t\t\t\t<span class=\"elementor-button-content-wrapper\">\n\t\t\t\t\t\t\t\t\t<span class=\"elementor-button-text\">Descubra la herramienta de recorrido Moovago<\/span>\n\t\t\t\t\t<\/span>\n\t\t\t\t\t<\/a>\n\t\t\t\t<\/div>\n\t\t\t\t\t\t\t\t<\/div>\n\t\t\t\t<\/div>\n\t\t\t\t<\/div>\n\t\t\t\t\t<\/div>\n\t\t\t\t<\/div>\n\t\t\t\t<\/div>\n\t\t","protected":false},"excerpt":{"rendered":"<p>Waze es sin duda uno de los mejores paquetes de software GPS de nuestro tiempo. Al combinar herramientas de navegaci\u00f3n, ayudas a la conducci\u00f3n y cartograf\u00eda comunitaria, esta aplicaci\u00f3n gratuita se ha convertido en imprescindible en el mercado de los GPS, incluso para los vendedores m\u00f3viles que se desplazan a diario. \u00bfLe gusta Waze y [&hellip;]<\/p>\n","protected":false},"author":1,"featured_media":44442,"parent":49795,"menu_order":0,"comment_status":"closed","ping_status":"closed","template":"","meta":{"footnotes":""},"class_list":["post-49459","page","type-page","status-publish","has-post-thumbnail","hentry"],"_links":{"self":[{"href":"https:\/\/moovago.com\/es\/wp-json\/wp\/v2\/pages\/49459","targetHints":{"allow":["GET"]}}],"collection":[{"href":"https:\/\/moovago.com\/es\/wp-json\/wp\/v2\/pages"}],"about":[{"href":"https:\/\/moovago.com\/es\/wp-json\/wp\/v2\/types\/page"}],"author":[{"embeddable":true,"href":"https:\/\/moovago.com\/es\/wp-json\/wp\/v2\/users\/1"}],"replies":[{"embeddable":true,"href":"https:\/\/moovago.com\/es\/wp-json\/wp\/v2\/comments?post=49459"}],"version-history":[{"count":1,"href":"https:\/\/moovago.com\/es\/wp-json\/wp\/v2\/pages\/49459\/revisions"}],"predecessor-version":[{"id":49463,"href":"https:\/\/moovago.com\/es\/wp-json\/wp\/v2\/pages\/49459\/revisions\/49463"}],"up":[{"embeddable":true,"href":"https:\/\/moovago.com\/es\/wp-json\/wp\/v2\/pages\/49795"}],"wp:featuredmedia":[{"embeddable":true,"href":"https:\/\/moovago.com\/es\/wp-json\/wp\/v2\/media\/44442"}],"wp:attachment":[{"href":"https:\/\/moovago.com\/es\/wp-json\/wp\/v2\/media?parent=49459"}],"curies":[{"name":"wp","href":"https:\/\/api.w.org\/{rel}","templated":true}]}}