{"id":49570,"date":"2024-02-09T09:27:03","date_gmt":"2024-02-09T08:27:03","guid":{"rendered":"https:\/\/moovago.com\/politica-de-privacidad\/"},"modified":"2025-11-28T16:07:35","modified_gmt":"2025-11-28T15:07:35","slug":"politica-de-privacidad","status":"publish","type":"page","link":"https:\/\/moovago.com\/es\/politica-de-privacidad\/","title":{"rendered":"Pol\u00edtica de privacidad"},"content":{"rendered":"\t\t<div data-elementor-type=\"wp-page\" data-elementor-id=\"49570\" class=\"elementor elementor-49570 elementor-23134\" data-elementor-post-type=\"page\">\n\t\t\t\t<div class=\"elementor-element elementor-element-be1f205 e-flex e-con-boxed e-con e-parent\" data-id=\"be1f205\" data-element_type=\"container\" data-e-type=\"container\" data-settings=\"{&quot;background_background&quot;:&quot;gradient&quot;,&quot;shape_divider_bottom&quot;:&quot;waves&quot;}\">\n\t\t\t\t\t<div class=\"e-con-inner\">\n\t\t\t\t<div class=\"elementor-shape elementor-shape-bottom\" aria-hidden=\"true\" data-negative=\"false\">\n\t\t\t<svg xmlns=\"http:\/\/www.w3.org\/2000\/svg\" viewBox=\"0 0 1000 100\" preserveAspectRatio=\"none\">\n\t<path class=\"elementor-shape-fill\" d=\"M421.9,6.5c22.6-2.5,51.5,0.4,75.5,5.3c23.6,4.9,70.9,23.5,100.5,35.7c75.8,32.2,133.7,44.5,192.6,49.7\n\tc23.6,2.1,48.7,3.5,103.4-2.5c54.7-6,106.2-25.6,106.2-25.6V0H0v30.3c0,0,72,32.6,158.4,30.5c39.2-0.7,92.8-6.7,134-22.4\n\tc21.2-8.1,52.2-18.2,79.7-24.2C399.3,7.9,411.6,7.5,421.9,6.5z\"\/>\n<\/svg>\t\t<\/div>\n\t\t\t\t<div class=\"elementor-element elementor-element-ff97db3 elementor-widget elementor-widget-heading\" data-id=\"ff97db3\" data-element_type=\"widget\" data-e-type=\"widget\" data-widget_type=\"heading.default\">\n\t\t\t\t<div class=\"elementor-widget-container\">\n\t\t\t\t\t<h1 class=\"elementor-heading-title elementor-size-default\">Pol\u00edtica de privacidad del servicio<\/h1>\t\t\t\t<\/div>\n\t\t\t\t<\/div>\n\t\t\t\t\t<\/div>\n\t\t\t\t<\/div>\n\t\t<div class=\"elementor-element elementor-element-766d2be e-flex e-con-boxed e-con e-parent\" data-id=\"766d2be\" data-element_type=\"container\" data-e-type=\"container\">\n\t\t\t\t\t<div class=\"e-con-inner\">\n\t\t\t\t<div class=\"elementor-element elementor-element-ceab897 elementor-widget elementor-widget-text-editor\" data-id=\"ceab897\" data-element_type=\"widget\" data-e-type=\"widget\" data-widget_type=\"text-editor.default\">\n\t\t\t\t<div class=\"elementor-widget-container\">\n\t\t\t\t\t\t\t\t\t<p>En caso de discrepancias entre las versiones o dificultades de interpretaci\u00f3n, prevalecer\u00e1 <a href=\"https:\/\/moovago.com\/politique-de-confidentialite\/\" target=\"_blank\" rel=\"noopener\">la versi\u00f3n francesa<\/a>.<\/p><p>Documento traducido con fines informativos:<\/p>\t\t\t\t\t\t\t\t<\/div>\n\t\t\t\t<\/div>\n\t\t\t\t<div class=\"elementor-element elementor-element-163e06d elementor-widget elementor-widget-text-editor\" data-id=\"163e06d\" data-element_type=\"widget\" data-e-type=\"widget\" data-widget_type=\"text-editor.default\">\n\t\t\t\t<div class=\"elementor-widget-container\">\n\t\t\t\t\t\t\t\t\t<p>Cuando utiliza nuestra aplicaci\u00f3n Moovago (sitio web \u00abmoovago.app\u00bb y aplicaciones para m\u00f3viles Android e iOS), conf\u00eda en nosotros para el tratamiento de sus datos. El objetivo de esta pol\u00edtica de privacidad es indicarle qu\u00e9 informaci\u00f3n recopilamos, por qu\u00e9 la recopilamos y c\u00f3mo la utilizamos. Estas normas son importantes y esperamos que se tome el tiempo necesario para leerlas detenidamente.  <\/p>\n<p>La aplicaci\u00f3n utiliza determinados servicios de Google (Google Inc) que requieren la recopilaci\u00f3n y el uso de algunos de sus datos personales, tal y como se indica a continuaci\u00f3n:<\/p>\n<p><b style=\"color: var( --e-global-color-text ); text-align: var(--text-align); font-size: 1rem;\" data-sider-select-id=\"63263406-46d9-4a48-ae66-d4eafcaca320\">&nbsp;<\/b><\/p>\n<p><b style=\"color: var( --e-global-color-text ); text-align: var(--text-align); font-size: 1rem;\" data-sider-select-id=\"63263406-46d9-4a48-ae66-d4eafcaca320\">\u00abGoogle Analytics 4 (GA4)\u00bb (Google Inc.)<\/b><\/p>\n<p>Este servicio nos permite analizar c\u00f3mo utiliza la aplicaci\u00f3n, con vistas a mejorarla.<\/p>\n<p>Para su funcionamiento, este servicio recoge los siguientes datos personales:<\/p>\n<ul>\n<li>datos relativos a su uso de la aplicaci\u00f3n<\/li>\n<li>su direcci\u00f3n IP para determinar la ciudad de conexi\u00f3n<\/li>\n<li>identificadores de su dispositivo m\u00f3vil<a href=\"https:\/\/developer.apple.com\/documentation\/uikit\/uidevice\/1620059-identifierforvendor\" target=\"_blank\" rel=\"noopener\">(IDFVs<\/a> \/ <a href=\"https:\/\/developer.android.com\/reference\/android\/provider\/Settings.Secure.html#ANDROID_ID\" target=\"_blank\" rel=\"noopener\">Android IDs<\/a>, <a href=\"https:\/\/support.google.com\/adxseller\/answer\/6274238?hl=fr\" target=\"_blank\" rel=\"noopener\">Android Advertising ID e identificador de publicidad (IDFA) para iOS<\/a>, <a href=\"https:\/\/firebase.google.com\/docs\/reference\/android\/com\/google\/firebase\/installations\/FirebaseInstallations\" target=\"_blank\" rel=\"noopener\">FirebaseInstallations<\/a>, <a href=\"https:\/\/support.google.com\/analytics\/answer\/9268042?hl=fr\" target=\"_blank\" rel=\"noopener\">Analytics App Instance IDs<\/a>), cookies y tecnolog\u00edas similares.<\/li>\n<\/ul>\n<p>Google Analytics utiliza los datos para proporcionar informaci\u00f3n de an\u00e1lisis y atribuci\u00f3n. La informaci\u00f3n precisa recopilada puede variar en funci\u00f3n del dispositivo y el entorno. <\/p>\n<p>Para m\u00e1s informaci\u00f3n, consulte <a href=\"https:\/\/support.google.com\/analytics\/answer\/11593727?hl=fr\" target=\"_blank\" rel=\"noopener\">Recogida de datos<\/a>.<\/p>\n<p>Conservaci\u00f3n de datos: Google Analytics conserva determinados datos asociados a identificadores de publicidad (por ejemplo, el identificador de publicidad para Android y el identificador de publicidad (IDFA) para iOS) durante 60 d\u00edas, y conserva informes agregados y determinados datos de campa\u00f1as a nivel de usuario sin caducidad autom\u00e1tica.<\/p>\n<p><b style=\"color: var( --e-global-color-text ); text-align: var(--text-align); font-size: 1rem;\">&nbsp;<\/b><\/p>\n<p><b style=\"color: var( --e-global-color-text ); text-align: var(--text-align); font-size: 1rem;\">\u00abFirebase Crashlytics\u00bb (Google Inc.)<\/b><\/p>\n<p>Este servicio nos permite analizar los fallos, errores y ca\u00eddas que se producen cuando utiliza Moovago y, por tanto, hacer que Moovago sea m\u00e1s fiable.<\/p>\n<p>Para funcionar, este servicio recoge los siguientes datos:<\/p>\n<ul>\n<li>su \u00abUUID de instalaci\u00f3n\u00bb y su \u00abID de instalaci\u00f3n de Firebase\u00bb.<\/li>\n<li>pistas de choque<\/li>\n<\/ul>\n<div>&nbsp;<\/div>\n<p>Para m\u00e1s informaci\u00f3n, consulte <a href=\"https:\/\/firebase.google.com\/support\/privacy?hl=fr#data_processing_information\" target=\"_blank\" rel=\"noopener\">Confidencialidad y seguridad en Firebase<\/a> (secci\u00f3n Firebase Crashlytics).<\/p>\n<p><\/p>\n<p><b>\u00abAutenticaci\u00f3n Firebase\u00bb (Google Inc.)<\/b><\/p>\n<p>Este servicio nos permite identificarle y autenticar su acceso al servicio, con el fin de proporcionarle el servicio al que se ha suscrito.<\/p>\n<p>Para funcionar, este servicio recoge los siguientes datos:<\/p>\n<ul>\n<li>su direcci\u00f3n de correo electr\u00f3nico<\/li>\n<li>su contrase\u00f1a<\/li>\n<li>su Agente de Usuario<\/li>\n<li>su direcci\u00f3n IP<\/li>\n<\/ul>\n<div>&nbsp;<\/div>\n<p>Estos datos se utilizan para autenticarle y para reforzar la seguridad y evitar abusos durante la conexi\u00f3n y la autenticaci\u00f3n.<\/p>\n<p>Retenci\u00f3n de datos : La autenticaci\u00f3n Firebase retiene las direcciones IP registradas durante unas semanas. Conserva otra informaci\u00f3n de autenticaci\u00f3n hasta que se elimina el usuario asociado, tras lo cual los datos se eliminan de los sistemas en vivo y de copia de seguridad en un plazo de 180 d\u00edas. <\/p>\n<p>Para m\u00e1s informaci\u00f3n, consulte <a href=\"https:\/\/firebase.google.com\/support\/privacy?hl=fr#data_processing_information\" target=\"_blank\" rel=\"noopener\">Confidencialidad y seguridad en Firebase<\/a> (secci\u00f3n Autenticaci\u00f3n en Firebase)<\/p>\n<p><b style=\"color: var( --e-global-color-text ); text-align: var(--text-align); font-size: 1rem;\">&nbsp;<\/b><\/p>\n<p><b style=\"color: var( --e-global-color-text ); text-align: var(--text-align); font-size: 1rem;\">\u00abConfiguraci\u00f3n remota de Firebase (Google Inc.)&nbsp;&nbsp;<\/b><\/p>\n<p>Este servicio se utiliza para recuperar los datos t\u00e9cnicos necesarios para el funcionamiento de la aplicaci\u00f3n.<\/p>\n<p>Para funcionar, este servicio recoge los siguientes datos:<\/p>\n<p>&#8211; su \u00abID de instalaci\u00f3n de Firebase<\/p>\n<p>Para m\u00e1s informaci\u00f3n, consulte <a href=\"https:\/\/firebase.google.com\/support\/privacy?hl=fr#data_processing_information\" target=\"_blank\" rel=\"noopener\">Confidencialidad y seguridad en Firebase<\/a> (secci\u00f3n Configuraci\u00f3n remota de Firebase)<\/p>\n<p><b style=\"color: var( --e-global-color-text ); text-align: var(--text-align); font-size: 1rem;\">&nbsp;<\/b><\/p>\n<p><b style=\"color: var( --e-global-color-text ); text-align: var(--text-align); font-size: 1rem;\">\u00bb Mensajer\u00eda en la nube Firebase (Google Inc.)<\/b><\/p>\n<p>Este servicio nos permite enviar notificaciones (mensajes) a sus dispositivos m\u00f3viles.<\/p>\n<p>Para funcionar, este servicio recoge <span style=\"color: var( --e-global-color-text ); text-align: var(--text-align); font-size: 1rem;\">su \u00abID de instalaci\u00f3n de Firebase\u00bb.<\/span><\/p>\n<p>Para m\u00e1s informaci\u00f3n, consulte <a href=\"https:\/\/firebase.google.com\/support\/privacy?hl=fr#data_processing_information\" target=\"_blank\" rel=\"noopener\">Privacidad y seguridad en Firebase<\/a> (secci\u00f3n Mensajer\u00eda en la nube de Firebase).<\/p>\n<p><b style=\"color: var( --e-global-color-text ); text-align: var(--text-align); font-size: 1rem;\">\u00bb Almacenamiento en la nube para Firebase (Google Inc.)<\/b><\/p>\n<p>Este servicio nos permite almacenar los documentos (archivos) que usted cargue en la aplicaci\u00f3n. Este servicio se basa en el servicio Google Cloud Storage.<br>Para obtener m\u00e1s informaci\u00f3n, consulte la <a href=\"https:\/\/cloud.google.com\/terms\/cloud-privacy-notice?hl=fr\" target=\"_blank\" rel=\"noopener\">Declaraci\u00f3n de privacidad de Google Cloud<\/a> (para el servicio Google Cloud Platform y, m\u00e1s concretamente, Cloud Storage para Firebase). <\/p>\n<p><a href=\"https:\/\/cloud.google.com\/privacy\/gdpr?hl=fr\" target=\"_blank\" rel=\"noopener\">\u00abFirebase<\/a>y Google Cloud cumplen con el RGPD.<\/p>\n<p>Los Datos de Servicio Firebase son datos personales que Google recopila y genera en el transcurso de la prestaci\u00f3n y administraci\u00f3n de los Servicios Firebase. No incluye los Datos del cliente ni los Datos de servicio de Google<x id=\"gid_0\"><\/x>Cloud. Google utiliza los Datos de servicio Firebase de conformidad con su  &nbsp;<a href=\"https:\/\/policies.google.com\/privacy\" target=\"_blank\" rel=\"noopener\">Normas de confidencialidad<\/a> y condiciones de uso aplicables.&nbsp;<a href=\"https:\/\/firebase.google.com\/support\/privacy?hl=fr&amp;authuser=0&amp;_gl=1*qmojfb*_ga*NDY5MjY5Nzk5LjE3MDI2Mzg1OTc.*_ga_CW55HF8NVT*MTcwNzQwMzY4My4yMC4xLjE3MDc0MDg1NDIuMjguMC4w\" target=\"_blank\" rel=\"noopener\">M\u00e1s informaci\u00f3n<\/a><\/p>\n<p>Los datos que introduce o importa en la aplicaci\u00f3n se almacenan en nuestras bases de datos. Estas bases de datos est\u00e1n alojadas en centros de datos situados en Francia. <\/p>\n<p><span style=\"font-weight: bold; color: var( --e-global-color-text ); text-align: var(--text-align); font-size: 1rem;\">&nbsp;<\/span><\/p>\n<p><span style=\"font-weight: bold; color: var( --e-global-color-text ); text-align: var(--text-align); font-size: 1rem;\">\u00abGoogle Calendar\u00bb (Google Inc.)<\/span><\/p>\n<p data-sider-select-id=\"38874266-4f0a-4216-84d7-5b4311ce48ac\">Puede activar la sincronizaci\u00f3n de su calendario Moovago con su calendario Google y viceversa.<\/p>\n<p data-sider-select-id=\"41b314e5-2d58-4dce-b2c4-c69dda9e99e7\"><i data-sider-select-id=\"e3ab0812-59c0-4a7b-ab55-ed79558db7f5\"><span data-sider-select-id=\"b468513c-460c-4764-ab59-e6794cda136f\">\u00bfC\u00f3mo recopila, utiliza, almacena y comparte el servicio Moovago sus datos de usuario de Google?<\/span><\/i><\/p>\n<p data-sider-select-id=\"22d941cd-9f0d-40c8-8f6b-5fd49ba47410\">Moovago utiliza los datos de usuario de su cuenta de Google mediante el servicio API de Google, limitando nuestro uso a lo estrictamente necesario. A continuaci\u00f3n le explicamos c\u00f3mo: <\/p>\n<p data-sider-select-id=\"22d941cd-9f0d-40c8-8f6b-5fd49ba47410\"><span style=\"background-color: transparent; color: var( --e-global-color-text ); text-align: var(--text-align);\">Moovago s\u00f3lo utiliza el acceso a sus datos de usuario de Google para llevar a cabo las siguientes acciones: <\/span><span style=\"background-color: transparent; color: var( --e-global-color-text ); text-align: var(--text-align);\">obtener una lista de sus calendarios de Google, as\u00ed como crear, leer y modificar sus eventos de Google Calendar (incluidas las notas) y sus metadatos, con el fin de proporcionarle la funcionalidad de calendario web y m\u00f3vil directamente en la aplicaci\u00f3n de Moovago, permiti\u00e9ndole crear, leer y modificar eventos, as\u00ed como sincronizarlos.<\/span><\/p>\n<p data-sider-select-id=\"c7482210-c3a2-4812-b973-bf9586abb232\">Moovago nunca transfiere estos datos de Google a terceros.<\/p>\n<p>Moovago recopila ef\u00edmeramente la lista de sus calendarios de Google y la utiliza para permitirle seleccionar el calendario con el que desea sincronizar sus eventos de Moovago. No guardamos su lista de calendarios. S\u00f3lo almacenamos el nombre del calendario seleccionado en nuestras bases de datos. Moovago nunca comparte estos datos con terceros.   <\/p>\n<p>Moovago recopila sus eventos futuros de Google (= despu\u00e9s de la fecha de activaci\u00f3n del servicio de sincronizaci\u00f3n) del calendario que haya seleccionado previamente, y registra estos eventos en nuestras bases de datos. A continuaci\u00f3n, estos eventos se sincronizan de Moovago a Google y de Google a Moovago (cualquier modificaci\u00f3n de un evento se transfiere autom\u00e1ticamente de uno a otro). <\/p>\n<p data-sider-select-id=\"043ad45a-0596-4f96-b38d-acc1247204be\">El uso por parte del servicio Moovago y la transferencia a cualquier otra aplicaci\u00f3n de la informaci\u00f3n recibida de las API de Google se realizar\u00e1 de acuerdo con la <a href=\"https:\/\/developers.google.com\/terms\/api-services-user-data-policy#additional_requirements_for_specific_api_scopes\" data-sider-select-id=\"3f35af59-9e09-439c-bfcc-162c0e2c471c\" target=\"_blank\" rel=\"noopener\">Pol\u00edtica de datos del usuario de los servicios API de Google<\/a>, incluidos los requisitos de uso limitado.<\/p>\n<p>Google Calendar es una marca comercial de Google LLC.<\/p><p><br><\/p>\n<p><\/p>\n<p><b>Eliminar una cuenta<\/b><\/p>\n<p>Como parte de su uso de Moovago, puede eliminar su cuenta por su cuenta. Encuentre <a href=\"https:\/\/moovago.com\/es\/eliminacion-de-la-cuenta\/\">aqu\u00ed<\/a> nuestras instrucciones, recomendaciones e informaci\u00f3n. <\/p>\n<p><\/p>\n<p data-renderer-start-pos=\"375\"><br><\/p>\n<p data-renderer-start-pos=\"375\"><b style=\"color: var( --e-global-color-text ); text-align: var(--text-align); font-size: 1rem;\">Cambios<\/b><\/p>\n<p>Estas normas de confidencialidad pueden estar sujetas a cambios. Al instalar y utilizar la aplicaci\u00f3n, usted acepta estas normas sin restricciones. Si no las acepta, le rogamos que no instale, actualice ni ejecute la aplicaci\u00f3n.  <\/p>\n<p>Publicaremos cualquier cambio en las normas de confidencialidad en esta p\u00e1gina.<\/p>\t\t\t\t\t\t\t\t<\/div>\n\t\t\t\t<\/div>\n\t\t\t\t<div class=\"elementor-element elementor-element-5986eb4 elementor-widget-divider--view-line elementor-widget elementor-widget-divider\" data-id=\"5986eb4\" data-element_type=\"widget\" data-e-type=\"widget\" data-widget_type=\"divider.default\">\n\t\t\t\t<div class=\"elementor-widget-container\">\n\t\t\t\t\t\t\t<div class=\"elementor-divider\">\n\t\t\t<span class=\"elementor-divider-separator\">\n\t\t\t\t\t\t<\/span>\n\t\t<\/div>\n\t\t\t\t\t\t<\/div>\n\t\t\t\t<\/div>\n\t\t\t\t<div class=\"elementor-element elementor-element-672cee2 elementor-widget elementor-widget-text-editor\" data-id=\"672cee2\" data-element_type=\"widget\" data-e-type=\"widget\" data-widget_type=\"text-editor.default\">\n\t\t\t\t<div class=\"elementor-widget-container\">\n\t\t\t\t\t\t\t\t\t<p>En caso de discrepancias entre las versiones o dificultades de interpretaci\u00f3n, prevalecer\u00e1 <a href=\"https:\/\/moovago.com\/politique-de-confidentialite\/\" target=\"_blank\" rel=\"noopener\">la versi\u00f3n en franc\u00e9s<\/a>.<\/p><p>Documento traducido con fines informativos.<\/p>\t\t\t\t\t\t\t\t<\/div>\n\t\t\t\t<\/div>\n\t\t\t\t\t<\/div>\n\t\t\t\t<\/div>\n\t\t\t\t<\/div>\n\t\t","protected":false},"excerpt":{"rendered":"<p>Pol\u00edtica de privacidad del servicio En caso de discrepancias entre las versiones o dificultades de interpretaci\u00f3n, prevalecer\u00e1 la versi\u00f3n francesa. Documento traducido con fines informativos: Cuando utiliza nuestra aplicaci\u00f3n Moovago (sitio web \u00abmoovago.app\u00bb y aplicaciones para m\u00f3viles Android e iOS), conf\u00eda en nosotros para el tratamiento de sus datos. El objetivo de esta pol\u00edtica de [&hellip;]<\/p>\n","protected":false},"author":1,"featured_media":39481,"parent":0,"menu_order":0,"comment_status":"closed","ping_status":"closed","template":"elementor_header_footer","meta":{"footnotes":""},"class_list":["post-49570","page","type-page","status-publish","has-post-thumbnail","hentry"],"_links":{"self":[{"href":"https:\/\/moovago.com\/es\/wp-json\/wp\/v2\/pages\/49570","targetHints":{"allow":["GET"]}}],"collection":[{"href":"https:\/\/moovago.com\/es\/wp-json\/wp\/v2\/pages"}],"about":[{"href":"https:\/\/moovago.com\/es\/wp-json\/wp\/v2\/types\/page"}],"author":[{"embeddable":true,"href":"https:\/\/moovago.com\/es\/wp-json\/wp\/v2\/users\/1"}],"replies":[{"embeddable":true,"href":"https:\/\/moovago.com\/es\/wp-json\/wp\/v2\/comments?post=49570"}],"version-history":[{"count":4,"href":"https:\/\/moovago.com\/es\/wp-json\/wp\/v2\/pages\/49570\/revisions"}],"predecessor-version":[{"id":50674,"href":"https:\/\/moovago.com\/es\/wp-json\/wp\/v2\/pages\/49570\/revisions\/50674"}],"wp:featuredmedia":[{"embeddable":true,"href":"https:\/\/moovago.com\/es\/wp-json\/wp\/v2\/media\/39481"}],"wp:attachment":[{"href":"https:\/\/moovago.com\/es\/wp-json\/wp\/v2\/media?parent=49570"}],"curies":[{"name":"wp","href":"https:\/\/api.w.org\/{rel}","templated":true}]}}