{"id":49789,"date":"2024-08-27T10:04:56","date_gmt":"2024-08-27T08:04:56","guid":{"rendered":"https:\/\/moovago.com\/conecte-su-crm-a-moovago\/"},"modified":"2025-11-27T11:34:41","modified_gmt":"2025-11-27T10:34:41","slug":"conecte-su-crm-a-moovago","status":"publish","type":"page","link":"https:\/\/moovago.com\/es\/conecte-sus-herramientas-favoritas-a-moovago\/conecte-su-crm-a-moovago\/","title":{"rendered":"Conecte su CRM a Moovago"},"content":{"rendered":"\t\t<div data-elementor-type=\"wp-page\" data-elementor-id=\"49789\" class=\"elementor elementor-49789 elementor-28568\" data-elementor-post-type=\"page\">\n\t\t\t\t<div class=\"elementor-element elementor-element-00203f7 e-flex e-con-boxed e-con e-parent\" data-id=\"00203f7\" data-element_type=\"container\" data-e-type=\"container\">\n\t\t\t\t\t<div class=\"e-con-inner\">\n\t\t\t\t<div class=\"elementor-element elementor-element-c443005 elementor-widget elementor-widget-heading\" data-id=\"c443005\" data-element_type=\"widget\" data-e-type=\"widget\" data-widget_type=\"heading.default\">\n\t\t\t\t<div class=\"elementor-widget-container\">\n\t\t\t\t\t<h2 class=\"elementor-heading-title elementor-size-default\">Software CRM<\/h2>\t\t\t\t<\/div>\n\t\t\t\t<\/div>\n\t\t\t\t<div class=\"elementor-element elementor-element-fa54888 elementor-posts--align-center elementor-grid-3 elementor-grid-tablet-2 elementor-grid-mobile-1 elementor-posts--thumbnail-top elementor-widget elementor-widget-posts\" data-id=\"fa54888\" data-element_type=\"widget\" data-e-type=\"widget\" data-settings=\"{&quot;classic_row_gap&quot;:{&quot;unit&quot;:&quot;px&quot;,&quot;size&quot;:30,&quot;sizes&quot;:[]},&quot;classic_columns&quot;:&quot;3&quot;,&quot;classic_columns_tablet&quot;:&quot;2&quot;,&quot;classic_columns_mobile&quot;:&quot;1&quot;,&quot;classic_row_gap_widescreen&quot;:{&quot;unit&quot;:&quot;px&quot;,&quot;size&quot;:&quot;&quot;,&quot;sizes&quot;:[]},&quot;classic_row_gap_laptop&quot;:{&quot;unit&quot;:&quot;px&quot;,&quot;size&quot;:&quot;&quot;,&quot;sizes&quot;:[]},&quot;classic_row_gap_tablet&quot;:{&quot;unit&quot;:&quot;px&quot;,&quot;size&quot;:&quot;&quot;,&quot;sizes&quot;:[]},&quot;classic_row_gap_mobile&quot;:{&quot;unit&quot;:&quot;px&quot;,&quot;size&quot;:&quot;&quot;,&quot;sizes&quot;:[]}}\" data-widget_type=\"posts.classic\">\n\t\t\t\t<div class=\"elementor-widget-container\">\n\t\t\t\t\t\t\t<div class=\"elementor-posts-container elementor-posts elementor-posts--skin-classic elementor-grid\" role=\"list\">\n\t\t\t\t<article class=\"elementor-post elementor-grid-item post-47667 page type-page status-publish has-post-thumbnail hentry\" role=\"listitem\">\n\t\t\t\t<a class=\"elementor-post__thumbnail__link\" href=\"https:\/\/moovago.com\/es\/conecte-sus-herramientas-favoritas-a-moovago\/moovago-x-microsoft-dynamics-365\/\" tabindex=\"-1\" >\n\t\t\t<div class=\"elementor-post__thumbnail\"><img decoding=\"async\" width=\"420\" height=\"200\" src=\"https:\/\/moovago.com\/wp-content\/uploads\/2024\/08\/moovago-dynamics-365.jpg\" class=\"attachment-full size-full wp-image-44418\" alt=\"integraci\u00f3n moovago dynamics 365\" title=\"Moovago, application commerciaux, CRM, ERP, PGI, GRC\" srcset=\"https:\/\/moovago.com\/wp-content\/uploads\/2024\/08\/moovago-dynamics-365.jpg 420w, https:\/\/moovago.com\/wp-content\/uploads\/2024\/08\/moovago-dynamics-365-300x143.jpg 300w\" sizes=\"(max-width: 420px) 100vw, 420px\" \/><\/div>\n\t\t<\/a>\n\t\t\t\t<div class=\"elementor-post__text\">\n\t\t\t\t<h3 class=\"elementor-post__title\">\n\t\t\t<a href=\"https:\/\/moovago.com\/es\/conecte-sus-herramientas-favoritas-a-moovago\/moovago-x-microsoft-dynamics-365\/\" >\n\t\t\t\tMoovago x Microsoft Dynamics 365\t\t\t<\/a>\n\t\t<\/h3>\n\t\t\n\t\t<a class=\"elementor-post__read-more\" href=\"https:\/\/moovago.com\/es\/conecte-sus-herramientas-favoritas-a-moovago\/moovago-x-microsoft-dynamics-365\/\" aria-label=\"M\u00e1s informaci\u00f3n sobre Moovago x Microsoft Dynamics 365\" tabindex=\"-1\" >\n\t\t\tLeer m\u00e1s \"\t\t<\/a>\n\n\t\t\t\t<\/div>\n\t\t\t\t<\/article>\n\t\t\t\t<\/div>\n\t\t\n\t\t\t\t\t\t<\/div>\n\t\t\t\t<\/div>\n\t\t<div class=\"elementor-element elementor-element-97539cc e-con-full e-flex e-con e-child\" data-id=\"97539cc\" data-element_type=\"container\" data-e-type=\"container\" data-settings=\"{&quot;background_background&quot;:&quot;gradient&quot;}\">\n\t\t\t\t<div class=\"elementor-element elementor-element-4309341 elementor-widget elementor-widget-text-editor\" data-id=\"4309341\" data-element_type=\"widget\" data-e-type=\"widget\" data-widget_type=\"text-editor.default\">\n\t\t\t\t<div class=\"elementor-widget-container\">\n\t\t\t\t\t\t\t\t\t<p><b>\u00bfNo encuentra el software que busca? Entonces, \u00a1que no cunda el p\u00e1nico! &nbsp;<\/b><\/p>\n<p>Sus necesidades de integraci\u00f3n pueden ser posibles. <span style=\"color: var( --e-global-color-text ); background-color: transparent; font-family: var( --e-global-typography-text-font-family ); font-size: var( --e-global-typography-text-font-size );\">Nuestro equipo estar\u00e1 encantado de estudiar sus necesidades de conexi\u00f3n con sus herramientas existentes.<\/span><\/p>\t\t\t\t\t\t\t\t<\/div>\n\t\t\t\t<\/div>\n\t\t\t\t<div class=\"elementor-element elementor-element-7b83a2f elementor-align-left elementor-tablet-align-left elementor-mobile-align-center elementor-widget-tablet__width-inherit elementor-widget-mobile__width-inherit elementor-widget elementor-widget-button\" data-id=\"7b83a2f\" data-element_type=\"widget\" data-e-type=\"widget\" data-widget_type=\"button.default\">\n\t\t\t\t<div class=\"elementor-widget-container\">\n\t\t\t\t\t\t\t\t\t<div class=\"elementor-button-wrapper\">\n\t\t\t\t\t<a class=\"elementor-button elementor-button-link elementor-size-md\" href=\"https:\/\/moovago.com\/es\/contacto-cita\/\">\n\t\t\t\t\t\t<span class=\"elementor-button-content-wrapper\">\n\t\t\t\t\t\t\t\t\t<span class=\"elementor-button-text\">Solicitar una demostraci\u00f3n<\/span>\n\t\t\t\t\t<\/span>\n\t\t\t\t\t<\/a>\n\t\t\t\t<\/div>\n\t\t\t\t\t\t\t\t<\/div>\n\t\t\t\t<\/div>\n\t\t\t\t<\/div>\n\t\t\t\t\t<\/div>\n\t\t\t\t<\/div>\n\t\t\t\t<\/div>\n\t\t","protected":false},"excerpt":{"rendered":"<p>Software CRM \u00bfNo encuentra el software que busca? Entonces, \u00a1que no cunda el p\u00e1nico! &nbsp; Sus necesidades de integraci\u00f3n pueden ser posibles. Nuestro equipo estar\u00e1<\/p>\n","protected":false},"author":1,"featured_media":44366,"parent":49795,"menu_order":1,"comment_status":"closed","ping_status":"closed","template":"","meta":{"footnotes":""},"class_list":["post-49789","page","type-page","status-publish","has-post-thumbnail","hentry"],"_links":{"self":[{"href":"https:\/\/moovago.com\/es\/wp-json\/wp\/v2\/pages\/49789","targetHints":{"allow":["GET"]}}],"collection":[{"href":"https:\/\/moovago.com\/es\/wp-json\/wp\/v2\/pages"}],"about":[{"href":"https:\/\/moovago.com\/es\/wp-json\/wp\/v2\/types\/page"}],"author":[{"embeddable":true,"href":"https:\/\/moovago.com\/es\/wp-json\/wp\/v2\/users\/1"}],"replies":[{"embeddable":true,"href":"https:\/\/moovago.com\/es\/wp-json\/wp\/v2\/comments?post=49789"}],"version-history":[{"count":1,"href":"https:\/\/moovago.com\/es\/wp-json\/wp\/v2\/pages\/49789\/revisions"}],"predecessor-version":[{"id":49790,"href":"https:\/\/moovago.com\/es\/wp-json\/wp\/v2\/pages\/49789\/revisions\/49790"}],"up":[{"embeddable":true,"href":"https:\/\/moovago.com\/es\/wp-json\/wp\/v2\/pages\/49795"}],"wp:featuredmedia":[{"embeddable":true,"href":"https:\/\/moovago.com\/es\/wp-json\/wp\/v2\/media\/44366"}],"wp:attachment":[{"href":"https:\/\/moovago.com\/es\/wp-json\/wp\/v2\/media?parent=49789"}],"curies":[{"name":"wp","href":"https:\/\/api.w.org\/{rel}","templated":true}]}}