{"id":49827,"date":"2024-08-26T11:21:16","date_gmt":"2024-08-26T09:21:16","guid":{"rendered":"https:\/\/moovago.com\/conecte-sus-herramientas-favoritas-a-moovago\/moovago-x-google-maps\/"},"modified":"2025-11-27T11:36:03","modified_gmt":"2025-11-27T10:36:03","slug":"moovago-x-google-maps","status":"publish","type":"page","link":"https:\/\/moovago.com\/es\/conecte-sus-herramientas-favoritas-a-moovago\/moovago-x-google-maps\/","title":{"rendered":"Moovago x Google Maps"},"content":{"rendered":"\t\t<div data-elementor-type=\"wp-page\" data-elementor-id=\"49827\" class=\"elementor elementor-49827 elementor-28464\" data-elementor-post-type=\"page\">\n\t\t\t\t<div class=\"elementor-element elementor-element-9e0a0f7 e-flex e-con-boxed e-con e-parent\" data-id=\"9e0a0f7\" data-element_type=\"container\" data-e-type=\"container\">\n\t\t\t\t\t<div class=\"e-con-inner\">\n\t\t\t\t<div class=\"elementor-element elementor-element-13ae8ef elementor-widget elementor-widget-heading\" data-id=\"13ae8ef\" data-element_type=\"widget\" data-e-type=\"widget\" data-widget_type=\"heading.default\">\n\t\t\t\t<div class=\"elementor-widget-container\">\n\t\t\t\t\t<h2 class=\"elementor-heading-title elementor-size-default\">Google Maps, localizaci\u00f3n de datos y software GPS<\/h2>\t\t\t\t<\/div>\n\t\t\t\t<\/div>\n\t\t\t\t<div class=\"elementor-element elementor-element-2bace00 elementor-widget elementor-widget-text-editor\" data-id=\"2bace00\" data-element_type=\"widget\" data-e-type=\"widget\" data-widget_type=\"text-editor.default\">\n\t\t\t\t<div class=\"elementor-widget-container\">\n\t\t\t\t\t\t\t\t\t<p>Google Maps es una de <b>las herramientas m\u00e1s esenciales de Google<\/b>. Docenas de funciones se agrupan en una soluci\u00f3n accesible para el mayor n\u00famero de personas posible. <\/p><p>Entre los aspectos m\u00e1s interesantes para los representantes de ventas :<\/p><ul><li>Acceda a un <b>mapa interactivo de todo el mundo<\/b>,  <\/li><li><span style=\"background-color: transparent; color: var( --e-global-color-text ); font-family: var( --e-global-typography-text-font-family ); text-align: var(--text-align);\">Encuentre <b>establecimientos cercanos<\/b>,<\/span><\/li><li>Consulte gratuitamente <b>informaci\u00f3n sobre estos establecimientos<\/b> (direcci\u00f3n, datos de contacto, p\u00e1gina web, rese\u00f1as, etc.),<\/li><li>Obtenga una<b> ruta<\/b> precisa entre las diferentes etapas gracias a su <b>funci\u00f3n GPS<\/b>.<\/li><\/ul>\t\t\t\t\t\t\t\t<\/div>\n\t\t\t\t<\/div>\n\t\t\t\t<div class=\"elementor-element elementor-element-d40d1df elementor-widget elementor-widget-spacer\" data-id=\"d40d1df\" data-element_type=\"widget\" data-e-type=\"widget\" data-widget_type=\"spacer.default\">\n\t\t\t\t<div class=\"elementor-widget-container\">\n\t\t\t\t\t\t\t<div class=\"elementor-spacer\">\n\t\t\t<div class=\"elementor-spacer-inner\"><\/div>\n\t\t<\/div>\n\t\t\t\t\t\t<\/div>\n\t\t\t\t<\/div>\n\t\t\t\t<div class=\"elementor-element elementor-element-979cd6a elementor-widget elementor-widget-heading\" data-id=\"979cd6a\" data-element_type=\"widget\" data-e-type=\"widget\" data-widget_type=\"heading.default\">\n\t\t\t\t<div class=\"elementor-widget-container\">\n\t\t\t\t\t<h2 class=\"elementor-heading-title elementor-size-default\">Un Google Maps personalizado disponible en Moovago<\/h2>\t\t\t\t<\/div>\n\t\t\t\t<\/div>\n\t\t\t\t<div class=\"elementor-element elementor-element-e7542ab elementor-alert-info elementor-widget elementor-widget-alert\" data-id=\"e7542ab\" data-element_type=\"widget\" data-e-type=\"widget\" data-widget_type=\"alert.default\">\n\t\t\t\t<div class=\"elementor-widget-container\">\n\t\t\t\t\t\t\t<div class=\"elementor-alert\" role=\"alert\">\n\n\t\t\t\t\t\t<span class=\"elementor-alert-title\">Las herramientas de Google Maps que se presentan a continuaci\u00f3n est\u00e1n incluidas en todas las licencias de Moovago.<\/span>\n\t\t\t\n\t\t\t\n\t\t\t\n\t\t<\/div>\n\t\t\t\t\t\t<\/div>\n\t\t\t\t<\/div>\n\t\t\t\t<div class=\"elementor-element elementor-element-5d3ee49 elementor-widget elementor-widget-heading\" data-id=\"5d3ee49\" data-element_type=\"widget\" data-e-type=\"widget\" data-widget_type=\"heading.default\">\n\t\t\t\t<div class=\"elementor-widget-container\">\n\t\t\t\t\t<h3 class=\"elementor-heading-title elementor-size-default\">Importe sus contactos y visualice a sus clientes actuales y potenciales en un mapa<\/h3>\t\t\t\t<\/div>\n\t\t\t\t<\/div>\n\t\t\t\t<div class=\"elementor-element elementor-element-872b317 elementor-widget elementor-widget-text-editor\" data-id=\"872b317\" data-element_type=\"widget\" data-e-type=\"widget\" data-widget_type=\"text-editor.default\">\n\t\t\t\t<div class=\"elementor-widget-container\">\n\t\t\t\t\t\t\t\t\t<p>Utilice las herramientas m\u00e1s potentes desarrolladas por Google en su aplicaci\u00f3n Moovago.<\/p><p>Para que pueda ver sus contactos en un mapa y localizarlos de un vistazo, Moovago ha elegido Google Maps.<\/p><p>Est\u00e1 disponible en la<strong>pesta\u00f1a \u00abMapa\u00bb de Moovago<\/strong> y se incluye por defecto en todas nuestras sesiones.<\/p><p>Importe sus <strong>bases de datos de clientes y clientes potenciales<\/strong> y visual\u00edcelos en un mapa interactivo en forma de marcadores.<\/p><ul><li>Vea toda su cartera de clientes de un vistazo,  <\/li><li>Pulse sobre un marcador del mapa para acceder a su ficha,<\/li><li>Dibuje un c\u00edrculo alrededor de varios marcadores para a\u00f1adirlos a un recorrido,<\/li><li>Filtre sus marcadores con unos pocos clics a trav\u00e9s de la leyenda, o utilice los Filtros.<\/li><\/ul>\t\t\t\t\t\t\t\t<\/div>\n\t\t\t\t<\/div>\n\t\t\t\t<div class=\"elementor-element elementor-element-5a05b11 elementor-widget elementor-widget-heading\" data-id=\"5a05b11\" data-element_type=\"widget\" data-e-type=\"widget\" data-widget_type=\"heading.default\">\n\t\t\t\t<div class=\"elementor-widget-container\">\n\t\t\t\t\t<h3 class=\"elementor-heading-title elementor-size-default\">Herramientas de navegaci\u00f3n que conoce bien<\/h3>\t\t\t\t<\/div>\n\t\t\t\t<\/div>\n\t\t\t\t<div class=\"elementor-element elementor-element-9c3089b elementor-widget elementor-widget-text-editor\" data-id=\"9c3089b\" data-element_type=\"widget\" data-e-type=\"widget\" data-widget_type=\"text-editor.default\">\n\t\t\t\t<div class=\"elementor-widget-container\">\n\t\t\t\t\t\t\t\t\t<p>Para utilizar y personalizar su mapa, Moovago se basa en la <b>navegaci\u00f3n sencilla y accesible que ofrece<\/b><span style=\"color: var( --e-global-color-text ); font-family: var( --e-global-typography-text-font-family ); font-size: var( --e-global-typography-text-font-size ); text-align: var(--text-align); background-color: var( --e-global-color-accent );\"><b> Google Maps<\/b>: <\/span> <\/p><ul><li>Herramientas de acercamiento\/alejamiento,<\/li><li>Vista de la calle,<\/li><li>Elecci\u00f3n de plano o vista por sat\u00e9lite,<\/li><li>Y as\u00ed sucesivamente.<\/li><\/ul>\t\t\t\t\t\t\t\t<\/div>\n\t\t\t\t<\/div>\n\t\t\t\t<div class=\"elementor-element elementor-element-1edc0a2 elementor-widget elementor-widget-spacer\" data-id=\"1edc0a2\" data-element_type=\"widget\" data-e-type=\"widget\" data-widget_type=\"spacer.default\">\n\t\t\t\t<div class=\"elementor-widget-container\">\n\t\t\t\t\t\t\t<div class=\"elementor-spacer\">\n\t\t\t<div class=\"elementor-spacer-inner\"><\/div>\n\t\t<\/div>\n\t\t\t\t\t\t<\/div>\n\t\t\t\t<\/div>\n\t\t\t\t<div class=\"elementor-element elementor-element-10738f5 elementor-widget elementor-widget-heading\" data-id=\"10738f5\" data-element_type=\"widget\" data-e-type=\"widget\" data-widget_type=\"heading.default\">\n\t\t\t\t<div class=\"elementor-widget-container\">\n\t\t\t\t\t<h2 class=\"elementor-heading-title elementor-size-default\">Encuentre nuevos clientes potenciales con una b\u00fasqueda integrada en Google Maps<\/h2>\t\t\t\t<\/div>\n\t\t\t\t<\/div>\n\t\t\t\t<div class=\"elementor-element elementor-element-7d97210 elementor-widget elementor-widget-text-editor\" data-id=\"7d97210\" data-element_type=\"widget\" data-e-type=\"widget\" data-widget_type=\"text-editor.default\">\n\t\t\t\t<div class=\"elementor-widget-container\">\n\t\t\t\t\t\t\t\t\t<p>Acceda a la mayor base de datos del mundo para enriquecer su cartera de contactos.<\/p><p>Utilice la <strong>barra de b\u00fasqueda de Google Maps en Moovago<\/strong> para acceder a la base de datos de establecimientos listados por Google.<\/p><p>Encuentre prospectos cerca de usted y reg\u00edstrelos en su base de datos de Moovago con s\u00f3lo unos clics. Toda la <span style=\"color: var( --e-global-color-text ); font-family: var( --e-global-typography-text-font-family ); font-size: var( --e-global-typography-text-font-size ); text-align: var(--text-align); background-color: var( --e-global-color-accent );\">informaci\u00f3n sobre este negocio de Google se guarda en su nueva ficha de empresa de Moovago (nombre, direcci\u00f3n, n\u00famero de tel\u00e9fono, horario de apertura, sitio web, etc.).<\/span> <\/p><p>Algunas ideas para la investigaci\u00f3n:  <\/p><ul><li><strong>Busque por palabra clave comercial<\/strong>, como tienda de bricolaje o fontanero,<\/li><li><strong>Busque por palabra clave de producto<\/strong>, como bicicleta o ropa infantil,<\/li><li>Busque por <strong>nombre de empresa<\/strong> o <strong>marca<\/strong>, como Moovago o Carrefour, etc.<\/li><\/ul>\t\t\t\t\t\t\t\t<\/div>\n\t\t\t\t<\/div>\n\t\t\t\t<div class=\"elementor-element elementor-element-4ddf599 elementor-widget elementor-widget-spacer\" data-id=\"4ddf599\" data-element_type=\"widget\" data-e-type=\"widget\" data-widget_type=\"spacer.default\">\n\t\t\t\t<div class=\"elementor-widget-container\">\n\t\t\t\t\t\t\t<div class=\"elementor-spacer\">\n\t\t\t<div class=\"elementor-spacer-inner\"><\/div>\n\t\t<\/div>\n\t\t\t\t\t\t<\/div>\n\t\t\t\t<\/div>\n\t\t\t\t<div class=\"elementor-element elementor-element-fd73dfa elementor-widget elementor-widget-heading\" data-id=\"fd73dfa\" data-element_type=\"widget\" data-e-type=\"widget\" data-widget_type=\"heading.default\">\n\t\t\t\t<div class=\"elementor-widget-container\">\n\t\t\t\t\t<h2 class=\"elementor-heading-title elementor-size-default\">Exporte sus rutas a Google Maps<\/h2>\t\t\t\t<\/div>\n\t\t\t\t<\/div>\n\t\t\t\t<div class=\"elementor-element elementor-element-c65304c elementor-widget elementor-widget-text-editor\" data-id=\"c65304c\" data-element_type=\"widget\" data-e-type=\"widget\" data-widget_type=\"text-editor.default\">\n\t\t\t\t<div class=\"elementor-widget-container\">\n\t\t\t\t\t\t\t\t\t<p>\u00bfEst\u00e1 acostumbrado a utilizar Google Maps como GPS? \u00a1Buenas noticias para usted! <\/p><p>Todos sus<b> itinerarios generados a trav\u00e9s de Moovago pueden exportarse a Google Maps.<\/b><\/p>\t\t\t\t\t\t\t\t<\/div>\n\t\t\t\t<\/div>\n\t\t<div class=\"elementor-element elementor-element-e7be390 e-con-full e-flex e-con e-child\" data-id=\"e7be390\" data-element_type=\"container\" data-e-type=\"container\">\n\t\t<div class=\"elementor-element elementor-element-433cd7d e-con-full e-flex e-con e-child\" data-id=\"433cd7d\" data-element_type=\"container\" data-e-type=\"container\" data-settings=\"{&quot;background_background&quot;:&quot;classic&quot;}\">\n\t\t\t\t<div class=\"elementor-element elementor-element-f1e2daa elementor-widget__width-initial elementor-widget elementor-widget-image\" data-id=\"f1e2daa\" data-element_type=\"widget\" data-e-type=\"widget\" data-widget_type=\"image.default\">\n\t\t\t\t<div class=\"elementor-widget-container\">\n\t\t\t\t\t\t\t\t\t\t\t\t\t\t\t<img decoding=\"async\" width=\"100\" height=\"100\" src=\"https:\/\/moovago.com\/wp-content\/uploads\/2024\/08\/icone-moovago.jpg\" class=\"attachment-thumbnail size-thumbnail wp-image-44530\" alt=\"icono moovago\" srcset=\"https:\/\/moovago.com\/wp-content\/uploads\/2024\/08\/icone-moovago.jpg 100w, https:\/\/moovago.com\/wp-content\/uploads\/2024\/08\/elementor\/thumbs\/icone-moovago-qt9nkdjvq3gu601ztbeogo65kmjxji4y2al0u6t304.jpg 50w\" sizes=\"(max-width: 100px) 100vw, 100px\" title=\"Moovago, application commerciaux, CRM, ERP, PGI, GRC\">\t\t\t\t\t\t\t\t\t\t\t\t\t\t\t<\/div>\n\t\t\t\t<\/div>\n\t\t\t\t<div class=\"elementor-element elementor-element-c5450ce elementor-widget__width-initial elementor-widget elementor-widget-heading\" data-id=\"c5450ce\" data-element_type=\"widget\" data-e-type=\"widget\" data-widget_type=\"heading.default\">\n\t\t\t\t<div class=\"elementor-widget-container\">\n\t\t\t\t\t<span class=\"elementor-heading-title elementor-size-default\">Planificar un recorrido de ventas<\/span>\t\t\t\t<\/div>\n\t\t\t\t<\/div>\n\t\t\t\t<\/div>\n\t\t\t\t<div class=\"elementor-element elementor-element-72db5a8 elementor-view-default elementor-widget elementor-widget-icon\" data-id=\"72db5a8\" data-element_type=\"widget\" data-e-type=\"widget\" data-widget_type=\"icon.default\">\n\t\t\t\t<div class=\"elementor-widget-container\">\n\t\t\t\t\t\t\t<div class=\"elementor-icon-wrapper\">\n\t\t\t<div class=\"elementor-icon\">\n\t\t\t<svg aria-hidden=\"true\" class=\"e-font-icon-svg e-fas-arrow-right\" viewBox=\"0 0 448 512\" xmlns=\"http:\/\/www.w3.org\/2000\/svg\"><path d=\"M190.5 66.9l22.2-22.2c9.4-9.4 24.6-9.4 33.9 0L441 239c9.4 9.4 9.4 24.6 0 33.9L246.6 467.3c-9.4 9.4-24.6 9.4-33.9 0l-22.2-22.2c-9.5-9.5-9.3-25 .4-34.3L311.4 296H24c-13.3 0-24-10.7-24-24v-32c0-13.3 10.7-24 24-24h287.4L190.9 101.2c-9.8-9.3-10-24.8-.4-34.3z\"><\/path><\/svg>\t\t\t<\/div>\n\t\t<\/div>\n\t\t\t\t\t\t<\/div>\n\t\t\t\t<\/div>\n\t\t<div class=\"elementor-element elementor-element-ff68849 e-con-full e-flex e-con e-child\" data-id=\"ff68849\" data-element_type=\"container\" data-e-type=\"container\" data-settings=\"{&quot;background_background&quot;:&quot;classic&quot;}\">\n\t\t\t\t<div class=\"elementor-element elementor-element-bb0d7a2 elementor-widget__width-initial elementor-widget elementor-widget-image\" data-id=\"bb0d7a2\" data-element_type=\"widget\" data-e-type=\"widget\" data-widget_type=\"image.default\">\n\t\t\t\t<div class=\"elementor-widget-container\">\n\t\t\t\t\t\t\t\t\t\t\t\t\t\t\t<img decoding=\"async\" width=\"100\" height=\"100\" src=\"https:\/\/moovago.com\/wp-content\/uploads\/2024\/08\/9-min.jpg\" class=\"attachment-full size-full wp-image-44478\" alt=\"google maps\" srcset=\"https:\/\/moovago.com\/wp-content\/uploads\/2024\/08\/9-min.jpg 100w, https:\/\/moovago.com\/wp-content\/uploads\/2024\/08\/elementor\/thumbs\/9-min-qt9nhw97ou2lj1npaqt4dspd50s289ag20lw8whhf8.jpg 50w\" sizes=\"(max-width: 100px) 100vw, 100px\" title=\"Moovago, application commerciaux, CRM, ERP, PGI, GRC\">\t\t\t\t\t\t\t\t\t\t\t\t\t\t\t<\/div>\n\t\t\t\t<\/div>\n\t\t\t\t<div class=\"elementor-element elementor-element-6604c70 elementor-widget__width-initial elementor-widget elementor-widget-heading\" data-id=\"6604c70\" data-element_type=\"widget\" data-e-type=\"widget\" data-widget_type=\"heading.default\">\n\t\t\t\t<div class=\"elementor-widget-container\">\n\t\t\t\t\t<span class=\"elementor-heading-title elementor-size-default\">Abra la ruta entre cada etapa en Google Maps<\/span>\t\t\t\t<\/div>\n\t\t\t\t<\/div>\n\t\t\t\t<\/div>\n\t\t\t\t<\/div>\n\t\t<div class=\"elementor-element elementor-element-9b67077 e-con-full e-flex e-con e-child\" data-id=\"9b67077\" data-element_type=\"container\" data-e-type=\"container\">\n\t\t<div class=\"elementor-element elementor-element-e432232 e-con-full e-flex e-con e-child\" data-id=\"e432232\" data-element_type=\"container\" data-e-type=\"container\" data-settings=\"{&quot;background_background&quot;:&quot;classic&quot;}\">\n\t\t\t\t<div class=\"elementor-element elementor-element-697a3c2 elementor-widget__width-initial elementor-widget elementor-widget-image\" data-id=\"697a3c2\" data-element_type=\"widget\" data-e-type=\"widget\" data-widget_type=\"image.default\">\n\t\t\t\t<div class=\"elementor-widget-container\">\n\t\t\t\t\t\t\t\t\t\t\t\t\t\t\t<img decoding=\"async\" width=\"100\" height=\"100\" src=\"https:\/\/moovago.com\/wp-content\/uploads\/2024\/08\/icone-moovago.jpg\" class=\"attachment-thumbnail size-thumbnail wp-image-44530\" alt=\"icono moovago\" srcset=\"https:\/\/moovago.com\/wp-content\/uploads\/2024\/08\/icone-moovago.jpg 100w, https:\/\/moovago.com\/wp-content\/uploads\/2024\/08\/elementor\/thumbs\/icone-moovago-qt9nkdjvq3gu601ztbeogo65kmjxji4y2al0u6t304.jpg 50w\" sizes=\"(max-width: 100px) 100vw, 100px\" title=\"Moovago, application commerciaux, CRM, ERP, PGI, GRC\">\t\t\t\t\t\t\t\t\t\t\t\t\t\t\t<\/div>\n\t\t\t\t<\/div>\n\t\t\t\t<div class=\"elementor-element elementor-element-093dc90 elementor-widget__width-initial elementor-widget elementor-widget-heading\" data-id=\"093dc90\" data-element_type=\"widget\" data-e-type=\"widget\" data-widget_type=\"heading.default\">\n\t\t\t\t<div class=\"elementor-widget-container\">\n\t\t\t\t\t<span class=\"elementor-heading-title elementor-size-default\">Recuperar un contacto<\/span>\t\t\t\t<\/div>\n\t\t\t\t<\/div>\n\t\t\t\t<\/div>\n\t\t\t\t<div class=\"elementor-element elementor-element-7a088a3 elementor-view-default elementor-widget elementor-widget-icon\" data-id=\"7a088a3\" data-element_type=\"widget\" data-e-type=\"widget\" data-widget_type=\"icon.default\">\n\t\t\t\t<div class=\"elementor-widget-container\">\n\t\t\t\t\t\t\t<div class=\"elementor-icon-wrapper\">\n\t\t\t<div class=\"elementor-icon\">\n\t\t\t<svg aria-hidden=\"true\" class=\"e-font-icon-svg e-fas-arrow-right\" viewBox=\"0 0 448 512\" xmlns=\"http:\/\/www.w3.org\/2000\/svg\"><path d=\"M190.5 66.9l22.2-22.2c9.4-9.4 24.6-9.4 33.9 0L441 239c9.4 9.4 9.4 24.6 0 33.9L246.6 467.3c-9.4 9.4-24.6 9.4-33.9 0l-22.2-22.2c-9.5-9.5-9.3-25 .4-34.3L311.4 296H24c-13.3 0-24-10.7-24-24v-32c0-13.3 10.7-24 24-24h287.4L190.9 101.2c-9.8-9.3-10-24.8-.4-34.3z\"><\/path><\/svg>\t\t\t<\/div>\n\t\t<\/div>\n\t\t\t\t\t\t<\/div>\n\t\t\t\t<\/div>\n\t\t<div class=\"elementor-element elementor-element-434dda6 e-con-full e-flex e-con e-child\" data-id=\"434dda6\" data-element_type=\"container\" data-e-type=\"container\" data-settings=\"{&quot;background_background&quot;:&quot;classic&quot;}\">\n\t\t\t\t<div class=\"elementor-element elementor-element-db82a1c elementor-widget__width-initial elementor-widget elementor-widget-image\" data-id=\"db82a1c\" data-element_type=\"widget\" data-e-type=\"widget\" data-widget_type=\"image.default\">\n\t\t\t\t<div class=\"elementor-widget-container\">\n\t\t\t\t\t\t\t\t\t\t\t\t\t\t\t<img decoding=\"async\" width=\"100\" height=\"100\" src=\"https:\/\/moovago.com\/wp-content\/uploads\/2024\/08\/9-min.jpg\" class=\"attachment-full size-full wp-image-44478\" alt=\"google maps\" srcset=\"https:\/\/moovago.com\/wp-content\/uploads\/2024\/08\/9-min.jpg 100w, https:\/\/moovago.com\/wp-content\/uploads\/2024\/08\/elementor\/thumbs\/9-min-qt9nhw97ou2lj1npaqt4dspd50s289ag20lw8whhf8.jpg 50w\" sizes=\"(max-width: 100px) 100vw, 100px\" title=\"Moovago, application commerciaux, CRM, ERP, PGI, GRC\">\t\t\t\t\t\t\t\t\t\t\t\t\t\t\t<\/div>\n\t\t\t\t<\/div>\n\t\t\t\t<div class=\"elementor-element elementor-element-73b12eb elementor-widget__width-initial elementor-widget elementor-widget-heading\" data-id=\"73b12eb\" data-element_type=\"widget\" data-e-type=\"widget\" data-widget_type=\"heading.default\">\n\t\t\t\t<div class=\"elementor-widget-container\">\n\t\t\t\t\t<span class=\"elementor-heading-title elementor-size-default\">Ver la ruta entre su posici\u00f3n y este contacto<\/span>\t\t\t\t<\/div>\n\t\t\t\t<\/div>\n\t\t\t\t<\/div>\n\t\t\t\t<\/div>\n\t\t\t\t<div class=\"elementor-element elementor-element-580320a elementor-alert-info elementor-widget elementor-widget-alert\" data-id=\"580320a\" data-element_type=\"widget\" data-e-type=\"widget\" data-widget_type=\"alert.default\">\n\t\t\t\t<div class=\"elementor-widget-container\">\n\t\t\t\t\t\t\t<div class=\"elementor-alert\" role=\"alert\">\n\n\t\t\t\t\t\t<span class=\"elementor-alert-title\">Estas caracter\u00edsticas se incluyen por defecto en todos los paquetes de Moovago.  <\/span>\n\t\t\t\n\t\t\t\n\t\t\t\n\t\t<\/div>\n\t\t\t\t\t\t<\/div>\n\t\t\t\t<\/div>\n\t\t\t\t<div class=\"elementor-element elementor-element-cb59a16 elementor-widget elementor-widget-spacer\" data-id=\"cb59a16\" data-element_type=\"widget\" data-e-type=\"widget\" data-widget_type=\"spacer.default\">\n\t\t\t\t<div class=\"elementor-widget-container\">\n\t\t\t\t\t\t\t<div class=\"elementor-spacer\">\n\t\t\t<div class=\"elementor-spacer-inner\"><\/div>\n\t\t<\/div>\n\t\t\t\t\t\t<\/div>\n\t\t\t\t<\/div>\n\t\t<div class=\"elementor-element elementor-element-e2073c5 e-con-full e-flex e-con e-child\" data-id=\"e2073c5\" data-element_type=\"container\" data-e-type=\"container\" data-settings=\"{&quot;background_background&quot;:&quot;gradient&quot;}\">\n\t\t\t\t<div class=\"elementor-element elementor-element-3e0594b elementor-widget elementor-widget-heading\" data-id=\"3e0594b\" data-element_type=\"widget\" data-e-type=\"widget\" data-widget_type=\"heading.default\">\n\t\t\t\t<div class=\"elementor-widget-container\">\n\t\t\t\t\t<span class=\"elementor-heading-title elementor-size-default\">C\u00f3mo aprovecha Moovago el poder de Google Maps para la cartograf\u00eda de su empresa.<\/span>\t\t\t\t<\/div>\n\t\t\t\t<\/div>\n\t\t\t\t<div class=\"elementor-element elementor-element-0d824ad elementor-align-left elementor-tablet-align-left elementor-mobile-align-center elementor-widget-tablet__width-inherit elementor-widget-mobile__width-inherit elementor-widget elementor-widget-button\" data-id=\"0d824ad\" data-element_type=\"widget\" data-e-type=\"widget\" data-widget_type=\"button.default\">\n\t\t\t\t<div class=\"elementor-widget-container\">\n\t\t\t\t\t\t\t\t\t<div class=\"elementor-button-wrapper\">\n\t\t\t\t\t<a class=\"elementor-button elementor-button-link elementor-size-md\" href=\"https:\/\/moovago.com\/es\/funcionalidad-de-la-tarjeta\/\">\n\t\t\t\t\t\t<span class=\"elementor-button-content-wrapper\">\n\t\t\t\t\t\t\t\t\t<span class=\"elementor-button-text\">Descubra el mapa de Moovago<\/span>\n\t\t\t\t\t<\/span>\n\t\t\t\t\t<\/a>\n\t\t\t\t<\/div>\n\t\t\t\t\t\t\t\t<\/div>\n\t\t\t\t<\/div>\n\t\t\t\t<\/div>\n\t\t\t\t\t<\/div>\n\t\t\t\t<\/div>\n\t\t\t\t<\/div>\n\t\t","protected":false},"excerpt":{"rendered":"<p>Google Maps, localizaci\u00f3n de datos y software GPS Google Maps es una de las herramientas m\u00e1s esenciales de Google. Docenas de funciones se agrupan en una soluci\u00f3n accesible para el mayor n\u00famero de personas posible. Entre los aspectos m\u00e1s interesantes para los representantes de ventas : Acceda a un mapa interactivo de todo el mundo, [&hellip;]<\/p>\n","protected":false},"author":1,"featured_media":44370,"parent":49795,"menu_order":0,"comment_status":"closed","ping_status":"closed","template":"","meta":{"footnotes":""},"class_list":["post-49827","page","type-page","status-publish","has-post-thumbnail","hentry"],"_links":{"self":[{"href":"https:\/\/moovago.com\/es\/wp-json\/wp\/v2\/pages\/49827","targetHints":{"allow":["GET"]}}],"collection":[{"href":"https:\/\/moovago.com\/es\/wp-json\/wp\/v2\/pages"}],"about":[{"href":"https:\/\/moovago.com\/es\/wp-json\/wp\/v2\/types\/page"}],"author":[{"embeddable":true,"href":"https:\/\/moovago.com\/es\/wp-json\/wp\/v2\/users\/1"}],"replies":[{"embeddable":true,"href":"https:\/\/moovago.com\/es\/wp-json\/wp\/v2\/comments?post=49827"}],"version-history":[{"count":1,"href":"https:\/\/moovago.com\/es\/wp-json\/wp\/v2\/pages\/49827\/revisions"}],"predecessor-version":[{"id":49828,"href":"https:\/\/moovago.com\/es\/wp-json\/wp\/v2\/pages\/49827\/revisions\/49828"}],"up":[{"embeddable":true,"href":"https:\/\/moovago.com\/es\/wp-json\/wp\/v2\/pages\/49795"}],"wp:featuredmedia":[{"embeddable":true,"href":"https:\/\/moovago.com\/es\/wp-json\/wp\/v2\/media\/44370"}],"wp:attachment":[{"href":"https:\/\/moovago.com\/es\/wp-json\/wp\/v2\/media?parent=49827"}],"curies":[{"name":"wp","href":"https:\/\/api.w.org\/{rel}","templated":true}]}}