{"id":49867,"date":"2023-04-12T14:20:03","date_gmt":"2023-04-12T12:20:03","guid":{"rendered":"https:\/\/moovago.com\/unase-a-nosotros\/"},"modified":"2025-11-27T11:36:30","modified_gmt":"2025-11-27T10:36:30","slug":"unase-a-nosotros","status":"publish","type":"page","link":"https:\/\/moovago.com\/es\/unase-a-nosotros\/","title":{"rendered":"\u00danase a nosotros"},"content":{"rendered":"\t\t<div data-elementor-type=\"wp-page\" data-elementor-id=\"49867\" class=\"elementor elementor-49867 elementor-15390\" data-elementor-post-type=\"page\">\n\t\t\t\t<div class=\"elementor-element elementor-element-e633e3d e-flex e-con-boxed e-con e-parent\" data-id=\"e633e3d\" data-element_type=\"container\" data-e-type=\"container\" data-settings=\"{&quot;background_background&quot;:&quot;gradient&quot;,&quot;shape_divider_bottom&quot;:&quot;waves&quot;}\">\n\t\t\t\t\t<div class=\"e-con-inner\">\n\t\t\t\t<div class=\"elementor-shape elementor-shape-bottom\" aria-hidden=\"true\" data-negative=\"false\">\n\t\t\t<svg xmlns=\"http:\/\/www.w3.org\/2000\/svg\" viewBox=\"0 0 1000 100\" preserveAspectRatio=\"none\">\n\t<path class=\"elementor-shape-fill\" d=\"M421.9,6.5c22.6-2.5,51.5,0.4,75.5,5.3c23.6,4.9,70.9,23.5,100.5,35.7c75.8,32.2,133.7,44.5,192.6,49.7\n\tc23.6,2.1,48.7,3.5,103.4-2.5c54.7-6,106.2-25.6,106.2-25.6V0H0v30.3c0,0,72,32.6,158.4,30.5c39.2-0.7,92.8-6.7,134-22.4\n\tc21.2-8.1,52.2-18.2,79.7-24.2C399.3,7.9,411.6,7.5,421.9,6.5z\"\/>\n<\/svg>\t\t<\/div>\n\t\t\t\t<div class=\"elementor-element elementor-element-254d182 elementor-widget elementor-widget-heading\" data-id=\"254d182\" data-element_type=\"widget\" data-e-type=\"widget\" data-widget_type=\"heading.default\">\n\t\t\t\t<div class=\"elementor-widget-container\">\n\t\t\t\t\t<h1 class=\"elementor-heading-title elementor-size-default\">\u00danase a nosotros<\/h1>\t\t\t\t<\/div>\n\t\t\t\t<\/div>\n\t\t\t\t<div class=\"elementor-element elementor-element-75730ef elementor-widget__width-initial elementor-widget elementor-widget-text-editor\" data-id=\"75730ef\" data-element_type=\"widget\" data-e-type=\"widget\" data-widget_type=\"text-editor.default\">\n\t\t\t\t<div class=\"elementor-widget-container\">\n\t\t\t\t\t\t\t\t\t<p>\u00bfQuiere formar parte de una aventura humana?  <span style=\"color: var( --e-global-color-49a30e0 ); background-color: transparent; font-family: var( --e-global-typography-text-font-family );\">\u00bfEs usted ambicioso?<br><\/span><span style=\"color: var( --e-global-color-49a30e0 ); background-color: transparent; font-family: var( --e-global-typography-text-font-family );\">\u00bfLe gustar\u00eda trabajar juntos en un gran proyecto?<\/span><\/p><p><b>\u00a1Venga y \u00fanase a nosotros!<\/b><\/p>\t\t\t\t\t\t\t\t<\/div>\n\t\t\t\t<\/div>\n\t\t\t\t\t<\/div>\n\t\t\t\t<\/div>\n\t\t<div class=\"elementor-element elementor-element-99c4fde e-flex e-con-boxed e-con e-parent\" data-id=\"99c4fde\" data-element_type=\"container\" data-e-type=\"container\">\n\t\t\t\t\t<div class=\"e-con-inner\">\n\t\t\t\t<div class=\"elementor-element elementor-element-80073c7 elementor-widget-mobile__width-initial elementor-widget elementor-widget-heading\" data-id=\"80073c7\" data-element_type=\"widget\" data-e-type=\"widget\" data-widget_type=\"heading.default\">\n\t\t\t\t<div class=\"elementor-widget-container\">\n\t\t\t\t\t<h2 class=\"elementor-heading-title elementor-size-xl\">Nuestras ofertas de empleo<\/h2>\t\t\t\t<\/div>\n\t\t\t\t<\/div>\n\t\t\t\t<div class=\"elementor-element elementor-element-8d0534b elementor-widget elementor-widget-text-editor\" data-id=\"8d0534b\" data-element_type=\"widget\" data-e-type=\"widget\" data-widget_type=\"text-editor.default\">\n\t\t\t\t<div class=\"elementor-widget-container\">\n\t\t\t\t\t\t\t\t\t<p style=\"text-align: center;\">No hay ofertas de empleo por el momento. No dude en enviarnos su candidatura espont\u00e1nea. <\/p>\t\t\t\t\t\t\t\t<\/div>\n\t\t\t\t<\/div>\n\t\t<div class=\"elementor-element elementor-element-deac973 e-con-full e-flex e-con e-child\" data-id=\"deac973\" data-element_type=\"container\" data-e-type=\"container\">\n\t\t<a class=\"elementor-element elementor-element-5045ee8 e-con-full e-flex e-con e-child\" data-id=\"5045ee8\" data-element_type=\"container\" data-e-type=\"container\" data-settings=\"{&quot;background_background&quot;:&quot;classic&quot;}\" href=\"#elementor-action%3Aaction%3Dpopup%3Aopen%26settings%3DeyJpZCI6NDY2NDYsInRvZ2dsZSI6ZmFsc2V9\">\n\t\t\t\t<div class=\"elementor-element elementor-element-927ec82 elementor-widget elementor-widget-heading\" data-id=\"927ec82\" data-element_type=\"widget\" data-e-type=\"widget\" data-widget_type=\"heading.default\">\n\t\t\t\t<div class=\"elementor-widget-container\">\n\t\t\t\t\t<h3 class=\"elementor-heading-title elementor-size-large\">Enviar una solicitud no solicitada \u279c<\/h3>\t\t\t\t<\/div>\n\t\t\t\t<\/div>\n\t\t\t\t<\/a>\n\t\t\t\t<\/div>\n\t\t\t\t<div class=\"elementor-element elementor-element-066aa08 elementor-widget-mobile__width-initial elementor-widget elementor-widget-heading\" data-id=\"066aa08\" data-element_type=\"widget\" data-e-type=\"widget\" id=\"alerte-emploi\" data-widget_type=\"heading.default\">\n\t\t\t\t<div class=\"elementor-widget-container\">\n\t\t\t\t\t<h2 class=\"elementor-heading-title elementor-size-medium\">Mant\u00e9ngase al d\u00eda de las \u00faltimas oportunidades de Moovago<\/h2>\t\t\t\t<\/div>\n\t\t\t\t<\/div>\n\t\t\t\t<div class=\"elementor-element elementor-element-6dac79a elementor-widget elementor-widget-text-editor\" data-id=\"6dac79a\" data-element_type=\"widget\" data-e-type=\"widget\" data-widget_type=\"text-editor.default\">\n\t\t\t\t<div class=\"elementor-widget-container\">\n\t\t\t\t\t\t\t\t\t<p>Mant\u00e9ngase en contacto con una alerta de empleo adaptada a su perfil.<\/p>\t\t\t\t\t\t\t\t<\/div>\n\t\t\t\t<\/div>\n\t\t\t\t<div class=\"elementor-element elementor-element-9e90d35 elementor-button-align-center elementor-widget__width-inherit elementor-widget elementor-widget-form\" data-id=\"9e90d35\" data-element_type=\"widget\" data-e-type=\"widget\" data-settings=\"{&quot;step_next_label&quot;:&quot;Siguiente&quot;,&quot;step_previous_label&quot;:&quot;Anterior&quot;,&quot;button_width&quot;:&quot;100&quot;,&quot;step_type&quot;:&quot;number_text&quot;,&quot;step_icon_shape&quot;:&quot;circle&quot;}\" data-widget_type=\"form.default\">\n\t\t\t\t<div class=\"elementor-widget-container\">\n\t\t\t\t\t\t\t<form class=\"elementor-form\" method=\"post\" name=\"Formulario nuevo\" aria-label=\"Formulario nuevo\">\n\t\t\t<input type=\"hidden\" name=\"post_id\" value=\"49867\"\/>\n\t\t\t<input type=\"hidden\" name=\"form_id\" value=\"9e90d35\"\/>\n\t\t\t<input type=\"hidden\" name=\"referer_title\" value=\"Empleo - \u00danase al equipo Moovago\" \/>\n\n\t\t\t\t\t\t\t<input type=\"hidden\" name=\"queried_id\" value=\"49867\"\/>\n\t\t\t\n\t\t\t<div class=\"elementor-form-fields-wrapper elementor-labels-above\">\n\t\t\t\t\t\t\t\t<div class=\"elementor-field-type-email elementor-field-group elementor-column elementor-field-group-email elementor-col-100 elementor-field-required\">\n\t\t\t\t\t\t\t\t\t\t\t\t\t<input size=\"1\" type=\"email\" name=\"form_fields[email]\" id=\"form-field-email\" class=\"elementor-field elementor-size-md  elementor-field-textual\" placeholder=\"Correo electr\u00f3nico\" required=\"required\">\n\t\t\t\t\t\t\t\t\t\t\t<\/div>\n\t\t\t\t\t\t\t\t<div class=\"elementor-field-type-select elementor-field-group elementor-column elementor-field-group-field_1d9dabc elementor-col-100\">\n\t\t\t\t\t\t\t<div class=\"elementor-field elementor-select-wrapper remove-before \">\n\t\t\t<div class=\"select-caret-down-wrapper\">\n\t\t\t\t<svg aria-hidden=\"true\" class=\"e-font-icon-svg e-eicon-caret-down\" viewBox=\"0 0 571.4 571.4\" xmlns=\"http:\/\/www.w3.org\/2000\/svg\"><path d=\"M571 393Q571 407 561 418L311 668Q300 679 286 679T261 668L11 418Q0 407 0 393T11 368 36 357H536Q550 357 561 368T571 393Z\"><\/path><\/svg>\t\t\t<\/div>\n\t\t\t<select name=\"form_fields[field_1d9dabc]\" id=\"form-field-field_1d9dabc\" class=\"elementor-field-textual elementor-size-md\">\n\t\t\t\t\t\t\t\t\t<option value=\"\">Familia de empleos* <\/option>\n\t\t\t\t\t\t\t\t\t<option value=\"Desarrollo\">Desarrollo<\/option>\n\t\t\t\t\t\t\t\t\t<option value=\"Marketing\">Marketing<\/option>\n\t\t\t\t\t\t\t\t\t<option value=\"Comercio\">Comercio<\/option>\n\t\t\t\t\t\t\t\t\t<option value=\"Administraci\u00f3n\">Administraci\u00f3n<\/option>\n\t\t\t\t\t\t\t<\/select>\n\t\t<\/div>\n\t\t\t\t\t\t<\/div>\n\t\t\t\t\t\t\t\t<div class=\"elementor-field-type-acceptance elementor-field-group elementor-column elementor-field-group-field_c50dcb3 elementor-col-100 elementor-field-required\">\n\t\t\t\t\t\t\t<div class=\"elementor-field-subgroup\">\n\t\t\t<span class=\"elementor-field-option\">\n\t\t\t\t<input type=\"checkbox\" name=\"form_fields[field_c50dcb3]\" id=\"form-field-field_c50dcb3\" class=\"elementor-field elementor-size-md  elementor-acceptance-field\" required=\"required\">\n\t\t\t\t<label for=\"form-field-field_c50dcb3\">Acepto suscribirme a la alerta de empleo personalizada de Moovago.<\/label>\t\t\t<\/span>\n\t\t<\/div>\n\t\t\t\t\t\t<\/div>\n\t\t\t\t\t\t\t\t<div class=\"elementor-field-type-recaptcha_v3 elementor-field-group elementor-column elementor-field-group-field_7409f62 elementor-col-100 recaptcha_v3-bottomleft\">\n\t\t\t\t\t<div class=\"elementor-field\" id=\"form-field-field_7409f62\"><div class=\"elementor-g-recaptcha\" data-sitekey=\"6LcGpaYlAAAAAIOPtdhHvAXHbbfqVA2EEgf-4U_N\" data-type=\"v3\" data-action=\"Form\" data-badge=\"bottomleft\" data-size=\"invisible\"><\/div><\/div>\t\t\t\t<\/div>\n\t\t\t\t\t\t\t\t<div class=\"elementor-field-group elementor-column elementor-field-type-submit elementor-col-100 e-form__buttons\">\n\t\t\t\t\t<button class=\"elementor-button elementor-size-sm\" type=\"submit\">\n\t\t\t\t\t\t<span class=\"elementor-button-content-wrapper\">\n\t\t\t\t\t\t\t\t\t\t\t\t\t\t\t\t\t\t\t\t\t\t<span class=\"elementor-button-text\">Env\u00ede<\/span>\n\t\t\t\t\t\t\t\t\t\t\t\t\t<\/span>\n\t\t\t\t\t<\/button>\n\t\t\t\t<\/div>\n\t\t\t<\/div>\n\t\t<\/form>\n\t\t\t\t\t\t<\/div>\n\t\t\t\t<\/div>\n\t\t\t\t\t<\/div>\n\t\t\t\t<\/div>\n\t\t\t\t<\/div>\n\t\t","protected":false},"excerpt":{"rendered":"<p>\u00danase a nosotros \u00bfQuiere formar parte de una aventura humana? \u00bfEs usted ambicioso?\u00bfLe gustar\u00eda trabajar juntos en un gran proyecto? \u00a1Venga y \u00fanase a nosotros! Nuestras ofertas de empleo No hay ofertas de empleo por el momento. No dude en enviarnos su candidatura espont\u00e1nea. Enviar una solicitud no solicitada \u279c Mant\u00e9ngase al d\u00eda de las [&hellip;]<\/p>\n","protected":false},"author":1,"featured_media":0,"parent":0,"menu_order":0,"comment_status":"closed","ping_status":"closed","template":"","meta":{"footnotes":""},"class_list":["post-49867","page","type-page","status-publish","hentry"],"_links":{"self":[{"href":"https:\/\/moovago.com\/es\/wp-json\/wp\/v2\/pages\/49867","targetHints":{"allow":["GET"]}}],"collection":[{"href":"https:\/\/moovago.com\/es\/wp-json\/wp\/v2\/pages"}],"about":[{"href":"https:\/\/moovago.com\/es\/wp-json\/wp\/v2\/types\/page"}],"author":[{"embeddable":true,"href":"https:\/\/moovago.com\/es\/wp-json\/wp\/v2\/users\/1"}],"replies":[{"embeddable":true,"href":"https:\/\/moovago.com\/es\/wp-json\/wp\/v2\/comments?post=49867"}],"version-history":[{"count":1,"href":"https:\/\/moovago.com\/es\/wp-json\/wp\/v2\/pages\/49867\/revisions"}],"predecessor-version":[{"id":49868,"href":"https:\/\/moovago.com\/es\/wp-json\/wp\/v2\/pages\/49867\/revisions\/49868"}],"wp:attachment":[{"href":"https:\/\/moovago.com\/es\/wp-json\/wp\/v2\/media?parent=49867"}],"curies":[{"name":"wp","href":"https:\/\/api.w.org\/{rel}","templated":true}]}}