{"id":50159,"date":"2020-12-22T11:39:31","date_gmt":"2020-12-22T10:39:31","guid":{"rendered":"https:\/\/moovago.com\/aplicaciones\/"},"modified":"2025-11-27T15:50:14","modified_gmt":"2025-11-27T14:50:14","slug":"aplicaciones","status":"publish","type":"page","link":"https:\/\/moovago.com\/es\/aplicaciones\/","title":{"rendered":"Aplicaciones"},"content":{"rendered":"\t\t<div data-elementor-type=\"wp-page\" data-elementor-id=\"50159\" class=\"elementor elementor-50159 elementor-31\" data-elementor-post-type=\"page\">\n\t\t\t\t<div class=\"elementor-element elementor-element-f306ff5 e-flex e-con-boxed e-con e-parent\" data-id=\"f306ff5\" data-element_type=\"container\" data-e-type=\"container\" data-settings=\"{&quot;background_background&quot;:&quot;classic&quot;}\">\n\t\t\t\t\t<div class=\"e-con-inner\">\n\t\t\t\t<div class=\"elementor-element elementor-element-5937d6b elementor-widget elementor-widget-heading\" data-id=\"5937d6b\" data-element_type=\"widget\" data-e-type=\"widget\" data-widget_type=\"heading.default\">\n\t\t\t\t<div class=\"elementor-widget-container\">\n\t\t\t\t\t<h1 class=\"elementor-heading-title elementor-size-default\">Casos pr\u00e1cticos<\/h1>\t\t\t\t<\/div>\n\t\t\t\t<\/div>\n\t\t\t\t\t<\/div>\n\t\t\t\t<\/div>\n\t\t<div class=\"elementor-element elementor-element-130a325 e-flex e-con-boxed e-con e-parent\" data-id=\"130a325\" data-element_type=\"container\" data-e-type=\"container\">\n\t\t\t\t\t<div class=\"e-con-inner\">\n\t\t\t\t<div class=\"elementor-element elementor-element-2ab3cb8 elementor-widget elementor-widget-heading\" data-id=\"2ab3cb8\" data-element_type=\"widget\" data-e-type=\"widget\" data-widget_type=\"heading.default\">\n\t\t\t\t<div class=\"elementor-widget-container\">\n\t\t\t\t\t<h2 class=\"elementor-heading-title elementor-size-default\">Caracter\u00edsticas de Moovago seg\u00fan el tipo de vendedor :<\/h2>\t\t\t\t<\/div>\n\t\t\t\t<\/div>\n\t\t\t\t\t<\/div>\n\t\t\t\t<\/div>\n\t\t<div class=\"elementor-element elementor-element-ccf81dd e-flex e-con-boxed e-con e-parent\" data-id=\"ccf81dd\" data-element_type=\"container\" data-e-type=\"container\">\n\t\t\t\t\t<div class=\"e-con-inner\">\n\t\t<a class=\"elementor-element elementor-element-824ccdf click-child pointer e-con-full e-flex e-con e-child\" data-id=\"824ccdf\" data-element_type=\"container\" data-e-type=\"container\" href=\"https:\/\/moovago.com\/es\/aplicaciones\/comercial\/\">\n\t\t\t\t<div class=\"elementor-element elementor-element-7df9366 elementor-widget elementor-widget-heading\" data-id=\"7df9366\" data-element_type=\"widget\" data-e-type=\"widget\" data-widget_type=\"heading.default\">\n\t\t\t\t<div class=\"elementor-widget-container\">\n\t\t\t\t\t<h2 class=\"elementor-heading-title elementor-size-default\">Comercial<\/h2>\t\t\t\t<\/div>\n\t\t\t\t<\/div>\n\t\t\t\t<div class=\"elementor-element elementor-element-d93af24 elementor-widget elementor-widget-text-editor\" data-id=\"d93af24\" data-element_type=\"widget\" data-e-type=\"widget\" data-widget_type=\"text-editor.default\">\n\t\t\t\t<div class=\"elementor-widget-container\">\n\t\t\t\t\t\t\t\t\t<p>Gestione sus oportunidades de venta, cree recordatorios y recordatorios para gestionar su cartera.<\/p>\t\t\t\t\t\t\t\t<\/div>\n\t\t\t\t<\/div>\n\t\t\t\t<div class=\"elementor-element elementor-element-a938e01 elementor-view-default elementor-widget elementor-widget-icon\" data-id=\"a938e01\" data-element_type=\"widget\" data-e-type=\"widget\" data-widget_type=\"icon.default\">\n\t\t\t\t<div class=\"elementor-widget-container\">\n\t\t\t\t\t\t\t<div class=\"elementor-icon-wrapper\">\n\t\t\t<div class=\"elementor-icon\">\n\t\t\t<i aria-hidden=\"true\" class=\"faq faqright-open\"><\/i>\t\t\t<\/div>\n\t\t<\/div>\n\t\t\t\t\t\t<\/div>\n\t\t\t\t<\/div>\n\t\t\t\t<\/a>\n\t\t<a class=\"elementor-element elementor-element-1dee24e click-child pointer e-con-full e-flex e-con e-child\" data-id=\"1dee24e\" data-element_type=\"container\" data-e-type=\"container\" href=\"https:\/\/moovago.com\/cas-dutilisations\/agent-commercial\/\">\n\t\t\t\t<div class=\"elementor-element elementor-element-661bb77 elementor-widget elementor-widget-heading\" data-id=\"661bb77\" data-element_type=\"widget\" data-e-type=\"widget\" data-widget_type=\"heading.default\">\n\t\t\t\t<div class=\"elementor-widget-container\">\n\t\t\t\t\t<h2 class=\"elementor-heading-title elementor-size-default\">Agente de ventas<\/h2>\t\t\t\t<\/div>\n\t\t\t\t<\/div>\n\t\t\t\t<div class=\"elementor-element elementor-element-0c4b4ae elementor-widget elementor-widget-text-editor\" data-id=\"0c4b4ae\" data-element_type=\"widget\" data-e-type=\"widget\" data-widget_type=\"text-editor.default\">\n\t\t\t\t<div class=\"elementor-widget-container\">\n\t\t\t\t\t\t\t\t\t<p>Trabaje con m\u00faltiples clientes y principales directamente dentro de la aplicaci\u00f3n.  <\/p>\t\t\t\t\t\t\t\t<\/div>\n\t\t\t\t<\/div>\n\t\t\t\t<div class=\"elementor-element elementor-element-af7bbd8 elementor-view-default elementor-widget elementor-widget-icon\" data-id=\"af7bbd8\" data-element_type=\"widget\" data-e-type=\"widget\" data-widget_type=\"icon.default\">\n\t\t\t\t<div class=\"elementor-widget-container\">\n\t\t\t\t\t\t\t<div class=\"elementor-icon-wrapper\">\n\t\t\t<div class=\"elementor-icon\">\n\t\t\t<i aria-hidden=\"true\" class=\"faq faqright-open\"><\/i>\t\t\t<\/div>\n\t\t<\/div>\n\t\t\t\t\t\t<\/div>\n\t\t\t\t<\/div>\n\t\t\t\t<\/a>\n\t\t<a class=\"elementor-element elementor-element-37c0c91 click-child pointer e-con-full e-flex e-con e-child\" data-id=\"37c0c91\" data-element_type=\"container\" data-e-type=\"container\" href=\"https:\/\/moovago.com\/es\/aplicaciones\/agencia-de-ventas\/\">\n\t\t\t\t<div class=\"elementor-element elementor-element-739ff6a elementor-widget elementor-widget-heading\" data-id=\"739ff6a\" data-element_type=\"widget\" data-e-type=\"widget\" data-widget_type=\"heading.default\">\n\t\t\t\t<div class=\"elementor-widget-container\">\n\t\t\t\t\t<h2 class=\"elementor-heading-title elementor-size-default\">Agencia comercial<\/h2>\t\t\t\t<\/div>\n\t\t\t\t<\/div>\n\t\t\t\t<div class=\"elementor-element elementor-element-01bac68 elementor-widget elementor-widget-text-editor\" data-id=\"01bac68\" data-element_type=\"widget\" data-e-type=\"widget\" data-widget_type=\"text-editor.default\">\n\t\t\t\t<div class=\"elementor-widget-container\">\n\t\t\t\t\t\t\t\t\t<p>Trabaje en equipo y comparta f\u00e1cilmente sus sectores, prospectos y clientes.<\/p>\t\t\t\t\t\t\t\t<\/div>\n\t\t\t\t<\/div>\n\t\t\t\t<div class=\"elementor-element elementor-element-a8015fb elementor-view-default elementor-widget elementor-widget-icon\" data-id=\"a8015fb\" data-element_type=\"widget\" data-e-type=\"widget\" data-widget_type=\"icon.default\">\n\t\t\t\t<div class=\"elementor-widget-container\">\n\t\t\t\t\t\t\t<div class=\"elementor-icon-wrapper\">\n\t\t\t<div class=\"elementor-icon\">\n\t\t\t<i aria-hidden=\"true\" class=\"faq faqright-open\"><\/i>\t\t\t<\/div>\n\t\t<\/div>\n\t\t\t\t\t\t<\/div>\n\t\t\t\t<\/div>\n\t\t\t\t<\/a>\n\t\t\t\t\t<\/div>\n\t\t\t\t<\/div>\n\t\t<div class=\"elementor-element elementor-element-4ffd4ca e-flex e-con-boxed e-con e-parent\" data-id=\"4ffd4ca\" data-element_type=\"container\" data-e-type=\"container\">\n\t\t\t\t\t<div class=\"e-con-inner\">\n\t\t<a class=\"elementor-element elementor-element-942ad2d click-child pointer e-con-full e-flex e-con e-child\" data-id=\"942ad2d\" data-element_type=\"container\" data-e-type=\"container\" href=\"https:\/\/moovago.com\/cas-dutilisations\/technico-commercial\/\">\n\t\t\t\t<div class=\"elementor-element elementor-element-e2bc0e7 elementor-widget elementor-widget-heading\" data-id=\"e2bc0e7\" data-element_type=\"widget\" data-e-type=\"widget\" data-widget_type=\"heading.default\">\n\t\t\t\t<div class=\"elementor-widget-container\">\n\t\t\t\t\t<h2 class=\"elementor-heading-title elementor-size-default\">T\u00e9cnico de ventas<\/h2>\t\t\t\t<\/div>\n\t\t\t\t<\/div>\n\t\t\t\t<div class=\"elementor-element elementor-element-2f3c28b elementor-widget elementor-widget-text-editor\" data-id=\"2f3c28b\" data-element_type=\"widget\" data-e-type=\"widget\" data-widget_type=\"text-editor.default\">\n\t\t\t\t<div class=\"elementor-widget-container\">\n\t\t\t\t\t\t\t\t\t<p>Gestione varias marcas y proveedores al mismo tiempo. Trabaje con m\u00faltiples equipos y empresas.   <\/p>\t\t\t\t\t\t\t\t<\/div>\n\t\t\t\t<\/div>\n\t\t\t\t<div class=\"elementor-element elementor-element-598e352 elementor-view-default elementor-widget elementor-widget-icon\" data-id=\"598e352\" data-element_type=\"widget\" data-e-type=\"widget\" data-widget_type=\"icon.default\">\n\t\t\t\t<div class=\"elementor-widget-container\">\n\t\t\t\t\t\t\t<div class=\"elementor-icon-wrapper\">\n\t\t\t<div class=\"elementor-icon\">\n\t\t\t<i aria-hidden=\"true\" class=\"faq faqright-open\"><\/i>\t\t\t<\/div>\n\t\t<\/div>\n\t\t\t\t\t\t<\/div>\n\t\t\t\t<\/div>\n\t\t\t\t<\/a>\n\t\t<a class=\"elementor-element elementor-element-df50e8d click-child pointer e-con-full e-flex e-con e-child\" data-id=\"df50e8d\" data-element_type=\"container\" data-e-type=\"container\" href=\"https:\/\/moovago.com\/cas-dutilisations\/vrp-et-vrp-multicarte\/\">\n\t\t\t\t<div class=\"elementor-element elementor-element-0f00047 elementor-widget elementor-widget-heading\" data-id=\"0f00047\" data-element_type=\"widget\" data-e-type=\"widget\" data-widget_type=\"heading.default\">\n\t\t\t\t<div class=\"elementor-widget-container\">\n\t\t\t\t\t<h2 class=\"elementor-heading-title elementor-size-default\">Representantes comerciales<\/h2>\t\t\t\t<\/div>\n\t\t\t\t<\/div>\n\t\t\t\t<div class=\"elementor-element elementor-element-1b1a979 elementor-widget elementor-widget-text-editor\" data-id=\"1b1a979\" data-element_type=\"widget\" data-e-type=\"widget\" data-widget_type=\"text-editor.default\">\n\t\t\t\t<div class=\"elementor-widget-container\">\n\t\t\t\t\t\t\t\t\t<p>Gestione varias marcas y proveedores al mismo tiempo. Trabaje con m\u00faltiples equipos y empresas.   <\/p>\t\t\t\t\t\t\t\t<\/div>\n\t\t\t\t<\/div>\n\t\t\t\t<div class=\"elementor-element elementor-element-a3b0bb6 elementor-view-default elementor-widget elementor-widget-icon\" data-id=\"a3b0bb6\" data-element_type=\"widget\" data-e-type=\"widget\" data-widget_type=\"icon.default\">\n\t\t\t\t<div class=\"elementor-widget-container\">\n\t\t\t\t\t\t\t<div class=\"elementor-icon-wrapper\">\n\t\t\t<div class=\"elementor-icon\">\n\t\t\t<i aria-hidden=\"true\" class=\"faq faqright-open\"><\/i>\t\t\t<\/div>\n\t\t<\/div>\n\t\t\t\t\t\t<\/div>\n\t\t\t\t<\/div>\n\t\t\t\t<\/a>\n\t\t<a class=\"elementor-element elementor-element-b9729a3 click-child pointer e-con-full e-flex e-con e-child\" data-id=\"b9729a3\" data-element_type=\"container\" data-e-type=\"container\" href=\"https:\/\/moovago.com\/cas-dutilisations\/non-alimentaire\/\">\n\t\t\t\t<div class=\"elementor-element elementor-element-423fdbf elementor-widget elementor-widget-heading\" data-id=\"423fdbf\" data-element_type=\"widget\" data-e-type=\"widget\" data-widget_type=\"heading.default\">\n\t\t\t\t<div class=\"elementor-widget-container\">\n\t\t\t\t\t<h2 class=\"elementor-heading-title elementor-size-default\">directores comerciales<\/h2>\t\t\t\t<\/div>\n\t\t\t\t<\/div>\n\t\t\t\t<div class=\"elementor-element elementor-element-326f779 elementor-widget elementor-widget-text-editor\" data-id=\"326f779\" data-element_type=\"widget\" data-e-type=\"widget\" data-widget_type=\"text-editor.default\">\n\t\t\t\t<div class=\"elementor-widget-container\">\n\t\t\t\t\t\t\t\t\t<p>Vea los clientes actuales y potenciales de su equipo y gestione los distintos sectores con mayor facilidad.  <\/p>\t\t\t\t\t\t\t\t<\/div>\n\t\t\t\t<\/div>\n\t\t\t\t<div class=\"elementor-element elementor-element-c9868b7 elementor-view-default elementor-widget elementor-widget-icon\" data-id=\"c9868b7\" data-element_type=\"widget\" data-e-type=\"widget\" data-widget_type=\"icon.default\">\n\t\t\t\t<div class=\"elementor-widget-container\">\n\t\t\t\t\t\t\t<div class=\"elementor-icon-wrapper\">\n\t\t\t<div class=\"elementor-icon\">\n\t\t\t<i aria-hidden=\"true\" class=\"faq faqright-open\"><\/i>\t\t\t<\/div>\n\t\t<\/div>\n\t\t\t\t\t\t<\/div>\n\t\t\t\t<\/div>\n\t\t\t\t<\/a>\n\t\t\t\t\t<\/div>\n\t\t\t\t<\/div>\n\t\t<div class=\"elementor-element elementor-element-6923aff e-flex e-con-boxed e-con e-parent\" data-id=\"6923aff\" data-element_type=\"container\" data-e-type=\"container\">\n\t\t\t\t\t<div class=\"e-con-inner\">\n\t\t\t\t<div class=\"elementor-element elementor-element-fe83cfc elementor-widget elementor-widget-heading\" data-id=\"fe83cfc\" data-element_type=\"widget\" data-e-type=\"widget\" data-widget_type=\"heading.default\">\n\t\t\t\t<div class=\"elementor-widget-container\">\n\t\t\t\t\t<h2 class=\"elementor-heading-title elementor-size-default\">Caracter\u00edsticas de Moovago por sectores :<\/h2>\t\t\t\t<\/div>\n\t\t\t\t<\/div>\n\t\t\t\t\t<\/div>\n\t\t\t\t<\/div>\n\t\t<div class=\"elementor-element elementor-element-e1eb341 e-flex e-con-boxed e-con e-parent\" data-id=\"e1eb341\" data-element_type=\"container\" data-e-type=\"container\">\n\t\t\t\t\t<div class=\"e-con-inner\">\n\t\t<a class=\"elementor-element elementor-element-0441ac3 click-child pointer e-con-full e-flex e-con e-child\" data-id=\"0441ac3\" data-element_type=\"container\" data-e-type=\"container\" href=\"https:\/\/moovago.com\/es\/aplicaciones\/software-crm-para-vendedores-agroalimentarios\/\">\n\t\t\t\t<div class=\"elementor-element elementor-element-d61d506 elementor-widget elementor-widget-heading\" data-id=\"d61d506\" data-element_type=\"widget\" data-e-type=\"widget\" data-widget_type=\"heading.default\">\n\t\t\t\t<div class=\"elementor-widget-container\">\n\t\t\t\t\t<h2 class=\"elementor-heading-title elementor-size-default\">Industria alimentaria<\/h2>\t\t\t\t<\/div>\n\t\t\t\t<\/div>\n\t\t\t\t<div class=\"elementor-element elementor-element-51da8f0 elementor-widget elementor-widget-text-editor\" data-id=\"51da8f0\" data-element_type=\"widget\" data-e-type=\"widget\" data-widget_type=\"text-editor.default\">\n\t\t\t\t<div class=\"elementor-widget-container\">\n\t\t\t\t\t\t\t\t\t<p>Organice las visitas entre sus socios y cree itinerarios con sus clientes actuales y potenciales.<\/p>\t\t\t\t\t\t\t\t<\/div>\n\t\t\t\t<\/div>\n\t\t\t\t<div class=\"elementor-element elementor-element-aadfc85 elementor-view-default elementor-widget elementor-widget-icon\" data-id=\"aadfc85\" data-element_type=\"widget\" data-e-type=\"widget\" data-widget_type=\"icon.default\">\n\t\t\t\t<div class=\"elementor-widget-container\">\n\t\t\t\t\t\t\t<div class=\"elementor-icon-wrapper\">\n\t\t\t<div class=\"elementor-icon\">\n\t\t\t<i aria-hidden=\"true\" class=\"faq faqright-open\"><\/i>\t\t\t<\/div>\n\t\t<\/div>\n\t\t\t\t\t\t<\/div>\n\t\t\t\t<\/div>\n\t\t\t\t<\/a>\n\t\t<a class=\"elementor-element elementor-element-d858572 click-child pointer e-con-full e-flex e-con e-child\" data-id=\"d858572\" data-element_type=\"container\" data-e-type=\"container\" href=\"https:\/\/moovago.com\/es\/aplicaciones\/software-crm-para-comerciales-de-vinos-y-licores\/\">\n\t\t\t\t<div class=\"elementor-element elementor-element-c599aff elementor-widget elementor-widget-heading\" data-id=\"c599aff\" data-element_type=\"widget\" data-e-type=\"widget\" data-widget_type=\"heading.default\">\n\t\t\t\t<div class=\"elementor-widget-container\">\n\t\t\t\t\t<h2 class=\"elementor-heading-title elementor-size-default\">Vinos y licores<\/h2>\t\t\t\t<\/div>\n\t\t\t\t<\/div>\n\t\t\t\t<div class=\"elementor-element elementor-element-77141ed elementor-widget elementor-widget-text-editor\" data-id=\"77141ed\" data-element_type=\"widget\" data-e-type=\"widget\" data-widget_type=\"text-editor.default\">\n\t\t\t\t<div class=\"elementor-widget-container\">\n\t\t\t\t\t\t\t\t\t<p>Gestione la colocaci\u00f3n de sus productos en las tiendas y gestione las oportunidades de venta.<\/p>\t\t\t\t\t\t\t\t<\/div>\n\t\t\t\t<\/div>\n\t\t\t\t<div class=\"elementor-element elementor-element-d2780ac elementor-view-default elementor-widget elementor-widget-icon\" data-id=\"d2780ac\" data-element_type=\"widget\" data-e-type=\"widget\" data-widget_type=\"icon.default\">\n\t\t\t\t<div class=\"elementor-widget-container\">\n\t\t\t\t\t\t\t<div class=\"elementor-icon-wrapper\">\n\t\t\t<div class=\"elementor-icon\">\n\t\t\t<i aria-hidden=\"true\" class=\"faq faqright-open\"><\/i>\t\t\t<\/div>\n\t\t<\/div>\n\t\t\t\t\t\t<\/div>\n\t\t\t\t<\/div>\n\t\t\t\t<\/a>\n\t\t<a class=\"elementor-element elementor-element-ff22590 click-child pointer e-con-full e-flex e-con e-child\" data-id=\"ff22590\" data-element_type=\"container\" data-e-type=\"container\" href=\"https:\/\/moovago.com\/cas-dutilisations\/non-alimentaire\/\">\n\t\t\t\t<div class=\"elementor-element elementor-element-140b9a8 elementor-widget elementor-widget-heading\" data-id=\"140b9a8\" data-element_type=\"widget\" data-e-type=\"widget\" data-widget_type=\"heading.default\">\n\t\t\t\t<div class=\"elementor-widget-container\">\n\t\t\t\t\t<h2 class=\"elementor-heading-title elementor-size-default\">No alimentario<\/h2>\t\t\t\t<\/div>\n\t\t\t\t<\/div>\n\t\t\t\t<div class=\"elementor-element elementor-element-91c1c4f elementor-widget elementor-widget-text-editor\" data-id=\"91c1c4f\" data-element_type=\"widget\" data-e-type=\"widget\" data-widget_type=\"text-editor.default\">\n\t\t\t\t<div class=\"elementor-widget-container\">\n\t\t\t\t\t\t\t\t\t<p>Mant\u00e9ngase al d\u00eda de la informaci\u00f3n sobre los clientes y las nuevas oportunidades gracias al mapa.<\/p>\t\t\t\t\t\t\t\t<\/div>\n\t\t\t\t<\/div>\n\t\t\t\t<div class=\"elementor-element elementor-element-a45aba4 elementor-view-default elementor-widget elementor-widget-icon\" data-id=\"a45aba4\" data-element_type=\"widget\" data-e-type=\"widget\" data-widget_type=\"icon.default\">\n\t\t\t\t<div class=\"elementor-widget-container\">\n\t\t\t\t\t\t\t<div class=\"elementor-icon-wrapper\">\n\t\t\t<div class=\"elementor-icon\">\n\t\t\t<i aria-hidden=\"true\" class=\"faq faqright-open\"><\/i>\t\t\t<\/div>\n\t\t<\/div>\n\t\t\t\t\t\t<\/div>\n\t\t\t\t<\/div>\n\t\t\t\t<\/a>\n\t\t\t\t\t<\/div>\n\t\t\t\t<\/div>\n\t\t<div class=\"elementor-element elementor-element-ecf8a96 e-flex e-con-boxed e-con e-parent\" data-id=\"ecf8a96\" data-element_type=\"container\" data-e-type=\"container\">\n\t\t\t\t\t<div class=\"e-con-inner\">\n\t\t<a class=\"elementor-element elementor-element-455128a click-child pointer e-con-full e-flex e-con e-child\" data-id=\"455128a\" data-element_type=\"container\" data-e-type=\"container\" href=\"https:\/\/moovago.com\/es\/aplicaciones\/software-crm-para-comerciales-medicos\/\">\n\t\t\t\t<div class=\"elementor-element elementor-element-0d8fc74 elementor-widget elementor-widget-heading\" data-id=\"0d8fc74\" data-element_type=\"widget\" data-e-type=\"widget\" data-widget_type=\"heading.default\">\n\t\t\t\t<div class=\"elementor-widget-container\">\n\t\t\t\t\t<h2 class=\"elementor-heading-title elementor-size-default\">M\u00e9dico<\/h2>\t\t\t\t<\/div>\n\t\t\t\t<\/div>\n\t\t\t\t<div class=\"elementor-element elementor-element-342338f elementor-widget elementor-widget-text-editor\" data-id=\"342338f\" data-element_type=\"widget\" data-e-type=\"widget\" data-widget_type=\"text-editor.default\">\n\t\t\t\t<div class=\"elementor-widget-container\">\n\t\t\t\t\t\t\t\t\t<p>Organice las visitas entre sus socios y cree itinerarios con sus clientes actuales y potenciales.<\/p>\t\t\t\t\t\t\t\t<\/div>\n\t\t\t\t<\/div>\n\t\t\t\t<div class=\"elementor-element elementor-element-c0d83ff elementor-view-default elementor-widget elementor-widget-icon\" data-id=\"c0d83ff\" data-element_type=\"widget\" data-e-type=\"widget\" data-widget_type=\"icon.default\">\n\t\t\t\t<div class=\"elementor-widget-container\">\n\t\t\t\t\t\t\t<div class=\"elementor-icon-wrapper\">\n\t\t\t<div class=\"elementor-icon\">\n\t\t\t<i aria-hidden=\"true\" class=\"faq faqright-open\"><\/i>\t\t\t<\/div>\n\t\t<\/div>\n\t\t\t\t\t\t<\/div>\n\t\t\t\t<\/div>\n\t\t\t\t<\/a>\n\t\t<a class=\"elementor-element elementor-element-4dfcf40 click-child pointer e-con-full e-flex e-con e-child\" data-id=\"4dfcf40\" data-element_type=\"container\" data-e-type=\"container\" href=\"https:\/\/moovago.com\/es\/aplicaciones\/software-crm-para-vendedores-industriales\/\">\n\t\t\t\t<div class=\"elementor-element elementor-element-eb37565 elementor-widget elementor-widget-heading\" data-id=\"eb37565\" data-element_type=\"widget\" data-e-type=\"widget\" data-widget_type=\"heading.default\">\n\t\t\t\t<div class=\"elementor-widget-container\">\n\t\t\t\t\t<h2 class=\"elementor-heading-title elementor-size-default\">Industria<\/h2>\t\t\t\t<\/div>\n\t\t\t\t<\/div>\n\t\t\t\t<div class=\"elementor-element elementor-element-de59b6f elementor-widget elementor-widget-text-editor\" data-id=\"de59b6f\" data-element_type=\"widget\" data-e-type=\"widget\" data-widget_type=\"text-editor.default\">\n\t\t\t\t<div class=\"elementor-widget-container\">\n\t\t\t\t\t\t\t\t\t<p>Prospere y desarrolle su negocio con clientes profesionales y recomi\u00e9ndeles sus productos.<\/p>\t\t\t\t\t\t\t\t<\/div>\n\t\t\t\t<\/div>\n\t\t\t\t<div class=\"elementor-element elementor-element-1a37c45 elementor-view-default elementor-widget elementor-widget-icon\" data-id=\"1a37c45\" data-element_type=\"widget\" data-e-type=\"widget\" data-widget_type=\"icon.default\">\n\t\t\t\t<div class=\"elementor-widget-container\">\n\t\t\t\t\t\t\t<div class=\"elementor-icon-wrapper\">\n\t\t\t<div class=\"elementor-icon\">\n\t\t\t<i aria-hidden=\"true\" class=\"faq faqright-open\"><\/i>\t\t\t<\/div>\n\t\t<\/div>\n\t\t\t\t\t\t<\/div>\n\t\t\t\t<\/div>\n\t\t\t\t<\/a>\n\t\t<a class=\"elementor-element elementor-element-273dd7e click-child pointer e-con-full e-flex e-con e-child\" data-id=\"273dd7e\" data-element_type=\"container\" data-e-type=\"container\" href=\"https:\/\/moovago.com\/es\/aplicaciones\/software-crm-para-comerciales-de-la-construccion\/\">\n\t\t\t\t<div class=\"elementor-element elementor-element-af4cfe8 elementor-widget elementor-widget-heading\" data-id=\"af4cfe8\" data-element_type=\"widget\" data-e-type=\"widget\" data-widget_type=\"heading.default\">\n\t\t\t\t<div class=\"elementor-widget-container\">\n\t\t\t\t\t<h2 class=\"elementor-heading-title elementor-size-default\">Edificio<\/h2>\t\t\t\t<\/div>\n\t\t\t\t<\/div>\n\t\t\t\t<div class=\"elementor-element elementor-element-dd8808a elementor-widget elementor-widget-text-editor\" data-id=\"dd8808a\" data-element_type=\"widget\" data-e-type=\"widget\" data-widget_type=\"text-editor.default\">\n\t\t\t\t<div class=\"elementor-widget-container\">\n\t\t\t\t\t\t\t\t\t<p>Desarrolle \u00e1reas de alto potencial y siga de cerca los negocios en curso.<\/p>\t\t\t\t\t\t\t\t<\/div>\n\t\t\t\t<\/div>\n\t\t\t\t<div class=\"elementor-element elementor-element-1e621cd elementor-view-default elementor-widget elementor-widget-icon\" data-id=\"1e621cd\" data-element_type=\"widget\" data-e-type=\"widget\" data-widget_type=\"icon.default\">\n\t\t\t\t<div class=\"elementor-widget-container\">\n\t\t\t\t\t\t\t<div class=\"elementor-icon-wrapper\">\n\t\t\t<div class=\"elementor-icon\">\n\t\t\t<i aria-hidden=\"true\" class=\"faq faqright-open\"><\/i>\t\t\t<\/div>\n\t\t<\/div>\n\t\t\t\t\t\t<\/div>\n\t\t\t\t<\/div>\n\t\t\t\t<\/a>\n\t\t\t\t\t<\/div>\n\t\t\t\t<\/div>\n\t\t\t\t<\/div>\n\t\t","protected":false},"excerpt":{"rendered":"<p>Casos pr\u00e1cticos Caracter\u00edsticas de Moovago seg\u00fan el tipo de vendedor : Comercial Gestione sus oportunidades de venta, cree recordatorios y recordatorios para gestionar su cartera. Agente de ventas Trabaje con m\u00faltiples clientes y principales directamente dentro de la aplicaci\u00f3n. Agencia comercial Trabaje en equipo y comparta f\u00e1cilmente sus sectores, prospectos y clientes. T\u00e9cnico de ventas [&hellip;]<\/p>\n","protected":false},"author":1,"featured_media":39481,"parent":0,"menu_order":0,"comment_status":"closed","ping_status":"closed","template":"","meta":{"footnotes":""},"class_list":["post-50159","page","type-page","status-publish","has-post-thumbnail","hentry"],"_links":{"self":[{"href":"https:\/\/moovago.com\/es\/wp-json\/wp\/v2\/pages\/50159","targetHints":{"allow":["GET"]}}],"collection":[{"href":"https:\/\/moovago.com\/es\/wp-json\/wp\/v2\/pages"}],"about":[{"href":"https:\/\/moovago.com\/es\/wp-json\/wp\/v2\/types\/page"}],"author":[{"embeddable":true,"href":"https:\/\/moovago.com\/es\/wp-json\/wp\/v2\/users\/1"}],"replies":[{"embeddable":true,"href":"https:\/\/moovago.com\/es\/wp-json\/wp\/v2\/comments?post=50159"}],"version-history":[{"count":1,"href":"https:\/\/moovago.com\/es\/wp-json\/wp\/v2\/pages\/50159\/revisions"}],"predecessor-version":[{"id":50164,"href":"https:\/\/moovago.com\/es\/wp-json\/wp\/v2\/pages\/50159\/revisions\/50164"}],"wp:featuredmedia":[{"embeddable":true,"href":"https:\/\/moovago.com\/es\/wp-json\/wp\/v2\/media\/39481"}],"wp:attachment":[{"href":"https:\/\/moovago.com\/es\/wp-json\/wp\/v2\/media?parent=50159"}],"curies":[{"name":"wp","href":"https:\/\/api.w.org\/{rel}","templated":true}]}}