{"id":47595,"date":"2025-08-22T10:16:39","date_gmt":"2025-08-22T08:16:39","guid":{"rendered":"https:\/\/moovago.com\/cancellazione-dellaccount\/"},"modified":"2025-11-20T14:28:58","modified_gmt":"2025-11-20T13:28:58","slug":"cancellazione-dellaccount","status":"publish","type":"page","link":"https:\/\/moovago.com\/it\/cancellazione-dellaccount\/","title":{"rendered":"Cancellazione dell&#8217;account"},"content":{"rendered":"\t\t<div data-elementor-type=\"wp-page\" data-elementor-id=\"47595\" class=\"elementor elementor-47595 elementor-37560\" data-elementor-post-type=\"page\">\n\t\t\t\t<div class=\"elementor-element elementor-element-45f8176 e-flex e-con-boxed e-con e-parent\" data-id=\"45f8176\" data-element_type=\"container\" data-e-type=\"container\" data-settings=\"{&quot;background_background&quot;:&quot;gradient&quot;,&quot;shape_divider_bottom&quot;:&quot;waves&quot;}\">\n\t\t\t\t\t<div class=\"e-con-inner\">\n\t\t\t\t<div class=\"elementor-shape elementor-shape-bottom\" aria-hidden=\"true\" data-negative=\"false\">\n\t\t\t<svg xmlns=\"http:\/\/www.w3.org\/2000\/svg\" viewBox=\"0 0 1000 100\" preserveAspectRatio=\"none\">\n\t<path class=\"elementor-shape-fill\" d=\"M421.9,6.5c22.6-2.5,51.5,0.4,75.5,5.3c23.6,4.9,70.9,23.5,100.5,35.7c75.8,32.2,133.7,44.5,192.6,49.7\n\tc23.6,2.1,48.7,3.5,103.4-2.5c54.7-6,106.2-25.6,106.2-25.6V0H0v30.3c0,0,72,32.6,158.4,30.5c39.2-0.7,92.8-6.7,134-22.4\n\tc21.2-8.1,52.2-18.2,79.7-24.2C399.3,7.9,411.6,7.5,421.9,6.5z\"\/>\n<\/svg>\t\t<\/div>\n\t\t\t\t<div class=\"elementor-element elementor-element-4085e2b elementor-widget__width-initial elementor-widget elementor-widget-heading\" data-id=\"4085e2b\" data-element_type=\"widget\" data-e-type=\"widget\" data-widget_type=\"heading.default\">\n\t\t\t\t<div class=\"elementor-widget-container\">\n\t\t\t\t\t<h1 class=\"elementor-heading-title elementor-size-default\">Cancelli l'account del suo team e \ntutti i suoi membri.  <\/h1>\t\t\t\t<\/div>\n\t\t\t\t<\/div>\n\t\t\t\t\t<\/div>\n\t\t\t\t<\/div>\n\t\t<div class=\"elementor-element elementor-element-8c44a6c e-flex e-con-boxed e-con e-parent\" data-id=\"8c44a6c\" data-element_type=\"container\" data-e-type=\"container\">\n\t\t\t\t\t<div class=\"e-con-inner\">\n\t\t\t\t<div class=\"elementor-element elementor-element-bc78f35 elementor-widget elementor-widget-text-editor\" data-id=\"bc78f35\" data-element_type=\"widget\" data-e-type=\"widget\" data-widget_type=\"text-editor.default\">\n\t\t\t\t<div class=\"elementor-widget-container\">\n\t\t\t\t\t\t\t\t\t<p>In qualit\u00e0 di team manager, pu\u00f2 eliminare l&#8217;account Moovago di tutto il suo team.<br>Gli account e i dati di tutti gli utenti del suo team, cos\u00ec come tutti i loro dati personali, saranno eliminati definitivamente entro 30 giorni.<\/p><p>Avr\u00e0 un periodo di grazia di 30 giorni dopo la richiesta di cancellazione, durante il quale gli account appariranno come temporaneamente disattivati. Pu\u00f2 annullare l&#8217;eliminazione durante questo periodo ricollegandosi all&#8217;applicazione (mobile o web). Una volta terminato questo periodo, gli account saranno eliminati definitivamente (entro 24 ore).  <\/p><p>Questa pagina spiega come eliminare e ripristinare l&#8217;account Moovago dell&#8217;intera squadra. Queste operazioni possono essere eseguite solo dal team manager. <\/p><p><b style=\"color: var( --e-global-color-text ); text-align: var(--text-align); font-size: 1rem;\" data-sider-select-id=\"63263406-46d9-4a48-ae66-d4eafcaca320\"> <\/b><\/p><p><strong>Cosa verr\u00e0 rimosso?<\/strong><\/p><p>Se elimina l&#8217;account di tutto il suo team, lei e tutti gli utenti membri del suo team non potrete pi\u00f9 accedere alle applicazioni o ai servizi Moovago.<\/p><p>Dopo aver eliminato l&#8217;account del team, i dati personali di tutti i membri del team saranno eliminati anche da tutti i servizi Moovago accessibili dai suoi membri entro 30 giorni, a meno che non ci venga richiesto di conservarli per scopi commerciali o legali legittimi. Potremmo aver bisogno di conservare le informazioni relative agli acquisti, i registri che dimostrano che abbiamo cancellato il suo account o i dati che fanno parte di una causa legale attiva. <\/p><p><b style=\"color: var( --e-global-color-text ); text-align: var(--text-align); font-size: 1rem;\"> <\/b><\/p><p><span style=\"font-size: 16px;\"><b>I dati dei suoi membri saranno cancellati dall&#8217;applicazione. <\/b><\/span><span style=\"font-size: 16px;\"><b>Moovago<\/b><\/span><b style=\"color: var( --e-global-color-text ); text-align: var(--text-align); font-size: 1rem;\">  <\/b><\/p><ul><li>Cognome, nome, titolo, numero di telefono e indirizzo e-mail<\/li><li>ID sponsorizzazione<\/li><li>Tutti i contenuti (record di clienti, rapporti, note, file e foto caricati, ecc.) che i suoi membri hanno creato nell&#8217;applicazione Moovago e il cui proprietario \u00e8 un utente che fa parte del suo team.<\/li><\/ul><p><b style=\"color: var( --e-global-color-text ); text-align: var(--text-align); font-size: 1rem;\"> <\/b><\/p><p><span style=\"font-size: 16px;\"><b>I dati dei suoi membri che non saranno cancellati nell&#8217;applicazione <\/b><\/span><b style=\"font-size: 16px;\">Moovago<\/b><\/p><p>Tutti i contenuti (file dei clienti, rapporti, note, file e foto caricati, ecc.) che lei ha creato nell&#8217;applicazione Moovago e il cui proprietario non \u00e8 un utente appartenente al suo team. Tutti i dati personali citati in questi contenuti, come i nomi o gli indirizzi e-mail digitati in una nota o in un rapporto, ad esempio. <\/p><p><b> <\/b><\/p><p><b>Cancelli l&#8217;account della sua squadra<\/b><\/p><p>Per eliminare l&#8217;account della sua squadra e quelli dei suoi membri :<\/p><p>1. Acceda al suo account su <a href=\"http:\/\/moovago.app\/\" rel=\"nofollow noopener\" target=\"_blank\">https:\/\/moovago.app<\/a> o sull&#8217;applicazione mobile Moovago.<\/p><p>2. Vada al menu <b>Impostazioni<\/b> (sul web: in basso a sinistra \/ Sui cellulari: nella schermata iniziale, clicchi sull&#8217;icona del personaggio(i) in alto a destra).<\/p><p>3. Selezioni <b>Impostazioni &lt;la sua azienda&gt;<\/b><\/p><p>4. Selezioni <b>Gestione account<\/b><\/p><p>5. Selezioni <b>Elimina account team <\/b>&#8230;  <\/p><p>6. Nella finestra di dialogo di conferma che appare, legga attentamente il messaggio di avvertimento sulla sorte degli account e dei dati eliminati.<\/p><p>7. Selezioni il pulsante <b>Elimina<\/b> per confermare che desidera eliminarlo, oppure selezioni il pulsante <b>Annulla<\/b> se non lo desidera.<\/p><p><b> <\/b><\/p><p><b>Cosa succede dopo che il suo account di squadra \u00e8 stato cancellato?  <\/b><\/p><p>Il suo accesso all&#8217;applicazione e quello dei membri del suo team sar\u00e0 sospeso immediatamente.<\/p><p>Durante il periodo di grazia di 30 giorni successivo alla richiesta di cancellazione dell&#8217;account, gli altri utenti continueranno a vedere il suo nome nell&#8217;applicazione. Quando il suo account verr\u00e0 eliminato definitivamente, al posto del suo nome apparir\u00e0 <b>Ex membro<\/b>. <\/p><p>Gli account di tutti gli utenti del suo team e tutti i loro dati personali saranno eliminati in modo permanente dalle applicazioni Moovago, una volta eliminato un account.<\/p><p><b>Ripristino di un account team cancellato<\/b><span style=\"font-weight: bold;\">  <\/span><\/p><p>Se cambia idea, pu\u00f2 ripristinare il suo account di squadra (e tutti i suoi dati) prima della fine del periodo di grazia di 30 giorni. Una volta terminato il periodo di tolleranza, il suo account verr\u00e0 eliminato definitivamente e non potr\u00e0 pi\u00f9 ripristinarlo. <\/p><p>Per ripristinare un account di squadra :<\/p><p>1. Acceda al suo account su <a href=\"http:\/\/moovago.app\/\" rel=\"nofollow noopener\" target=\"_blank\">https:\/\/moovago.app<\/a> o sull&#8217;applicazione mobile Moovago.<\/p><p>2. Selezioni <b>Annulla eliminazione<\/b> nella schermata che appare.<\/p><p>Gli account e i dati di tutti gli utenti del suo team e tutti i loro dati personali saranno ora ripristinati e lei potr\u00e0 collegarsi all&#8217;applicazione Moovago.<\/p>\t\t\t\t\t\t\t\t<\/div>\n\t\t\t\t<\/div>\n\t\t\t\t\t<\/div>\n\t\t\t\t<\/div>\n\t\t\t\t<\/div>\n\t\t","protected":false},"excerpt":{"rendered":"<p>Cancelli l&#8217;account del suo team e tutti i suoi membri. In qualit\u00e0 di team manager, pu\u00f2 eliminare l&#8217;account Moovago di tutto il suo team.Gli account e i dati di tutti gli utenti del suo team, cos\u00ec come tutti i loro dati personali, saranno eliminati definitivamente entro 30 giorni. Avr\u00e0 un periodo di grazia di 30 [&hellip;]<\/p>\n","protected":false},"author":1,"featured_media":0,"parent":0,"menu_order":0,"comment_status":"closed","ping_status":"closed","template":"elementor_header_footer","meta":{"footnotes":""},"class_list":["post-47595","page","type-page","status-publish","hentry"],"_links":{"self":[{"href":"https:\/\/moovago.com\/it\/wp-json\/wp\/v2\/pages\/47595","targetHints":{"allow":["GET"]}}],"collection":[{"href":"https:\/\/moovago.com\/it\/wp-json\/wp\/v2\/pages"}],"about":[{"href":"https:\/\/moovago.com\/it\/wp-json\/wp\/v2\/types\/page"}],"author":[{"embeddable":true,"href":"https:\/\/moovago.com\/it\/wp-json\/wp\/v2\/users\/1"}],"replies":[{"embeddable":true,"href":"https:\/\/moovago.com\/it\/wp-json\/wp\/v2\/comments?post=47595"}],"version-history":[{"count":1,"href":"https:\/\/moovago.com\/it\/wp-json\/wp\/v2\/pages\/47595\/revisions"}],"predecessor-version":[{"id":47596,"href":"https:\/\/moovago.com\/it\/wp-json\/wp\/v2\/pages\/47595\/revisions\/47596"}],"wp:attachment":[{"href":"https:\/\/moovago.com\/it\/wp-json\/wp\/v2\/media?parent=47595"}],"curies":[{"name":"wp","href":"https:\/\/api.w.org\/{rel}","templated":true}]}}