{"id":47686,"date":"2024-11-21T10:00:00","date_gmt":"2024-11-21T09:00:00","guid":{"rendered":"https:\/\/moovago.com\/moovago-x-cegid\/"},"modified":"2025-11-27T11:34:28","modified_gmt":"2025-11-27T10:34:28","slug":"moovago-x-cegid","status":"publish","type":"page","link":"https:\/\/moovago.com\/it\/colleghi-i-suoi-strumenti-preferiti-a-moovago\/moovago-x-cegid\/","title":{"rendered":"Moovago x Cegid"},"content":{"rendered":"\t\t<div data-elementor-type=\"wp-page\" data-elementor-id=\"47686\" class=\"elementor elementor-47686 elementor-28657\" data-elementor-post-type=\"page\">\n\t\t\t\t<div class=\"elementor-element elementor-element-9e0a0f7 e-flex e-con-boxed e-con e-parent\" data-id=\"9e0a0f7\" data-element_type=\"container\" data-e-type=\"container\">\n\t\t\t\t\t<div class=\"e-con-inner\">\n\t\t\t\t<div class=\"elementor-element elementor-element-0254245 elementor-widget elementor-widget-text-editor\" data-id=\"0254245\" data-element_type=\"widget\" data-e-type=\"widget\" data-widget_type=\"text-editor.default\">\n\t\t\t\t<div class=\"elementor-widget-container\">\n\t\t\t\t\t\t\t\t\t<p data-pm-slice=\"1 1 []\">Cegid \u00e8 una suite di strumenti di gestione aziendale, nota anche come ERP, che le consente di gestire in modo efficiente le vendite, la contabilit\u00e0 e molto altro.  <\/p><p data-pm-slice=\"1 1 []\"><span style=\"color: var( --e-global-color-text ); font-family: var( --e-global-typography-text-font-family ); font-size: var( --e-global-typography-text-font-size ); text-align: var(--text-align); background-color: var( --e-global-color-accent );\">Se utilizza Cegid come ERP e Moovago come CRM, un collegamento tra i due potrebbe essere interessante per lei.<\/span><\/p><p data-pm-slice=\"1 1 []\"><span style=\"color: var( --e-global-color-text ); font-family: var( --e-global-typography-text-font-family ); font-size: var( --e-global-typography-text-font-size ); text-align: var(--text-align); background-color: var( --e-global-color-accent );\">Pu\u00f2 <\/span><b style=\"color: var( --e-global-color-text ); font-family: var( --e-global-typography-text-font-family ); font-size: var( --e-global-typography-text-font-size ); text-align: var(--text-align); background-color: var( --e-global-color-accent );\">sincronizzare i dati di vendita, semplificare la fatturazione e centralizzare tutte le informazioni.<\/b><span style=\"color: var( --e-global-color-text ); font-family: var( --e-global-typography-text-font-family ); font-size: var( --e-global-typography-text-font-size ); text-align: var(--text-align); background-color: var( --e-global-color-accent );\">senza ulteriori inserimenti manuali.<\/span><\/p>\t\t\t\t\t\t\t\t<\/div>\n\t\t\t\t<\/div>\n\t\t\t\t<div class=\"elementor-element elementor-element-0dc59ec elementor-widget elementor-widget-spacer\" data-id=\"0dc59ec\" data-element_type=\"widget\" data-e-type=\"widget\" data-widget_type=\"spacer.default\">\n\t\t\t\t<div class=\"elementor-widget-container\">\n\t\t\t\t\t\t\t<div class=\"elementor-spacer\">\n\t\t\t<div class=\"elementor-spacer-inner\"><\/div>\n\t\t<\/div>\n\t\t\t\t\t\t<\/div>\n\t\t\t\t<\/div>\n\t\t\t\t<div class=\"elementor-element elementor-element-13ae8ef elementor-widget elementor-widget-heading\" data-id=\"13ae8ef\" data-element_type=\"widget\" data-e-type=\"widget\" data-widget_type=\"heading.default\">\n\t\t\t\t<div class=\"elementor-widget-container\">\n\t\t\t\t\t<h2 class=\"elementor-heading-title elementor-size-default\">Cegid, software di gestione per VSE e PMI<\/h2>\t\t\t\t<\/div>\n\t\t\t\t<\/div>\n\t\t\t\t<div class=\"elementor-element elementor-element-8bbe033 elementor-widget elementor-widget-text-editor\" data-id=\"8bbe033\" data-element_type=\"widget\" data-e-type=\"widget\" data-widget_type=\"text-editor.default\">\n\t\t\t\t<div class=\"elementor-widget-container\">\n\t\t\t\t\t\t\t\t\t<p>Grazie ad un&#8217;ampia gamma di prodotti, Cegid \u00e8 in grado di soddisfare le esigenze di quasi tutte le aziende e le PMI in termini di monitoraggio delle vendite, gestione del fatturato, contabilit\u00e0 aziendale e contabilit\u00e0 accessoria.<\/p><p>Altre soluzioni offerte da Cegid sono rivolte anche ai dipartimenti HR o alle attivit\u00e0 di vendita al dettaglio.<\/p>\t\t\t\t\t\t\t\t<\/div>\n\t\t\t\t<\/div>\n\t\t\t\t<div class=\"elementor-element elementor-element-6cf19a7 elementor-widget elementor-widget-button\" data-id=\"6cf19a7\" data-element_type=\"widget\" data-e-type=\"widget\" data-widget_type=\"button.default\">\n\t\t\t\t<div class=\"elementor-widget-container\">\n\t\t\t\t\t\t\t\t\t<div class=\"elementor-button-wrapper\">\n\t\t\t\t\t<a class=\"elementor-button elementor-button-link elementor-size-sm\" href=\"https:\/\/www.cegid.com\/fr\/\" target=\"_blank\" rel=\"nofollow noopener\">\n\t\t\t\t\t\t<span class=\"elementor-button-content-wrapper\">\n\t\t\t\t\t\t\t\t\t<span class=\"elementor-button-text\">Scoprire Cegid<\/span>\n\t\t\t\t\t<\/span>\n\t\t\t\t\t<\/a>\n\t\t\t\t<\/div>\n\t\t\t\t\t\t\t\t<\/div>\n\t\t\t\t<\/div>\n\t\t\t\t<div class=\"elementor-element elementor-element-374a9b6 elementor-widget elementor-widget-spacer\" data-id=\"374a9b6\" data-element_type=\"widget\" data-e-type=\"widget\" data-widget_type=\"spacer.default\">\n\t\t\t\t<div class=\"elementor-widget-container\">\n\t\t\t\t\t\t\t<div class=\"elementor-spacer\">\n\t\t\t<div class=\"elementor-spacer-inner\"><\/div>\n\t\t<\/div>\n\t\t\t\t\t\t<\/div>\n\t\t\t\t<\/div>\n\t\t\t\t<div class=\"elementor-element elementor-element-018bba0 elementor-widget elementor-widget-heading\" data-id=\"018bba0\" data-element_type=\"widget\" data-e-type=\"widget\" data-widget_type=\"heading.default\">\n\t\t\t\t<div class=\"elementor-widget-container\">\n\t\t\t\t\t<h2 class=\"elementor-heading-title elementor-size-default\">Collegare Cegid e Moovago per risparmiare tempo<\/h2>\t\t\t\t<\/div>\n\t\t\t\t<\/div>\n\t\t\t\t<div class=\"elementor-element elementor-element-2bace00 elementor-widget elementor-widget-text-editor\" data-id=\"2bace00\" data-element_type=\"widget\" data-e-type=\"widget\" data-widget_type=\"text-editor.default\">\n\t\t\t\t<div class=\"elementor-widget-container\">\n\t\t\t\t\t\t\t\t\t<p data-pm-slice=\"1 1 []\">L&#8217;integrazione tra Moovago e Cegid la aiuta a <b>massimizzare la produttivit\u00e0 del suo team<\/b>, collegando i dati di prospezione, gestione dei clienti e monitoraggio delle vendite.<\/p>\t\t\t\t\t\t\t\t<\/div>\n\t\t\t\t<\/div>\n\t\t\t\t<div class=\"elementor-element elementor-element-e46eae7 elementor-widget elementor-widget-heading\" data-id=\"e46eae7\" data-element_type=\"widget\" data-e-type=\"widget\" data-widget_type=\"heading.default\">\n\t\t\t\t<div class=\"elementor-widget-container\">\n\t\t\t\t\t<h3 class=\"elementor-heading-title elementor-size-default\">Sincronizzazione dei dati dei clienti e del fatturato.<\/h3>\t\t\t\t<\/div>\n\t\t\t\t<\/div>\n\t\t\t\t<div class=\"elementor-element elementor-element-aa71d94 elementor-widget elementor-widget-text-editor\" data-id=\"aa71d94\" data-element_type=\"widget\" data-e-type=\"widget\" data-widget_type=\"text-editor.default\">\n\t\t\t\t<div class=\"elementor-widget-container\">\n\t\t\t\t\t\t\t\t\t<p data-pm-slice=\"1 3 []\">Collegando il software tramite l&#8217;API, pu\u00f2 sincronizzare i dati dei clienti tra Moovago e Cegid in tempo reale. Ci\u00f2 significa che qualsiasi nuova informazione inserita in Moovago sar\u00e0 automaticamente aggiornata in Cegid, e viceversa. <\/p><p data-pm-slice=\"1 3 []\"><span style=\"text-align: var(--text-align); background-color: var( --e-global-color-accent ); font-size: var( --e-global-typography-text-font-size ); font-family: var( --e-global-typography-text-font-family ); color: var( --e-global-color-text );\"><b>Questo evita la duplicazione<\/b> e <b>le fa risparmiare il tempo di trasferire manualmente i dati<\/b> da un pacchetto software all&#8217;altro. Ecco alcuni esempi di possibili collegamenti:   <\/span><\/p><ul><li><span style=\"background-color: transparent; color: var( --e-global-color-text ); font-family: var( --e-global-typography-text-font-family ); text-align: var(--text-align);\">Aggiorna lo stato delle sue aziende in Moovago quando un preventivo viene convalidato in Cegid, o dopo una cessazione,<\/span><\/li><li><span style=\"background-color: transparent; color: var( --e-global-color-text ); font-family: var( --e-global-typography-text-font-family ); text-align: var(--text-align);\">Mantenga aggiornati i dati dei suoi contatti quando vengono aggiornati in uno dei pacchetti software,<\/span><\/li><li>Alimenta i dati di fatturato di Cegid in Moovago per consentire al personale di vendita di prendere le decisioni giuste per continuare a sviluppare la sua attivit\u00e0.<\/li><\/ul>\t\t\t\t\t\t\t\t<\/div>\n\t\t\t\t<\/div>\n\t\t\t\t<div class=\"elementor-element elementor-element-343813c elementor-widget elementor-widget-heading\" data-id=\"343813c\" data-element_type=\"widget\" data-e-type=\"widget\" data-widget_type=\"heading.default\">\n\t\t\t\t<div class=\"elementor-widget-container\">\n\t\t\t\t\t<h3 class=\"elementor-heading-title elementor-size-default\">Migliore cooperazione tra i dipartimenti<\/h3>\t\t\t\t<\/div>\n\t\t\t\t<\/div>\n\t\t\t\t<div class=\"elementor-element elementor-element-214e045 elementor-widget elementor-widget-spacer\" data-id=\"214e045\" data-element_type=\"widget\" data-e-type=\"widget\" data-widget_type=\"spacer.default\">\n\t\t\t\t<div class=\"elementor-widget-container\">\n\t\t\t\t\t\t\t<div class=\"elementor-spacer\">\n\t\t\t<div class=\"elementor-spacer-inner\"><\/div>\n\t\t<\/div>\n\t\t\t\t\t\t<\/div>\n\t\t\t\t<\/div>\n\t\t\t\t<div class=\"elementor-element elementor-element-c4687ab elementor-widget elementor-widget-text-editor\" data-id=\"c4687ab\" data-element_type=\"widget\" data-e-type=\"widget\" data-widget_type=\"text-editor.default\">\n\t\t\t\t<div class=\"elementor-widget-container\">\n\t\t\t\t\t\t\t\t\t<p data-pm-slice=\"1 1 []\"><span style=\"color: var( --e-global-color-text ); font-family: var( --e-global-typography-text-font-family ); font-size: var( --e-global-typography-text-font-size ); text-align: var(--text-align); background-color: var( --e-global-color-accent );\">Moovago e Cegid si completano a vicenda per offrire a ciascun reparto gli strumenti necessari per il loro lavoro quotidiano. <\/span><span style=\"color: var( --e-global-color-text ); font-family: var( --e-global-typography-text-font-family ); font-size: var( --e-global-typography-text-font-size ); text-align: var(--text-align); background-color: var( --e-global-color-accent );\">Mentre Moovago semplifica il lavoro quotidiano del personale di vendita sul campo, Cegid offre soluzioni ai problemi complessi affrontati dai team di amministrazione delle vendite, contabilit\u00e0, risorse umane e gestione.<\/span><\/p>\n<p data-pm-slice=\"1 1 []\"><span style=\"color: var( --e-global-color-text ); font-family: var( --e-global-typography-text-font-family ); font-size: var( --e-global-typography-text-font-size ); text-align: var(--text-align); background-color: var( --e-global-color-accent );\">Collegando i due pacchetti software, pu\u00f2 <b>portare i reparti vendite e contabilit\u00e0 a nuovi livelli di collaborazione<\/b>.<\/span><\/p>\n<div>Lasci che ogni reparto si concentri sui propri compiti, sul proprio software aziendale, e <b>utilizzi una connessione API per automatizzare il flusso di dati<\/b> tra i due strumenti.<\/div>\t\t\t\t\t\t\t\t<\/div>\n\t\t\t\t<\/div>\n\t\t\t\t<div class=\"elementor-element elementor-element-8fde24b elementor-widget elementor-widget-heading\" data-id=\"8fde24b\" data-element_type=\"widget\" data-e-type=\"widget\" data-widget_type=\"heading.default\">\n\t\t\t\t<div class=\"elementor-widget-container\">\n\t\t\t\t\t<h2 class=\"elementor-heading-title elementor-size-default\">Come si collegano Cegid e Moovago?<\/h2>\t\t\t\t<\/div>\n\t\t\t\t<\/div>\n\t\t\t\t<div class=\"elementor-element elementor-element-db55a5a elementor-widget elementor-widget-text-editor\" data-id=\"db55a5a\" data-element_type=\"widget\" data-e-type=\"widget\" data-widget_type=\"text-editor.default\">\n\t\t\t\t<div class=\"elementor-widget-container\">\n\t\t\t\t\t\t\t\t\t<p data-pm-slice=\"1 1 []\">Per collegare Moovago e Cegid, <b>\u00e8 necessaria un&#8217;integrazione tramite API<\/b>. Si consiglia di utilizzare uno sviluppatore per configurare questa connessione e garantire che i due sistemi funzionino in modo ottimale. <\/p><p>Moovago dispone di un&#8217;<a href=\"https:\/\/moovago.com\/it\/api-come-iniziare\/\">API GraphQL<\/a> per collegarlo ai suoi strumenti preferiti, e Cegid ha una propria <a href=\"https:\/\/developers.cegid.com\/apis\" target=\"_blank\" rel=\"noopener\">documentazione API disponibile qui.<\/a> Non esiti a <a title=\"contatto\" href=\"https:\/\/moovago.com\/contactez-nous\/\">contattare il nostro team<\/a> per saperne di pi\u00f9 sulle possibili connessioni tra i software. <\/p>\t\t\t\t\t\t\t\t<\/div>\n\t\t\t\t<\/div>\n\t\t\t\t<div class=\"elementor-element elementor-element-d40d1df elementor-widget elementor-widget-spacer\" data-id=\"d40d1df\" data-element_type=\"widget\" data-e-type=\"widget\" data-widget_type=\"spacer.default\">\n\t\t\t\t<div class=\"elementor-widget-container\">\n\t\t\t\t\t\t\t<div class=\"elementor-spacer\">\n\t\t\t<div class=\"elementor-spacer-inner\"><\/div>\n\t\t<\/div>\n\t\t\t\t\t\t<\/div>\n\t\t\t\t<\/div>\n\t\t<div class=\"elementor-element elementor-element-e2073c5 e-con-full e-flex e-con e-child\" data-id=\"e2073c5\" data-element_type=\"container\" data-e-type=\"container\" data-settings=\"{&quot;background_background&quot;:&quot;gradient&quot;}\">\n\t\t\t\t<div class=\"elementor-element elementor-element-3e0594b elementor-widget elementor-widget-heading\" data-id=\"3e0594b\" data-element_type=\"widget\" data-e-type=\"widget\" data-widget_type=\"heading.default\">\n\t\t\t\t<div class=\"elementor-widget-container\">\n\t\t\t\t\t<span class=\"elementor-heading-title elementor-size-default\">Centralizzi le vendite, automatizzi la gestione dei clienti e risparmi tempo prezioso.<\/span>\t\t\t\t<\/div>\n\t\t\t\t<\/div>\n\t\t\t\t<div class=\"elementor-element elementor-element-0d824ad elementor-align-left elementor-tablet-align-left elementor-mobile-align-center elementor-widget-tablet__width-inherit elementor-widget-mobile__width-inherit elementor-widget elementor-widget-button\" data-id=\"0d824ad\" data-element_type=\"widget\" data-e-type=\"widget\" data-widget_type=\"button.default\">\n\t\t\t\t<div class=\"elementor-widget-container\">\n\t\t\t\t\t\t\t\t\t<div class=\"elementor-button-wrapper\">\n\t\t\t\t\t<a class=\"elementor-button elementor-button-link elementor-size-md\" href=\"https:\/\/moovago.com\/it\/contatto-appuntamento\/\">\n\t\t\t\t\t\t<span class=\"elementor-button-content-wrapper\">\n\t\t\t\t\t\t\t\t\t<span class=\"elementor-button-text\">Richiedi una demo<\/span>\n\t\t\t\t\t<\/span>\n\t\t\t\t\t<\/a>\n\t\t\t\t<\/div>\n\t\t\t\t\t\t\t\t<\/div>\n\t\t\t\t<\/div>\n\t\t\t\t<\/div>\n\t\t\t\t\t<\/div>\n\t\t\t\t<\/div>\n\t\t\t\t<\/div>\n\t\t","protected":false},"excerpt":{"rendered":"<p>Cegid \u00e8 una suite di strumenti di gestione aziendale, nota anche come ERP, che le consente di gestire in modo efficiente le vendite, la contabilit\u00e0 e molto altro. Se utilizza Cegid come ERP e Moovago come CRM, un collegamento tra i due potrebbe essere interessante per lei. Pu\u00f2 sincronizzare i dati di vendita, semplificare la [&hellip;]<\/p>\n","protected":false},"author":1,"featured_media":44401,"parent":49786,"menu_order":0,"comment_status":"closed","ping_status":"closed","template":"","meta":{"footnotes":""},"class_list":["post-47686","page","type-page","status-publish","has-post-thumbnail","hentry"],"_links":{"self":[{"href":"https:\/\/moovago.com\/it\/wp-json\/wp\/v2\/pages\/47686","targetHints":{"allow":["GET"]}}],"collection":[{"href":"https:\/\/moovago.com\/it\/wp-json\/wp\/v2\/pages"}],"about":[{"href":"https:\/\/moovago.com\/it\/wp-json\/wp\/v2\/types\/page"}],"author":[{"embeddable":true,"href":"https:\/\/moovago.com\/it\/wp-json\/wp\/v2\/users\/1"}],"replies":[{"embeddable":true,"href":"https:\/\/moovago.com\/it\/wp-json\/wp\/v2\/comments?post=47686"}],"version-history":[{"count":1,"href":"https:\/\/moovago.com\/it\/wp-json\/wp\/v2\/pages\/47686\/revisions"}],"predecessor-version":[{"id":47687,"href":"https:\/\/moovago.com\/it\/wp-json\/wp\/v2\/pages\/47686\/revisions\/47687"}],"up":[{"embeddable":true,"href":"https:\/\/moovago.com\/it\/wp-json\/wp\/v2\/pages\/49786"}],"wp:featuredmedia":[{"embeddable":true,"href":"https:\/\/moovago.com\/it\/wp-json\/wp\/v2\/media\/44401"}],"wp:attachment":[{"href":"https:\/\/moovago.com\/it\/wp-json\/wp\/v2\/media?parent=47686"}],"curies":[{"name":"wp","href":"https:\/\/api.w.org\/{rel}","templated":true}]}}