{"id":49415,"date":"2024-09-02T09:00:00","date_gmt":"2024-09-02T07:00:00","guid":{"rendered":"https:\/\/moovago.com\/moovago-x-waze\/"},"modified":"2025-11-27T11:34:23","modified_gmt":"2025-11-27T10:34:23","slug":"moovago-x-waze","status":"publish","type":"page","link":"https:\/\/moovago.com\/it\/colleghi-i-suoi-strumenti-preferiti-a-moovago\/moovago-x-waze\/","title":{"rendered":"Moovago x Waze"},"content":{"rendered":"\t\t<div data-elementor-type=\"wp-page\" data-elementor-id=\"49415\" class=\"elementor elementor-49415 elementor-28638\" data-elementor-post-type=\"page\">\n\t\t\t\t<div class=\"elementor-element elementor-element-9e0a0f7 e-flex e-con-boxed e-con e-parent\" data-id=\"9e0a0f7\" data-element_type=\"container\" data-e-type=\"container\">\n\t\t\t\t\t<div class=\"e-con-inner\">\n\t\t\t\t<div class=\"elementor-element elementor-element-2bace00 elementor-widget elementor-widget-text-editor\" data-id=\"2bace00\" data-element_type=\"widget\" data-e-type=\"widget\" data-widget_type=\"text-editor.default\">\n\t\t\t\t<div class=\"elementor-widget-container\">\n\t\t\t\t\t\t\t\t\t<p>Waze \u00e8 senza dubbio <b>uno dei <a href=\"https:\/\/moovago.com\/integrations\/navigation\/\">migliori pacchetti software GPS<\/a> del nostro tempo<\/b>.<\/p><p>Combinando strumenti di navigazione, aiuti alla guida e mappatura della comunit\u00e0, <b>questa applicazione gratuita \u00e8 diventata un must del mercato GPS<\/b>, anche per i<span style=\"color: var( --e-global-color-text ); font-family: var( --e-global-typography-text-font-family ); font-size: var( --e-global-typography-text-font-size ); text-align: var(--text-align); background-color: var( --e-global-color-accent );\"> venditori mobili che si spostano ogni giorno<\/span>.<\/p><p>Le piace Waze e lo utilizza regolarmente? Non cambi le sue abitudini e continui a navigare con la sua applicazione preferita nell&#8217;ambito dei suoi giri organizzati con Moovago! <\/p>\t\t\t\t\t\t\t\t<\/div>\n\t\t\t\t<\/div>\n\t\t\t\t<div class=\"elementor-element elementor-element-13ae8ef elementor-widget elementor-widget-heading\" data-id=\"13ae8ef\" data-element_type=\"widget\" data-e-type=\"widget\" data-widget_type=\"heading.default\">\n\t\t\t\t<div class=\"elementor-widget-container\">\n\t\t\t\t\t<h2 class=\"elementor-heading-title elementor-size-default\">Applicazione GPS e mappatura della comunit\u00e0.<\/h2>\t\t\t\t<\/div>\n\t\t\t\t<\/div>\n\t\t\t\t<div class=\"elementor-element elementor-element-f1b694b elementor-widget elementor-widget-text-editor\" data-id=\"f1b694b\" data-element_type=\"widget\" data-e-type=\"widget\" data-widget_type=\"text-editor.default\">\n\t\t\t\t<div class=\"elementor-widget-container\">\n\t\t\t\t\t\t\t\t\t<p>Creata nel 2006, Waze \u00e8 un&#8217;<b>applicazione di navigazione mobile e di assistenza alla guida<\/b> basata su una<b> mappa partecipativa<\/b>.<\/p><p>Uno dei punti di forza di questo strumento \u00e8 che fa un buon uso del potere della sua comunit\u00e0. Ogni utente pu\u00f2 <b>pubblicare una segnalazione sulla mappa<\/b>. Pu\u00f2 indicare ci\u00f2 che ha visto sulla strada: autovelox, controlli di polizia, incidenti, corsie chiuse, deviazioni, rallentamenti, ecc.  <\/p><p>Il risultato? Un sistema GPS con <b>condizioni di traffico quasi in tempo reale<\/b>, che le consente di trovare sempre il miglior percorso possibile. <\/p>\t\t\t\t\t\t\t\t<\/div>\n\t\t\t\t<\/div>\n\t\t<div class=\"elementor-element elementor-element-2185357 e-con-full e-flex e-con e-child\" data-id=\"2185357\" data-element_type=\"container\" data-e-type=\"container\">\n\t\t\t\t<div class=\"elementor-element elementor-element-6cf19a7 elementor-widget elementor-widget-button\" data-id=\"6cf19a7\" data-element_type=\"widget\" data-e-type=\"widget\" data-widget_type=\"button.default\">\n\t\t\t\t<div class=\"elementor-widget-container\">\n\t\t\t\t\t\t\t\t\t<div class=\"elementor-button-wrapper\">\n\t\t\t\t\t<a class=\"elementor-button elementor-button-link elementor-size-sm\" href=\"https:\/\/www.waze.com\/fr\/\" target=\"_blank\" rel=\"noopener\">\n\t\t\t\t\t\t<span class=\"elementor-button-content-wrapper\">\n\t\t\t\t\t\t\t\t\t<span class=\"elementor-button-text\">Scopra Waze<\/span>\n\t\t\t\t\t<\/span>\n\t\t\t\t\t<\/a>\n\t\t\t\t<\/div>\n\t\t\t\t\t\t\t\t<\/div>\n\t\t\t\t<\/div>\n\t\t\t\t<div class=\"elementor-element elementor-element-9b3bfe1 elementor-widget elementor-widget-button\" data-id=\"9b3bfe1\" data-element_type=\"widget\" data-e-type=\"widget\" data-widget_type=\"button.default\">\n\t\t\t\t<div class=\"elementor-widget-container\">\n\t\t\t\t\t\t\t\t\t<div class=\"elementor-button-wrapper\">\n\t\t\t\t\t<a class=\"elementor-button elementor-button-link elementor-size-sm\" href=\"https:\/\/www.waze.com\/fr\/livemap\" target=\"_blank\" rel=\"noopener\">\n\t\t\t\t\t\t<span class=\"elementor-button-content-wrapper\">\n\t\t\t\t\t\t\t\t\t<span class=\"elementor-button-text\">Prova Waze<\/span>\n\t\t\t\t\t<\/span>\n\t\t\t\t\t<\/a>\n\t\t\t\t<\/div>\n\t\t\t\t\t\t\t\t<\/div>\n\t\t\t\t<\/div>\n\t\t\t\t<\/div>\n\t\t\t\t<div class=\"elementor-element elementor-element-d40d1df elementor-widget elementor-widget-spacer\" data-id=\"d40d1df\" data-element_type=\"widget\" data-e-type=\"widget\" data-widget_type=\"spacer.default\">\n\t\t\t\t<div class=\"elementor-widget-container\">\n\t\t\t\t\t\t\t<div class=\"elementor-spacer\">\n\t\t\t<div class=\"elementor-spacer-inner\"><\/div>\n\t\t<\/div>\n\t\t\t\t\t\t<\/div>\n\t\t\t\t<\/div>\n\t\t\t\t<div class=\"elementor-element elementor-element-1b17e80 elementor-widget elementor-widget-heading\" data-id=\"1b17e80\" data-element_type=\"widget\" data-e-type=\"widget\" data-widget_type=\"heading.default\">\n\t\t\t\t<div class=\"elementor-widget-container\">\n\t\t\t\t\t<h2 class=\"elementor-heading-title elementor-size-default\">Alcune idee per l'integrazione<\/h2>\t\t\t\t<\/div>\n\t\t\t\t<\/div>\n\t\t\t\t<div class=\"elementor-element elementor-element-4073c3c elementor-widget elementor-widget-text-editor\" data-id=\"4073c3c\" data-element_type=\"widget\" data-e-type=\"widget\" data-widget_type=\"text-editor.default\">\n\t\t\t\t<div class=\"elementor-widget-container\">\n\t\t\t\t\t\t\t\t\t<p>Per offrirle un&#8217;esperienza di guida eccezionale, Moovago si \u00e8 affidato a Waze. Moovago le permette di esportare i suoi itinerari in Waze, in modo da poter <b>navigare tra le tappe del suo giro<\/b> o <b>visitare un cliente o un prospect<\/b>: <\/p>\t\t\t\t\t\t\t\t<\/div>\n\t\t\t\t<\/div>\n\t\t<div class=\"elementor-element elementor-element-33b3408 e-con-full e-flex e-con e-child\" data-id=\"33b3408\" data-element_type=\"container\" data-e-type=\"container\">\n\t\t<div class=\"elementor-element elementor-element-f4ce0f1 e-con-full e-flex e-con e-child\" data-id=\"f4ce0f1\" data-element_type=\"container\" data-e-type=\"container\" data-settings=\"{&quot;background_background&quot;:&quot;classic&quot;}\">\n\t\t\t\t<div class=\"elementor-element elementor-element-5491bb7 elementor-widget__width-initial elementor-widget elementor-widget-image\" data-id=\"5491bb7\" data-element_type=\"widget\" data-e-type=\"widget\" data-widget_type=\"image.default\">\n\t\t\t\t<div class=\"elementor-widget-container\">\n\t\t\t\t\t\t\t\t\t\t\t\t\t\t\t<img decoding=\"async\" width=\"100\" height=\"100\" src=\"https:\/\/moovago.com\/wp-content\/uploads\/2024\/08\/icone-moovago.jpg\" class=\"attachment-thumbnail size-thumbnail wp-image-44529\" alt=\"icona moovago\" srcset=\"https:\/\/moovago.com\/wp-content\/uploads\/2024\/08\/icone-moovago.jpg 100w, https:\/\/moovago.com\/wp-content\/uploads\/2024\/08\/elementor\/thumbs\/icone-moovago-qt9nkdjvq3gu601ztbeogo65kmjxji4y2al0u6t304.jpg 50w\" sizes=\"(max-width: 100px) 100vw, 100px\" title=\"Moovago, application commerciaux, CRM, ERP, PGI, GRC\">\t\t\t\t\t\t\t\t\t\t\t\t\t\t\t<\/div>\n\t\t\t\t<\/div>\n\t\t\t\t<div class=\"elementor-element elementor-element-3032dbf elementor-widget__width-initial elementor-widget elementor-widget-heading\" data-id=\"3032dbf\" data-element_type=\"widget\" data-e-type=\"widget\" data-widget_type=\"heading.default\">\n\t\t\t\t<div class=\"elementor-widget-container\">\n\t\t\t\t\t<span class=\"elementor-heading-title elementor-size-default\">Pianifichi un giro di vendite<\/span>\t\t\t\t<\/div>\n\t\t\t\t<\/div>\n\t\t\t\t<\/div>\n\t\t\t\t<div class=\"elementor-element elementor-element-f207abb elementor-view-default elementor-widget elementor-widget-icon\" data-id=\"f207abb\" data-element_type=\"widget\" data-e-type=\"widget\" data-widget_type=\"icon.default\">\n\t\t\t\t<div class=\"elementor-widget-container\">\n\t\t\t\t\t\t\t<div class=\"elementor-icon-wrapper\">\n\t\t\t<div class=\"elementor-icon\">\n\t\t\t<svg aria-hidden=\"true\" class=\"e-font-icon-svg e-fas-arrow-right\" viewBox=\"0 0 448 512\" xmlns=\"http:\/\/www.w3.org\/2000\/svg\"><path d=\"M190.5 66.9l22.2-22.2c9.4-9.4 24.6-9.4 33.9 0L441 239c9.4 9.4 9.4 24.6 0 33.9L246.6 467.3c-9.4 9.4-24.6 9.4-33.9 0l-22.2-22.2c-9.5-9.5-9.3-25 .4-34.3L311.4 296H24c-13.3 0-24-10.7-24-24v-32c0-13.3 10.7-24 24-24h287.4L190.9 101.2c-9.8-9.3-10-24.8-.4-34.3z\"><\/path><\/svg>\t\t\t<\/div>\n\t\t<\/div>\n\t\t\t\t\t\t<\/div>\n\t\t\t\t<\/div>\n\t\t<div class=\"elementor-element elementor-element-f9ef641 e-con-full e-flex e-con e-child\" data-id=\"f9ef641\" data-element_type=\"container\" data-e-type=\"container\" data-settings=\"{&quot;background_background&quot;:&quot;classic&quot;}\">\n\t\t\t\t<div class=\"elementor-element elementor-element-480ec9e elementor-widget__width-initial elementor-widget elementor-widget-image\" data-id=\"480ec9e\" data-element_type=\"widget\" data-e-type=\"widget\" data-widget_type=\"image.default\">\n\t\t\t\t<div class=\"elementor-widget-container\">\n\t\t\t\t\t\t\t\t\t\t\t\t\t\t\t<img decoding=\"async\" width=\"100\" height=\"100\" src=\"https:\/\/moovago.com\/wp-content\/uploads\/2024\/08\/4-min.jpg\" class=\"attachment-thumbnail size-thumbnail wp-image-44457\" alt=\"logo waze\" srcset=\"https:\/\/moovago.com\/wp-content\/uploads\/2024\/08\/4-min.jpg 100w, https:\/\/moovago.com\/wp-content\/uploads\/2024\/08\/elementor\/thumbs\/4-min-qt9nhtfp4byqk7rsr7l8obezcv5yl5z91mnft2lnxw.jpg 50w, https:\/\/moovago.com\/wp-content\/uploads\/2024\/08\/elementor\/thumbs\/4-min-qt9nhtfpd3q0vtejmzrh3j6nkc0abime7zkh1cp3y4.jpg 70w\" sizes=\"(max-width: 100px) 100vw, 100px\" title=\"Moovago, application commerciaux, CRM, ERP, PGI, GRC\">\t\t\t\t\t\t\t\t\t\t\t\t\t\t\t<\/div>\n\t\t\t\t<\/div>\n\t\t\t\t<div class=\"elementor-element elementor-element-d3ec5ac elementor-widget__width-initial elementor-widget elementor-widget-heading\" data-id=\"d3ec5ac\" data-element_type=\"widget\" data-e-type=\"widget\" data-widget_type=\"heading.default\">\n\t\t\t\t<div class=\"elementor-widget-container\">\n\t\t\t\t\t<span class=\"elementor-heading-title elementor-size-default\">Navigare tra le tappe del giro<\/span>\t\t\t\t<\/div>\n\t\t\t\t<\/div>\n\t\t\t\t<\/div>\n\t\t\t\t<\/div>\n\t\t<div class=\"elementor-element elementor-element-b60416f e-con-full e-flex e-con e-child\" data-id=\"b60416f\" data-element_type=\"container\" data-e-type=\"container\">\n\t\t<div class=\"elementor-element elementor-element-a7ad66c e-con-full e-flex e-con e-child\" data-id=\"a7ad66c\" data-element_type=\"container\" data-e-type=\"container\" data-settings=\"{&quot;background_background&quot;:&quot;classic&quot;}\">\n\t\t\t\t<div class=\"elementor-element elementor-element-15b9500 elementor-widget__width-initial elementor-widget elementor-widget-image\" data-id=\"15b9500\" data-element_type=\"widget\" data-e-type=\"widget\" data-widget_type=\"image.default\">\n\t\t\t\t<div class=\"elementor-widget-container\">\n\t\t\t\t\t\t\t\t\t\t\t\t\t\t\t<img decoding=\"async\" width=\"100\" height=\"100\" src=\"https:\/\/moovago.com\/wp-content\/uploads\/2024\/08\/icone-moovago.jpg\" class=\"attachment-thumbnail size-thumbnail wp-image-44529\" alt=\"icona moovago\" srcset=\"https:\/\/moovago.com\/wp-content\/uploads\/2024\/08\/icone-moovago.jpg 100w, https:\/\/moovago.com\/wp-content\/uploads\/2024\/08\/elementor\/thumbs\/icone-moovago-qt9nkdjvq3gu601ztbeogo65kmjxji4y2al0u6t304.jpg 50w\" sizes=\"(max-width: 100px) 100vw, 100px\" title=\"Moovago, application commerciaux, CRM, ERP, PGI, GRC\">\t\t\t\t\t\t\t\t\t\t\t\t\t\t\t<\/div>\n\t\t\t\t<\/div>\n\t\t\t\t<div class=\"elementor-element elementor-element-c8a21cf elementor-widget__width-initial elementor-widget elementor-widget-heading\" data-id=\"c8a21cf\" data-element_type=\"widget\" data-e-type=\"widget\" data-widget_type=\"heading.default\">\n\t\t\t\t<div class=\"elementor-widget-container\">\n\t\t\t\t\t<span class=\"elementor-heading-title elementor-size-default\">Recuperare l'indirizzo di un cliente<\/span>\t\t\t\t<\/div>\n\t\t\t\t<\/div>\n\t\t\t\t<\/div>\n\t\t\t\t<div class=\"elementor-element elementor-element-91646a9 elementor-view-default elementor-widget elementor-widget-icon\" data-id=\"91646a9\" data-element_type=\"widget\" data-e-type=\"widget\" data-widget_type=\"icon.default\">\n\t\t\t\t<div class=\"elementor-widget-container\">\n\t\t\t\t\t\t\t<div class=\"elementor-icon-wrapper\">\n\t\t\t<div class=\"elementor-icon\">\n\t\t\t<svg aria-hidden=\"true\" class=\"e-font-icon-svg e-fas-arrow-right\" viewBox=\"0 0 448 512\" xmlns=\"http:\/\/www.w3.org\/2000\/svg\"><path d=\"M190.5 66.9l22.2-22.2c9.4-9.4 24.6-9.4 33.9 0L441 239c9.4 9.4 9.4 24.6 0 33.9L246.6 467.3c-9.4 9.4-24.6 9.4-33.9 0l-22.2-22.2c-9.5-9.5-9.3-25 .4-34.3L311.4 296H24c-13.3 0-24-10.7-24-24v-32c0-13.3 10.7-24 24-24h287.4L190.9 101.2c-9.8-9.3-10-24.8-.4-34.3z\"><\/path><\/svg>\t\t\t<\/div>\n\t\t<\/div>\n\t\t\t\t\t\t<\/div>\n\t\t\t\t<\/div>\n\t\t<div class=\"elementor-element elementor-element-0d30c6a e-con-full e-flex e-con e-child\" data-id=\"0d30c6a\" data-element_type=\"container\" data-e-type=\"container\" data-settings=\"{&quot;background_background&quot;:&quot;classic&quot;}\">\n\t\t\t\t<div class=\"elementor-element elementor-element-938fa81 elementor-widget__width-initial elementor-widget elementor-widget-image\" data-id=\"938fa81\" data-element_type=\"widget\" data-e-type=\"widget\" data-widget_type=\"image.default\">\n\t\t\t\t<div class=\"elementor-widget-container\">\n\t\t\t\t\t\t\t\t\t\t\t\t\t\t\t<img decoding=\"async\" width=\"100\" height=\"100\" src=\"https:\/\/moovago.com\/wp-content\/uploads\/2024\/08\/4-min.jpg\" class=\"attachment-thumbnail size-thumbnail wp-image-44457\" alt=\"logo waze\" srcset=\"https:\/\/moovago.com\/wp-content\/uploads\/2024\/08\/4-min.jpg 100w, https:\/\/moovago.com\/wp-content\/uploads\/2024\/08\/elementor\/thumbs\/4-min-qt9nhtfp4byqk7rsr7l8obezcv5yl5z91mnft2lnxw.jpg 50w, https:\/\/moovago.com\/wp-content\/uploads\/2024\/08\/elementor\/thumbs\/4-min-qt9nhtfpd3q0vtejmzrh3j6nkc0abime7zkh1cp3y4.jpg 70w\" sizes=\"(max-width: 100px) 100vw, 100px\" title=\"Moovago, application commerciaux, CRM, ERP, PGI, GRC\">\t\t\t\t\t\t\t\t\t\t\t\t\t\t\t<\/div>\n\t\t\t\t<\/div>\n\t\t\t\t<div class=\"elementor-element elementor-element-5e8db18 elementor-widget__width-initial elementor-widget elementor-widget-heading\" data-id=\"5e8db18\" data-element_type=\"widget\" data-e-type=\"widget\" data-widget_type=\"heading.default\">\n\t\t\t\t<div class=\"elementor-widget-container\">\n\t\t\t\t\t<span class=\"elementor-heading-title elementor-size-default\">Visualizzare il percorso tra la sua posizione e questo contatto<\/span>\t\t\t\t<\/div>\n\t\t\t\t<\/div>\n\t\t\t\t<\/div>\n\t\t\t\t<\/div>\n\t\t\t\t<div class=\"elementor-element elementor-element-ccfd7be elementor-widget elementor-widget-spacer\" data-id=\"ccfd7be\" data-element_type=\"widget\" data-e-type=\"widget\" data-widget_type=\"spacer.default\">\n\t\t\t\t<div class=\"elementor-widget-container\">\n\t\t\t\t\t\t\t<div class=\"elementor-spacer\">\n\t\t\t<div class=\"elementor-spacer-inner\"><\/div>\n\t\t<\/div>\n\t\t\t\t\t\t<\/div>\n\t\t\t\t<\/div>\n\t\t<div class=\"elementor-element elementor-element-e2073c5 e-con-full e-flex e-con e-child\" data-id=\"e2073c5\" data-element_type=\"container\" data-e-type=\"container\" data-settings=\"{&quot;background_background&quot;:&quot;gradient&quot;}\">\n\t\t\t\t<div class=\"elementor-element elementor-element-3e0594b elementor-widget elementor-widget-heading\" data-id=\"3e0594b\" data-element_type=\"widget\" data-e-type=\"widget\" data-widget_type=\"heading.default\">\n\t\t\t\t<div class=\"elementor-widget-container\">\n\t\t\t\t\t<span class=\"elementor-heading-title elementor-size-default\">Pianifichi con Moovago.<br>Navighi con Waze.<\/span>\t\t\t\t<\/div>\n\t\t\t\t<\/div>\n\t\t\t\t<div class=\"elementor-element elementor-element-0d824ad elementor-align-left elementor-tablet-align-left elementor-mobile-align-center elementor-widget-tablet__width-inherit elementor-widget-mobile__width-inherit elementor-widget elementor-widget-button\" data-id=\"0d824ad\" data-element_type=\"widget\" data-e-type=\"widget\" data-widget_type=\"button.default\">\n\t\t\t\t<div class=\"elementor-widget-container\">\n\t\t\t\t\t\t\t\t\t<div class=\"elementor-button-wrapper\">\n\t\t\t\t\t<a class=\"elementor-button elementor-button-link elementor-size-md\" href=\"https:\/\/moovago.com\/it\/funzionalita-parcours\/\">\n\t\t\t\t\t\t<span class=\"elementor-button-content-wrapper\">\n\t\t\t\t\t\t\t\t\t<span class=\"elementor-button-text\">Scopra lo strumento del giro Moovago.<\/span>\n\t\t\t\t\t<\/span>\n\t\t\t\t\t<\/a>\n\t\t\t\t<\/div>\n\t\t\t\t\t\t\t\t<\/div>\n\t\t\t\t<\/div>\n\t\t\t\t<\/div>\n\t\t\t\t\t<\/div>\n\t\t\t\t<\/div>\n\t\t\t\t<\/div>\n\t\t","protected":false},"excerpt":{"rendered":"<p>Waze \u00e8 senza dubbio uno dei migliori pacchetti software GPS del nostro tempo. Combinando strumenti di navigazione, aiuti alla guida e mappatura della comunit\u00e0, questa applicazione gratuita \u00e8 diventata un must del mercato GPS, anche per i venditori mobili che si spostano ogni giorno. Le piace Waze e lo utilizza regolarmente? Non cambi le sue [&hellip;]<\/p>\n","protected":false},"author":1,"featured_media":44441,"parent":49786,"menu_order":0,"comment_status":"closed","ping_status":"closed","template":"","meta":{"footnotes":""},"class_list":["post-49415","page","type-page","status-publish","has-post-thumbnail","hentry"],"_links":{"self":[{"href":"https:\/\/moovago.com\/it\/wp-json\/wp\/v2\/pages\/49415","targetHints":{"allow":["GET"]}}],"collection":[{"href":"https:\/\/moovago.com\/it\/wp-json\/wp\/v2\/pages"}],"about":[{"href":"https:\/\/moovago.com\/it\/wp-json\/wp\/v2\/types\/page"}],"author":[{"embeddable":true,"href":"https:\/\/moovago.com\/it\/wp-json\/wp\/v2\/users\/1"}],"replies":[{"embeddable":true,"href":"https:\/\/moovago.com\/it\/wp-json\/wp\/v2\/comments?post=49415"}],"version-history":[{"count":1,"href":"https:\/\/moovago.com\/it\/wp-json\/wp\/v2\/pages\/49415\/revisions"}],"predecessor-version":[{"id":49418,"href":"https:\/\/moovago.com\/it\/wp-json\/wp\/v2\/pages\/49415\/revisions\/49418"}],"up":[{"embeddable":true,"href":"https:\/\/moovago.com\/it\/wp-json\/wp\/v2\/pages\/49786"}],"wp:featuredmedia":[{"embeddable":true,"href":"https:\/\/moovago.com\/it\/wp-json\/wp\/v2\/media\/44441"}],"wp:attachment":[{"href":"https:\/\/moovago.com\/it\/wp-json\/wp\/v2\/media?parent=49415"}],"curies":[{"name":"wp","href":"https:\/\/api.w.org\/{rel}","templated":true}]}}