{"id":50451,"date":"2020-12-22T11:39:31","date_gmt":"2020-12-22T10:39:31","guid":{"rendered":"https:\/\/moovago.com\/casi-duso\/"},"modified":"2025-11-27T16:26:42","modified_gmt":"2025-11-27T15:26:42","slug":"casi-duso","status":"publish","type":"page","link":"https:\/\/moovago.com\/it\/casi-duso\/","title":{"rendered":"Casi d&#8217;uso"},"content":{"rendered":"\t\t<div data-elementor-type=\"wp-page\" data-elementor-id=\"50451\" class=\"elementor elementor-50451 elementor-31\" data-elementor-post-type=\"page\">\n\t\t\t\t<div class=\"elementor-element elementor-element-f306ff5 e-flex e-con-boxed e-con e-parent\" data-id=\"f306ff5\" data-element_type=\"container\" data-e-type=\"container\" data-settings=\"{&quot;background_background&quot;:&quot;classic&quot;}\">\n\t\t\t\t\t<div class=\"e-con-inner\">\n\t\t\t\t<div class=\"elementor-element elementor-element-5937d6b elementor-widget elementor-widget-heading\" data-id=\"5937d6b\" data-element_type=\"widget\" data-e-type=\"widget\" data-widget_type=\"heading.default\">\n\t\t\t\t<div class=\"elementor-widget-container\">\n\t\t\t\t\t<h1 class=\"elementor-heading-title elementor-size-default\">Casi d'uso<\/h1>\t\t\t\t<\/div>\n\t\t\t\t<\/div>\n\t\t\t\t\t<\/div>\n\t\t\t\t<\/div>\n\t\t<div class=\"elementor-element elementor-element-130a325 e-flex e-con-boxed e-con e-parent\" data-id=\"130a325\" data-element_type=\"container\" data-e-type=\"container\">\n\t\t\t\t\t<div class=\"e-con-inner\">\n\t\t\t\t<div class=\"elementor-element elementor-element-2ab3cb8 elementor-widget elementor-widget-heading\" data-id=\"2ab3cb8\" data-element_type=\"widget\" data-e-type=\"widget\" data-widget_type=\"heading.default\">\n\t\t\t\t<div class=\"elementor-widget-container\">\n\t\t\t\t\t<h2 class=\"elementor-heading-title elementor-size-default\">Le funzionalit\u00e0 di Moovago in base al tipo di commerciale:<\/h2>\t\t\t\t<\/div>\n\t\t\t\t<\/div>\n\t\t\t\t\t<\/div>\n\t\t\t\t<\/div>\n\t\t<div class=\"elementor-element elementor-element-ccf81dd e-flex e-con-boxed e-con e-parent\" data-id=\"ccf81dd\" data-element_type=\"container\" data-e-type=\"container\">\n\t\t\t\t\t<div class=\"e-con-inner\">\n\t\t<a class=\"elementor-element elementor-element-824ccdf click-child pointer e-con-full e-flex e-con e-child\" data-id=\"824ccdf\" data-element_type=\"container\" data-e-type=\"container\" href=\"https:\/\/moovago.com\/cas-dutilisations\/commercial\/\">\n\t\t\t\t<div class=\"elementor-element elementor-element-7df9366 elementor-widget elementor-widget-heading\" data-id=\"7df9366\" data-element_type=\"widget\" data-e-type=\"widget\" data-widget_type=\"heading.default\">\n\t\t\t\t<div class=\"elementor-widget-container\">\n\t\t\t\t\t<h2 class=\"elementor-heading-title elementor-size-default\">Commerciale<\/h2>\t\t\t\t<\/div>\n\t\t\t\t<\/div>\n\t\t\t\t<div class=\"elementor-element elementor-element-d93af24 elementor-widget elementor-widget-text-editor\" data-id=\"d93af24\" data-element_type=\"widget\" data-e-type=\"widget\" data-widget_type=\"text-editor.default\">\n\t\t\t\t<div class=\"elementor-widget-container\">\n\t\t\t\t\t\t\t\t\t<p>Gestisci le tue opportunit\u00e0 commerciali, crea promemoria e solleciti per gestire il tuo portafoglio.<\/p>\t\t\t\t\t\t\t\t<\/div>\n\t\t\t\t<\/div>\n\t\t\t\t<div class=\"elementor-element elementor-element-a938e01 elementor-view-default elementor-widget elementor-widget-icon\" data-id=\"a938e01\" data-element_type=\"widget\" data-e-type=\"widget\" data-widget_type=\"icon.default\">\n\t\t\t\t<div class=\"elementor-widget-container\">\n\t\t\t\t\t\t\t<div class=\"elementor-icon-wrapper\">\n\t\t\t<div class=\"elementor-icon\">\n\t\t\t<i aria-hidden=\"true\" class=\"faq faqright-open\"><\/i>\t\t\t<\/div>\n\t\t<\/div>\n\t\t\t\t\t\t<\/div>\n\t\t\t\t<\/div>\n\t\t\t\t<\/a>\n\t\t<a class=\"elementor-element elementor-element-1dee24e click-child pointer e-con-full e-flex e-con e-child\" data-id=\"1dee24e\" data-element_type=\"container\" data-e-type=\"container\" href=\"https:\/\/moovago.com\/it\/casi-duso\/agente-commerciale\/\">\n\t\t\t\t<div class=\"elementor-element elementor-element-661bb77 elementor-widget elementor-widget-heading\" data-id=\"661bb77\" data-element_type=\"widget\" data-e-type=\"widget\" data-widget_type=\"heading.default\">\n\t\t\t\t<div class=\"elementor-widget-container\">\n\t\t\t\t\t<h2 class=\"elementor-heading-title elementor-size-default\">Agente commerciale<\/h2>\t\t\t\t<\/div>\n\t\t\t\t<\/div>\n\t\t\t\t<div class=\"elementor-element elementor-element-0c4b4ae elementor-widget elementor-widget-text-editor\" data-id=\"0c4b4ae\" data-element_type=\"widget\" data-e-type=\"widget\" data-widget_type=\"text-editor.default\">\n\t\t\t\t<div class=\"elementor-widget-container\">\n\t\t\t\t\t\t\t\t\t<p>Lavora con pi\u00f9 mandanti e committenti direttamente nell&#8217;applicazione. <\/p>\t\t\t\t\t\t\t\t<\/div>\n\t\t\t\t<\/div>\n\t\t\t\t<div class=\"elementor-element elementor-element-af7bbd8 elementor-view-default elementor-widget elementor-widget-icon\" data-id=\"af7bbd8\" data-element_type=\"widget\" data-e-type=\"widget\" data-widget_type=\"icon.default\">\n\t\t\t\t<div class=\"elementor-widget-container\">\n\t\t\t\t\t\t\t<div class=\"elementor-icon-wrapper\">\n\t\t\t<div class=\"elementor-icon\">\n\t\t\t<i aria-hidden=\"true\" class=\"faq faqright-open\"><\/i>\t\t\t<\/div>\n\t\t<\/div>\n\t\t\t\t\t\t<\/div>\n\t\t\t\t<\/div>\n\t\t\t\t<\/a>\n\t\t<a class=\"elementor-element elementor-element-37c0c91 click-child pointer e-con-full e-flex e-con e-child\" data-id=\"37c0c91\" data-element_type=\"container\" data-e-type=\"container\" href=\"https:\/\/moovago.com\/cas-dutilisations\/agence-commerciale\/\">\n\t\t\t\t<div class=\"elementor-element elementor-element-739ff6a elementor-widget elementor-widget-heading\" data-id=\"739ff6a\" data-element_type=\"widget\" data-e-type=\"widget\" data-widget_type=\"heading.default\">\n\t\t\t\t<div class=\"elementor-widget-container\">\n\t\t\t\t\t<h2 class=\"elementor-heading-title elementor-size-default\">Agenzia commerciale<\/h2>\t\t\t\t<\/div>\n\t\t\t\t<\/div>\n\t\t\t\t<div class=\"elementor-element elementor-element-01bac68 elementor-widget elementor-widget-text-editor\" data-id=\"01bac68\" data-element_type=\"widget\" data-e-type=\"widget\" data-widget_type=\"text-editor.default\">\n\t\t\t\t<div class=\"elementor-widget-container\">\n\t\t\t\t\t\t\t\t\t<p>Lavora in team e condividi facilmente i tuoi settori, i tuoi potenziali clienti e i tuoi clienti.<\/p>\t\t\t\t\t\t\t\t<\/div>\n\t\t\t\t<\/div>\n\t\t\t\t<div class=\"elementor-element elementor-element-a8015fb elementor-view-default elementor-widget elementor-widget-icon\" data-id=\"a8015fb\" data-element_type=\"widget\" data-e-type=\"widget\" data-widget_type=\"icon.default\">\n\t\t\t\t<div class=\"elementor-widget-container\">\n\t\t\t\t\t\t\t<div class=\"elementor-icon-wrapper\">\n\t\t\t<div class=\"elementor-icon\">\n\t\t\t<i aria-hidden=\"true\" class=\"faq faqright-open\"><\/i>\t\t\t<\/div>\n\t\t<\/div>\n\t\t\t\t\t\t<\/div>\n\t\t\t\t<\/div>\n\t\t\t\t<\/a>\n\t\t\t\t\t<\/div>\n\t\t\t\t<\/div>\n\t\t<div class=\"elementor-element elementor-element-4ffd4ca e-flex e-con-boxed e-con e-parent\" data-id=\"4ffd4ca\" data-element_type=\"container\" data-e-type=\"container\">\n\t\t\t\t\t<div class=\"e-con-inner\">\n\t\t<a class=\"elementor-element elementor-element-942ad2d click-child pointer e-con-full e-flex e-con e-child\" data-id=\"942ad2d\" data-element_type=\"container\" data-e-type=\"container\" href=\"https:\/\/moovago.com\/cas-dutilisations\/technico-commercial\/\">\n\t\t\t\t<div class=\"elementor-element elementor-element-e2bc0e7 elementor-widget elementor-widget-heading\" data-id=\"e2bc0e7\" data-element_type=\"widget\" data-e-type=\"widget\" data-widget_type=\"heading.default\">\n\t\t\t\t<div class=\"elementor-widget-container\">\n\t\t\t\t\t<h2 class=\"elementor-heading-title elementor-size-default\">Tecnico commerciale<\/h2>\t\t\t\t<\/div>\n\t\t\t\t<\/div>\n\t\t\t\t<div class=\"elementor-element elementor-element-2f3c28b elementor-widget elementor-widget-text-editor\" data-id=\"2f3c28b\" data-element_type=\"widget\" data-e-type=\"widget\" data-widget_type=\"text-editor.default\">\n\t\t\t\t<div class=\"elementor-widget-container\">\n\t\t\t\t\t\t\t\t\t<p>Gestisci pi\u00f9 marchi e fornitori contemporaneamente. Lavora con pi\u00f9 team e aziende.  <\/p>\t\t\t\t\t\t\t\t<\/div>\n\t\t\t\t<\/div>\n\t\t\t\t<div class=\"elementor-element elementor-element-598e352 elementor-view-default elementor-widget elementor-widget-icon\" data-id=\"598e352\" data-element_type=\"widget\" data-e-type=\"widget\" data-widget_type=\"icon.default\">\n\t\t\t\t<div class=\"elementor-widget-container\">\n\t\t\t\t\t\t\t<div class=\"elementor-icon-wrapper\">\n\t\t\t<div class=\"elementor-icon\">\n\t\t\t<i aria-hidden=\"true\" class=\"faq faqright-open\"><\/i>\t\t\t<\/div>\n\t\t<\/div>\n\t\t\t\t\t\t<\/div>\n\t\t\t\t<\/div>\n\t\t\t\t<\/a>\n\t\t<a class=\"elementor-element elementor-element-df50e8d click-child pointer e-con-full e-flex e-con e-child\" data-id=\"df50e8d\" data-element_type=\"container\" data-e-type=\"container\" href=\"https:\/\/moovago.com\/it\/casi-duso\/rappresentanti-di-commercio-e-rappresentanti-di-commercio-plurimandatari\/\">\n\t\t\t\t<div class=\"elementor-element elementor-element-0f00047 elementor-widget elementor-widget-heading\" data-id=\"0f00047\" data-element_type=\"widget\" data-e-type=\"widget\" data-widget_type=\"heading.default\">\n\t\t\t\t<div class=\"elementor-widget-container\">\n\t\t\t\t\t<h2 class=\"elementor-heading-title elementor-size-default\">Commesso viaggiatore<\/h2>\t\t\t\t<\/div>\n\t\t\t\t<\/div>\n\t\t\t\t<div class=\"elementor-element elementor-element-1b1a979 elementor-widget elementor-widget-text-editor\" data-id=\"1b1a979\" data-element_type=\"widget\" data-e-type=\"widget\" data-widget_type=\"text-editor.default\">\n\t\t\t\t<div class=\"elementor-widget-container\">\n\t\t\t\t\t\t\t\t\t<p>Gestisci pi\u00f9 marchi e fornitori contemporaneamente. Lavora con pi\u00f9 team e aziende.  <\/p>\t\t\t\t\t\t\t\t<\/div>\n\t\t\t\t<\/div>\n\t\t\t\t<div class=\"elementor-element elementor-element-a3b0bb6 elementor-view-default elementor-widget elementor-widget-icon\" data-id=\"a3b0bb6\" data-element_type=\"widget\" data-e-type=\"widget\" data-widget_type=\"icon.default\">\n\t\t\t\t<div class=\"elementor-widget-container\">\n\t\t\t\t\t\t\t<div class=\"elementor-icon-wrapper\">\n\t\t\t<div class=\"elementor-icon\">\n\t\t\t<i aria-hidden=\"true\" class=\"faq faqright-open\"><\/i>\t\t\t<\/div>\n\t\t<\/div>\n\t\t\t\t\t\t<\/div>\n\t\t\t\t<\/div>\n\t\t\t\t<\/a>\n\t\t<a class=\"elementor-element elementor-element-b9729a3 click-child pointer e-con-full e-flex e-con e-child\" data-id=\"b9729a3\" data-element_type=\"container\" data-e-type=\"container\" href=\"https:\/\/moovago.com\/cas-dutilisations\/non-alimentaire\/\">\n\t\t\t\t<div class=\"elementor-element elementor-element-423fdbf elementor-widget elementor-widget-heading\" data-id=\"423fdbf\" data-element_type=\"widget\" data-e-type=\"widget\" data-widget_type=\"heading.default\">\n\t\t\t\t<div class=\"elementor-widget-container\">\n\t\t\t\t\t<h2 class=\"elementor-heading-title elementor-size-default\">Direttore commerciale<\/h2>\t\t\t\t<\/div>\n\t\t\t\t<\/div>\n\t\t\t\t<div class=\"elementor-element elementor-element-326f779 elementor-widget elementor-widget-text-editor\" data-id=\"326f779\" data-element_type=\"widget\" data-e-type=\"widget\" data-widget_type=\"text-editor.default\">\n\t\t\t\t<div class=\"elementor-widget-container\">\n\t\t\t\t\t\t\t\t\t<p>Visualizza i clienti e i potenziali clienti del tuo team e gestisci pi\u00f9 facilmente i diversi settori. <\/p>\t\t\t\t\t\t\t\t<\/div>\n\t\t\t\t<\/div>\n\t\t\t\t<div class=\"elementor-element elementor-element-c9868b7 elementor-view-default elementor-widget elementor-widget-icon\" data-id=\"c9868b7\" data-element_type=\"widget\" data-e-type=\"widget\" data-widget_type=\"icon.default\">\n\t\t\t\t<div class=\"elementor-widget-container\">\n\t\t\t\t\t\t\t<div class=\"elementor-icon-wrapper\">\n\t\t\t<div class=\"elementor-icon\">\n\t\t\t<i aria-hidden=\"true\" class=\"faq faqright-open\"><\/i>\t\t\t<\/div>\n\t\t<\/div>\n\t\t\t\t\t\t<\/div>\n\t\t\t\t<\/div>\n\t\t\t\t<\/a>\n\t\t\t\t\t<\/div>\n\t\t\t\t<\/div>\n\t\t<div class=\"elementor-element elementor-element-6923aff e-flex e-con-boxed e-con e-parent\" data-id=\"6923aff\" data-element_type=\"container\" data-e-type=\"container\">\n\t\t\t\t\t<div class=\"e-con-inner\">\n\t\t\t\t<div class=\"elementor-element elementor-element-fe83cfc elementor-widget elementor-widget-heading\" data-id=\"fe83cfc\" data-element_type=\"widget\" data-e-type=\"widget\" data-widget_type=\"heading.default\">\n\t\t\t\t<div class=\"elementor-widget-container\">\n\t\t\t\t\t<h2 class=\"elementor-heading-title elementor-size-default\">Le funzionalit\u00e0 di Moovago in base ai settori:<\/h2>\t\t\t\t<\/div>\n\t\t\t\t<\/div>\n\t\t\t\t\t<\/div>\n\t\t\t\t<\/div>\n\t\t<div class=\"elementor-element elementor-element-e1eb341 e-flex e-con-boxed e-con e-parent\" data-id=\"e1eb341\" data-element_type=\"container\" data-e-type=\"container\">\n\t\t\t\t\t<div class=\"e-con-inner\">\n\t\t<a class=\"elementor-element elementor-element-0441ac3 click-child pointer e-con-full e-flex e-con e-child\" data-id=\"0441ac3\" data-element_type=\"container\" data-e-type=\"container\" href=\"https:\/\/moovago.com\/cas-dutilisations\/agro-alimentaire\/\">\n\t\t\t\t<div class=\"elementor-element elementor-element-d61d506 elementor-widget elementor-widget-heading\" data-id=\"d61d506\" data-element_type=\"widget\" data-e-type=\"widget\" data-widget_type=\"heading.default\">\n\t\t\t\t<div class=\"elementor-widget-container\">\n\t\t\t\t\t<h2 class=\"elementor-heading-title elementor-size-default\">Industria alimentare<\/h2>\t\t\t\t<\/div>\n\t\t\t\t<\/div>\n\t\t\t\t<div class=\"elementor-element elementor-element-51da8f0 elementor-widget elementor-widget-text-editor\" data-id=\"51da8f0\" data-element_type=\"widget\" data-e-type=\"widget\" data-widget_type=\"text-editor.default\">\n\t\t\t\t<div class=\"elementor-widget-container\">\n\t\t\t\t\t\t\t\t\t<p>Organizza le tue visite tra i tuoi partner e crea percorsi con i tuoi clienti e i tuoi potenziali clienti.<\/p>\t\t\t\t\t\t\t\t<\/div>\n\t\t\t\t<\/div>\n\t\t\t\t<div class=\"elementor-element elementor-element-aadfc85 elementor-view-default elementor-widget elementor-widget-icon\" data-id=\"aadfc85\" data-element_type=\"widget\" data-e-type=\"widget\" data-widget_type=\"icon.default\">\n\t\t\t\t<div class=\"elementor-widget-container\">\n\t\t\t\t\t\t\t<div class=\"elementor-icon-wrapper\">\n\t\t\t<div class=\"elementor-icon\">\n\t\t\t<i aria-hidden=\"true\" class=\"faq faqright-open\"><\/i>\t\t\t<\/div>\n\t\t<\/div>\n\t\t\t\t\t\t<\/div>\n\t\t\t\t<\/div>\n\t\t\t\t<\/a>\n\t\t<a class=\"elementor-element elementor-element-d858572 click-child pointer e-con-full e-flex e-con e-child\" data-id=\"d858572\" data-element_type=\"container\" data-e-type=\"container\" href=\"https:\/\/moovago.com\/cas-dutilisations\/vins-et-spiritueux\/\">\n\t\t\t\t<div class=\"elementor-element elementor-element-c599aff elementor-widget elementor-widget-heading\" data-id=\"c599aff\" data-element_type=\"widget\" data-e-type=\"widget\" data-widget_type=\"heading.default\">\n\t\t\t\t<div class=\"elementor-widget-container\">\n\t\t\t\t\t<h2 class=\"elementor-heading-title elementor-size-default\">Vini e liquori<\/h2>\t\t\t\t<\/div>\n\t\t\t\t<\/div>\n\t\t\t\t<div class=\"elementor-element elementor-element-77141ed elementor-widget elementor-widget-text-editor\" data-id=\"77141ed\" data-element_type=\"widget\" data-e-type=\"widget\" data-widget_type=\"text-editor.default\">\n\t\t\t\t<div class=\"elementor-widget-container\">\n\t\t\t\t\t\t\t\t\t<p>Gestisci il posizionamento dei tuoi prodotti nei negozi e gestisci le opportunit\u00e0 commerciali.<\/p>\t\t\t\t\t\t\t\t<\/div>\n\t\t\t\t<\/div>\n\t\t\t\t<div class=\"elementor-element elementor-element-d2780ac elementor-view-default elementor-widget elementor-widget-icon\" data-id=\"d2780ac\" data-element_type=\"widget\" data-e-type=\"widget\" data-widget_type=\"icon.default\">\n\t\t\t\t<div class=\"elementor-widget-container\">\n\t\t\t\t\t\t\t<div class=\"elementor-icon-wrapper\">\n\t\t\t<div class=\"elementor-icon\">\n\t\t\t<i aria-hidden=\"true\" class=\"faq faqright-open\"><\/i>\t\t\t<\/div>\n\t\t<\/div>\n\t\t\t\t\t\t<\/div>\n\t\t\t\t<\/div>\n\t\t\t\t<\/a>\n\t\t<a class=\"elementor-element elementor-element-ff22590 click-child pointer e-con-full e-flex e-con e-child\" data-id=\"ff22590\" data-element_type=\"container\" data-e-type=\"container\" href=\"https:\/\/moovago.com\/cas-dutilisations\/non-alimentaire\/\">\n\t\t\t\t<div class=\"elementor-element elementor-element-140b9a8 elementor-widget elementor-widget-heading\" data-id=\"140b9a8\" data-element_type=\"widget\" data-e-type=\"widget\" data-widget_type=\"heading.default\">\n\t\t\t\t<div class=\"elementor-widget-container\">\n\t\t\t\t\t<h2 class=\"elementor-heading-title elementor-size-default\">Industria non alimentare<\/h2>\t\t\t\t<\/div>\n\t\t\t\t<\/div>\n\t\t\t\t<div class=\"elementor-element elementor-element-91c1c4f elementor-widget elementor-widget-text-editor\" data-id=\"91c1c4f\" data-element_type=\"widget\" data-e-type=\"widget\" data-widget_type=\"text-editor.default\">\n\t\t\t\t<div class=\"elementor-widget-container\">\n\t\t\t\t\t\t\t\t\t<p>Rimani aggiornato sulle informazioni dei clienti e sulle nuove opportunit\u00e0 che si creano grazie alla mappa.<\/p>\t\t\t\t\t\t\t\t<\/div>\n\t\t\t\t<\/div>\n\t\t\t\t<div class=\"elementor-element elementor-element-a45aba4 elementor-view-default elementor-widget elementor-widget-icon\" data-id=\"a45aba4\" data-element_type=\"widget\" data-e-type=\"widget\" data-widget_type=\"icon.default\">\n\t\t\t\t<div class=\"elementor-widget-container\">\n\t\t\t\t\t\t\t<div class=\"elementor-icon-wrapper\">\n\t\t\t<div class=\"elementor-icon\">\n\t\t\t<i aria-hidden=\"true\" class=\"faq faqright-open\"><\/i>\t\t\t<\/div>\n\t\t<\/div>\n\t\t\t\t\t\t<\/div>\n\t\t\t\t<\/div>\n\t\t\t\t<\/a>\n\t\t\t\t\t<\/div>\n\t\t\t\t<\/div>\n\t\t<div class=\"elementor-element elementor-element-ecf8a96 e-flex e-con-boxed e-con e-parent\" data-id=\"ecf8a96\" data-element_type=\"container\" data-e-type=\"container\">\n\t\t\t\t\t<div class=\"e-con-inner\">\n\t\t<a class=\"elementor-element elementor-element-455128a click-child pointer e-con-full e-flex e-con e-child\" data-id=\"455128a\" data-element_type=\"container\" data-e-type=\"container\" href=\"https:\/\/moovago.com\/cas-dutilisations\/medical\/\">\n\t\t\t\t<div class=\"elementor-element elementor-element-0d8fc74 elementor-widget elementor-widget-heading\" data-id=\"0d8fc74\" data-element_type=\"widget\" data-e-type=\"widget\" data-widget_type=\"heading.default\">\n\t\t\t\t<div class=\"elementor-widget-container\">\n\t\t\t\t\t<h2 class=\"elementor-heading-title elementor-size-default\">Medico<\/h2>\t\t\t\t<\/div>\n\t\t\t\t<\/div>\n\t\t\t\t<div class=\"elementor-element elementor-element-342338f elementor-widget elementor-widget-text-editor\" data-id=\"342338f\" data-element_type=\"widget\" data-e-type=\"widget\" data-widget_type=\"text-editor.default\">\n\t\t\t\t<div class=\"elementor-widget-container\">\n\t\t\t\t\t\t\t\t\t<p>Organizza le tue visite tra i tuoi partner e crea percorsi con i tuoi clienti e i tuoi potenziali clienti.<\/p>\t\t\t\t\t\t\t\t<\/div>\n\t\t\t\t<\/div>\n\t\t\t\t<div class=\"elementor-element elementor-element-c0d83ff elementor-view-default elementor-widget elementor-widget-icon\" data-id=\"c0d83ff\" data-element_type=\"widget\" data-e-type=\"widget\" data-widget_type=\"icon.default\">\n\t\t\t\t<div class=\"elementor-widget-container\">\n\t\t\t\t\t\t\t<div class=\"elementor-icon-wrapper\">\n\t\t\t<div class=\"elementor-icon\">\n\t\t\t<i aria-hidden=\"true\" class=\"faq faqright-open\"><\/i>\t\t\t<\/div>\n\t\t<\/div>\n\t\t\t\t\t\t<\/div>\n\t\t\t\t<\/div>\n\t\t\t\t<\/a>\n\t\t<a class=\"elementor-element elementor-element-4dfcf40 click-child pointer e-con-full e-flex e-con e-child\" data-id=\"4dfcf40\" data-element_type=\"container\" data-e-type=\"container\" href=\"https:\/\/moovago.com\/cas-dutilisations\/industrie\/\">\n\t\t\t\t<div class=\"elementor-element elementor-element-eb37565 elementor-widget elementor-widget-heading\" data-id=\"eb37565\" data-element_type=\"widget\" data-e-type=\"widget\" data-widget_type=\"heading.default\">\n\t\t\t\t<div class=\"elementor-widget-container\">\n\t\t\t\t\t<h2 class=\"elementor-heading-title elementor-size-default\">Industria<\/h2>\t\t\t\t<\/div>\n\t\t\t\t<\/div>\n\t\t\t\t<div class=\"elementor-element elementor-element-de59b6f elementor-widget elementor-widget-text-editor\" data-id=\"de59b6f\" data-element_type=\"widget\" data-e-type=\"widget\" data-widget_type=\"text-editor.default\">\n\t\t\t\t<div class=\"elementor-widget-container\">\n\t\t\t\t\t\t\t\t\t<p>Fai prospezione e sviluppa la tua attivit\u00e0 con una clientela professionale e prescrivi loro i tuoi prodotti.<\/p>\t\t\t\t\t\t\t\t<\/div>\n\t\t\t\t<\/div>\n\t\t\t\t<div class=\"elementor-element elementor-element-1a37c45 elementor-view-default elementor-widget elementor-widget-icon\" data-id=\"1a37c45\" data-element_type=\"widget\" data-e-type=\"widget\" data-widget_type=\"icon.default\">\n\t\t\t\t<div class=\"elementor-widget-container\">\n\t\t\t\t\t\t\t<div class=\"elementor-icon-wrapper\">\n\t\t\t<div class=\"elementor-icon\">\n\t\t\t<i aria-hidden=\"true\" class=\"faq faqright-open\"><\/i>\t\t\t<\/div>\n\t\t<\/div>\n\t\t\t\t\t\t<\/div>\n\t\t\t\t<\/div>\n\t\t\t\t<\/a>\n\t\t<a class=\"elementor-element elementor-element-273dd7e click-child pointer e-con-full e-flex e-con e-child\" data-id=\"273dd7e\" data-element_type=\"container\" data-e-type=\"container\" href=\"https:\/\/moovago.com\/cas-dutilisations\/batiment\/\">\n\t\t\t\t<div class=\"elementor-element elementor-element-af4cfe8 elementor-widget elementor-widget-heading\" data-id=\"af4cfe8\" data-element_type=\"widget\" data-e-type=\"widget\" data-widget_type=\"heading.default\">\n\t\t\t\t<div class=\"elementor-widget-container\">\n\t\t\t\t\t<h2 class=\"elementor-heading-title elementor-size-default\">Edilizia<\/h2>\t\t\t\t<\/div>\n\t\t\t\t<\/div>\n\t\t\t\t<div class=\"elementor-element elementor-element-dd8808a elementor-widget elementor-widget-text-editor\" data-id=\"dd8808a\" data-element_type=\"widget\" data-e-type=\"widget\" data-widget_type=\"text-editor.default\">\n\t\t\t\t<div class=\"elementor-widget-container\">\n\t\t\t\t\t\t\t\t\t<p>Sviluppa le zone ad alto potenziale e segui perfettamente le trattative in corso.<\/p>\t\t\t\t\t\t\t\t<\/div>\n\t\t\t\t<\/div>\n\t\t\t\t<div class=\"elementor-element elementor-element-1e621cd elementor-view-default elementor-widget elementor-widget-icon\" data-id=\"1e621cd\" data-element_type=\"widget\" data-e-type=\"widget\" data-widget_type=\"icon.default\">\n\t\t\t\t<div class=\"elementor-widget-container\">\n\t\t\t\t\t\t\t<div class=\"elementor-icon-wrapper\">\n\t\t\t<div class=\"elementor-icon\">\n\t\t\t<i aria-hidden=\"true\" class=\"faq faqright-open\"><\/i>\t\t\t<\/div>\n\t\t<\/div>\n\t\t\t\t\t\t<\/div>\n\t\t\t\t<\/div>\n\t\t\t\t<\/a>\n\t\t\t\t\t<\/div>\n\t\t\t\t<\/div>\n\t\t\t\t<\/div>\n\t\t","protected":false},"excerpt":{"rendered":"<p>Casi d&#8217;uso Le funzionalit\u00e0 di Moovago in base al tipo di commerciale: Commerciale Gestisci le tue opportunit\u00e0 commerciali, crea promemoria e solleciti per gestire il tuo portafoglio. Agente commerciale Lavora con pi\u00f9 mandanti e committenti direttamente nell&#8217;applicazione. Agenzia commerciale Lavora in team e condividi facilmente i tuoi settori, i tuoi potenziali clienti e i tuoi [&hellip;]<\/p>\n","protected":false},"author":1,"featured_media":39473,"parent":0,"menu_order":0,"comment_status":"closed","ping_status":"closed","template":"","meta":{"footnotes":""},"class_list":["post-50451","page","type-page","status-publish","has-post-thumbnail","hentry"],"_links":{"self":[{"href":"https:\/\/moovago.com\/it\/wp-json\/wp\/v2\/pages\/50451","targetHints":{"allow":["GET"]}}],"collection":[{"href":"https:\/\/moovago.com\/it\/wp-json\/wp\/v2\/pages"}],"about":[{"href":"https:\/\/moovago.com\/it\/wp-json\/wp\/v2\/types\/page"}],"author":[{"embeddable":true,"href":"https:\/\/moovago.com\/it\/wp-json\/wp\/v2\/users\/1"}],"replies":[{"embeddable":true,"href":"https:\/\/moovago.com\/it\/wp-json\/wp\/v2\/comments?post=50451"}],"version-history":[{"count":1,"href":"https:\/\/moovago.com\/it\/wp-json\/wp\/v2\/pages\/50451\/revisions"}],"predecessor-version":[{"id":50455,"href":"https:\/\/moovago.com\/it\/wp-json\/wp\/v2\/pages\/50451\/revisions\/50455"}],"wp:featuredmedia":[{"embeddable":true,"href":"https:\/\/moovago.com\/it\/wp-json\/wp\/v2\/media\/39473"}],"wp:attachment":[{"href":"https:\/\/moovago.com\/it\/wp-json\/wp\/v2\/media?parent=50451"}],"curies":[{"name":"wp","href":"https:\/\/api.w.org\/{rel}","templated":true}]}}